{"id":4545,"date":"2022-06-29T21:19:51","date_gmt":"2022-06-29T21:19:51","guid":{"rendered":"https:\/\/messer-ca.com\/?page_id=4545"},"modified":"2023-03-30T20:42:48","modified_gmt":"2023-03-30T20:42:48","slug":"triotop","status":"publish","type":"page","link":"https:\/\/messer-ca.com\/fr\/products\/refrigerant-gases\/triotop\/","title":{"rendered":"Vannes combin\u00e9es TrioTOP"},"content":{"rendered":"<div style=\"height:50px\" aria-hidden=\"true\" class=\"wp-block-spacer\"><\/div>\n\n\n\n<h1 style=\"text-align:center;color:#004fa3;\">Vannes combin\u00e9es TrioTOP<\/h1>\n\n\n\n<hr style=\"height:2px; border-width:0; color: #ef3e33; background-color: #ef3e33; width:75%; text-align:center:\">\n\n\n\n<div style=\"height:25px\" aria-hidden=\"true\" class=\"wp-block-spacer\"><\/div>\n\n\n\n<div style=\"height:25px\" aria-hidden=\"true\" class=\"wp-block-spacer\"><\/div>\n\n\n<div class=\"wp-block-image\">\n<figure class=\"aligncenter size-large\"><img loading=\"lazy\" decoding=\"async\" width=\"1024\" height=\"427\" src=\"https:\/\/messer-ca.com\/wp-content\/uploads\/2022\/06\/trio-header-1024x427.jpg\" alt=\"\" class=\"wp-image-4535\" srcset=\"https:\/\/messer-ca.com\/wp-content\/uploads\/2022\/06\/trio-header-1024x427.jpg 1024w, https:\/\/messer-ca.com\/wp-content\/uploads\/2022\/06\/trio-header-300x125.jpg 300w, https:\/\/messer-ca.com\/wp-content\/uploads\/2022\/06\/trio-header-768x320.jpg 768w, https:\/\/messer-ca.com\/wp-content\/uploads\/2022\/06\/trio-header-16x7.jpg 16w, https:\/\/messer-ca.com\/wp-content\/uploads\/2022\/06\/trio-header.jpg 1200w\" sizes=\"auto, (max-width: 1024px) 100vw, 1024px\" \/><\/figure><\/div>\n\n\n<div style=\"height:30px\" aria-hidden=\"true\" class=\"wp-block-spacer\"><\/div>\n\n\n\n<h2 class=\"wp-block-heading has-text-align-center has-text-color\" style=\"color:#004fa3\">Vannes combin\u00e9es robustes et flexibles con\u00e7ues pour \u00eatre utilis\u00e9es avec de l&#039;azote<\/h2>\n\n\n\n<div class=\"wp-block-columns is-layout-flex wp-container-core-columns-is-layout-9d6595d7 wp-block-columns-is-layout-flex\">\n<div class=\"wp-block-column is-layout-flow wp-block-column-is-layout-flow\">\n<p class=\"has-text-color\" style=\"color:#004fa3\"><strong>Information produit<\/strong><\/p>\n\n\n\n<p>Le r\u00e9gulateur combine essentiellement un r\u00e9gulateur de pression et un r\u00e9gulateur de d\u00e9bitm\u00e8tre en une seule unit\u00e9 hybride. Les points d&#039;\u00e9coulement sp\u00e9cifiques du r\u00e9gulateur s&#039;adressent \u00e0 l&#039;industrie HVAC, o\u00f9 il est courant d&#039;utiliser de l&#039;azote pour les tests de pression, pour la purge, et aussi comme gaz de support pour un brasage plus propre\/meilleur - r\u00e9alis\u00e9 en faisant passer un tr\u00e8s faible d\u00e9bit d&#039;azote \u00e0 travers le Plomberie CVC pendant le brasage.<\/p>\n\n\n\n<ul class=\"wp-block-list\">\n<li>Conception robuste et fiable<\/li>\n\n\n\n<li>La vanne est con\u00e7ue selon la norme ISO 10297\u00a0; ISO 22435 et CGA V-9<\/li>\n\n\n\n<li>Con\u00e7u pour \u00eatre utilis\u00e9 avec de l&#039;azote<\/li>\n\n\n\n<li>TrioTOP fournit de l&#039;azote gazeux en trois op\u00e9rations : brasage, purge et test de pression<\/li>\n\n\n\n<li>Pression de service maximale de 3000 psi (207 bar)<\/li>\n\n\n\n<li>Garde (ISO 11117)<\/li>\n<\/ul>\n<\/div>\n\n\n\n<div class=\"wp-block-column is-layout-flow wp-block-column-is-layout-flow\">\n<figure class=\"wp-block-image size-large is-style-default\"><img loading=\"lazy\" decoding=\"async\" width=\"1024\" height=\"553\" src=\"https:\/\/messer-ca.com\/wp-content\/uploads\/2022\/06\/trio-table-1024x553.jpg\" alt=\"\" class=\"wp-image-4541\" srcset=\"https:\/\/messer-ca.com\/wp-content\/uploads\/2022\/06\/trio-table-1024x553.jpg 1024w, https:\/\/messer-ca.com\/wp-content\/uploads\/2022\/06\/trio-table-300x162.jpg 300w, https:\/\/messer-ca.com\/wp-content\/uploads\/2022\/06\/trio-table-768x415.jpg 768w, https:\/\/messer-ca.com\/wp-content\/uploads\/2022\/06\/trio-table-16x9.jpg 16w, https:\/\/messer-ca.com\/wp-content\/uploads\/2022\/06\/trio-table.jpg 1100w\" sizes=\"auto, (max-width: 1024px) 100vw, 1024px\" \/><\/figure>\n<\/div>\n<\/div>\n\n\n\n<div class=\"wp-block-columns is-layout-flex wp-container-core-columns-is-layout-9d6595d7 wp-block-columns-is-layout-flex\">\n<div class=\"wp-block-column is-vertically-aligned-center is-layout-flow wp-block-column-is-layout-flow\">\n<center><iframe loading=\"lazy\" width=\"560\" height=\"315\" align=\"center\" src=\"https:\/\/www.youtube.com\/embed\/3M2uhm79t0Q\" title=\"lecteur vid\u00e9o YouTube\" frameborder=\"0\" allow=\"accelerometer; autoplay; clipboard-write; encrypted-media; gyroscope; picture-in-picture; web-share\" allowfullscreen><\/iframe><\/center>\n<\/div>\n<\/div>\n\n\n<div class=\"wp-block-image\">\n<figure class=\"aligncenter size-large\"><img loading=\"lazy\" decoding=\"async\" width=\"1024\" height=\"492\" src=\"https:\/\/messer-ca.com\/wp-content\/uploads\/2022\/06\/trio-usage-1024x492.jpg\" alt=\"\" class=\"wp-image-4549\" srcset=\"https:\/\/messer-ca.com\/wp-content\/uploads\/2022\/06\/trio-usage-1024x492.jpg 1024w, https:\/\/messer-ca.com\/wp-content\/uploads\/2022\/06\/trio-usage-300x144.jpg 300w, https:\/\/messer-ca.com\/wp-content\/uploads\/2022\/06\/trio-usage-768x369.jpg 768w, https:\/\/messer-ca.com\/wp-content\/uploads\/2022\/06\/trio-usage-1536x739.jpg 1536w, https:\/\/messer-ca.com\/wp-content\/uploads\/2022\/06\/trio-usage-2048x985.jpg 2048w, https:\/\/messer-ca.com\/wp-content\/uploads\/2022\/06\/trio-usage-16x8.jpg 16w\" sizes=\"auto, (max-width: 1024px) 100vw, 1024px\" \/><\/figure><\/div>\n\n\n<h2 class=\"wp-block-heading has-text-align-center has-text-color\" style=\"color:#004fa3\">3 \u00e9tapes de candidatures<\/h2>\n\n\n\n<div class=\"wp-block-columns is-layout-flex wp-container-core-columns-is-layout-9d6595d7 wp-block-columns-is-layout-flex\">\n<div class=\"wp-block-column is-layout-flow wp-block-column-is-layout-flow\" style=\"flex-basis:50%\">\n<p class=\"has-text-color\" style=\"color:#004fa3\"><strong>Test de pression<\/strong><\/p>\n\n\n\n<p>Bande de r\u00e9glage pour les syst\u00e8mes de test de pression de 200 \u00e0 800 psi<\/p>\n\n\n\n<p class=\"has-text-color\" style=\"color:#004fa3\"><strong>Purge<\/strong><\/p>\n\n\n\n<p>Bande de r\u00e9glage pour 20-50 CFH (145-200 psi) enti\u00e8rement r\u00e9glable pour les petits ou grands syst\u00e8mes<\/p>\n\n\n\n<p class=\"has-text-color\" style=\"color:#004fa3\"><strong>Brasage<\/strong><\/p>\n\n\n\n<p>Bande de r\u00e9glage pour test de pression bande de r\u00e9glage pour 3-6 CFH (40-95 psi) enti\u00e8rement r\u00e9glable pour les petits ou grands syst\u00e8mes<\/p>\n<\/div>\n\n\n\n<div class=\"wp-block-column is-layout-flow wp-block-column-is-layout-flow\" style=\"flex-basis:50%\"><div class=\"wp-block-image is-style-default\">\n<figure class=\"aligncenter size-medium\"><img loading=\"lazy\" decoding=\"async\" width=\"300\" height=\"297\" src=\"https:\/\/messer-ca.com\/wp-content\/uploads\/2022\/06\/trio-gauge-300x297.jpg\" alt=\"\" class=\"wp-image-4551\" srcset=\"https:\/\/messer-ca.com\/wp-content\/uploads\/2022\/06\/trio-gauge-300x297.jpg 300w, https:\/\/messer-ca.com\/wp-content\/uploads\/2022\/06\/trio-gauge-150x150.jpg 150w, https:\/\/messer-ca.com\/wp-content\/uploads\/2022\/06\/trio-gauge-768x761.jpg 768w, https:\/\/messer-ca.com\/wp-content\/uploads\/2022\/06\/trio-gauge-12x12.jpg 12w, https:\/\/messer-ca.com\/wp-content\/uploads\/2022\/06\/trio-gauge.jpg 783w\" sizes=\"auto, (max-width: 300px) 100vw, 300px\" \/><\/figure><\/div><\/div>\n<\/div>\n\n\n\n<div style=\"height:50px\" aria-hidden=\"true\" class=\"wp-block-spacer\"><\/div>\n\n\n    <div class=\"resources-banner full-width\">\n        <div class=\"container min-container\">\n            <div class=\"resources-banner-img\">\n                                    <img decoding=\"async\" src=\"https:\/\/messer-ca.com\/wp-content\/uploads\/2022\/06\/trio-datasheet.jpg\" alt=\"\">\n                            <\/div>\n            <div class=\"resources-banner-text\">\n                                                    <h3>Vannes combin\u00e9es TrioTOP<\/h3>\n                                                    <p>Vous souhaitez en savoir plus sur les vannes combin\u00e9es TrioTOP, t\u00e9l\u00e9chargez la fiche technique ici.<\/p>\n                                                    <a class=\"btn btn-2\" href=\"https:\/\/messer-ca.com\/wp-content\/uploads\/2022\/06\/4479E_TrioTOP_DataSheet.pdf\" target=\"_blank\">\n                        En savoir plus                    <\/a>\n                            <\/div>\n            \n        <\/div>\n    <\/div>\n\n\n\t<div class=\"text-and-button-block text-center full-width\">\n\t\t<div class=\"container\">\n\t\t\t\t\t\t\t<div class=\"text\"><p><strong>Des questions?<\/strong> Demandez \u00e0 notre \u00e9quipe. Nous sommes l\u00e0 pour vous aider.<\/p>\n<\/div>\n\t\t\t\t\t\t\t\t\t\t\t\t\t\t\t<a class=\"btn-3\" href=\"https:\/\/messer-ca.com\/fr\/contact-support\/\"  target=\"_blank\">Contactez-nous<\/a>\n\t\t\t\t\t\t\t\t\t<\/div>\n\t<\/div>","protected":false},"excerpt":{"rendered":"<p>TrioTOP Combination Valves Robust &amp; flexible combination valves designed for use with Nitrogen Product Information The regulator essentially combines a pressure regulator and a flow gauge regulator into a single hybrid unit. The specific flow points of the regulator cater to the HVAC industry, where it is common to use nitrogen for pressure testing, for [&hellip;]<\/p>\n","protected":false},"author":5,"featured_media":11,"parent":4527,"menu_order":0,"comment_status":"closed","ping_status":"closed","template":"pages\/template-home.php","meta":{"_acf_changed":false,"content-type":"","om_disable_all_campaigns":false,"_exactmetrics_skip_tracking":false,"_exactmetrics_sitenote_active":false,"_exactmetrics_sitenote_note":"","_exactmetrics_sitenote_category":0,"_monsterinsights_skip_tracking":false,"_monsterinsights_sitenote_active":false,"_monsterinsights_sitenote_note":"","_monsterinsights_sitenote_category":0,"footnotes":""},"class_list":["post-4545","page","type-page","status-publish","has-post-thumbnail","hentry"],"acf":[],"_links":{"self":[{"href":"https:\/\/messer-ca.com\/fr\/wp-json\/wp\/v2\/pages\/4545","targetHints":{"allow":["GET"]}}],"collection":[{"href":"https:\/\/messer-ca.com\/fr\/wp-json\/wp\/v2\/pages"}],"about":[{"href":"https:\/\/messer-ca.com\/fr\/wp-json\/wp\/v2\/types\/page"}],"author":[{"embeddable":true,"href":"https:\/\/messer-ca.com\/fr\/wp-json\/wp\/v2\/users\/5"}],"replies":[{"embeddable":true,"href":"https:\/\/messer-ca.com\/fr\/wp-json\/wp\/v2\/comments?post=4545"}],"version-history":[{"count":0,"href":"https:\/\/messer-ca.com\/fr\/wp-json\/wp\/v2\/pages\/4545\/revisions"}],"up":[{"embeddable":true,"href":"https:\/\/messer-ca.com\/fr\/wp-json\/wp\/v2\/pages\/4527"}],"wp:featuredmedia":[{"embeddable":true,"href":"https:\/\/messer-ca.com\/fr\/wp-json\/wp\/v2\/media\/11"}],"wp:attachment":[{"href":"https:\/\/messer-ca.com\/fr\/wp-json\/wp\/v2\/media?parent=4545"}],"curies":[{"name":"wp","href":"https:\/\/api.w.org\/{rel}","templated":true}]}}