{"id":4593,"date":"2022-08-09T21:31:27","date_gmt":"2022-08-09T21:31:27","guid":{"rendered":"https:\/\/messer-ca.com\/?page_id=4593"},"modified":"2022-08-23T18:18:50","modified_gmt":"2022-08-23T18:18:50","slug":"drinkmate","status":"publish","type":"page","link":"https:\/\/messer-ca.com\/fr\/home-2\/drinkmate\/","title":{"rendered":"Fournisseur exclusif de CO\u2082 de Drinkmate"},"content":{"rendered":"<!-- Added by Post\/Page Specific Custom Code plugin, thank you for using! -->\n<style>.min-container {display:none;}<\/style>\n\n<div style=\"height:50px\" aria-hidden=\"true\" class=\"wp-block-spacer\"><\/div>\n\n\n\n<h1 style=\"text-align:center;color:#004fa3;\">Messer est le fournisseur exclusif de CO\u2082 de Drinkmate au Canada<\/h1>\n\n\n\n<hr style=\"height:2px; border-width:0; color: #ef3e33; background-color: #ef3e33; width:100%; text-align:center:\">\n\n\n\n<div style=\"height:36px\" aria-hidden=\"true\" class=\"wp-block-spacer\"><\/div>\n\n\n\n<h2 class=\"has-text-align-center has-text-color wp-block-heading\" style=\"color:#004fa3\">Gaz\u00e9ifier vos boissons pr\u00e9f\u00e9r\u00e9es n&#039;a jamais \u00e9t\u00e9 aussi facile<\/h2>\n\n\n\n<div class=\"wp-block-columns is-layout-flex wp-container-core-columns-is-layout-9d6595d7 wp-block-columns-is-layout-flex\">\n<div class=\"wp-block-column is-layout-flow wp-block-column-is-layout-flow\">\n<figure class=\"wp-block-image size-full is-style-default\"><img loading=\"lazy\" decoding=\"async\" width=\"1000\" height=\"199\" src=\"https:\/\/messer-ca.com\/wp-content\/uploads\/2022\/08\/dm-logo-notag.png\" alt=\"\" class=\"wp-image-4683\" srcset=\"https:\/\/messer-ca.com\/wp-content\/uploads\/2022\/08\/dm-logo-notag.png 1000w, https:\/\/messer-ca.com\/wp-content\/uploads\/2022\/08\/dm-logo-notag-300x60.png 300w, https:\/\/messer-ca.com\/wp-content\/uploads\/2022\/08\/dm-logo-notag-768x153.png 768w, https:\/\/messer-ca.com\/wp-content\/uploads\/2022\/08\/dm-logo-notag-16x3.png 16w\" sizes=\"auto, (max-width: 1000px) 100vw, 1000px\" \/><\/figure>\n\n\n\n<p>Messer Canada est fi\u00e8re de s'associer \u00e0 Drinkmate pour devenir le fournisseur exclusif de CO<sub>\u2082<\/sub> pour leur programme de bouteilles au Canada. La technologie brevet\u00e9e Fizz Infuser de Drinkmate r\u00e9volutionne l'industrie des boissons p\u00e9tillantes \u00e0 domicile en offrant le meilleur m\u00e9lange, une carbonatation plus forte, moins de dilution et aucun g\u00e2chis par rapport \u00e0 la concurrence.<\/p>\n\n\n\n<p class=\"has-text-color\" style=\"color:#004fa3\"><strong>Caract\u00e9ristiques imbattables<\/strong><\/p>\n\n\n\n<ul class=\"wp-block-list\"><li>Carbonatez n'importe quelle boisson directement sans en diluer le m\u00e9lange<br><\/li><li>Une conception de d\u00e9pressurisation contr\u00f4l\u00e9e avec des options simples de lib\u00e9ration rapide\/lente\/arr\u00eat<br><\/li><li>Aucune \u00e9lectricit\u00e9 ou batterie n\u2019est n\u00e9cessaire<br><\/li><li>Un encombrement r\u00e9duit (16po x 8po x5po) et un poids l\u00e9ger<br><\/li><li>Les meilleures \u00e9valuations des consommateurs dans cette cat\u00e9gorie<\/li><\/ul>\n<\/div>\n\n\n\n<div class=\"wp-block-column is-layout-flow wp-block-column-is-layout-flow\">\n<figure class=\"wp-block-image size-full is-style-default\"><img loading=\"lazy\" decoding=\"async\" width=\"600\" height=\"600\" src=\"https:\/\/messer-ca.com\/wp-content\/uploads\/2022\/08\/baby-blue-and-blood-orange.gif\" alt=\"\" class=\"wp-image-4602\"\/><\/figure>\n<\/div>\n<\/div>\n\n\n\n<div style=\"height:43px\" aria-hidden=\"true\" class=\"wp-block-spacer\"><\/div>\n\n\n\n<div class=\"wp-block-columns is-layout-flex wp-container-core-columns-is-layout-9d6595d7 wp-block-columns-is-layout-flex\">\n<div class=\"wp-block-column is-layout-flow wp-block-column-is-layout-flow\">\n<p class=\"has-text-color\" style=\"color:#004fa3\"><strong>Gaz de qualit\u00e9 alimentaire certifi\u00e9<\/strong><\/p>\n\n\n\n<p>Messer fournit le CO<sub>2<\/sub> de qualit\u00e9 alimentaire certifi\u00e9 de la plus haute puret\u00e9<sub>2<\/sub> pour les bouteilles en aluminium r\u00e9utilisables de Drinkmate. Notre exp\u00e9rience en mati\u00e8re de la fourniture de gaz pour les industries m\u00e9dicale et alimentaire vous garantit, \u00e0 vous et \u00e0 votre famille, un produit s\u00fbr et pur \u00e0 tout coup..<br><br>Achetez vos recharges de gaz Drinkmate partout o\u00f9 les produits Drinkmate sont vendus ou en ligne pour ne jamais en manquer !<\/p>\n\n\n\n<a href=\"https:\/\/drinkmate-canada.com\/collections\/co2-supplies\" class=\"btn\">Magasinez les recharges de gaz<\/a>\n\n\n\n<div class=\"wp-block-buttons is-layout-flex wp-block-buttons-is-layout-flex\"><\/div>\n<\/div>\n\n\n\n<div class=\"wp-block-column is-layout-flow wp-block-column-is-layout-flow\">\n<figure class=\"wp-block-image size-full is-style-default\"><img loading=\"lazy\" decoding=\"async\" width=\"646\" height=\"646\" src=\"https:\/\/messer-ca.com\/wp-content\/uploads\/2022\/08\/dm-cylinders.jpg\" alt=\"\" class=\"wp-image-4640\" srcset=\"https:\/\/messer-ca.com\/wp-content\/uploads\/2022\/08\/dm-cylinders.jpg 646w, https:\/\/messer-ca.com\/wp-content\/uploads\/2022\/08\/dm-cylinders-300x300.jpg 300w, https:\/\/messer-ca.com\/wp-content\/uploads\/2022\/08\/dm-cylinders-150x150.jpg 150w, https:\/\/messer-ca.com\/wp-content\/uploads\/2022\/08\/dm-cylinders-12x12.jpg 12w\" sizes=\"auto, (max-width: 646px) 100vw, 646px\" \/><\/figure>\n<\/div>\n<\/div>","protected":false},"excerpt":{"rendered":"<p>Messer is Drinkmate&#8217;s Exclusive CO\u2082 Supplier in Canada Carbonating Your Favourite Drinks Has Never Been Easier Messer Canada is proud to partner with Drinkmate to be the exclusive provider of CO\u2082 for their cylinder program in Canada. Drinkmate&#8217;s patented Fizz Infuser technology revolutionizes the at-home sparkling beverage industry with the best mixing, stronger carbonation, less [&hellip;]<\/p>\n","protected":false},"author":5,"featured_media":4597,"parent":5,"menu_order":0,"comment_status":"closed","ping_status":"closed","template":"pages\/template-home.php","meta":{"_acf_changed":false,"content-type":"","om_disable_all_campaigns":false,"_exactmetrics_skip_tracking":false,"_exactmetrics_sitenote_active":false,"_exactmetrics_sitenote_note":"","_exactmetrics_sitenote_category":0,"_monsterinsights_skip_tracking":false,"_monsterinsights_sitenote_active":false,"_monsterinsights_sitenote_note":"","_monsterinsights_sitenote_category":0,"footnotes":""},"class_list":["post-4593","page","type-page","status-publish","has-post-thumbnail","hentry"],"acf":[],"_links":{"self":[{"href":"https:\/\/messer-ca.com\/fr\/wp-json\/wp\/v2\/pages\/4593","targetHints":{"allow":["GET"]}}],"collection":[{"href":"https:\/\/messer-ca.com\/fr\/wp-json\/wp\/v2\/pages"}],"about":[{"href":"https:\/\/messer-ca.com\/fr\/wp-json\/wp\/v2\/types\/page"}],"author":[{"embeddable":true,"href":"https:\/\/messer-ca.com\/fr\/wp-json\/wp\/v2\/users\/5"}],"replies":[{"embeddable":true,"href":"https:\/\/messer-ca.com\/fr\/wp-json\/wp\/v2\/comments?post=4593"}],"version-history":[{"count":0,"href":"https:\/\/messer-ca.com\/fr\/wp-json\/wp\/v2\/pages\/4593\/revisions"}],"up":[{"embeddable":true,"href":"https:\/\/messer-ca.com\/fr\/wp-json\/wp\/v2\/pages\/5"}],"wp:featuredmedia":[{"embeddable":true,"href":"https:\/\/messer-ca.com\/fr\/wp-json\/wp\/v2\/media\/4597"}],"wp:attachment":[{"href":"https:\/\/messer-ca.com\/fr\/wp-json\/wp\/v2\/media?parent=4593"}],"curies":[{"name":"wp","href":"https:\/\/api.w.org\/{rel}","templated":true}]}}