{"id":4876,"date":"2023-08-11T14:24:14","date_gmt":"2023-08-11T14:24:14","guid":{"rendered":"https:\/\/messer-ca.com\/?page_id=4876"},"modified":"2023-12-20T19:21:01","modified_gmt":"2023-12-20T19:21:01","slug":"airstorm-cobra-aft","status":"publish","type":"page","link":"https:\/\/messer-ca.com\/fr\/products\/airstorm-products\/airstorm-cobra-aft\/","title":{"rendered":"Extracteur de fum\u00e9e portable AirSTORM Cobra AFT"},"content":{"rendered":"<div class=\"info-block-2 text-center full-width\">\n    \t<img decoding=\"async\" src=\"https:\/\/messer-ca.com\/wp-content\/themes\/messercanada\/images\/grey.png\" alt=\"\">\n    \t<div class=\"container min-container\">\n    \t\t<div class=\"info-block-2-text style-large\">Extracteur de fum\u00e9e portable AirSTORM Cobra AFT<\/div>\n    \t<\/div>\n    <\/div>\n\n\n\n<div class=\"wp-block-media-text alignwide is-stacked-on-mobile\"><figure class=\"wp-block-media-text__media\"><img loading=\"lazy\" decoding=\"async\" width=\"1024\" height=\"553\" src=\"https:\/\/messer-ca.com\/wp-content\/uploads\/2023\/08\/AirstormCobraHeaderImage-1024x553.jpg\" alt=\"\" class=\"wp-image-4883 size-full\" srcset=\"https:\/\/messer-ca.com\/wp-content\/uploads\/2023\/08\/AirstormCobraHeaderImage-1024x553.jpg 1024w, https:\/\/messer-ca.com\/wp-content\/uploads\/2023\/08\/AirstormCobraHeaderImage-300x162.jpg 300w, https:\/\/messer-ca.com\/wp-content\/uploads\/2023\/08\/AirstormCobraHeaderImage-768x415.jpg 768w, https:\/\/messer-ca.com\/wp-content\/uploads\/2023\/08\/AirstormCobraHeaderImage-1536x830.jpg 1536w, https:\/\/messer-ca.com\/wp-content\/uploads\/2023\/08\/AirstormCobraHeaderImage-2048x1106.jpg 2048w, https:\/\/messer-ca.com\/wp-content\/uploads\/2023\/08\/AirstormCobraHeaderImage-18x10.jpg 18w\" sizes=\"auto, (max-width: 1024px) 100vw, 1024px\" \/><\/figure><div class=\"wp-block-media-text__content\">\n<p>Le Cobra AFT d\u2019AirSTORM est l\u2019extracteur de fum\u00e9e portable le plus puissant, fiable et facile \u00e0 utiliser de l\u2019industrie. La conception \u00e0 double moteur, qui offre maintenant des modes haute et basse puissance pour un rendement maximal, permet au soudeur de basculer \u00e0 un seul moteur pour les travaux l\u00e9gers normaux, et \u00e0 deux moteurs pour les utilisations plus exigeantes.<\/p>\n\n\n\n<p>La capacit\u00e9 de basculer d\u2019un mode \u00e0 l\u2019autre permet \u00e0 l\u2019utilisateur de choisir entre une grande port\u00e9e de capture et moins de temps \u00e0 repositionner l\u2019appareil lorsque les deux moteurs sont en marche, et un fonctionnement plus silencieux ainsi qu\u2019une port\u00e9 de capture moins \u00e9tendue lorsqu\u2019un seul moteur est en marche. Le soudage sur place ou dans des espaces confin\u00e9s n\u00e9cessite un extracteur de fum\u00e9e portable que les travailleurs utiliseront r\u00e9ellement.<\/p>\n\n\n\n<h3 style=\"text-align:left;\"><a class=\"btn\" href=\"https:\/\/shop.messer-ca.com\/shop\/welding\/fume-extraction-equipment\/11364503-fume-extractor-airstorm-cobra-aft-portable?cclcl=en_CA\" target=\"_blank\" rel=\"noopener\">Achetez<\/a><\/h3>\n<\/div><\/div>\n\n\n\n<div style=\"height:65px\" aria-hidden=\"true\" class=\"wp-block-spacer\"><\/div>\n\n\n\n<div class=\"wp-block-columns has-2-columns is-layout-flex wp-container-core-columns-is-layout-9d6595d7 wp-block-columns-is-layout-flex\">\n<div class=\"wp-block-column is-layout-flow wp-block-column-is-layout-flow\">\n<p><\/p>\n\n\n\n<iframe loading=\"lazy\" width=\"560\" height=\"315\" src=\"https:\/\/www.youtube-nocookie.com\/embed\/CozYaNjh6-E\" title=\"lecteur vid\u00e9o YouTube\" frameborder=\"0\" allow=\"accelerometer; autoplay; clipboard-write; encrypted-media; gyroscope; picture-in-picture; web-share\" allowfullscreen><\/iframe>\n\n\n\n<p class=\"has-text-align-center\"><a href=\"https:\/\/www.youtube.com\/watch?v=SzRgTfrshgM\" data-type=\"URL\" data-id=\"https:\/\/www.youtube.com\/watch?v=SzRgTfrshgM\" target=\"_blank\" rel=\"noreferrer noopener\">Version fran\u00e7aise<\/a><\/p>\n<\/div>\n\n\n\n<div class=\"wp-block-column is-layout-flow wp-block-column-is-layout-flow\">\n<h2 class=\"wp-block-heading\">Charact\u00e9ristiques<\/h2>\n\n\n\n<ul class=\"wp-block-list\">\n<li>Con\u00e7u pour les travaux de soudage l\u00e9gers \u00e0 moyens<\/li>\n\n\n\n<li>Se raccorde rapidement aux pistolets MIG extracteurs de fum\u00e9e<\/li>\n\n\n\n<li>Conception l\u00e9g\u00e8re \u00e0 grande portabilit\u00e9<\/li>\n\n\n\n<li>Filtre \u00e0 cartouche MERV 15 en nanofibres<\/li>\n\n\n\n<li>Base magn\u00e9tique pour l\u2019embout afin de bien fixer sa position<\/li>\n\n\n\n<li>Indicateur pour l\u2019entretien du filtre<\/li>\n<\/ul>\n\n\n\n<h2 class=\"wp-block-heading\">Avantages<\/h2>\n\n\n\n<ul class=\"wp-block-list\">\n<li>La technologie de nanofibres est tr\u00e8s efficace et prot\u00e8ge la zone respiratoire des fum\u00e9es de soudage.<\/li>\n\n\n\n<li>L\u2019appareil respecte et d\u00e9passe m\u00eame les normes de s\u00e9curit\u00e9 nord-am\u00e9ricaines, y compris celles de l\u2019OSHA, en mati\u00e8re de capture \u00e0 la source des fum\u00e9es de soudage.<\/li>\n<\/ul>\n\n\n\n<h2 class=\"wp-block-heading\">Options<\/h2>\n\n\n\n<ul class=\"wp-block-list\">\n<li>Filtre principal HEPA pouvant retenir jusqu\u2019\u00e0 99,97% des particules de 0,3 microns<\/li>\n\n\n\n<li>Cartouche de filtre lavable en polyester non-tiss\u00e9<\/li>\n\n\n\n<li>Trousse de pistolet d\u2019extraction de fum\u00e9e \u00e0 marche\/arr\u00eat automatique<\/li>\n<\/ul>\n<\/div>\n<\/div>\n\n\n\n<div class=\"wp-block-columns has-2-columns is-layout-flex wp-container-core-columns-is-layout-9d6595d7 wp-block-columns-is-layout-flex\">\n<div class=\"wp-block-column is-layout-flow wp-block-column-is-layout-flow\">\n<p><\/p>\n<\/div>\n\n\n\n<div class=\"wp-block-column is-layout-flow wp-block-column-is-layout-flow\">\n<p><\/p>\n<\/div>\n<\/div>\n\n\n\t<div class=\"text-and-button-block text-center full-width\">\n\t\t<div class=\"container\">\n\t\t\t\t\t\t\t<div class=\"text\"><p><strong>Pour plus d&#039;informations ou pour passer une commande, veuillez appeler<\/strong> 1 (888) 256-7359<\/p>\n<\/div>\n\t\t\t\t\t\t\t\t<\/div>\n\t<\/div>\n\n\n    <div class=\"resources-banner full-width\">\n        <div class=\"container min-container\">\n            <div class=\"resources-banner-img\">\n                                    <img decoding=\"async\" src=\"https:\/\/messer-ca.com\/wp-content\/uploads\/2023\/08\/AirstormCobraDataSheetFRCover.png\" alt=\"\">\n                            <\/div>\n            <div class=\"resources-banner-text\">\n                                                    <h3>Fiche technique AirSTORM Cobra AFT<\/h3>\n                                                    <p>Vous voulez en savoir plus sur l&#039;extracteur de fum\u00e9e portable AirSTORM Cobra AFT, t\u00e9l\u00e9chargez la fiche technique ici.<\/p>\n                                                    <a class=\"btn btn-2\" href=\"https:\/\/messer-ca.com\/wp-content\/uploads\/2023\/08\/4541F_AirSTORM_Cobra_AFT_DataSheet_v2.pdf\" target=\"_blank\">\n                        T\u00e9l\u00e9chargez                    <\/a>\n                            <\/div>\n            \n        <\/div>\n    <\/div>\n\n\n\n<div style=\"height:60px\" aria-hidden=\"true\" class=\"wp-block-spacer\"><\/div>\n\n\n\n<div class=\"wp-block-columns has-3-columns is-layout-flex wp-container-core-columns-is-layout-9d6595d7 wp-block-columns-is-layout-flex\">\n<div class=\"wp-block-column is-layout-flow wp-block-column-is-layout-flow\"><div class=\"wp-block-image\">\n<figure class=\"aligncenter size-large\"><img loading=\"lazy\" decoding=\"async\" width=\"1024\" height=\"362\" src=\"https:\/\/messer-ca.com\/wp-content\/uploads\/2023\/08\/AirstormCobraProductImage1-1024x362.jpg\" alt=\"\" class=\"wp-image-4879\" srcset=\"https:\/\/messer-ca.com\/wp-content\/uploads\/2023\/08\/AirstormCobraProductImage1-1024x362.jpg 1024w, https:\/\/messer-ca.com\/wp-content\/uploads\/2023\/08\/AirstormCobraProductImage1-300x106.jpg 300w, https:\/\/messer-ca.com\/wp-content\/uploads\/2023\/08\/AirstormCobraProductImage1-768x272.jpg 768w, https:\/\/messer-ca.com\/wp-content\/uploads\/2023\/08\/AirstormCobraProductImage1-18x6.jpg 18w, https:\/\/messer-ca.com\/wp-content\/uploads\/2023\/08\/AirstormCobraProductImage1.jpg 1270w\" sizes=\"auto, (max-width: 1024px) 100vw, 1024px\" \/><\/figure><\/div><\/div>\n\n\n\n<div class=\"wp-block-column is-layout-flow wp-block-column-is-layout-flow\"><div class=\"wp-block-image\">\n<figure class=\"aligncenter size-full\"><img loading=\"lazy\" decoding=\"async\" width=\"930\" height=\"629\" src=\"https:\/\/messer-ca.com\/wp-content\/uploads\/2023\/08\/AirstormCobraProductImage2.jpg\" alt=\"\" class=\"wp-image-4880\" srcset=\"https:\/\/messer-ca.com\/wp-content\/uploads\/2023\/08\/AirstormCobraProductImage2.jpg 930w, https:\/\/messer-ca.com\/wp-content\/uploads\/2023\/08\/AirstormCobraProductImage2-300x203.jpg 300w, https:\/\/messer-ca.com\/wp-content\/uploads\/2023\/08\/AirstormCobraProductImage2-768x519.jpg 768w, https:\/\/messer-ca.com\/wp-content\/uploads\/2023\/08\/AirstormCobraProductImage2-18x12.jpg 18w\" sizes=\"auto, (max-width: 930px) 100vw, 930px\" \/><\/figure><\/div><\/div>\n\n\n\n<div class=\"wp-block-column is-layout-flow wp-block-column-is-layout-flow\"><div class=\"wp-block-image\">\n<figure class=\"aligncenter size-full\"><img loading=\"lazy\" decoding=\"async\" width=\"957\" height=\"423\" src=\"https:\/\/messer-ca.com\/wp-content\/uploads\/2023\/08\/AirstormCobraProductImage3.jpg\" alt=\"\" class=\"wp-image-4881\" srcset=\"https:\/\/messer-ca.com\/wp-content\/uploads\/2023\/08\/AirstormCobraProductImage3.jpg 957w, https:\/\/messer-ca.com\/wp-content\/uploads\/2023\/08\/AirstormCobraProductImage3-300x133.jpg 300w, https:\/\/messer-ca.com\/wp-content\/uploads\/2023\/08\/AirstormCobraProductImage3-768x339.jpg 768w, https:\/\/messer-ca.com\/wp-content\/uploads\/2023\/08\/AirstormCobraProductImage3-18x8.jpg 18w\" sizes=\"auto, (max-width: 957px) 100vw, 957px\" \/><\/figure><\/div><\/div>\n<\/div>\n\n\n\n<h3 style=\"text-align:center;\"><a class=\"btn\" href=\"https:\/\/shop.messer-ca.com\/shop\/welding\/fume-extraction-equipment\/11364503-fume-extractor-airstorm-cobra-aft-portable?cclcl=en_CA\" target=\"_blank\" rel=\"noopener\">Achetez<\/a><\/h3>\n\n\n\n<div style=\"height:60px\" aria-hidden=\"true\" class=\"wp-block-spacer\"><\/div>\n\n\n\n<h3 class=\"wp-block-heading\">Sp\u00e9cifications du produit<\/h3>\n\n\n\n<div id=\"footable_parent_4893\"\n         class=\"footable_parent ninja_table_wrapper loading_ninja_table wp_table_data_press_parent semantic_ui\">\n                <table data-ninja_table_instance=\"ninja_table_instance_0\" data-footable_id=\"4893\" data-filter-delay=\"1000\" aria-label=\"CobraAFTProductSpecs.csv\"            id=\"footable_4893\"\n           data-unique_identifier=\"ninja_table_unique_id_4098928065_4893\"\n           class=\"foo-table ninja_footable foo_table_4893 ninja_table_unique_id_4098928065_4893 ui table  nt_type_ajax_table selectable hide_horizonal_borders hide_vertical_borders striped vertical_centered  footable-paging-right ninja_table_search_disabled\">\n                <colgroup>\n                            <col class=\"ninja_column_0\">\n                            <col class=\"ninja_column_1\">\n                            <col class=\"ninja_column_2\">\n                            <col class=\"ninja_column_3\">\n                            <col class=\"ninja_column_4\">\n                            <col class=\"ninja_column_5\">\n                            <col class=\"ninja_column_6\">\n                            <col class=\"ninja_column_7\">\n                            <col class=\"ninja_column_8\">\n                            <col class=\"ninja_column_9\">\n                            <col class=\"ninja_column_10\">\n                    <\/colgroup>\n            <\/table>\n    \n    \n    \n<\/div>\n\n\n\n\n<div style=\"height:61px\" aria-hidden=\"true\" class=\"wp-block-spacer\"><\/div>\n\n\n\n<div class=\"wp-block-buttons is-content-justification-center is-layout-flex wp-container-core-buttons-is-layout-5e6b19ed wp-block-buttons-is-layout-flex\"><\/div>\n\n\n\n<div class=\"wp-block-columns has-2-columns is-layout-flex wp-container-core-columns-is-layout-9d6595d7 wp-block-columns-is-layout-flex\">\n<div class=\"wp-block-column is-layout-flow wp-block-column-is-layout-flow\">\n<h3 class=\"wp-block-heading\">Filtre primaire<\/h3>\n\n\n\n<p><strong>Comprend:<\/strong> un filtre \u00e0 cartouche MERV 15 en nanofibres qui capture des particules de au niveau ubmicronique, et une technologie de charge superficielle qui permet de d\u00e9loger facilement la poussi\u00e8re lors du nettoyage \u00e0 l\u2019air comprim\u00e9.<\/p>\n<\/div>\n\n\n\n<div class=\"wp-block-column is-layout-flow wp-block-column-is-layout-flow\"><div class=\"wp-block-image\">\n<figure class=\"aligncenter\"><img loading=\"lazy\" decoding=\"async\" width=\"127\" height=\"193\" src=\"https:\/\/messer-ca.com\/wp-content\/uploads\/2020\/01\/Airstormfilter.jpg\" alt=\"Airstorm Filter\" class=\"wp-image-2119\"\/><\/figure><\/div>\n\n\n<h4 style=\"text-align:center;\"><a class=\"btn\" href=\"https:\/\/shop.messer-ca.com\/shop\/welding\/fume-extraction-equipment\/11364504-cartridge-filter-airstorm-cobra-aft-16?cclcl=en_CA\" target=\"_blank\" rel=\"noopener\">Achetez<\/a><\/h4>\n<\/div>\n<\/div>\n\n\n\n<div id=\"footable_parent_4895\"\n         class=\"footable_parent ninja_table_wrapper loading_ninja_table wp_table_data_press_parent semantic_ui\">\n                <table data-ninja_table_instance=\"ninja_table_instance_1\" data-footable_id=\"4895\" data-filter-delay=\"1000\" aria-label=\"CobraAFTFilterSpecs.csv\"            id=\"footable_4895\"\n           data-unique_identifier=\"ninja_table_unique_id_1676558282_4895\"\n           class=\"foo-table ninja_footable foo_table_4895 ninja_table_unique_id_1676558282_4895 ui table  nt_type_ajax_table selectable hide_horizonal_borders hide_vertical_borders striped vertical_centered  footable-paging-right ninja_table_search_disabled\">\n                <colgroup>\n                            <col class=\"ninja_column_0\">\n                            <col class=\"ninja_column_1\">\n                            <col class=\"ninja_column_2\">\n                            <col class=\"ninja_column_3\">\n                            <col class=\"ninja_column_4\">\n                            <col class=\"ninja_column_5\">\n                            <col class=\"ninja_column_6\">\n                            <col class=\"ninja_column_7\">\n                            <col class=\"ninja_column_8\">\n                    <\/colgroup>\n            <\/table>\n    \n    \n    \n<\/div>\n\n\n\n\n<div style=\"height:61px\" aria-hidden=\"true\" class=\"wp-block-spacer\"><\/div>\n\n\n    <div class=\"resources-banner full-width\">\n        <div class=\"container min-container\">\n            <div class=\"resources-banner-img\">\n                                    <img decoding=\"async\" src=\"https:\/\/messer-ca.com\/wp-content\/uploads\/2023\/08\/AirstormCobraManualENGCover.png\" alt=\"\">\n                            <\/div>\n            <div class=\"resources-banner-text\">\n                                                    <h3>AirSTORM Cobra AFT Manuel d&#039;utilisation et de maintenance<\/h3>\n                                                    <p>Pour des informations d\u00e9taill\u00e9es sur l&#039;extracteur de fum\u00e9e portable AirSTORM Cobra AFT, t\u00e9l\u00e9chargez le manuel d&#039;utilisation et de maintenance ici.<\/p>\n                                                    <a class=\"btn btn-2\" href=\"https:\/\/messer-ca.com\/wp-content\/uploads\/2023\/08\/Airstorm-Cobra-AFT-User-Manual-Bilingual-DEC-2022.pdf\" target=\"_blank\">\n                        T\u00e9l\u00e9chargez                    <\/a>\n                            <\/div>\n            \n        <\/div>\n    <\/div>\n\n\n\t<div class=\"text-and-button-block text-center full-width\">\n\t\t<div class=\"container\">\n\t\t\t\t\t\t\t<div class=\"text\"><p><strong>Des questions?<\/strong> Demandez \u00e0 notre \u00e9quipe. Nous sommes l\u00e0 pour vous aider.<\/p>\n<\/div>\n\t\t\t\t\t\t\t\t\t\t\t\t\t\t\t<a class=\"btn-3\" href=\"https:\/\/messer-ca.com\/fr\/contact-support\/\"  target=\"_blank\">Contactez-nous<\/a>\n\t\t\t\t\t\t\t\t\t<\/div>\n\t<\/div>","protected":false},"excerpt":{"rendered":"<p>The AirSTORM Cobra AFT is the industry\u2019s most powerful, reliable, and convenient-to-use portable fume extractor &#8211; now with high\/low modes for maximum performance. The dual motor design allows the welder to switch on just one motor for typical light duty work, and switch on a second motor for more demanding applications. The ability to switch [&hellip;]<\/p>\n","protected":false},"author":5,"featured_media":2147,"parent":4902,"menu_order":0,"comment_status":"closed","ping_status":"closed","template":"pages\/template-home.php","meta":{"_acf_changed":false,"content-type":"","om_disable_all_campaigns":false,"_exactmetrics_skip_tracking":false,"_exactmetrics_sitenote_active":false,"_exactmetrics_sitenote_note":"","_exactmetrics_sitenote_category":0,"_monsterinsights_skip_tracking":false,"_monsterinsights_sitenote_active":false,"_monsterinsights_sitenote_note":"","_monsterinsights_sitenote_category":0,"footnotes":""},"class_list":["post-4876","page","type-page","status-publish","has-post-thumbnail","hentry"],"acf":[],"_links":{"self":[{"href":"https:\/\/messer-ca.com\/fr\/wp-json\/wp\/v2\/pages\/4876","targetHints":{"allow":["GET"]}}],"collection":[{"href":"https:\/\/messer-ca.com\/fr\/wp-json\/wp\/v2\/pages"}],"about":[{"href":"https:\/\/messer-ca.com\/fr\/wp-json\/wp\/v2\/types\/page"}],"author":[{"embeddable":true,"href":"https:\/\/messer-ca.com\/fr\/wp-json\/wp\/v2\/users\/5"}],"replies":[{"embeddable":true,"href":"https:\/\/messer-ca.com\/fr\/wp-json\/wp\/v2\/comments?post=4876"}],"version-history":[{"count":0,"href":"https:\/\/messer-ca.com\/fr\/wp-json\/wp\/v2\/pages\/4876\/revisions"}],"up":[{"embeddable":true,"href":"https:\/\/messer-ca.com\/fr\/wp-json\/wp\/v2\/pages\/4902"}],"wp:featuredmedia":[{"embeddable":true,"href":"https:\/\/messer-ca.com\/fr\/wp-json\/wp\/v2\/media\/2147"}],"wp:attachment":[{"href":"https:\/\/messer-ca.com\/fr\/wp-json\/wp\/v2\/media?parent=4876"}],"curies":[{"name":"wp","href":"https:\/\/api.w.org\/{rel}","templated":true}]}}