{"id":4902,"date":"2023-08-11T15:15:26","date_gmt":"2023-08-11T15:15:26","guid":{"rendered":"https:\/\/messer-ca.com\/?page_id=4902"},"modified":"2023-08-11T15:22:06","modified_gmt":"2023-08-11T15:22:06","slug":"airstorm-products","status":"publish","type":"page","link":"https:\/\/messer-ca.com\/fr\/products\/airstorm-products\/","title":{"rendered":"Produits AirSTORM"},"content":{"rendered":"<div style=\"height:20px\" aria-hidden=\"true\" class=\"wp-block-spacer custom-left-separator\"><\/div>\n\n\n    <div class=\"markets\">\n        \n                   <ul class=\"listreset markets-list solutions-list\">\n                                                            <li>\n                                                                                                <div class=\"market-ic\"><a href=\"https:\/\/messer-ca.com\/fr\/products\/airstorm\/\"><img decoding=\"async\" src=\"https:\/\/messer-ca.com\/wp-content\/uploads\/2020\/01\/AirSTORM-4-300x286.png\" alt=\"\"><\/a><\/div>\n                                                                                         <div class=\"market-text-block\">\n                                                                    <h3>\n                                                                                    <a href=\"https:\/\/messer-ca.com\/fr\/products\/airstorm\/\">Extracteur de fum\u00e9e AirSTORM<\/a>\n                                                                            <\/h3>\n                                                                                                    <p>Con\u00e7u pour un transport et un positionnement faciles, l&#039;AirSTORM \u00e9limine les fum\u00e9es de soudure, la poussi\u00e8re et autres toxines \u00e0 la source. Capturant les contaminants en suspension dans l&#039;air aussi petits que 0,5 microns, l&#039;AirSTORM est \u00e9quip\u00e9 d&#039;un filtre en nanofibres class\u00e9 Merv 15. Son bras de capture articul\u00e9 int\u00e9rieurement de 10&#039; permet un positionnement facile afin que les travailleurs puissent effectuer des t\u00e2ches en toute s\u00e9curit\u00e9 et confortablement.<\/p>\n                                                                                                    <a href=\"https:\/\/messer-ca.com\/fr\/products\/airstorm\/\">\n                                        En savoir plus                                    <\/a>\n                                                            <\/div>\n                        <\/li>\n                                                                                <li>\n                                                                                                <div class=\"market-ic\"><a href=\"https:\/\/messer-ca.com\/fr\/products\/airstorm-cobra-aft\/\"><img decoding=\"async\" src=\"https:\/\/messer-ca.com\/wp-content\/uploads\/2023\/08\/AirstormCobraProductImage3-300x133.jpg\" alt=\"\"><\/a><\/div>\n                                                                                         <div class=\"market-text-block\">\n                                                                    <h3>\n                                                                                    <a href=\"https:\/\/messer-ca.com\/fr\/products\/airstorm-cobra-aft\/\">Extracteur de fum\u00e9e portable AirSTORM Cobra AFT<\/a>\n                                                                            <\/h3>\n                                                                                                    <p>Le Cobra AFT d\u2019AirSTORM est l\u2019extracteur de fum\u00e9e portable le plus puissant, fiable et facile \u00e0 utiliser de l\u2019industrie. La conception \u00e0 double moteur, qui offre maintenant des modes haute et basse puissance pour un rendement maximal, permet au soudeur de basculer \u00e0 un seul moteur pour les travaux l\u00e9gers normaux, et \u00e0 deux moteurs pour les utilisations plus exigeantes.<\/p>\n                                                                                                    <a href=\"https:\/\/messer-ca.com\/fr\/products\/airstorm-cobra-aft\/\">\n                                        En savoir plus                                    <\/a>\n                                                            <\/div>\n                        <\/li>\n                                                <\/ul>\n            <\/div>\n\n\n\n<div style=\"height:20px\" aria-hidden=\"true\" class=\"wp-block-spacer custom-right-separator\"><\/div>\n\n\n\t<div class=\"text-and-button-block text-center full-width\">\n\t\t<div class=\"container\">\n\t\t\t\t\t\t\t<div class=\"text\"><p><strong>Des questions?<\/strong> Demandez \u00e0 notre \u00e9quipe. Nous sommes l\u00e0 pour vous aider.<\/p>\n<\/div>\n\t\t\t\t\t\t\t\t\t\t\t\t\t\t\t<a class=\"btn-3\" href=\"https:\/\/messer-ca.com\/fr\/contact-support\/\"  target=\"_blank\">Contactez-nous<\/a>\n\t\t\t\t\t\t\t\t\t<\/div>\n\t<\/div>","protected":false},"excerpt":{"rendered":"","protected":false},"author":5,"featured_media":2147,"parent":1149,"menu_order":0,"comment_status":"closed","ping_status":"closed","template":"pages\/template-home.php","meta":{"_acf_changed":false,"content-type":"","om_disable_all_campaigns":false,"_exactmetrics_skip_tracking":false,"_exactmetrics_sitenote_active":false,"_exactmetrics_sitenote_note":"","_exactmetrics_sitenote_category":0,"_monsterinsights_skip_tracking":false,"_monsterinsights_sitenote_active":false,"_monsterinsights_sitenote_note":"","_monsterinsights_sitenote_category":0,"footnotes":""},"class_list":["post-4902","page","type-page","status-publish","has-post-thumbnail","hentry"],"acf":[],"_links":{"self":[{"href":"https:\/\/messer-ca.com\/fr\/wp-json\/wp\/v2\/pages\/4902","targetHints":{"allow":["GET"]}}],"collection":[{"href":"https:\/\/messer-ca.com\/fr\/wp-json\/wp\/v2\/pages"}],"about":[{"href":"https:\/\/messer-ca.com\/fr\/wp-json\/wp\/v2\/types\/page"}],"author":[{"embeddable":true,"href":"https:\/\/messer-ca.com\/fr\/wp-json\/wp\/v2\/users\/5"}],"replies":[{"embeddable":true,"href":"https:\/\/messer-ca.com\/fr\/wp-json\/wp\/v2\/comments?post=4902"}],"version-history":[{"count":0,"href":"https:\/\/messer-ca.com\/fr\/wp-json\/wp\/v2\/pages\/4902\/revisions"}],"up":[{"embeddable":true,"href":"https:\/\/messer-ca.com\/fr\/wp-json\/wp\/v2\/pages\/1149"}],"wp:featuredmedia":[{"embeddable":true,"href":"https:\/\/messer-ca.com\/fr\/wp-json\/wp\/v2\/media\/2147"}],"wp:attachment":[{"href":"https:\/\/messer-ca.com\/fr\/wp-json\/wp\/v2\/media?parent=4902"}],"curies":[{"name":"wp","href":"https:\/\/api.w.org\/{rel}","templated":true}]}}