{"id":4946,"date":"2023-09-25T21:40:01","date_gmt":"2023-09-25T21:40:01","guid":{"rendered":"https:\/\/messer-ca.com\/?page_id=4946"},"modified":"2024-04-30T20:18:44","modified_gmt":"2024-04-30T20:18:44","slug":"diversity-inclusion","status":"publish","type":"page","link":"https:\/\/messer-ca.com\/fr\/diversity-inclusion\/","title":{"rendered":""},"content":{"rendered":"<div style=\"height:65px\" aria-hidden=\"true\" class=\"wp-block-spacer\"><\/div>\n\n\n\n<h2 class=\"wp-block-heading has-text-align-center has-x-large-font-size\" style=\"font-style:normal;font-weight:500\"><strong>Vision<\/strong><\/h2>\n\n\n\n<p class=\"has-text-align-left has-medium-font-size\">Chez Messer Am\u00e9riques, notre vision de la diversit\u00e9 et de l'inclusion consiste \u00e0 cr\u00e9er un environnement dans lequel nous acceptons, respectons et valorisons la multitude de diff\u00e9rences d'identit\u00e9s multiples et accueillons v\u00e9ritablement les id\u00e9es et perspectives diverses des individus. Ce faisant, nous fa\u00e7onnons une culture d\u2019entreprise ouverte et cr\u00e9ative, offrant \u00e0 chaque individu une chance \u00e9gale de s\u2019\u00e9panouir.<\/p>\n\n\n\n<div style=\"height:99px\" aria-hidden=\"true\" class=\"wp-block-spacer\"><\/div>\n\n\n\t<div class=\"text-center full-width graybar-quote\">\n\t\t<div class=\"container min-container\">\n\t\t\t\t\t\t\t<div class=\"custom-quote-gray-image\">\n\t\t\t\t\t<img decoding=\"async\" src=\"https:\/\/messer-ca.com\/wp-content\/uploads\/2023\/09\/Patricia20Hargil-1.png\" \/>\n\t\t\t\t<\/div>\n\t\t\t\t\t\t\t\t\t\t<div class=\"custom-quote-gray\" style=\"font-weight:500;\">\u00ab Messer s&#039;engage \u00e0 cr\u00e9er une culture d&#039;entreprise qui attire et retient des employ\u00e9s hautement qualifi\u00e9s, et nous favorisons \u00e9galement un environnement inclusif qui permet et motive chacun \u00e0 atteindre son plus haut potentiel.<\/div>\n\t\t\t\t\t\t\t\t\t\t<div class=\"banner-text\" style=\"font-weight:300;\">Patricia Hargil, responsable de la diversit\u00e9, Messer Am\u00e9riques<\/div>\n\t\t\t\t\t<\/div>\n\t<\/div>\n\n\n\n<div style=\"height:99px\" aria-hidden=\"true\" class=\"wp-block-spacer\"><\/div>\n\n\n\n<p class=\"has-text-align-center has-x-large-font-size\" style=\"font-style:normal;font-weight:500\"><strong>Diversit\u00e9 chez Messer<\/strong><\/p>\n\n\n\n<p class=\"has-text-align-center has-medium-font-size\">Voici une r\u00e9partition de la repr\u00e9sentation diff\u00e9rente et diversifi\u00e9e de nos employ\u00e9s \u00e0 travers les Am\u00e9riques au 31 d\u00e9cembre 2022.&nbsp;<\/p>\n\n\n<div class=\"wp-block-image is-style-default\">\n<figure class=\"aligncenter size-full\"><img loading=\"lazy\" decoding=\"async\" width=\"700\" height=\"541\" src=\"https:\/\/messer-ca.com\/wp-content\/uploads\/2023\/10\/4247F_1023_Diversity_pies_700x541_FR2.jpg\" alt=\"\" class=\"wp-image-4950\" srcset=\"https:\/\/messer-ca.com\/wp-content\/uploads\/2023\/10\/4247F_1023_Diversity_pies_700x541_FR2.jpg 700w, https:\/\/messer-ca.com\/wp-content\/uploads\/2023\/10\/4247F_1023_Diversity_pies_700x541_FR2-300x232.jpg 300w, https:\/\/messer-ca.com\/wp-content\/uploads\/2023\/10\/4247F_1023_Diversity_pies_700x541_FR2-16x12.jpg 16w\" sizes=\"auto, (max-width: 700px) 100vw, 700px\" \/><\/figure><\/div>\n\n\n<div style=\"height:56px\" aria-hidden=\"true\" class=\"wp-block-spacer\"><\/div>\n\n\n\n<div class=\"text-center\"><h2 class=\"bordered-title\">Prix et reconnaissance<\/h2><\/div>\n\n\n\n<div class=\"wp-block-columns is-layout-flex wp-container-core-columns-is-layout-9d6595d7 wp-block-columns-is-layout-flex\">\n<div class=\"wp-block-column is-layout-flow wp-block-column-is-layout-flow\">\n<figure class=\"wp-block-image size-large is-style-default\"><img loading=\"lazy\" decoding=\"async\" width=\"1024\" height=\"474\" src=\"https:\/\/messer-ca.com\/wp-content\/uploads\/2023\/09\/11-10-21204348_Hire-Vets-Medallion-Program_social_media-1-1-1024x474.jpeg\" alt=\"\" class=\"wp-image-4963\" srcset=\"https:\/\/messer-ca.com\/wp-content\/uploads\/2023\/09\/11-10-21204348_Hire-Vets-Medallion-Program_social_media-1-1-1024x474.jpeg 1024w, https:\/\/messer-ca.com\/wp-content\/uploads\/2023\/09\/11-10-21204348_Hire-Vets-Medallion-Program_social_media-1-1-300x139.jpeg 300w, https:\/\/messer-ca.com\/wp-content\/uploads\/2023\/09\/11-10-21204348_Hire-Vets-Medallion-Program_social_media-1-1-768x356.jpeg 768w, https:\/\/messer-ca.com\/wp-content\/uploads\/2023\/09\/11-10-21204348_Hire-Vets-Medallion-Program_social_media-1-1-18x8.jpeg 18w, https:\/\/messer-ca.com\/wp-content\/uploads\/2023\/09\/11-10-21204348_Hire-Vets-Medallion-Program_social_media-1-1.jpeg 1200w\" sizes=\"auto, (max-width: 1024px) 100vw, 1024px\" \/><\/figure>\n\n\n\n<h2 class=\"wp-block-heading has-text-align-center\">HIRE Vets Medallion<\/h2>\n\n\n\n<p class=\"has-text-align-center\">Messer a \u00e9t\u00e9 reconnu par le minist\u00e8re am\u00e9ricain du Travail en tant que r\u00e9cipiendaire du HIRE Vets Medallion Award pour notre engagement \u00e0 recruter, employer et fid\u00e9liser les anciens combattants.<a href=\"https:\/\/www.messer-us.com\/diversity-inclusion\"><\/a><\/p>\n<\/div>\n\n\n\n<div class=\"wp-block-column is-layout-flow wp-block-column-is-layout-flow\">\n<figure class=\"wp-block-image size-large is-style-default\"><img loading=\"lazy\" decoding=\"async\" width=\"1024\" height=\"476\" src=\"https:\/\/messer-ca.com\/wp-content\/uploads\/2023\/09\/2022_CandE20Stamp_Highrez_WINNER20-20Copy-1024x476.jpg\" alt=\"\" class=\"wp-image-4964\" srcset=\"https:\/\/messer-ca.com\/wp-content\/uploads\/2023\/09\/2022_CandE20Stamp_Highrez_WINNER20-20Copy-1024x476.jpg 1024w, https:\/\/messer-ca.com\/wp-content\/uploads\/2023\/09\/2022_CandE20Stamp_Highrez_WINNER20-20Copy-300x139.jpg 300w, https:\/\/messer-ca.com\/wp-content\/uploads\/2023\/09\/2022_CandE20Stamp_Highrez_WINNER20-20Copy-768x357.jpg 768w, https:\/\/messer-ca.com\/wp-content\/uploads\/2023\/09\/2022_CandE20Stamp_Highrez_WINNER20-20Copy-1536x714.jpg 1536w, https:\/\/messer-ca.com\/wp-content\/uploads\/2023\/09\/2022_CandE20Stamp_Highrez_WINNER20-20Copy-2048x952.jpg 2048w, https:\/\/messer-ca.com\/wp-content\/uploads\/2023\/09\/2022_CandE20Stamp_Highrez_WINNER20-20Copy-18x8.jpg 18w\" sizes=\"auto, (max-width: 1024px) 100vw, 1024px\" \/><\/figure>\n\n\n\n<h2 class=\"wp-block-heading has-text-align-center\">Prix CandE<\/h2>\n\n\n\n<p class=\"has-text-align-center\">Messer a remport\u00e9 le prix Candidate Experience (CandE) 2020, 2021 et 2022 de Talent Board. Ce prix r\u00e9compense les entreprises qui re\u00e7oivent les \u00e9valuations les plus favorables en mati\u00e8re d'exp\u00e9rience des candidats.<a href=\"https:\/\/www.messer-us.com\/diversity-inclusion\"><\/a><\/p>\n<\/div>\n\n\n\n<div class=\"wp-block-column is-layout-flow wp-block-column-is-layout-flow\">\n<figure class=\"wp-block-image size-large is-style-default\"><img loading=\"lazy\" decoding=\"async\" width=\"1024\" height=\"474\" src=\"https:\/\/messer-ca.com\/wp-content\/uploads\/2023\/09\/11.21.2220RecruitMilitary_Champion20for20military20hiring20badge-1-1024x474.png\" alt=\"\" class=\"wp-image-4962\" srcset=\"https:\/\/messer-ca.com\/wp-content\/uploads\/2023\/09\/11.21.2220RecruitMilitary_Champion20for20military20hiring20badge-1-1024x474.png 1024w, https:\/\/messer-ca.com\/wp-content\/uploads\/2023\/09\/11.21.2220RecruitMilitary_Champion20for20military20hiring20badge-1-300x139.png 300w, https:\/\/messer-ca.com\/wp-content\/uploads\/2023\/09\/11.21.2220RecruitMilitary_Champion20for20military20hiring20badge-1-768x356.png 768w, https:\/\/messer-ca.com\/wp-content\/uploads\/2023\/09\/11.21.2220RecruitMilitary_Champion20for20military20hiring20badge-1-18x8.png 18w, https:\/\/messer-ca.com\/wp-content\/uploads\/2023\/09\/11.21.2220RecruitMilitary_Champion20for20military20hiring20badge-1.png 1200w\" sizes=\"auto, (max-width: 1024px) 100vw, 1024px\" \/><\/figure>\n\n\n\n<h2 class=\"wp-block-heading has-text-align-center\">RecruitMilitary<\/h2>\n\n\n\n<p class=\"has-text-align-center\">Messer a \u00e9t\u00e9 reconnue par RecruitMilitary comme une entreprise \u00ab\u00a0Championne de l'embauche militaire\u00a0\u00bb pour avoir offert des perspectives de carri\u00e8re significatives aux talents militaires.<a href=\"https:\/\/www.messer-us.com\/diversity-inclusion\"><\/a><\/p>\n<\/div>\n<\/div>\n\n\n\n<div class=\"wp-block-columns is-layout-flex wp-container-core-columns-is-layout-9d6595d7 wp-block-columns-is-layout-flex\">\n<div class=\"wp-block-column is-layout-flow wp-block-column-is-layout-flow\">\n<figure class=\"wp-block-image size-large is-style-default\"><img loading=\"lazy\" decoding=\"async\" width=\"1024\" height=\"474\" src=\"https:\/\/messer-ca.com\/wp-content\/uploads\/2023\/09\/4478_Great20Place20to20Work_internet_1200x556-1024x474.jpg\" alt=\"\" class=\"wp-image-4951\" srcset=\"https:\/\/messer-ca.com\/wp-content\/uploads\/2023\/09\/4478_Great20Place20to20Work_internet_1200x556-1024x474.jpg 1024w, https:\/\/messer-ca.com\/wp-content\/uploads\/2023\/09\/4478_Great20Place20to20Work_internet_1200x556-300x139.jpg 300w, https:\/\/messer-ca.com\/wp-content\/uploads\/2023\/09\/4478_Great20Place20to20Work_internet_1200x556-768x356.jpg 768w, https:\/\/messer-ca.com\/wp-content\/uploads\/2023\/09\/4478_Great20Place20to20Work_internet_1200x556-18x8.jpg 18w, https:\/\/messer-ca.com\/wp-content\/uploads\/2023\/09\/4478_Great20Place20to20Work_internet_1200x556.jpg 1200w\" sizes=\"auto, (max-width: 1024px) 100vw, 1024px\" \/><\/figure>\n\n\n\n<h2 class=\"wp-block-heading has-text-align-center\">Certification \u00ab\u00a0Great Place to Work\u00a0\u00bb<\/h2>\n\n\n\n<p class=\"has-text-align-center\">Messer a obtenu la certification Great Place to Work pour 2022-2023, d\u00e9cern\u00e9e par l&#039;autorit\u00e9 mondiale en mati\u00e8re de culture d&#039;entreprise.<a href=\"https:\/\/www.messer-us.com\/diversity-inclusion\"><\/a><\/p>\n<\/div>\n\n\n\n<div class=\"wp-block-column is-layout-flow wp-block-column-is-layout-flow\">\n<figure class=\"wp-block-image size-large is-style-default\"><img loading=\"lazy\" decoding=\"async\" width=\"1024\" height=\"472\" src=\"https:\/\/messer-ca.com\/wp-content\/uploads\/2023\/09\/Bloomberg20GEI202023-1024x472.png\" alt=\"\" class=\"wp-image-4952\" srcset=\"https:\/\/messer-ca.com\/wp-content\/uploads\/2023\/09\/Bloomberg20GEI202023-1024x472.png 1024w, https:\/\/messer-ca.com\/wp-content\/uploads\/2023\/09\/Bloomberg20GEI202023-300x138.png 300w, https:\/\/messer-ca.com\/wp-content\/uploads\/2023\/09\/Bloomberg20GEI202023-768x354.png 768w, https:\/\/messer-ca.com\/wp-content\/uploads\/2023\/09\/Bloomberg20GEI202023-18x8.png 18w, https:\/\/messer-ca.com\/wp-content\/uploads\/2023\/09\/Bloomberg20GEI202023.png 1201w\" sizes=\"auto, (max-width: 1024px) 100vw, 1024px\" \/><\/figure>\n\n\n\n<h2 class=\"wp-block-heading has-text-align-center\">GEI de Bloomberg<\/h2>\n\n\n\n<p class=\"has-text-align-center\">Messer s'engage \u00e0 faire preuve de<a rel=\"noreferrer noopener\" href=\"https:\/\/189660.fs1.hubspotusercontent-na1.net\/hubfs\/189660\/Messer%20US%20Website_2019\/Document%20PDFs\/Diversity%20and%20Inclusion\/2023-Bloomberg-GEI-Report.pdf\" target=\"_blank\">&nbsp;transparence sur l'\u00e9galit\u00e9 entre les genres<\/a>&nbsp;et participe en tant qu'entreprise priv\u00e9e au rapport cadre de l'indice Bloomberg sur l'\u00e9galit\u00e9 entre les genres (GEI).<a href=\"https:\/\/www.messer-us.com\/diversity-inclusion\"><\/a><\/p>\n<\/div>\n<\/div>\n\n\n\n<div style=\"height:56px\" aria-hidden=\"true\" class=\"wp-block-spacer\"><\/div>\n\n\n\n<div class=\"text-center\"><h2 class=\"bordered-title\">Un soutien plus large \u00e0 l\u2019\u00e9ducation et \u00e0 l\u2019engagement en faveur de la diversit\u00e9 et de l'inclusion\n<\/h2><\/div>\n\n\n\n<div class=\"wp-block-columns is-layout-flex wp-container-core-columns-is-layout-9d6595d7 wp-block-columns-is-layout-flex\">\n<div class=\"wp-block-column is-layout-flow wp-block-column-is-layout-flow\">\n<figure class=\"wp-block-image size-full is-style-default\"><img loading=\"lazy\" decoding=\"async\" width=\"472\" height=\"310\" src=\"https:\/\/messer-ca.com\/wp-content\/uploads\/2023\/09\/CEO20Action20for20Diversity202620Inclusion2047220x20298-2.png\" alt=\"\" class=\"wp-image-4955\" srcset=\"https:\/\/messer-ca.com\/wp-content\/uploads\/2023\/09\/CEO20Action20for20Diversity202620Inclusion2047220x20298-2.png 472w, https:\/\/messer-ca.com\/wp-content\/uploads\/2023\/09\/CEO20Action20for20Diversity202620Inclusion2047220x20298-2-300x197.png 300w, https:\/\/messer-ca.com\/wp-content\/uploads\/2023\/09\/CEO20Action20for20Diversity202620Inclusion2047220x20298-2-18x12.png 18w\" sizes=\"auto, (max-width: 472px) 100vw, 472px\" \/><\/figure>\n\n\n\n<h2 class=\"wp-block-heading has-text-align-center\">Catalyst<\/h2>\n\n\n\n<p class=\"has-text-align-center\">Messer Am\u00e9riques est un partisan mondial de Catalyst.<a href=\"https:\/\/www.messer-us.com\/diversity-inclusion\"><\/a><\/p>\n<\/div>\n\n\n\n<div class=\"wp-block-column is-layout-flow wp-block-column-is-layout-flow\">\n<figure class=\"wp-block-image size-full is-style-default\"><img loading=\"lazy\" decoding=\"async\" width=\"472\" height=\"310\" src=\"https:\/\/messer-ca.com\/wp-content\/uploads\/2023\/09\/CEO20Action20for20Diversity202620Inclusion2047220x20298-1.png\" alt=\"\" class=\"wp-image-4954\" srcset=\"https:\/\/messer-ca.com\/wp-content\/uploads\/2023\/09\/CEO20Action20for20Diversity202620Inclusion2047220x20298-1.png 472w, https:\/\/messer-ca.com\/wp-content\/uploads\/2023\/09\/CEO20Action20for20Diversity202620Inclusion2047220x20298-1-300x197.png 300w, https:\/\/messer-ca.com\/wp-content\/uploads\/2023\/09\/CEO20Action20for20Diversity202620Inclusion2047220x20298-1-18x12.png 18w\" sizes=\"auto, (max-width: 472px) 100vw, 472px\" \/><\/figure>\n\n\n\n<h2 class=\"wp-block-heading has-text-align-center\">CEO Action<\/h2>\n\n\n\n<p class=\"has-text-align-center\">Messer Am\u00e9riques est signataire de l\u2019engagement CEO Action for Diversity &amp; Inclusion.<a href=\"https:\/\/www.messer-us.com\/diversity-inclusion\"><\/a><\/p>\n<\/div>\n\n\n\n<div class=\"wp-block-column is-layout-flow wp-block-column-is-layout-flow\">\n<figure class=\"wp-block-image size-full is-style-default\"><img loading=\"lazy\" decoding=\"async\" width=\"472\" height=\"310\" src=\"https:\/\/messer-ca.com\/wp-content\/uploads\/2023\/09\/CEO20Action20for20Diversity202620Inclusion2047220x20298-3.png\" alt=\"\" class=\"wp-image-4956\" srcset=\"https:\/\/messer-ca.com\/wp-content\/uploads\/2023\/09\/CEO20Action20for20Diversity202620Inclusion2047220x20298-3.png 472w, https:\/\/messer-ca.com\/wp-content\/uploads\/2023\/09\/CEO20Action20for20Diversity202620Inclusion2047220x20298-3-300x197.png 300w, https:\/\/messer-ca.com\/wp-content\/uploads\/2023\/09\/CEO20Action20for20Diversity202620Inclusion2047220x20298-3-18x12.png 18w\" sizes=\"auto, (max-width: 472px) 100vw, 472px\" \/><\/figure>\n\n\n\n<h2 class=\"wp-block-heading has-text-align-center\">Principes d&#039;autonomisation des femmes<\/h2>\n\n\n\n<p class=\"has-text-align-center\">Messer Am\u00e9riques est signataire des Principes d'autonomisation des femmes.<a href=\"https:\/\/www.messer-us.com\/diversity-inclusion\"><\/a><\/p>\n<\/div>\n<\/div>\n\n\n\n<div style=\"height:56px\" aria-hidden=\"true\" class=\"wp-block-spacer\"><\/div>\n\n\n\n<div class=\"text-center\"><h2 class=\"bordered-title\">Adh\u00e9sions<\/h2><\/div>\n\n\n\n<div class=\"wp-block-columns is-layout-flex wp-container-core-columns-is-layout-9d6595d7 wp-block-columns-is-layout-flex\">\n<div class=\"wp-block-column is-layout-flow wp-block-column-is-layout-flow\"><div class=\"wp-block-image is-style-default\">\n<figure class=\"aligncenter size-full is-resized\"><img loading=\"lazy\" decoding=\"async\" width=\"472\" height=\"310\" src=\"https:\/\/messer-ca.com\/wp-content\/uploads\/2023\/09\/Women20in20Trucking2047220x20298-1.png\" alt=\"\" class=\"wp-image-4961\" style=\"width:354px;height:233px\" srcset=\"https:\/\/messer-ca.com\/wp-content\/uploads\/2023\/09\/Women20in20Trucking2047220x20298-1.png 472w, https:\/\/messer-ca.com\/wp-content\/uploads\/2023\/09\/Women20in20Trucking2047220x20298-1-300x197.png 300w, https:\/\/messer-ca.com\/wp-content\/uploads\/2023\/09\/Women20in20Trucking2047220x20298-1-18x12.png 18w\" sizes=\"auto, (max-width: 472px) 100vw, 472px\" \/><\/figure><\/div>\n\n\n<h2 class=\"wp-block-heading has-text-align-center\">Women in Trucking (Les femmes du camionnage)<\/h2>\n\n\n\n<p class=\"has-text-align-center\">Messer est fi\u00e8re d'\u00eatre membre de l'association Women in Trucking. Notre objectif est d'embaucher et d'autonomiser les femmes dans la profession du camionnage pour les aider \u00e0 atteindre leur plus haut potentiel.<a href=\"https:\/\/www.messer-us.com\/diversity-inclusion\"><\/a><\/p>\n<\/div>\n<\/div>\n\n\n    <div class=\"markets\">\n                    <div class=\"text-center\">\n                <h2 class=\"bordered-title\">Leadership en mati\u00e8re de diversit\u00e9<\/h2>\n            <\/div>\n        \n                    <ul class=\"listreset markets-list\">\n                                                            <li>\n                                                                                                <div class=\"market-ic\"><img decoding=\"async\" src=\"https:\/\/messer-ca.com\/wp-content\/uploads\/2023\/09\/Patricia20Hargil-1.png\" alt=\"\"><\/div>\n                                                                                         <div class=\"market-text-block\">\n                                                                    <h3>\n                                                                                    Patricia Hargil (elle\/elle)                                                                            <\/h3>\n                                                                                                    <p>Responsable de la diversit\u00e9 pour les Am\u00e9riques<\/p>\n                                                                                            <\/div>\n                        <\/li>\n                                                                                <li>\n                                                                                                <div class=\"market-ic\"><img decoding=\"async\" src=\"https:\/\/messer-ca.com\/wp-content\/uploads\/2023\/09\/Lucas20Munhoz-1.png\" alt=\"\"><\/div>\n                                                                                         <div class=\"market-text-block\">\n                                                                    <h3>\n                                                                                    Lucas Munhoz (il\/lui)                                                                            <\/h3>\n                                                                                                    <p>Responsable du programme D&amp;I<\/p>\n                                                                                            <\/div>\n                        <\/li>\n                                                                                <li>\n                                                                                                <div class=\"market-ic\"><img decoding=\"async\" src=\"https:\/\/messer-ca.com\/wp-content\/uploads\/2023\/09\/Michele20Long-1.png\" alt=\"\"><\/div>\n                                                                                         <div class=\"market-text-block\">\n                                                                    <h3>\n                                                                                    Michele Long (elle\/elle)                                                                            <\/h3>\n                                                                                                    <p>Vice-pr\u00e9sidente des communications<\/p>\n                                                                                            <\/div>\n                        <\/li>\n                                                                                <li>\n                                                                                                <div class=\"market-ic\"><img decoding=\"async\" src=\"https:\/\/messer-ca.com\/wp-content\/uploads\/2023\/09\/Brian20Williams-1.png\" alt=\"\"><\/div>\n                                                                                         <div class=\"market-text-block\">\n                                                                    <h3>\n                                                                                    Brian Williams (il\/lui)                                                                            <\/h3>\n                                                                                                    <p>Vice-pr\u00e9sident des RH<\/p>\n                                                                                            <\/div>\n                        <\/li>\n                                                <\/ul>\n            <\/div>\n\n\n\n<p class=\"has-text-align-center has-x-large-font-size\" style=\"font-style:normal;font-weight:500\"><strong>Gouvernance de la diversit\u00e9<\/strong><\/p>\n\n\n\n<p class=\"has-medium-font-size\">Le Conseil de la diversit\u00e9 et de l'inclusion de Messer Am\u00e9riques est r\u00e9gi par le Comit\u00e9 ex\u00e9cutif de Messer avec des repr\u00e9sentants de tous les pays dans lesquels nous exer\u00e7ons nos activit\u00e9s. Les ambassadeurs de la diversit\u00e9 et de l'inclusion travaillent avec l'agent responsable de la diversit\u00e9 et de l'inclusion, les ressources humaines, les communications et les \u00e9quipes locales pour faire progresser nos objectifs de diversit\u00e9 et d'inclusion. Cette approche nous aide \u00e0 adopter la diversit\u00e9 et l\u2019inclusion par le biais d'initiatives d\u00e9di\u00e9es et d'actions concr\u00e8tes, en travaillant de concert avec l\u2019organisation.<\/p>\n\n\n\n<div style=\"height:56px\" aria-hidden=\"true\" class=\"wp-block-spacer\"><\/div>\n\n\n\t<div class=\"text-and-button-block text-center full-width\">\n\t\t<div class=\"container\">\n\t\t\t\t\t\t\t<div class=\"text\"><p><strong>Des questions?<\/strong> Demandez \u00e0 notre \u00e9quipe. Nous sommes l\u00e0 pour vous aider.<\/p>\n<\/div>\n\t\t\t\t\t\t\t\t\t\t\t\t\t\t\t<a class=\"btn-3\" href=\"https:\/\/messer-ca.com\/fr\/contact-support\/\"  target=\"_blank\">Contactez-nous<\/a>\n\t\t\t\t\t\t\t\t\t<\/div>\n\t<\/div>","protected":false},"excerpt":{"rendered":"<p>Vision At Messer Americas, our vision for Diversity &amp; Inclusion is to create an environment where all of us accept, respect and value the differences of multiple identities and truly welcomes the diverse ideas and perspectives of individuals. In doing so, we shape an open and creative company culture, providing every individual an equal opportunity [&hellip;]<\/p>\n","protected":false},"author":5,"featured_media":5012,"parent":0,"menu_order":0,"comment_status":"closed","ping_status":"closed","template":"pages\/template-home.php","meta":{"_acf_changed":false,"content-type":"","om_disable_all_campaigns":false,"_exactmetrics_skip_tracking":false,"_exactmetrics_sitenote_active":false,"_exactmetrics_sitenote_note":"","_exactmetrics_sitenote_category":0,"_monsterinsights_skip_tracking":false,"_monsterinsights_sitenote_active":false,"_monsterinsights_sitenote_note":"","_monsterinsights_sitenote_category":0,"footnotes":""},"class_list":["post-4946","page","type-page","status-publish","has-post-thumbnail","hentry"],"acf":[],"_links":{"self":[{"href":"https:\/\/messer-ca.com\/fr\/wp-json\/wp\/v2\/pages\/4946","targetHints":{"allow":["GET"]}}],"collection":[{"href":"https:\/\/messer-ca.com\/fr\/wp-json\/wp\/v2\/pages"}],"about":[{"href":"https:\/\/messer-ca.com\/fr\/wp-json\/wp\/v2\/types\/page"}],"author":[{"embeddable":true,"href":"https:\/\/messer-ca.com\/fr\/wp-json\/wp\/v2\/users\/5"}],"replies":[{"embeddable":true,"href":"https:\/\/messer-ca.com\/fr\/wp-json\/wp\/v2\/comments?post=4946"}],"version-history":[{"count":0,"href":"https:\/\/messer-ca.com\/fr\/wp-json\/wp\/v2\/pages\/4946\/revisions"}],"wp:featuredmedia":[{"embeddable":true,"href":"https:\/\/messer-ca.com\/fr\/wp-json\/wp\/v2\/media\/5012"}],"wp:attachment":[{"href":"https:\/\/messer-ca.com\/fr\/wp-json\/wp\/v2\/media?parent=4946"}],"curies":[{"name":"wp","href":"https:\/\/api.w.org\/{rel}","templated":true}]}}