{"id":5024,"date":"2023-09-28T04:07:43","date_gmt":"2023-09-28T04:07:43","guid":{"rendered":"https:\/\/messer-ca.com\/?page_id=5024"},"modified":"2023-10-02T16:12:07","modified_gmt":"2023-10-02T16:12:07","slug":"ozoline-shielding-gases","status":"publish","type":"page","link":"https:\/\/messer-ca.com\/fr\/products\/welding-and-cutting-gases\/ozoline-shielding-gases\/","title":{"rendered":"Ozoline gaz de protection."},"content":{"rendered":"<div style=\"height:65px\" aria-hidden=\"true\" class=\"wp-block-spacer\"><\/div>\n\n\n\n<h2 class=\"wp-block-heading has-text-align-center\">Avec les gaz de protection Ozoline la productivit\u00e9 et un bon environnement de travail vont de pair.<\/h2>\n\n\n\n<p>Le Ozoline est une gamme compl\u00e8te de gaz de protection Messer con\u00e7ue pour am\u00e9liorer la qualit\u00e9 et la productivit\u00e9 de presque toutes les applications de soudage. En raison de leur capacit\u00e9 de r\u00e9duire les niveaux d\u2018ozone dans les zones de soudage, les gaz de protection Ozoline offrent un fondement essentiel aux autres efforts d\u2018am\u00e9lioration de l\u2018environnement de travail des soudeurs et augmenter le temps d\u2018amor\u00e7age de l\u2018arc.<\/p>\n\n\n\n<p><br>de t\u00eate, des sensations de s\u00e9cheresse et irritation des yeux, du nez et de la gorge. Il donne au soudeur la sensation d\u2018\u00eatre enrhum\u00e9. M\u00eame de tr\u00e8s faibles niveaux d\u2018ozone peuvent avoir des effets nocifs, car la valeur limite d\u2018exposition est tr\u00e8s faible. Les concentrations d\u2018ozone au-dessous du TVL sont aussi g\u00e9n\u00e9ralement d\u00e9sagr\u00e9ables, occasionnant une distraction qui r\u00e9duit la productivit\u00e9. Voil\u00e0 pourquoi la capacit\u00e9 des gaz de protection Ozoline \u00e0 r\u00e9duire le niveau d\u2018ozone dangereux, donnera un \u00e9lan \u00e0 la productivit\u00e9 de plusieurs fa\u00e7ons, tout en am\u00e9liorant la qualit\u00e9 du soudage.<\/p>\n\n\n\n<div style=\"height:50px\" aria-hidden=\"true\" class=\"wp-block-spacer\"><\/div>\n\n\n\n<h3 class=\"wp-block-heading has-text-align-center\">Ozoline \u2013 un moyen naturel de r\u00e9duire la formation d\u2018ozone<\/h3>\n\n\n\n<p>L\u2018ajout d\u2018une petite quantit\u00e9 de monoxyde d\u2018azote au gaz de protection r\u00e9duit la quantit\u00e9 d\u2018ozone form\u00e9e. La r\u00e9action entre l\u2018ozone et le NO est naturelle et a lieu, dans une certaine mesure, au cours du soudage. Lorsque la r\u00e9action est accrue par le gaz de protection, le NO r\u00e9agit facilement avec l\u2018ozone pour former l\u2018oxyg\u00e8ne (O2) et le dioxyde d\u2018azote (NO2). La teneur en monoxyde d\u2018azote (NO &lt; 300 ppm) de gaz Ozoline suffit \u00e0 r\u00e9duire de fa\u00e7on efficace la quantit\u00e9 d\u2018ozone form\u00e9e au cours du processus de soudage. Les petites quantit\u00e9s de dioxyde d\u2018azote produites dans le processus de soudage accru sont le r\u00e9sultat de la r\u00e9duction d\u2018ozone et sont acceptables. L\u2018ajout de NO aux gaz de protection n\u2018a aucun effet sur les propri\u00e9t\u00e9s m\u00e9caniques ou sur la r\u00e9sistance \u00e0 la corrosion du soudage. Le contraire est d\u2018ailleurs vrai. Lors du soudage TIG et MIG, la teneur en NO dans les gaz de protection produit un arc plus stable et facilite le contr\u00f4le du processus de soudage. Puisque la stabilit\u00e9 de l\u2018arc diminue \u00e0 l\u2018augmentation de la teneur en h\u00e9lium dans le gaz de protection argon, l\u2018ajout de NO stabilise l\u2018arc facilitant la soudure de pointage.<\/p>\n\n\n\n<div class=\"wp-block-columns is-layout-flex wp-container-core-columns-is-layout-9d6595d7 wp-block-columns-is-layout-flex\">\n<div class=\"wp-block-column is-layout-flow wp-block-column-is-layout-flow\"><div class=\"wp-block-image is-style-default\">\n<figure class=\"aligncenter size-large\"><img loading=\"lazy\" decoding=\"async\" width=\"1024\" height=\"658\" src=\"https:\/\/messer-ca.com\/wp-content\/uploads\/2023\/10\/OzolineGraph_FR.png\" alt=\"\" class=\"wp-image-5028\" srcset=\"https:\/\/messer-ca.com\/wp-content\/uploads\/2023\/10\/OzolineGraph_FR.png 1124w, https:\/\/messer-ca.com\/wp-content\/uploads\/2023\/10\/OzolineGraph_FR-300x189.png 300w, https:\/\/messer-ca.com\/wp-content\/uploads\/2023\/10\/OzolineGraph_FR-1024x646.png 1024w, https:\/\/messer-ca.com\/wp-content\/uploads\/2023\/10\/OzolineGraph_FR-768x484.png 768w, https:\/\/messer-ca.com\/wp-content\/uploads\/2023\/10\/OzolineGraph_FR-18x12.png 18w\" sizes=\"auto, (max-width: 1024px) 100vw, 1024px\" \/><\/figure><\/div>\n\n\n<p class=\"has-text-align-center has-small-font-size\">Le Ozoline r\u00e9duit la formation d\u2019ozone dans la majorit\u00e9 des types de soudage.<\/p>\n<\/div>\n<\/div>\n\n\n\n<div class=\"wp-block-columns is-layout-flex wp-container-core-columns-is-layout-9d6595d7 wp-block-columns-is-layout-flex\">\n<div class=\"wp-block-column is-layout-flow wp-block-column-is-layout-flow\"><div class=\"wp-block-image is-style-default\">\n<figure class=\"aligncenter size-large\"><img loading=\"lazy\" decoding=\"async\" width=\"1024\" height=\"616\" src=\"https:\/\/messer-ca.com\/wp-content\/uploads\/2023\/09\/ozolineimage0-1024x616.jpg\" alt=\"\" class=\"wp-image-5026\" srcset=\"https:\/\/messer-ca.com\/wp-content\/uploads\/2023\/09\/ozolineimage0-1024x616.jpg 1024w, https:\/\/messer-ca.com\/wp-content\/uploads\/2023\/09\/ozolineimage0-300x180.jpg 300w, https:\/\/messer-ca.com\/wp-content\/uploads\/2023\/09\/ozolineimage0-768x462.jpg 768w, https:\/\/messer-ca.com\/wp-content\/uploads\/2023\/09\/ozolineimage0-18x12.jpg 18w, https:\/\/messer-ca.com\/wp-content\/uploads\/2023\/09\/ozolineimage0.jpg 1034w\" sizes=\"auto, (max-width: 1024px) 100vw, 1024px\" \/><\/figure><\/div>\n\n\n<div style=\"height:20px\" aria-hidden=\"true\" class=\"wp-block-spacer\"><\/div>\n\n\n\n<p class=\"has-text-align-center has-small-font-size\">Le Ozoline attaque lors de la formation de l\u2019ozone. Le monoxyde d\u2019azote pr\u00e9sent dans le gaz Ozoline r\u00e9agit avec l\u2019ozone form\u00e9 par les rayons UV \u00e9mis par l\u2019arc de fa\u00e7on \u00e0 former l\u2019oxyg\u00e8ne et le dioxyde d\u2019azote. Il en r\u00e9sulte d\u2019une diminution importante de l\u2019ozone polluant, ce qui favorise l\u2019environnement du soudeur.<\/p>\n<\/div>\n<\/div>\n\n\n\n<div style=\"height:50px\" aria-hidden=\"true\" class=\"wp-block-spacer\"><\/div>\n\n\n\n<h3 class=\"wp-block-heading has-text-align-center\">Le soudage et la sant\u00e9 du soudeur<\/h3>\n\n\n\n<p>Toute op\u00e9ration de soudage g\u00e9n\u00e8re des substances polluantes dangereuses sous forme de fum\u00e9e et de gaz. La quantit\u00e9 produite d\u00e9pend de divers facteurs, tels que la m\u00e9thode de soudage. le mat\u00e9riel \u00e0 souder, le m\u00e9tal d\u2018apport, les param\u00e8tres de soudage et les gaz de protection. Les particules des fum\u00e9es d\u00e9gag\u00e9es par le soudage se composent d\u2018oxydes m\u00e9talliques. Ceux-ci sont form\u00e9s lorsque le m\u00e9tal fondu est vaporis\u00e9 dans l\u2018arc et se condense et s\u2018oxyde au contact de l\u2018air ambiant. Les fum\u00e9es les plus dangereuses contiennent des compos\u00e9s de nickel et de chrome qui sont form\u00e9s lors du soudage d\u2018acier inoxydable. L\u2018ozone est l\u2018un des gaz les plus dangereux et les plus nocifs form\u00e9s lors du soudage au TIG et au MIG\/MAG. En r\u00e8gle g\u00e9n\u00e9rale, plus l\u2018arc est brillant et moins il y a de production de fum\u00e9es, plus il y aura de production d\u2018ozone. Le monoxyde de carbone (CO) et l\u2018oxyde d\u2018azote sont d\u2018autres impuret\u00e9s gazeuses occasionn\u00e9es par des temp\u00e9ratures extr\u00eamement \u00e9lev\u00e9es et par la radiation UV \u00e9mise par l\u2018arc. Une grande partie de l\u2018ozone est g\u00e9n\u00e9r\u00e9e dans la couche d\u2018air la plus proche de l\u2018arc et la concentration est la plus \u00e9lev\u00e9e dans le panache de fum\u00e9e et de gaz qui s\u2018\u00e9l\u00e8ve de la zone de soudage. Les concentrations d\u2018ozone les plus \u00e9lev\u00e9es sont g\u00e9n\u00e9r\u00e9es lors du soudage au MIG de l\u2018aluminium. La concentration d\u2018ozone dans le panache est tr\u00e8s \u00e9lev\u00e9e (4-10 ppm), aussi l\u2018est-elle lors du soudage TIG et MIG\/MAG des aciers inoxydables et du soudage MAG de l\u2018acier noir.<\/p>\n\n\n\n<div style=\"height:20px\" aria-hidden=\"true\" class=\"wp-block-spacer\"><\/div>\n\n\n<div class=\"wp-block-image is-style-default\">\n<figure class=\"aligncenter size-large\"><img loading=\"lazy\" decoding=\"async\" width=\"1024\" height=\"352\" src=\"https:\/\/messer-ca.com\/wp-content\/uploads\/2023\/10\/OzolineTable1-1_FR.png\" alt=\"\" class=\"wp-image-5054\" srcset=\"https:\/\/messer-ca.com\/wp-content\/uploads\/2023\/10\/OzolineTable1-1_FR.png 1215w, https:\/\/messer-ca.com\/wp-content\/uploads\/2023\/10\/OzolineTable1-1_FR-300x106.png 300w, https:\/\/messer-ca.com\/wp-content\/uploads\/2023\/10\/OzolineTable1-1_FR-1024x361.png 1024w, https:\/\/messer-ca.com\/wp-content\/uploads\/2023\/10\/OzolineTable1-1_FR-768x271.png 768w, https:\/\/messer-ca.com\/wp-content\/uploads\/2023\/10\/OzolineTable1-1_FR-18x6.png 18w\" sizes=\"auto, (max-width: 1024px) 100vw, 1024px\" \/><\/figure><\/div>\n\n\n<div style=\"height:20px\" aria-hidden=\"true\" class=\"wp-block-spacer\"><\/div>\n\n\n<div class=\"wp-block-image is-style-default\">\n<figure class=\"aligncenter size-large\"><img loading=\"lazy\" decoding=\"async\" width=\"1024\" height=\"351\" src=\"https:\/\/messer-ca.com\/wp-content\/uploads\/2023\/10\/OzolineTable1-2_FR.png\" alt=\"\" class=\"wp-image-5055\" srcset=\"https:\/\/messer-ca.com\/wp-content\/uploads\/2023\/10\/OzolineTable1-2_FR.png 1227w, https:\/\/messer-ca.com\/wp-content\/uploads\/2023\/10\/OzolineTable1-2_FR-300x109.png 300w, https:\/\/messer-ca.com\/wp-content\/uploads\/2023\/10\/OzolineTable1-2_FR-1024x372.png 1024w, https:\/\/messer-ca.com\/wp-content\/uploads\/2023\/10\/OzolineTable1-2_FR-768x279.png 768w, https:\/\/messer-ca.com\/wp-content\/uploads\/2023\/10\/OzolineTable1-2_FR-18x7.png 18w\" sizes=\"auto, (max-width: 1024px) 100vw, 1024px\" \/><\/figure><\/div>\n\n\n<div style=\"height:50px\" aria-hidden=\"true\" class=\"wp-block-spacer\"><\/div>\n\n\n\n<h2 class=\"wp-block-heading has-text-align-center\">Il y a un gaz de protection Ozoline pour chacun de vos besoins en soudage<\/h2>\n\n\n\n<p>Les gaz de protection Ozoline r\u00e9duisent la quantit\u00e9 d\u2018ozone form\u00e9e lors du soudage et am\u00e9liorent les conditions de travail du soudeur. L\u2018ajout d\u2018oxyde d\u2018azote au gaz de protection n\u2018a aucun effet sur les propri\u00e9t\u00e9s m\u00e9caniques ou sur la r\u00e9sistance du soudage. Le contraire est d\u2018ailleurs vrai. Lors du soudage TIG et MIG, la teneur en NO dans les gaz\nde protection produit un arc plus stable et facilite le contr\u00f4le du processus de soudage.<\/p>\n\n\n    <div class=\"markets\">\n        \n                   <ul class=\"listreset markets-list solutions-list\">\n                                                            <li>\n                                                        <div class=\"market-text-block\">\n                                                                    <h3>\n                                                                                    Ozoline Ar                                                                             <\/h3>\n                                                                                                    <p>Un choix g\u00e9n\u00e9ral pour le soudage TIG qui offre un amor\u00e7age et une stabilit\u00e9 de l\u2018arc accrue. Pour le soudage MIG de l\u2018aluminium, du cuivre et des alliages de nickel. Un proc\u00e9d\u00e9 stable sans \u00e9claboussures. Id\u00e9al pour le brasage MIG des aciers galvanis\u00e9s.<\/p>\n                                                                                            <\/div>\n                        <\/li>\n                                                                                <li>\n                                                        <div class=\"market-text-block\">\n                                                                    <h3>\n                                                                                    Ozoline C25                                                                            <\/h3>\n                                                                                                    <p>Pour le soudage MAG d\u2018aciers non alli\u00e9s ou faiblement alli\u00e9s avec fil plein ou fourr\u00e9 et le soudage d\u2018aciers inoxydables avec fil fourr\u00e9. Bonne fluidit\u00e9 du bain de fusion lors du soudage \u00e0 l\u2018arc court. <\/p>\n                                                                                            <\/div>\n                        <\/li>\n                                                                                <li>\n                                                        <div class=\"market-text-block\">\n                                                                    <h3>\n                                                                                    Ozoline C2                                                                              <\/h3>\n                                                                                                    <p>Un gaz polyvalent pour le soudage MAG d\u2018aciers inoxydables aust\u00e9nitiques et ferritiques, ainsi que des aciers inoxydables duplex. Pour le soudage \u00e0 l\u2018arc court, \u00e0 l\u2018arc allong\u00e9 et avec arc puls\u00e9. Peu d\u2018\u00e9claboussures et de scories. Cordon de soudure plat.<\/p>\n                                                                                            <\/div>\n                        <\/li>\n                                                                                <li>\n                                                        <div class=\"market-text-block\">\n                                                                    <h3>\n                                                                                    Ozoline He30                                                                            <\/h3>\n                                                                                                    <p>Pour le soudage TIG et MIG des alliages d'aluminium, de cuivre et de nickel. L'h\u00e9lium offre une excellente fluidit\u00e9 du bain de fusion, une meilleure p\u00e9n\u00e9tration, une vitesse de soudage plus \u00e9lev\u00e9e et peut r\u00e9duire ou \u00e9liminer le besoin de pr\u00e9chauffage.<\/p>\n                                                                                            <\/div>\n                        <\/li>\n                                                                                <li>\n                                                        <div class=\"market-text-block\">\n                                                                    <h3>\n                                                                                    Ozoline C8                                                                             <\/h3>\n                                                                                                    <p>Pour le soudage d\u2018aciers non alli\u00e9s ou faiblement alli\u00e9s avec fil plein ou \u00e0 \u00e2me m\u00e9tallique. Il est con\u00e7u principalement pour le soudage \u00e0 l\u2018arc allong\u00e9 et avec arc puls\u00e9. Il offre une vitesse de soudage \u00e9lev\u00e9e, peu d\u2018\u00e9claboussures et de scories, une faible sur\u00e9paisseur de soudure et une consommation efficace d\u2018\u00e9lectrodes. C\u2018est le meilleur choix pour un soudage robotis\u00e9 de haute productivit\u00e9.<\/p>\n                                                                                            <\/div>\n                        <\/li>\n                                                                                <li>\n                                                        <div class=\"market-text-block\">\n                                                                    <h3>\n                                                                                    Ozoline He30 C2                                                                             <\/h3>\n                                                                                                    <p>Un gaz de haute performance pour le soudage MAG d\u2019aciers inoxydables aust\u00e9nitiques et ferritiques, ainsi que d\u2019aciers inoxydables duplex standards. Il convient \u00e0 tous les modes de transfert. Peu d\u2019\u00e9claboussures et de scories. L\u2019h\u00e9lium ajout\u00e9 offre une bonne fluidit\u00e9 du bain de fusion, une am\u00e9lioration du mouillage et de la p\u00e9n\u00e9tration et une vitesse de soudage accrue. <\/p>\n                                                                                            <\/div>\n                        <\/li>\n                                                                                <li>\n                                                        <div class=\"market-text-block\">\n                                                                    <h3>\n                                                                                    Ozoline C15                                                                            <\/h3>\n                                                                                                    <p>Pour le soudage MAG des aciers au carbone ordinaire et \u00e0 faible teneur en carbone avec des fils pleins et fourr\u00e9s. Convient, sauf certaines exceptions, au soudage puls\u00e9 et au soudage de l'acier inoxydable avec des fils fourr\u00e9s. Faible renfort de soudure et peu de projections dans tous les modes de transfert d'arc. Un gaz polyvalent pour une grande vari\u00e9t\u00e9 d\u2019applications<\/p>\n                                                                                            <\/div>\n                        <\/li>\n                                                                                <li>\n                                                        <div class=\"market-text-block\">\n                                                                    <h3>\n                                                                                    Liquide ozoline                                                                            <\/h3>\n                                                                                                    <p>Un gaz de protection sous forme liquide. Il a les m\u00eames propri\u00e9t\u00e9s que le Ozoline Ar. Peut \u00eatre m\u00e9lang\u00e9 (dans un m\u00e9langeur) avec le dioxyde de carbone ou l\u2018h\u00e9lium pour cr\u00e9er diff\u00e9rents m\u00e9langes. Il permet aux utilisateurs de gaz liquides de profiter des avantages offerts par les gaz de protection Ozoline dans leur environnement de travail.<\/p>\n                                                                                            <\/div>\n                        <\/li>\n                                                <\/ul>\n            <\/div>\n\n\n\n<div class=\"wp-block-columns is-layout-flex wp-container-core-columns-is-layout-9d6595d7 wp-block-columns-is-layout-flex\">\n<div class=\"wp-block-column is-layout-flow wp-block-column-is-layout-flow\"><div class=\"wp-block-image is-style-default\">\n<figure class=\"aligncenter size-large is-resized\"><img loading=\"lazy\" decoding=\"async\" src=\"https:\/\/messer-ca.com\/wp-content\/uploads\/2023\/10\/OzolineTable2_FR.png\" alt=\"\" class=\"wp-image-5056\" width=\"768\" height=\"568\" srcset=\"https:\/\/messer-ca.com\/wp-content\/uploads\/2023\/10\/OzolineTable2_FR.png 828w, https:\/\/messer-ca.com\/wp-content\/uploads\/2023\/10\/OzolineTable2_FR-300x222.png 300w, https:\/\/messer-ca.com\/wp-content\/uploads\/2023\/10\/OzolineTable2_FR-768x569.png 768w, https:\/\/messer-ca.com\/wp-content\/uploads\/2023\/10\/OzolineTable2_FR-16x12.png 16w\" sizes=\"auto, (max-width: 768px) 100vw, 768px\" \/><\/figure><\/div><\/div>\n<\/div>\n\n\n\n<div class=\"wp-block-columns is-layout-flex wp-container-core-columns-is-layout-9d6595d7 wp-block-columns-is-layout-flex\">\n<div class=\"wp-block-column is-layout-flow wp-block-column-is-layout-flow\"><div class=\"wp-block-image is-style-default\">\n<figure class=\"aligncenter size-full is-resized\"><img loading=\"lazy\" decoding=\"async\" src=\"https:\/\/messer-ca.com\/wp-content\/uploads\/2023\/09\/ozolineimage3.jpg\" alt=\"\" class=\"wp-image-5029\" width=\"830\" height=\"612\" srcset=\"https:\/\/messer-ca.com\/wp-content\/uploads\/2023\/09\/ozolineimage3.jpg 1107w, https:\/\/messer-ca.com\/wp-content\/uploads\/2023\/09\/ozolineimage3-300x221.jpg 300w, https:\/\/messer-ca.com\/wp-content\/uploads\/2023\/09\/ozolineimage3-1024x755.jpg 1024w, https:\/\/messer-ca.com\/wp-content\/uploads\/2023\/09\/ozolineimage3-768x566.jpg 768w, https:\/\/messer-ca.com\/wp-content\/uploads\/2023\/09\/ozolineimage3-16x12.jpg 16w\" sizes=\"auto, (max-width: 830px) 100vw, 830px\" \/><\/figure><\/div><\/div>\n<\/div>\n\n\n\n<div style=\"height:100px\" aria-hidden=\"true\" class=\"wp-block-spacer\"><\/div>\n\n\n\t<div class=\"text-and-button-block text-center full-width\">\n\t\t<div class=\"container\">\n\t\t\t\t\t\t\t<div class=\"text\"><p><strong>Des questions?<\/strong> Demandez \u00e0 notre \u00e9quipe. Nous sommes l\u00e0 pour vous aider.<\/p>\n<\/div>\n\t\t\t\t\t\t\t\t\t\t\t\t\t\t\t<a class=\"btn-3\" href=\"https:\/\/messer-ca.com\/fr\/contact-support\/\"  target=\"_blank\">Contactez-nous<\/a>\n\t\t\t\t\t\t\t\t\t<\/div>\n\t<\/div>","protected":false},"excerpt":{"rendered":"<p>With Ozoline shielding gases, productivity and a good working environment go hand in hand Ozoline is a complete range of Messer shielding gases designed to improve the quality and productivity of almost any welding application. Due to their capacity to reduce the level of ozone in a welding area, Ozoline shielding gases provide an excellent [&hellip;]<\/p>\n","protected":false},"author":5,"featured_media":5025,"parent":654,"menu_order":0,"comment_status":"closed","ping_status":"closed","template":"pages\/template-markets.php","meta":{"_acf_changed":false,"content-type":"","om_disable_all_campaigns":false,"_exactmetrics_skip_tracking":false,"_exactmetrics_sitenote_active":false,"_exactmetrics_sitenote_note":"","_exactmetrics_sitenote_category":0,"_monsterinsights_skip_tracking":false,"_monsterinsights_sitenote_active":false,"_monsterinsights_sitenote_note":"","_monsterinsights_sitenote_category":0,"footnotes":""},"class_list":["post-5024","page","type-page","status-publish","has-post-thumbnail","hentry"],"acf":[],"_links":{"self":[{"href":"https:\/\/messer-ca.com\/fr\/wp-json\/wp\/v2\/pages\/5024","targetHints":{"allow":["GET"]}}],"collection":[{"href":"https:\/\/messer-ca.com\/fr\/wp-json\/wp\/v2\/pages"}],"about":[{"href":"https:\/\/messer-ca.com\/fr\/wp-json\/wp\/v2\/types\/page"}],"author":[{"embeddable":true,"href":"https:\/\/messer-ca.com\/fr\/wp-json\/wp\/v2\/users\/5"}],"replies":[{"embeddable":true,"href":"https:\/\/messer-ca.com\/fr\/wp-json\/wp\/v2\/comments?post=5024"}],"version-history":[{"count":0,"href":"https:\/\/messer-ca.com\/fr\/wp-json\/wp\/v2\/pages\/5024\/revisions"}],"up":[{"embeddable":true,"href":"https:\/\/messer-ca.com\/fr\/wp-json\/wp\/v2\/pages\/654"}],"wp:featuredmedia":[{"embeddable":true,"href":"https:\/\/messer-ca.com\/fr\/wp-json\/wp\/v2\/media\/5025"}],"wp:attachment":[{"href":"https:\/\/messer-ca.com\/fr\/wp-json\/wp\/v2\/media?parent=5024"}],"curies":[{"name":"wp","href":"https:\/\/api.w.org\/{rel}","templated":true}]}}