{"id":5439,"date":"2024-03-18T16:00:38","date_gmt":"2024-03-18T16:00:38","guid":{"rendered":"https:\/\/messer-ca.com\/?page_id=5439"},"modified":"2024-03-19T18:23:23","modified_gmt":"2024-03-19T18:23:23","slug":"messer-integrated-ebusiness-solutions","status":"publish","type":"page","link":"https:\/\/messer-ca.com\/fr\/our-company\/messer-integrated-ebusiness-solutions\/","title":{"rendered":"Solutions e-Business int\u00e9gr\u00e9es Messer"},"content":{"rendered":"<!-- Added by Post\/Page Specific Custom Code plugin, thank you for using! -->\n<style>.product-block {\r\ndisplay:flex;\r\nalign-items:center;\r\nbackground-color: #e3312a!important;\r\n}\r\n.product-block h3 {\r\ncolor:white;\r\n}\r\n\r\n.products {\r\nmargin-top:0px!important;\r\nmargin-bottom:0px!important;\r\n}<\/style>\n\n<div style=\"height:100px\" aria-hidden=\"true\" class=\"wp-block-spacer\"><\/div>\n\n\n\n<div class=\"wp-block-columns is-layout-flex wp-container-core-columns-is-layout-9d6595d7 wp-block-columns-is-layout-flex\">\n<div class=\"wp-block-column is-vertically-aligned-center is-layout-flow wp-block-column-is-layout-flow\">\n<h2 class=\"wp-block-heading\">PunchOut avec Messer WebShop<\/h2>\n\n\n\n<p><strong><span style=\"color:#004fa3;\">Achetez en toute confiance<\/span><br><\/strong>Rationalisez votre processus d&#039;approvisionnement avec un lien direct vers notre boutique en ligne Messer depuis votre syst\u00e8me d&#039;approvisionnement pour l&#039;inventaire, la disponibilit\u00e9 et les achats conform\u00e9ment \u00e0 votre flux de travail d&#039;approvisionnement \u00e9lectronique.<\/p>\n<\/div>\n\n\n\n<div class=\"wp-block-column is-layout-flow wp-block-column-is-layout-flow\"><div class=\"wp-block-image is-style-default\">\n<figure class=\"aligncenter size-full\"><img loading=\"lazy\" decoding=\"async\" width=\"862\" height=\"539\" src=\"https:\/\/messer-ca.com\/wp-content\/uploads\/2024\/03\/Webshop_Computer.jpg\" alt=\"\" class=\"wp-image-5442\" srcset=\"https:\/\/messer-ca.com\/wp-content\/uploads\/2024\/03\/Webshop_Computer.jpg 862w, https:\/\/messer-ca.com\/wp-content\/uploads\/2024\/03\/Webshop_Computer-300x188.jpg 300w, https:\/\/messer-ca.com\/wp-content\/uploads\/2024\/03\/Webshop_Computer-768x480.jpg 768w, https:\/\/messer-ca.com\/wp-content\/uploads\/2024\/03\/Webshop_Computer-18x12.jpg 18w\" sizes=\"auto, (max-width: 862px) 100vw, 862px\" \/><\/figure><\/div><\/div>\n<\/div>\n\n\n\n<div style=\"height:50px\" aria-hidden=\"true\" class=\"wp-block-spacer\"><\/div>\n\n\n\n<h2 class=\"wp-block-heading has-text-align-center\">Notre solution optimis\u00e9e pour vous !<\/h2>\n\n\n    <div class=\"products\">\n        \n                    <ul class=\"listreset products-list text-center\">\n                                                            <li>\n                                                        <div class=\"product-block\">\n                                                                                                    <h3>Contenu riche et descriptions de produits.<\/h3>\n                                                                                            <\/div>\n                                                    <\/li>\n                                                                                <li>\n                                                        <div class=\"product-block\">\n                                                                                                    <h3>Moins de clics, moins d\u2019appels et plus de temps libre.<\/h3>\n                                                                                            <\/div>\n                                                    <\/li>\n                                                                                <li>\n                                                        <div class=\"product-block\">\n                                                                                                    <h3>Consultez les niveaux de stocks disponibles en temps r\u00e9el.<\/h3>\n                                                                                            <\/div>\n                                                    <\/li>\n                                                <\/ul>\n            <\/div>\n\n\n\n<div class=\"wp-block-columns are-vertically-aligned-top is-layout-flex wp-container-core-columns-is-layout-9d6595d7 wp-block-columns-is-layout-flex\">\n<div class=\"wp-block-column is-vertically-aligned-top is-layout-flow wp-block-column-is-layout-flow\">\n<ul class=\"wp-block-list\">\n<li>Connectez-vous directement \u00e0 Messer WebShop directement depuis votre syst\u00e8me eProcurement. <br><span style=\"color:#004fa3;\">\u2714<\/span> <span style=\"color:#e3312a;\">Fini les mots de passe utilisateur des acheteurs individuels.<\/span><\/li>\n\n\n\n<li>Uniquement des prix n\u00e9goci\u00e9s sur mesure pour le meilleur rapport qualit\u00e9-prix et vos r\u00e9sultats.<br> <span style=\"color:#004fa3;\">\u2714<\/span> <span style=\"color:#e3312a;\">Fini les prix incorrects.<\/span><\/li>\n\n\n\n<li>Votre entreprise a une visibilit\u00e9 compl\u00e8te sur toutes les commandes.<br> <span style=\"color:#004fa3;\">\u2714<\/span> <span style=\"color:#e3312a;\">Fini les d\u00e9penses voyous.<\/span><\/li>\n<\/ul>\n<\/div>\n\n\n\n<div class=\"wp-block-column is-vertically-aligned-top is-layout-flow wp-block-column-is-layout-flow\">\n<ul class=\"wp-block-list\">\n<li>Aussi simple que n&#039;importe quelle boutique en ligne, cr\u00e9ez la demande d&#039;achat dans votre syst\u00e8me d&#039;approvisionnement, o\u00f9 la commande passe par vos approbations internes avant que nous recevions votre bon de commande. <br><span style=\"color:#004fa3;\">\u2714<\/span> <span style=\"color:#e3312a;\">Fini le processus d\u2019approbation manuel.<\/span><\/li>\n\n\n\n<li>Nous pouvons envoyer des factures \u00e9lectroniques instantan\u00e9es d\u00e8s que votre commande a \u00e9t\u00e9 exp\u00e9di\u00e9e. <br><span style=\"color:#004fa3;\">\u2714<\/span> <span style=\"color:#e3312a;\">Fini les factures papier.<\/span><\/li>\n<\/ul>\n<\/div>\n<\/div>\n\n\n\n<div style=\"height:50px\" aria-hidden=\"true\" class=\"wp-block-spacer\"><\/div>\n\n\n\n<div class=\"wp-block-columns is-layout-flex wp-container-core-columns-is-layout-9d6595d7 wp-block-columns-is-layout-flex\">\n<div class=\"wp-block-column is-layout-flow wp-block-column-is-layout-flow\">\n<h3 class=\"wp-block-heading\">Capacit\u00e9s PunchOut B2B<\/h3>\n\n\n\n<p><strong><span style=\"color:#004fa3;\">Nous prenons en charge presque tous les march\u00e9s ou plateformes punchout<\/span><\/strong><\/p>\n\n\n\n<ul class=\"wp-block-list\">\n<li>Normes industrielles cXML, xCBL et OCI RoundTrip.<\/li>\n\n\n\n<li>Presque tous les syst\u00e8mes ERP et eProcurement tels que, sans s&#039;y limiter, SAP, Oracle, PeopleSoft, SAP Ariba, Coupa, Ivalua, Jaggaer, Workday, Maximo, Proactis et bien d&#039;autres.<\/li>\n<\/ul>\n<\/div>\n\n\n\n<div class=\"wp-block-column is-layout-flow wp-block-column-is-layout-flow\">\n<h3 class=\"wp-block-heading\">Int\u00e9gration avec l&#039;EDI<\/h3>\n\n\n\n<p><strong><span style=\"color:#004fa3;\">Les commandes \u00e0 volume \u00e9lev\u00e9 peuvent \u00e9galement \u00eatre rationalis\u00e9es en connectant votre ERP au n\u00f4tre via l&#039;EDI standard ANSI X12.<\/span><\/strong><\/p>\n\n\n\n<ul class=\"wp-block-list\">\n<li>100%, une m\u00e9thode sans contact \u00e9liminant les erreurs humaines.<\/li>\n\n\n\n<li>Nous prenons en charge les documents 850, 855, 882, 810 X12 et cXML.<\/li>\n<\/ul>\n<\/div>\n<\/div>\n\n\n\t<div class=\"text-and-button-block text-center full-width\">\n\t\t<div class=\"container\">\n\t\t\t\t\t\t\t<div class=\"text\"><p>Contactez votre repr\u00e9sentant commercial Messer d\u00e8s aujourd&#039;hui<\/p>\n<\/div>\n\t\t\t\t\t\t\t\t\t\t\t\t\t\t\t<a class=\"btn-3\" href=\"mailto:eBusiness@Messer-ca.com\"  target=\"_blank\">Contactez-nous<\/a>\n\t\t\t\t\t\t\t\t\t<\/div>\n\t<\/div>","protected":false},"excerpt":{"rendered":"<p>PunchOut with Messer WebShop Purchase with ConfidenceStreamline your procurement process with a direct link to our Messer WebShop from your procurement system for inventory, availability and purchasing conforming to your eProcurement workflow. Our Solution Optimized For You! PunchOut B2B Capabilities We support almost any punchout marketplace or platform Integrate with EDI High volume orders can [&hellip;]<\/p>\n","protected":false},"author":5,"featured_media":5441,"parent":75,"menu_order":0,"comment_status":"closed","ping_status":"closed","template":"pages\/template-solutions.php","meta":{"_acf_changed":false,"content-type":"","om_disable_all_campaigns":false,"_exactmetrics_skip_tracking":false,"_exactmetrics_sitenote_active":false,"_exactmetrics_sitenote_note":"","_exactmetrics_sitenote_category":0,"_monsterinsights_skip_tracking":false,"_monsterinsights_sitenote_active":false,"_monsterinsights_sitenote_note":"","_monsterinsights_sitenote_category":0,"footnotes":""},"class_list":["post-5439","page","type-page","status-publish","has-post-thumbnail","hentry"],"acf":[],"_links":{"self":[{"href":"https:\/\/messer-ca.com\/fr\/wp-json\/wp\/v2\/pages\/5439","targetHints":{"allow":["GET"]}}],"collection":[{"href":"https:\/\/messer-ca.com\/fr\/wp-json\/wp\/v2\/pages"}],"about":[{"href":"https:\/\/messer-ca.com\/fr\/wp-json\/wp\/v2\/types\/page"}],"author":[{"embeddable":true,"href":"https:\/\/messer-ca.com\/fr\/wp-json\/wp\/v2\/users\/5"}],"replies":[{"embeddable":true,"href":"https:\/\/messer-ca.com\/fr\/wp-json\/wp\/v2\/comments?post=5439"}],"version-history":[{"count":0,"href":"https:\/\/messer-ca.com\/fr\/wp-json\/wp\/v2\/pages\/5439\/revisions"}],"up":[{"embeddable":true,"href":"https:\/\/messer-ca.com\/fr\/wp-json\/wp\/v2\/pages\/75"}],"wp:featuredmedia":[{"embeddable":true,"href":"https:\/\/messer-ca.com\/fr\/wp-json\/wp\/v2\/media\/5441"}],"wp:attachment":[{"href":"https:\/\/messer-ca.com\/fr\/wp-json\/wp\/v2\/media?parent=5439"}],"curies":[{"name":"wp","href":"https:\/\/api.w.org\/{rel}","templated":true}]}}