{"id":5506,"date":"2024-05-30T16:15:04","date_gmt":"2024-05-30T16:15:04","guid":{"rendered":"https:\/\/messer-ca.com\/?page_id=5506"},"modified":"2026-03-10T17:00:20","modified_gmt":"2026-03-10T17:00:20","slug":"corporate-responsibility","status":"publish","type":"page","link":"https:\/\/messer-ca.com\/fr\/corporate-responsibility\/","title":{"rendered":"La responsabilit\u00e9 des entreprises"},"content":{"rendered":"<div class=\"info-block-2 text-center full-width\">\n    \t<img decoding=\"async\" src=\"https:\/\/messer-ca.com\/wp-content\/themes\/messercanada\/images\/grey.png\" alt=\"\">\n    \t<div class=\"container min-container\">\n    \t\t<div class=\"info-block-2-text style-large\">Responsabilit\u00e9 des entreprises :\nUne valeur fondamentale<\/div>\n    \t<\/div>\n    <\/div>\n\n\n\n<p>Chez Messer Americas, la responsabilit\u00e9 d'entreprise repr\u00e9sente l\u2019une de nos valeur fondamentale. Nous g\u00e9rons nos ressources de mani\u00e8re responsable et mettons les talents de nos employ\u00e9s au service de la soci\u00e9t\u00e9 et de nos communaut\u00e9s. Nos d\u00e9cisions et nos actions t\u00e9moignent de notre engagement en faveur du triple r\u00e9sultat de la viabilit\u00e9 financi\u00e8re, sociale et environnementale \u00e0 long terme. En tant que membre de la plus grande entreprise priv\u00e9e de gaz industriels au monde, nous agissons de mani\u00e8re durable pour r\u00e9pondre aux besoins de nos clients, conform\u00e9ment \u00e0 notre responsabilit\u00e9 collective \u00e0 l'\u00e9gard des personnes, du progr\u00e8s et de l'environnement.<\/p>\n\n\n\n<div style=\"height:30px\" aria-hidden=\"true\" class=\"wp-block-spacer\"><\/div>\n\n\n<div class=\"wp-block-image is-style-default\">\n<figure class=\"aligncenter size-full\"><img loading=\"lazy\" decoding=\"async\" width=\"150\" height=\"150\" src=\"https:\/\/messer-ca.com\/wp-content\/uploads\/2024\/05\/4426_environmental.webp\" alt=\"\" class=\"wp-image-5516\" srcset=\"https:\/\/messer-ca.com\/wp-content\/uploads\/2024\/05\/4426_environmental.webp 150w, https:\/\/messer-ca.com\/wp-content\/uploads\/2024\/05\/4426_environmental-12x12.webp 12w\" sizes=\"auto, (max-width: 150px) 100vw, 150px\" \/><\/figure><\/div>\n\n\n<div style=\"height:30px\" aria-hidden=\"true\" class=\"wp-block-spacer\"><\/div>\n\n\n\n<p class=\"has-text-align-center translation-block\">Consultez le <a href=\"https:\/\/messer-ca.com\/wp-content\/uploads\/2025\/02\/corporatesustainabilityreport2023messer-en.pdf\" target=\"_blank\" rel=\"noreferrer noopener\">Rapport sur la responsabilit\u00e9 d\u2019entreprise<\/a> 2023\u00a0de Messer.<\/p>\n\n\n\n<div style=\"height:100px\" aria-hidden=\"true\" class=\"wp-block-spacer\"><\/div>\n\n\n\n<h2 class=\"wp-block-heading\">Orientations environnementales<\/h2>\n\n\n\n<p class=\"translation-block\">La soci\u00e9t\u00e9 Messer Americas (Messer) a mis en place une politique SSE (Sant\u00e9, S\u00e9curit\u00e9 et Environnement) int\u00e9gr\u00e9e (<a href=\"https:\/\/messer-ca.com\/wp-content\/uploads\/2025\/02\/3899-Messer_HSE_Policy_FR.pdf\" target=\"_blank\" rel=\"noreferrer noopener\">Politique SSE de Messer Americas)<\/a>. Les \u00e9l\u00e9ments environnementaux couverts par cette politique sont conformes aux exigences de la norme ISO 14001 tout en \u00e9tablissant un cadre pour la d\u00e9finition d'objectifs et de cibles en mati\u00e8re d'environnement. Les directives SSEQ de Messer constituent une norme int\u00e9gr\u00e9e refl\u00e9tant notre engagement envers la protection de l'environnement.<\/p>\n\n\n\n<div style=\"height:100px\" aria-hidden=\"true\" class=\"wp-block-spacer\"><\/div>\n\n\n\n<h2 class=\"wp-block-heading\">La responsabilit\u00e9 sociale<\/h2>\n\n\n\n<h4 class=\"wp-block-heading\">Notre philosophie<\/h4>\n\n\n\n<p>Messer s'engage \u00e0 faire sa part pour avoir un impact positif sur les communaut\u00e9s dans lesquelles nous vivons et travaillons. Gr\u00e2ce au b\u00e9n\u00e9volat de nos employ\u00e9s et aux dons de bienfaisance, nous collaborons avec des organisations \u00e0 but non lucratif et des \u00e9coles locales pour faire la diff\u00e9rence dans nos communaut\u00e9s, en mettant l'accent sur la s\u00e9curit\u00e9, la sant\u00e9, l'\u00e9ducation ainsi que sur l'environnement. En outre, nous prenons au s\u00e9rieux notre r\u00f4le d'employeur responsable et d\u2019acteur \u00e9conomique au sein de nos communaut\u00e9s, en assurant des emplois bien r\u00e9mun\u00e9r\u00e9s et en contribuant notre part des imp\u00f4ts locaux, provinciaux et f\u00e9d\u00e9raux. Nous fournissons \u00e9galement des gaz et des services essentiels aux h\u00f4pitaux, aux fabricants et aux clients repr\u00e9sentant un \u00e9ventail de march\u00e9s de consommation, allant de l'alimentation et des boissons jusqu\u2019\u00e0 l'\u00e9lectronique.<\/p>\n\n\n\n<div style=\"height:100px\" aria-hidden=\"true\" class=\"wp-block-spacer\"><\/div>\n\n\n\n<h2 class=\"wp-block-heading\">Durabilit\u00e9<\/h2>\n\n\n\n<p>At Messer, sustainability is at the heart of our strategy and our responsibility. Since 2014, Messer has published a sustainability report on a voluntary basis, reaffirming each year how essential sustainable development is to our company, to our people, and to society at large. We recognize our impact on both people and the environment and are committed to acting responsibly in everything we do. <br><br>Messer is committed to upholding robust compliance policies as well as a Code of Conduct and expects all business partners to comply with these standards. At the same time, we continue to advance initiatives that reduce our impact on the environment, safeguard human rights, and foster a culture where all of us accept, respect and value the individual personalities and truly welcome diverse ideas and perspectives.<\/p>\n\n\n\n<h5 class=\"wp-block-heading\">Download the\u00a0<a href=\"https:\/\/messer-ca.com\/wp-content\/uploads\/2026\/03\/5327F_Sustainability-Highlight-Report-2024.pdf\" target=\"_blank\" rel=\"noreferrer noopener\">Messer Sustainability Highlight Report<\/a><\/h5>\n\n\n\n<div style=\"height:100px\" aria-hidden=\"true\" class=\"wp-block-spacer\"><\/div>\n\n\n\n<h2 class=\"wp-block-heading\">S\u00e9curit\u00e9<\/h2>\n\n\n\n<p>La s\u00e9curit\u00e9 est une valeur fondamentale chez Messer. Nous nous engageons \u00e0 ce que la production, la manutention, le transport et l'utilisation de nos produits soient s\u00fbrs et fiables, avec une vision de z\u00e9ro dommage aux personnes, \u00e0 la soci\u00e9t\u00e9 ainsi qu\u2019\u00e0 l'environnement. Nous nous effor\u00e7ons d'am\u00e9liorer en permanence la qualit\u00e9 et la s\u00e9curit\u00e9 de nos produits et services. Notre syst\u00e8me de gestion int\u00e9gr\u00e9e nous aide \u00e0 atteindre ces objectifs en incorporant la sant\u00e9, la s\u00e9curit\u00e9 et l'environnement dans nos activit\u00e9s quotidiennes.<\/p>\n\n\n\n<div style=\"height:100px\" aria-hidden=\"true\" class=\"wp-block-spacer\"><\/div>\n\n\n\n<h2 class=\"wp-block-heading\">Code de conduite<\/h2>\n\n\n\n<p>Chez Messer, nous nous effor\u00e7ons de toujours agir avec un haut degr\u00e9 d'int\u00e9grit\u00e9 et de fiabilit\u00e9 dans tout ce que nous faisons. Depuis la cr\u00e9ation de notre entreprise, Messer a valoris\u00e9 un comportement responsable envers les personnes et l'environnement, ainsi que le respect de la loi, en tant que pierres angulaires de la fa\u00e7on dont nous exer\u00e7ons nos activit\u00e9s.<\/p>\n\n\n\n<h5 class=\"wp-block-heading\">T\u00e9l\u00e9chargez notre&nbsp;<a href=\"https:\/\/6208611.fs1.hubspotusercontent-na1.net\/hubfs\/6208611\/PDF%20Documents\/Messer%20Group%20Code%20of%20Conduct%20French.pdf\" target=\"_blank\" rel=\"noreferrer noopener\">Code de conduite du groupe Messer<\/a><\/h5>\n\n\n\n<h5 class=\"wp-block-heading\">T\u00e9l\u00e9chargez&nbsp;<a href=\"https:\/\/6208611.fs1.hubspotusercontent-na1.net\/hubfs\/6208611\/PDF%20Documents\/Messer%20Americas%20Supplement%20-%20French%20October%202022.pdf\" target=\"_blank\" rel=\"noreferrer noopener\">Suppl\u00e9ment au code Messer Americas<\/a><\/h5>\n\n\n\n<h5 class=\"wp-block-heading\">T\u00e9l\u00e9chargez&nbsp;&nbsp;<a href=\"https:\/\/messer-ca.com\/wp-content\/uploads\/2025\/05\/4921F_0525_Fighting-Against-Forced-Labour-and-Child-Labour-in-Supply-Chains-Act_v4.pdf\" data-type=\"link\" data-id=\"https:\/\/messer-ca.com\/wp-content\/uploads\/2024\/05\/4921E_Fighting-Against-Forced-Labour-and-Child-Labour-in-Supply-Chains-Act_vF.pdf\" target=\"_blank\" rel=\"noreferrer noopener\">Rapport loi travail forc\u00e9 et le travail des enfants dans (Loi S-211)<\/a><\/h5>\n\n\n\n<div style=\"height:100px\" aria-hidden=\"true\" class=\"wp-block-spacer\"><\/div>\n\n\n\t<div class=\"text-and-button-block text-center full-width\">\n\t\t<div class=\"container\">\n\t\t\t\t\t\t\t<div class=\"text\"><p><strong>Des questions?<\/strong> Demandez \u00e0 notre \u00e9quipe. Nous sommes l\u00e0 pour vous aider.<\/p>\n<\/div>\n\t\t\t\t\t\t\t\t\t\t\t\t\t\t\t<a class=\"btn-3\" href=\"https:\/\/messer-ca.com\/fr\/contact-support\/\"  target=\"_self\">Contactez-nous<\/a>\n\t\t\t\t\t\t\t\t\t<\/div>\n\t<\/div>","protected":false},"excerpt":{"rendered":"<p>At Messer Americas, Corporate Responsibility represents a core value for our business. We responsibly manage our resources and apply the talents of our employees to positively benefit society and our communities. Our business decisions and actions demonstrate our commitment to the triple bottom line of long-term financial, social and environmental sustainability. As part of the [&hellip;]<\/p>\n","protected":false},"author":5,"featured_media":0,"parent":0,"menu_order":0,"comment_status":"closed","ping_status":"closed","template":"pages\/template-home.php","meta":{"_acf_changed":true,"content-type":"","om_disable_all_campaigns":false,"_exactmetrics_skip_tracking":false,"_exactmetrics_sitenote_active":false,"_exactmetrics_sitenote_note":"","_exactmetrics_sitenote_category":0,"_monsterinsights_skip_tracking":false,"_monsterinsights_sitenote_active":false,"_monsterinsights_sitenote_note":"","_monsterinsights_sitenote_category":0,"footnotes":""},"class_list":["post-5506","page","type-page","status-publish","hentry"],"acf":[],"_links":{"self":[{"href":"https:\/\/messer-ca.com\/fr\/wp-json\/wp\/v2\/pages\/5506","targetHints":{"allow":["GET"]}}],"collection":[{"href":"https:\/\/messer-ca.com\/fr\/wp-json\/wp\/v2\/pages"}],"about":[{"href":"https:\/\/messer-ca.com\/fr\/wp-json\/wp\/v2\/types\/page"}],"author":[{"embeddable":true,"href":"https:\/\/messer-ca.com\/fr\/wp-json\/wp\/v2\/users\/5"}],"replies":[{"embeddable":true,"href":"https:\/\/messer-ca.com\/fr\/wp-json\/wp\/v2\/comments?post=5506"}],"version-history":[{"count":0,"href":"https:\/\/messer-ca.com\/fr\/wp-json\/wp\/v2\/pages\/5506\/revisions"}],"wp:attachment":[{"href":"https:\/\/messer-ca.com\/fr\/wp-json\/wp\/v2\/media?parent=5506"}],"curies":[{"name":"wp","href":"https:\/\/api.w.org\/{rel}","templated":true}]}}