{"id":5538,"date":"2024-05-31T20:05:38","date_gmt":"2024-05-31T20:05:38","guid":{"rendered":"https:\/\/messer-ca.com\/?page_id=5538"},"modified":"2024-05-31T20:35:10","modified_gmt":"2024-05-31T20:35:10","slug":"individual-cylinder-control","status":"publish","type":"page","link":"https:\/\/messer-ca.com\/fr\/individual-cylinder-control\/","title":{"rendered":"Contr\u00f4le unitaire des bouteilles"},"content":{"rendered":"<div class=\"info-block-2 text-center full-width\">\n    \t<img decoding=\"async\" src=\"https:\/\/messer-ca.com\/wp-content\/themes\/messercanada\/images\/grey.png\" alt=\"\">\n    \t<div class=\"container min-container\">\n    \t\t<div class=\"info-block-2-text style-large\">CPI<br \/>\r\nContr\u00f4le unitaire des bouteilles<\/div>\n    \t<\/div>\n    <\/div>\n\n\n\n<div style=\"height:100px\" aria-hidden=\"true\" class=\"wp-block-spacer\"><\/div>\n\n\n\n<h2 class=\"wp-block-heading has-text-align-center\">Normes de l&#039;industrie<\/h2>\n\n\n\n<p class=\"has-text-align-center\">L\u2019industrie des gaz industriels loue des bouteilles dans la plupart des formats, dont le client est responsable. Si une bouteille est retourn\u00e9e par le biais d\u2019un autre compte, vous \u00eates toujours tenus responsables de la location et \u00e9ventuellement de la valeur de remplacement du contenant original \u00e0 moins que vous puissiez prouver qu\u2019il vous appartenait.<\/p>\n\n\n\n<div style=\"height:30px\" aria-hidden=\"true\" class=\"wp-block-spacer\"><\/div>\n\n\n\n<h4 class=\"wp-block-heading has-text-align-center has-text-color has-link-color wp-elements-64c6be957b3c436b3754f1c94a49cd9f\" style=\"color:#004fa3\">Si vous avez d\u00e9j\u00e0;<\/h4>\n\n\n\n<hr class=\"wp-block-separator has-alpha-channel-opacity\"\/>\n\n\n\n<p class=\"has-text-align-center\">Oubli\u00e9 ou perdu des bouteilles sur un site<br><br>\u00c9chang\u00e9 des bouteilles par erreur<br><br>Pr\u00eat\u00e9 votre bouteille \u00e0 un employ\u00e9 \/ membre de la famille \/ sous-traitant<br><br>Retourn\u00e9 la bouteille par quelqu\u2019un d\u2019autre<br><br>\u00c9t\u00e9 victimes d\u2019un vol de bouteilles<br><br>Autoris\u00e9 un sous-traitant \u00e0 utiliser votre compte.<\/p>\n\n\n\n<hr class=\"wp-block-separator has-alpha-channel-opacity\"\/>\n\n\n\n<p class=\"has-text-align-center translation-block\">Vous avez alors sans doute connu des probl\u00e8mes li\u00e9s \u00e0 la facturation, sinon vous avez \u00e9galement \u00e9t\u00e9 charg\u00e9 jusqu\u2019\u00e0 3 500 $ pour une bouteille perdue.\nSi vous n\u2019avez jamais eu de tels probl\u00e8mes, ce n\u2019est qu\u2019une question de temps...<\/p>\n\n\n\n<div style=\"height:50px\" aria-hidden=\"true\" class=\"wp-block-spacer\"><\/div>\n\n\n\n<div class=\"wp-block-columns is-layout-flex wp-container-core-columns-is-layout-9d6595d7 wp-block-columns-is-layout-flex\">\n<div class=\"wp-block-column is-layout-flow wp-block-column-is-layout-flow\">\n<h2 class=\"wp-block-heading\">Messer est la solution.<\/h2>\n\n\n\n<p>Messer Canada inc. a \u00e9t\u00e9 la premi\u00e8re de notre secteur \u00e0 introduire et mettre en oeuvre le suivi des bouteilles en boucle ferm\u00e9e dans le cadre de notre processus appel\u00e9 ICC (contr\u00f4le unitaire des bouteilles). Depuis, des milliers de clients ont profit\u00e9 de ses avantages.<\/p>\n\n\n\n<h4 class=\"wp-block-heading has-text-color has-link-color wp-elements-2e1ae030d17aecfffe99df97033cca21\" style=\"color:#004fa3\">Messer vous pr\u00e9sente ICC!<\/h4>\n\n\n\n<p>Messer a mis en place un syst\u00e8me de suivi des bouteilles pour vous, notre client, dans le but de vous faire \u00e9pargner temps et argent.<\/p>\n\n\n\n<h4 class=\"wp-block-heading has-text-color has-link-color wp-elements-0c53bfe410ffefcce188ab1f53ba4360\" style=\"color:#004fa3\">O\u00f9 est-elle pass\u00e9e?!<\/h4>\n\n\n\n<p>Laissez Messer vous aider. Le service ICC inclut le suivi des bouteilles. Des frais nominaux seront appliqu\u00e9s aux factures de locations de tous les clients de Messer.<\/p>\n<\/div>\n\n\n\n<div class=\"wp-block-column is-layout-flow wp-block-column-is-layout-flow\">\n<h2 class=\"wp-block-heading\">Fonctionnement du syst\u00e8me<\/h2>\n\n\n\n<p>Les bouteilles Messer sont munies d\u2019un code barres unique. Cependant, m\u00eame si ce code n\u2019est plus sur la bouteille, les renseignements uniques \u00e0 chaque bouteille nous permettent de la retracer. En cas de perte du code barres, lorsque la bouteille est retourn\u00e9e \u00e0 l\u2019usine, elle sera cr\u00e9dit\u00e9e au compte correspondant et sera r\u00e9\u00e9tiquet\u00e9e d\u2019un nouveau code barres.<\/p>\n\n\n\n<p>\u00c0 chaque mouvement de la bouteille, elle est scann\u00e9e et suivie. Ceci offre une capacit\u00e9 de suivi en boucle ferm\u00e9e.<\/p>\n\n\n\n<p>Seule Messer peut remplir une bouteille qui lui appartient. Ceci signifie que toutes les bouteilles Messer doivent revenir \u00e0 notre site pour un remplissage. Lorsqu\u2019une bouteille est re\u00e7u par Messer, elle est automatiquement retir\u00e9e du compte correspondant, peu importe qui l\u2019a rapport\u00e9e.<\/p>\n<\/div>\n<\/div>\n\n\n\n<div style=\"height:20px\" aria-hidden=\"true\" class=\"wp-block-spacer\"><\/div>\n\n\n\n<div class=\"wp-block-columns is-layout-flex wp-container-core-columns-is-layout-9d6595d7 wp-block-columns-is-layout-flex\">\n<div class=\"wp-block-column is-layout-flow wp-block-column-is-layout-flow\">\n<h2 class=\"wp-block-heading\">Qu\u2019est-ce que cela signifie pour vous?<\/h2>\n\n\n\n<p>Un inventaire exact de vos bouteilles et moins de conflits relatifs au suivi des bouteilles. Ceci signifie que vous passerez moins de temps \u00e0 contr\u00f4ler ou \u00e0 corriger les \u00e9carts. Ceci signifie aussi que vous saurez lorsqu\u2019une bouteille sort de votre site autre que lors du ramassage par Messer.<\/p>\n\n\n\n<p>Une assurance de la qualit\u00e9 am\u00e9lior\u00e9e. Si l\u2019industrie doit effectuer un retrait de produit, nous serons en mesure de contacter seulement les clients qui poss\u00e8dent le produit en question et nous pouvons leur indiquer les bouteilles sp\u00e9cifiques touch\u00e9es.<\/p>\n<\/div>\n\n\n\n<div class=\"wp-block-column is-layout-flow wp-block-column-is-layout-flow\">\n<h2 class=\"wp-block-heading\">Puis-je obtenir de l\u2019aide quant \u00e0 la gestion des bouteilles?<\/h2>\n\n\n\n<p>Messer dispose actuellement d\u2019ensembles de services ICC avanc\u00e9s qui sont en mesure de vous fournir des rapports d\u00e9taill\u00e9s. Moyennant un suppl\u00e9ment, Messer pourra vous aider \u00e0 recommander le niveau de stock de bouteilles appropri\u00e9 pour votre entreprise \u00e0 contr\u00f4ler vos frais de location. Avec les ensembles de services ICC Bronze, Argent ou Or de Messer, nous serons en mesure de vous aider consid\u00e9rablement quant \u00e0 la gestion et la planification efficace de stocks.<\/p>\n<\/div>\n<\/div>\n\n\n\n<hr class=\"wp-block-separator has-alpha-channel-opacity\"\/>\n\n\n\n<div style=\"height:25px\" aria-hidden=\"true\" class=\"wp-block-spacer\"><\/div>\n\n\n\n<div class=\"wp-block-columns is-layout-flex wp-container-core-columns-is-layout-9d6595d7 wp-block-columns-is-layout-flex\">\n<div class=\"wp-block-column is-layout-flow wp-block-column-is-layout-flow\" style=\"flex-basis:15.39%\">\n<figure class=\"wp-block-image size-full is-style-default\"><img loading=\"lazy\" decoding=\"async\" width=\"375\" height=\"408\" src=\"https:\/\/messer-ca.com\/wp-content\/uploads\/2024\/05\/ICCImage.jpg\" alt=\"\" class=\"wp-image-5566\" srcset=\"https:\/\/messer-ca.com\/wp-content\/uploads\/2024\/05\/ICCImage.jpg 375w, https:\/\/messer-ca.com\/wp-content\/uploads\/2024\/05\/ICCImage-276x300.jpg 276w, https:\/\/messer-ca.com\/wp-content\/uploads\/2024\/05\/ICCImage-11x12.jpg 11w\" sizes=\"auto, (max-width: 375px) 100vw, 375px\" \/><\/figure>\n<\/div>\n\n\n\n<div class=\"wp-block-column is-layout-flow wp-block-column-is-layout-flow\" style=\"flex-basis:40%\">\n<h3 class=\"wp-block-heading has-text-color has-link-color wp-elements-7a105d78b25babfe4d6b3d5bba36c9e6\" style=\"color:#004fa3\">Des activit\u00e9s commerciales simplifi\u00e9es avec Messer<\/h3>\n\n\n\n<p>Messer comprend qu\u2019il peut \u00eatre difficile de diriger une entreprise. C\u2019est pourquoi nous cherchons continuellement \u00e0 am\u00e9liorer nos op\u00e9rations. Gr\u00e2ce au Contr\u00f4le unitaire des bouteilles (ICC), vous n\u2019aurez plus \u00e0 vous casser la t\u00eate avec la gestion de vos bouteilles. Le rapprochement de vos factures et de votre inventaire de bouteilles est maintenant plus facile. Messer offre une approche professionnelle au suivi des bouteilles qui am\u00e9liorera l\u2019efficacit\u00e9 de\nvotre entreprise.<\/p>\n<\/div>\n\n\n\n<div class=\"wp-block-column is-layout-flow wp-block-column-is-layout-flow\" style=\"flex-basis:40%\">\n<h3 class=\"wp-block-heading has-text-color has-link-color wp-elements-07ea15bae7659807ae1f5bca0fe350ef\" style=\"color:#004fa3\">Le saviez-vous?<\/h3>\n\n\n\n<p>En 2012, avant que le suivi des bouteilles soit implant\u00e9, un client a re\u00e7u une facture de 75 000 $ pour des bouteilles qu\u2019il avait accept\u00e9 avoir perdues!<\/p>\n\n\n\n<p>En 2012, plus de 600 000$ en valeur de bouteilles Messer ont \u00e9t\u00e9 perdues ou vol\u00e9es.<\/p>\n\n\n\n<p>En 2010, Messer a demand\u00e9 \u00e0 ses clients, \u00ab en quoi pouvons nous am\u00e9liorer? \u00bb La r\u00e9ponse la plus fr\u00e9quente \u00e9tait, \u00ab Faites un suivi de vos bouteilles \u00bb.<\/p>\n\n\n\n<p>Messer vous a entendus.<\/p>\n<\/div>\n<\/div>\n\n\n\n<div style=\"height:50px\" aria-hidden=\"true\" class=\"wp-block-spacer\"><\/div>\n\n\n\t<div class=\"text-and-button-block text-center full-width\">\n\t\t<div class=\"container\">\n\t\t\t\t\t\t\t<div class=\"text\"><p><strong>Des questions?<\/strong> Demandez \u00e0 notre \u00e9quipe. Nous sommes l\u00e0 pour vous aider.<\/p>\n<\/div>\n\t\t\t\t\t\t\t\t\t\t\t\t\t\t\t<a class=\"btn-3\" href=\"https:\/\/messer-ca.com\/fr\/contact-support\/\"  target=\"_self\">Contactez-nous<\/a>\n\t\t\t\t\t\t\t\t\t<\/div>\n\t<\/div>","protected":false},"excerpt":{"rendered":"<p>Industry Standards The standard practice in the compressed gas industry is to rent cylinders to customers. The customer is responsible for the care of these cylinders when in their possession, until their return. If the customer does not return the cylinder, they are responsible for the replacement value of the cylinder. Currently, if a cylinder [&hellip;]<\/p>\n","protected":false},"author":5,"featured_media":0,"parent":0,"menu_order":0,"comment_status":"closed","ping_status":"closed","template":"pages\/template-home.php","meta":{"_acf_changed":false,"content-type":"","om_disable_all_campaigns":false,"_exactmetrics_skip_tracking":false,"_exactmetrics_sitenote_active":false,"_exactmetrics_sitenote_note":"","_exactmetrics_sitenote_category":0,"_monsterinsights_skip_tracking":false,"_monsterinsights_sitenote_active":false,"_monsterinsights_sitenote_note":"","_monsterinsights_sitenote_category":0,"footnotes":""},"class_list":["post-5538","page","type-page","status-publish","hentry"],"acf":[],"_links":{"self":[{"href":"https:\/\/messer-ca.com\/fr\/wp-json\/wp\/v2\/pages\/5538","targetHints":{"allow":["GET"]}}],"collection":[{"href":"https:\/\/messer-ca.com\/fr\/wp-json\/wp\/v2\/pages"}],"about":[{"href":"https:\/\/messer-ca.com\/fr\/wp-json\/wp\/v2\/types\/page"}],"author":[{"embeddable":true,"href":"https:\/\/messer-ca.com\/fr\/wp-json\/wp\/v2\/users\/5"}],"replies":[{"embeddable":true,"href":"https:\/\/messer-ca.com\/fr\/wp-json\/wp\/v2\/comments?post=5538"}],"version-history":[{"count":0,"href":"https:\/\/messer-ca.com\/fr\/wp-json\/wp\/v2\/pages\/5538\/revisions"}],"wp:attachment":[{"href":"https:\/\/messer-ca.com\/fr\/wp-json\/wp\/v2\/media?parent=5538"}],"curies":[{"name":"wp","href":"https:\/\/api.w.org\/{rel}","templated":true}]}}