{"id":5666,"date":"2024-11-18T18:28:36","date_gmt":"2024-11-18T18:28:36","guid":{"rendered":"https:\/\/messer-ca.com\/?page_id=5666"},"modified":"2024-11-18T21:34:50","modified_gmt":"2024-11-18T21:34:50","slug":"multipro-200-sp","status":"publish","type":"page","link":"https:\/\/messer-ca.com\/fr\/products\/hardgoods-equipment\/welding-equipment\/multipro-200-sp\/","title":{"rendered":"Multipro 200 SP"},"content":{"rendered":"<div style=\"height:50px\" aria-hidden=\"true\" class=\"wp-block-spacer\"><\/div>\n\n\n\n<h1 style=\"text-align:center;color:#004fa3;\">Multipro 200 SP<\/h1>\n<h2 style=\"text-align:center;\">\u00c9quipement de soudage \u00e0 l\u2018arc<\/h2>\n\n\n\n<hr style=\"height:2px; border-width:0; color: #ef3e33; background-color: #ef3e33; width:75%; text-align:center:\">\n\n\n\n<div style=\"height:25px\" aria-hidden=\"true\" class=\"wp-block-spacer\"><\/div>\n\n\n\n<div style=\"height:25px\" aria-hidden=\"true\" class=\"wp-block-spacer\"><\/div>\n\n\n<div class=\"wp-block-image\">\n<figure class=\"aligncenter size-full\"><img loading=\"lazy\" decoding=\"async\" width=\"1000\" height=\"800\" src=\"https:\/\/messer-ca.com\/wp-content\/uploads\/2024\/11\/multi200sp-full.jpg\" alt=\"\" class=\"wp-image-5692\" srcset=\"https:\/\/messer-ca.com\/wp-content\/uploads\/2024\/11\/multi200sp-full.jpg 1000w, https:\/\/messer-ca.com\/wp-content\/uploads\/2024\/11\/multi200sp-full-300x240.jpg 300w, https:\/\/messer-ca.com\/wp-content\/uploads\/2024\/11\/multi200sp-full-768x614.jpg 768w, https:\/\/messer-ca.com\/wp-content\/uploads\/2024\/11\/multi200sp-full-15x12.jpg 15w\" sizes=\"auto, (max-width: 1000px) 100vw, 1000px\" \/><\/figure><\/div>\n\n\n<h2 class=\"wp-block-heading has-text-align-center\">Vues interactives<\/h2>\n\n\n\n<h5 class=\"wp-block-heading has-text-align-center\"> Interagissez avec l&#039;image ci-dessous pour une exp\u00e9rience \u00e0 360 \u00b0 <\/h5>\n\n\n\n<center>\n<iframe src=\"\/\/messer-ca.com\/360\/200SP\/\" class=\"embed_360\" scrolling=\"no\"><\/iframe>\n<\/center>\n\n\n\n<div class=\"wp-block-columns has-2-columns is-layout-flex wp-container-core-columns-is-layout-9d6595d7 wp-block-columns-is-layout-flex\">\n<div class=\"wp-block-column is-layout-flow wp-block-column-is-layout-flow\">\n<p>L\u2019unit\u00e9 bitension \u00e0 alimentation monophas\u00e9e Multipro 200SP repr\u00e9sente un investissement avantageux pour le soudeur polyvalent. Cette unit\u00e9 abordable est fournie avec des torches pr\u00eates-\u00e0-souder pour tous les proc\u00e9d\u00e9s. Cette machine comporte deux types de d\u00e9vidoirs; Cannelures en V pour une utilisation avec du carbone-mangan\u00e8se solide et des aciers inoxydables, Cannelures en U pour une utilisation avec des fils mous tels que l\u2018aluminium. Facile \u00e0 installer, cette machine synergique est id\u00e9ale pour les soudeurs moins exp\u00e9riment\u00e9s. Convient aux travaux industriels l\u00e9gers, d\u2019entretien et de bricolage.<\/p>\n\n\n\n<figure class=\"wp-block-image size-full\"><img loading=\"lazy\" decoding=\"async\" width=\"461\" height=\"160\" src=\"https:\/\/messer-ca.com\/wp-content\/uploads\/2024\/11\/MultiPro-200SP_outputinput.jpg\" alt=\"\" class=\"wp-image-5687\" srcset=\"https:\/\/messer-ca.com\/wp-content\/uploads\/2024\/11\/MultiPro-200SP_outputinput.jpg 461w, https:\/\/messer-ca.com\/wp-content\/uploads\/2024\/11\/MultiPro-200SP_outputinput-300x104.jpg 300w, https:\/\/messer-ca.com\/wp-content\/uploads\/2024\/11\/MultiPro-200SP_outputinput-18x6.jpg 18w\" sizes=\"auto, (max-width: 461px) 100vw, 461px\" \/><\/figure>\n<\/div>\n\n\n\n<div class=\"wp-block-column is-layout-flow wp-block-column-is-layout-flow\"><div class=\"wp-block-image\">\n<figure class=\"aligncenter size-full\"><img loading=\"lazy\" decoding=\"async\" width=\"460\" height=\"460\" src=\"https:\/\/messer-ca.com\/wp-content\/uploads\/2024\/11\/sp200-3.jpg\" alt=\"\" class=\"wp-image-5695\" srcset=\"https:\/\/messer-ca.com\/wp-content\/uploads\/2024\/11\/sp200-3.jpg 460w, https:\/\/messer-ca.com\/wp-content\/uploads\/2024\/11\/sp200-3-300x300.jpg 300w, https:\/\/messer-ca.com\/wp-content\/uploads\/2024\/11\/sp200-3-150x150.jpg 150w, https:\/\/messer-ca.com\/wp-content\/uploads\/2024\/11\/sp200-3-12x12.jpg 12w\" sizes=\"auto, (max-width: 460px) 100vw, 460px\" \/><\/figure><\/div><\/div>\n<\/div>\n\n\n\n<div style=\"height:33px\" aria-hidden=\"true\" class=\"wp-block-spacer\"><\/div>\n\n\n\n<div class=\"wp-block-columns has-2-columns is-layout-flex wp-container-core-columns-is-layout-9d6595d7 wp-block-columns-is-layout-flex\">\n<div class=\"wp-block-column is-layout-flow wp-block-column-is-layout-flow\">\n<h4 class=\"wp-block-heading\">Contenu<\/h4>\n\n\n\n<ul class=\"wp-block-list\">\n<li>G\u00e9n\u00e9rateur MultiPro 200SP<\/li>\n\n\n\n<li>C\u00e2ble de masse<\/li>\n\n\n\n<li>C\u00e2ble et porte-\u00e9lectrode SMAW<\/li>\n\n\n\n<li>Chalumeau TIG<\/li>\n\n\n\n<li>Pistolet MIG<\/li>\n\n\n\n<li>Tuyau de gaz<\/li>\n\n\n\n<li>D\u00e9vidoirs de rechange<\/li>\n\n\n\n<li>Manuel d\u2019utilisation<\/li>\n<\/ul>\n<\/div>\n\n\n\n<div class=\"wp-block-column is-layout-flow wp-block-column-is-layout-flow\">\n<h4 class=\"wp-block-heading\">Service et garantie<\/h4>\n\n\n\n<p>Les pi\u00e8ces et la main d\u2019oeuvre sont couvertes par une garantie limit\u00e9e de 3 ans. Celle-ci exclut les torches et les articles consommables. La garantie ne s\u2019applique pas si les instructions d\u2019utilisation et d\u2019entretien n\u2019ont pas \u00e9t\u00e9 respect\u00e9es.<\/p>\n<\/div>\n<\/div>\n\n\n\n<div style=\"height:50px\" aria-hidden=\"true\" class=\"wp-block-spacer\"><\/div>\n\n\n\t<div class=\"text-and-button-block text-center full-width\">\n\t\t<div class=\"container\">\n\t\t\t\t\t\t\t<div class=\"text\"><p>Int\u00e9ress\u00e9 par le <strong>Machine de soudage \u00e0 l&#039;arc Multipro 200 SP ?<\/strong><\/p>\n<\/div>\n\t\t\t\t\t\t\t\t\t\t\t\t\t\t\t<a class=\"btn-3\" href=\"https:\/\/shop.messer-ca.com\/shop\/welding\/stick-welder\/11360554-welder-solidweld-multipro-200sp?cclcl=fr_CA\"  target=\"_blank\">Acheter maintenant<\/a>\n\t\t\t\t\t\t\t\t\t<\/div>\n\t<\/div>\n\n\n\n<div style=\"height:50px\" aria-hidden=\"true\" class=\"wp-block-spacer\"><\/div>\n\n\n\n<h4 style=\"text-align:center;\">Information produit<\/h4>\n\n\n<div id=\"footable_parent_5671\"\n         class=\"footable_parent ninja_table_wrapper loading_ninja_table wp_table_data_press_parent semantic_ui\">\n                <table data-ninja_table_instance=\"ninja_table_instance_0\" data-footable_id=\"5671\" data-filter-delay=\"1000\" aria-label=\"Multipro 200 SP\"            id=\"footable_5671\"\n           data-unique_identifier=\"ninja_table_unique_id_1916076155_5671\"\n           class=\"foo-table ninja_footable foo_table_5671 ninja_table_unique_id_1916076155_5671 ui table  ninja_search_right nt_type_ajax_table fixed selectable hide_horizonal_borders striped compact vertical_centered  footable-paging-right hide_all_borders ninja_table_search_disabled\">\n                <colgroup>\n                            <col class=\"ninja_column_0\">\n                            <col class=\"ninja_column_1\">\n                            <col class=\"ninja_column_2\">\n                    <\/colgroup>\n            <\/table>\n    \n    \n    \n<\/div>\n\n\n\n\n<div style=\"height:52px\" aria-hidden=\"true\" class=\"wp-block-spacer\"><\/div>\n\n\n    <div class=\"resources-banner full-width\">\n        <div class=\"container min-container\">\n            <div class=\"resources-banner-img\">\n                                    <img decoding=\"async\" src=\"https:\/\/messer-ca.com\/wp-content\/uploads\/2024\/11\/Multipro-manual-fr.jpg\" alt=\"\">\n                            <\/div>\n            <div class=\"resources-banner-text\">\n                                                    <h3>Manuel d&#039;utilisation Multipro 200 SP<\/h3>\n                                                    <p>Pour des informations d\u00e9taill\u00e9es sur la machine de soudage \u00e0 l&#039;arc Multipro 200 SP, t\u00e9l\u00e9chargez le manuel d&#039;utilisation ici.<\/p>\n                                                    <a class=\"btn btn-2\" href=\"https:\/\/messer-ca.com\/wp-content\/uploads\/2024\/11\/YF-TBO-0270-Multipro-200SP-115V_230V-user-manual-French-A0-.pdf\" target=\"_blank\">\n                        T\u00e9l\u00e9chargez                    <\/a>\n                            <\/div>\n            \n        <\/div>\n    <\/div>\n\n\n\t<div class=\"text-and-button-block text-center full-width\">\n\t\t<div class=\"container\">\n\t\t\t\t\t\t\t<div class=\"text\"><p><strong>Des questions?<\/strong> Demandez \u00e0 notre \u00e9quipe. Nous sommes l\u00e0 pour vous aider.<\/p>\n<\/div>\n\t\t\t\t\t\t\t\t\t\t\t\t\t\t\t<a class=\"btn-3\" href=\"https:\/\/messer-ca.com\/fr\/contact-support\/\"  target=\"_blank\">Contactez-nous<\/a>\n\t\t\t\t\t\t\t\t\t<\/div>\n\t<\/div>\n\n\n\n<p><\/p>","protected":false},"excerpt":{"rendered":"<p>Multipro 200 SP Arc Welding Machine Interactive Views Interact with the image below for a 360 experience The SolidWELD dual voltage Multipro 200SP single-phase machine is a great investment for the all-round welder. This affordable unit comes with ready-to-weld torches for all processes. This machine comes complete with two type of wire feed rollers; V [&hellip;]<\/p>\n","protected":false},"author":5,"featured_media":11,"parent":2844,"menu_order":0,"comment_status":"closed","ping_status":"closed","template":"pages\/template-home.php","meta":{"_acf_changed":false,"content-type":"","om_disable_all_campaigns":false,"_exactmetrics_skip_tracking":false,"_exactmetrics_sitenote_active":false,"_exactmetrics_sitenote_note":"","_exactmetrics_sitenote_category":0,"_monsterinsights_skip_tracking":false,"_monsterinsights_sitenote_active":false,"_monsterinsights_sitenote_note":"","_monsterinsights_sitenote_category":0,"footnotes":""},"class_list":["post-5666","page","type-page","status-publish","has-post-thumbnail","hentry"],"acf":[],"_links":{"self":[{"href":"https:\/\/messer-ca.com\/fr\/wp-json\/wp\/v2\/pages\/5666","targetHints":{"allow":["GET"]}}],"collection":[{"href":"https:\/\/messer-ca.com\/fr\/wp-json\/wp\/v2\/pages"}],"about":[{"href":"https:\/\/messer-ca.com\/fr\/wp-json\/wp\/v2\/types\/page"}],"author":[{"embeddable":true,"href":"https:\/\/messer-ca.com\/fr\/wp-json\/wp\/v2\/users\/5"}],"replies":[{"embeddable":true,"href":"https:\/\/messer-ca.com\/fr\/wp-json\/wp\/v2\/comments?post=5666"}],"version-history":[{"count":0,"href":"https:\/\/messer-ca.com\/fr\/wp-json\/wp\/v2\/pages\/5666\/revisions"}],"up":[{"embeddable":true,"href":"https:\/\/messer-ca.com\/fr\/wp-json\/wp\/v2\/pages\/2844"}],"wp:featuredmedia":[{"embeddable":true,"href":"https:\/\/messer-ca.com\/fr\/wp-json\/wp\/v2\/media\/11"}],"wp:attachment":[{"href":"https:\/\/messer-ca.com\/fr\/wp-json\/wp\/v2\/media?parent=5666"}],"curies":[{"name":"wp","href":"https:\/\/api.w.org\/{rel}","templated":true}]}}