{"id":5884,"date":"2026-01-27T21:27:54","date_gmt":"2026-01-27T21:27:54","guid":{"rendered":"https:\/\/messer-ca.com\/?page_id=5884"},"modified":"2026-01-27T21:36:29","modified_gmt":"2026-01-27T21:36:29","slug":"strike-200","status":"publish","type":"page","link":"https:\/\/messer-ca.com\/fr\/products\/hardgoods-equipment\/welding-equipment\/strike-200\/","title":{"rendered":"Strike 200"},"content":{"rendered":"<div style=\"height:50px\" aria-hidden=\"true\" class=\"wp-block-spacer\"><\/div>\n\n\n\n<h1 style=\"text-align:center;color:#004fa3;\">Strike 200<\/h1>\n<h2 style=\"text-align:center;\">Soudeuse \u00e0 l\u2019arc aved \u00e9lectrode enrob\u00e9e<\/h2>\n\n\n\n<hr style=\"height:2px; border-width:0; color: #ef3e33; background-color: #ef3e33; width:75%; text-align:center:\">\n\n\n\n<div style=\"height:25px\" aria-hidden=\"true\" class=\"wp-block-spacer\"><\/div>\n\n\n\n<div style=\"height:25px\" aria-hidden=\"true\" class=\"wp-block-spacer\"><\/div>\n\n\n<div class=\"wp-block-image\">\n<figure class=\"aligncenter size-full is-resized\"><img loading=\"lazy\" decoding=\"async\" width=\"1208\" height=\"1111\" src=\"https:\/\/messer-ca.com\/wp-content\/uploads\/2026\/01\/Strike200_MainImage.jpeg\" alt=\"\" class=\"wp-image-5885\" style=\"width:438px;height:auto\" srcset=\"https:\/\/messer-ca.com\/wp-content\/uploads\/2026\/01\/Strike200_MainImage.jpeg 1208w, https:\/\/messer-ca.com\/wp-content\/uploads\/2026\/01\/Strike200_MainImage-300x276.jpeg 300w, https:\/\/messer-ca.com\/wp-content\/uploads\/2026\/01\/Strike200_MainImage-1024x942.jpeg 1024w, https:\/\/messer-ca.com\/wp-content\/uploads\/2026\/01\/Strike200_MainImage-768x706.jpeg 768w, https:\/\/messer-ca.com\/wp-content\/uploads\/2026\/01\/Strike200_MainImage-13x12.jpeg 13w\" sizes=\"auto, (max-width: 1208px) 100vw, 1208px\" \/><\/figure><\/div>\n\n\n<h2 class=\"wp-block-heading has-text-align-center\">Vues interactives<\/h2>\n\n\n\n<h5 class=\"wp-block-heading has-text-align-center\"> Interagissez avec l&#039;image ci-dessous pour une exp\u00e9rience \u00e0 360 \u00b0 <\/h5>\n\n\n\n<center>\n<iframe src=\"\/\/messer-ca.com\/360\/strike200\/\" class=\"embed_360\" scrolling=\"no\"><\/iframe>\n<\/center>\n\n\n\n<div class=\"wp-block-columns has-2-columns is-layout-flex wp-container-core-columns-is-layout-9d6595d7 wp-block-columns-is-layout-flex\">\n<div class=\"wp-block-column is-vertically-aligned-center is-layout-flow wp-block-column-is-layout-flow\">\n<p>L\u2019unit\u00e9 SolidWELD Strike 200 est une soudeuse \u00e0 l\u2019arc avec \u00e9lectrode enrob\u00e9e de pointe, qui int\u00e8gre une technologie IGBT avanc\u00e9e et un syst\u00e8me de contr\u00f4le MCU intelligent. Cet \u00e9quipement bitension fonctionne \u00e0 la fois \u00e0 110 V et \u00e0 220 V, et dispose d\u2019un \u00e9cran de param\u00e8tres facile \u00e0 r\u00e9gler pour un contr\u00f4le pr\u00e9cis. La Strike 200 offre des fonctions VRD, Hot Start et ARC Force pour des performances de soudage optimales. Elle est munie d\u2019un syst\u00e8me de protection intelligent qui prot\u00e8ge contre les fluctuations de courant, la surchauffe et les variations de tension. Con\u00e7ue pour le soudage en continu, elle prend en charge les \u00e9lectrodes de 2,5 mm et 3,2 mm et est compatible avec les groupes \u00e9lectrog\u00e8nes.<\/p>\n<\/div>\n\n\n\n<div class=\"wp-block-column is-layout-flow wp-block-column-is-layout-flow\"><div class=\"wp-block-image\">\n<figure class=\"aligncenter size-full\"><img loading=\"lazy\" decoding=\"async\" width=\"918\" height=\"316\" src=\"https:\/\/messer-ca.com\/wp-content\/uploads\/2026\/01\/Strike200_OutputInpput.jpg\" alt=\"\" class=\"wp-image-5886\" srcset=\"https:\/\/messer-ca.com\/wp-content\/uploads\/2026\/01\/Strike200_OutputInpput.jpg 918w, https:\/\/messer-ca.com\/wp-content\/uploads\/2026\/01\/Strike200_OutputInpput-300x103.jpg 300w, https:\/\/messer-ca.com\/wp-content\/uploads\/2026\/01\/Strike200_OutputInpput-768x264.jpg 768w, https:\/\/messer-ca.com\/wp-content\/uploads\/2026\/01\/Strike200_OutputInpput-18x6.jpg 18w\" sizes=\"auto, (max-width: 918px) 100vw, 918px\" \/><\/figure><\/div><\/div>\n<\/div>\n\n\n\n<div style=\"height:33px\" aria-hidden=\"true\" class=\"wp-block-spacer\"><\/div>\n\n\n\n<div class=\"wp-block-columns has-2-columns is-layout-flex wp-container-core-columns-is-layout-9d6595d7 wp-block-columns-is-layout-flex\">\n<div class=\"wp-block-column is-layout-flow wp-block-column-is-layout-flow\">\n<h4 class=\"wp-block-heading\">Contenu<\/h4>\n\n\n\n<ul class=\"wp-block-list\">\n<li>Source d\u2019alimentation Strike 200<\/li>\n\n\n\n<li>Porte-\u00e9lectrode 200A<\/li>\n\n\n\n<li>Prise de masse 300A avec c\u00e2ble<\/li>\n\n\n\n<li>Mallette de transport en plastique<\/li>\n\n\n\n<li>Manuel d\u2019utilisation<\/li>\n<\/ul>\n<\/div>\n\n\n\n<div class=\"wp-block-column is-layout-flow wp-block-column-is-layout-flow\">\n<h4 class=\"wp-block-heading\">Service et garantie<\/h4>\n\n\n\n<p>Les pi\u00e8ces et la main d\u2019oeuvre sont couvertes par une garantie limit\u00e9e de 3 ans. Celle-ci exclut les torches et les articles consommables. La garantie ne s\u2019applique pas si les instructions d\u2019utilisation et d\u2019entretien n\u2019ont pas \u00e9t\u00e9 respect\u00e9es.<\/p>\n<\/div>\n<\/div>\n\n\n\n<div style=\"height:50px\" aria-hidden=\"true\" class=\"wp-block-spacer\"><\/div>\n\n\n\t<div class=\"text-and-button-block text-center full-width\">\n\t\t<div class=\"container\">\n\t\t\t\t\t\t\t<div class=\"text\"><p>Int\u00e9ress\u00e9 par le <strong>Strike 200 Stick Welder<\/strong>?<\/p>\n<\/div>\n\t\t\t\t\t\t\t\t\t\t\t\t\t\t\t<a class=\"btn-3\" href=\"https:\/\/shop.messer-ca.com\/shop\/welding\/mig-welder\/11372661-stick-welder-solidweld-strike-200\"  target=\"_blank\">Acheter maintenant<\/a>\n\t\t\t\t\t\t\t\t\t<\/div>\n\t<\/div>\n\n\n\n<div style=\"height:50px\" aria-hidden=\"true\" class=\"wp-block-spacer\"><\/div>\n\n\n\n<h4 style=\"text-align:center;\">Information produit<\/h4>\n\n\n<div id=\"footable_parent_5890\"\n         class=\"footable_parent ninja_table_wrapper loading_ninja_table wp_table_data_press_parent semantic_ui\">\n                <table data-ninja_table_instance=\"ninja_table_instance_0\" data-footable_id=\"5890\" data-filter-delay=\"1000\" aria-label=\"Strike 200\"            id=\"footable_5890\"\n           data-unique_identifier=\"ninja_table_unique_id_658754352_5890\"\n           class=\"foo-table ninja_footable foo_table_5890 ninja_table_unique_id_658754352_5890 ui table  ninja_search_right nt_type_ajax_table fixed selectable hide_horizonal_borders striped compact vertical_centered  footable-paging-right hide_all_borders ninjatable_hide_header_row ninja_table_search_disabled\">\n                <colgroup>\n                            <col class=\"ninja_column_0\">\n                            <col class=\"ninja_column_1\">\n                            <col class=\"ninja_column_2\">\n                    <\/colgroup>\n            <\/table>\n    \n    \n    \n<\/div>\n\n\n\n\n<div style=\"height:52px\" aria-hidden=\"true\" class=\"wp-block-spacer\"><\/div>\n\n\n    <div class=\"resources-banner full-width\">\n        <div class=\"container min-container\">\n            <div class=\"resources-banner-img\">\n                                    <img decoding=\"async\" src=\"https:\/\/messer-ca.com\/wp-content\/uploads\/2026\/01\/Strike200_DataSheetCover_F.jpg\" alt=\"\">\n                            <\/div>\n            <div class=\"resources-banner-text\">\n                                                    <h3>Strike 200 Data Sheet<\/h3>\n                                                    <p>Download the Strike 200 Data sheet here.<\/p>\n                                                    <a class=\"btn btn-2\" href=\"https:\/\/messer-ca.com\/wp-content\/uploads\/2026\/01\/5153F_Strike200_DataSheet.pdf\" target=\"_blank\">\n                        T\u00e9l\u00e9chargez                    <\/a>\n                            <\/div>\n            \n        <\/div>\n    <\/div>\n\n\n\t<div class=\"text-and-button-block text-center full-width\">\n\t\t<div class=\"container\">\n\t\t\t\t\t\t\t<div class=\"text\"><p><strong>Des questions?<\/strong> Demandez \u00e0 notre \u00e9quipe. Nous sommes l\u00e0 pour vous aider.<\/p>\n<\/div>\n\t\t\t\t\t\t\t\t\t\t\t\t\t\t\t<a class=\"btn-3\" href=\"https:\/\/messer-ca.com\/fr\/contact-support\/\"  target=\"_blank\">Contactez-nous<\/a>\n\t\t\t\t\t\t\t\t\t<\/div>\n\t<\/div>\n\n\n\n<p><\/p>","protected":false},"excerpt":{"rendered":"<p>Strike 200 Stick Welder Interactive Views Interact with the image below for a 360 experience The SolidWELD Strike 200 is a state-of-the-art stick welding machine, incorporating advanced IGBT technology and an intelligent MCU control system. This dual voltage equipment operates at both 110V and 220V, featuring an easy-to-adjust parameter screen for precise control. The Strike [&hellip;]<\/p>\n","protected":false},"author":8,"featured_media":11,"parent":2844,"menu_order":0,"comment_status":"closed","ping_status":"closed","template":"pages\/template-home.php","meta":{"_acf_changed":false,"content-type":"","om_disable_all_campaigns":false,"_exactmetrics_skip_tracking":false,"_exactmetrics_sitenote_active":false,"_exactmetrics_sitenote_note":"","_exactmetrics_sitenote_category":0,"_monsterinsights_skip_tracking":false,"_monsterinsights_sitenote_active":false,"_monsterinsights_sitenote_note":"","_monsterinsights_sitenote_category":0,"footnotes":""},"class_list":["post-5884","page","type-page","status-publish","has-post-thumbnail","hentry"],"acf":[],"_links":{"self":[{"href":"https:\/\/messer-ca.com\/fr\/wp-json\/wp\/v2\/pages\/5884","targetHints":{"allow":["GET"]}}],"collection":[{"href":"https:\/\/messer-ca.com\/fr\/wp-json\/wp\/v2\/pages"}],"about":[{"href":"https:\/\/messer-ca.com\/fr\/wp-json\/wp\/v2\/types\/page"}],"author":[{"embeddable":true,"href":"https:\/\/messer-ca.com\/fr\/wp-json\/wp\/v2\/users\/8"}],"replies":[{"embeddable":true,"href":"https:\/\/messer-ca.com\/fr\/wp-json\/wp\/v2\/comments?post=5884"}],"version-history":[{"count":0,"href":"https:\/\/messer-ca.com\/fr\/wp-json\/wp\/v2\/pages\/5884\/revisions"}],"up":[{"embeddable":true,"href":"https:\/\/messer-ca.com\/fr\/wp-json\/wp\/v2\/pages\/2844"}],"wp:featuredmedia":[{"embeddable":true,"href":"https:\/\/messer-ca.com\/fr\/wp-json\/wp\/v2\/media\/11"}],"wp:attachment":[{"href":"https:\/\/messer-ca.com\/fr\/wp-json\/wp\/v2\/media?parent=5884"}],"curies":[{"name":"wp","href":"https:\/\/api.w.org\/{rel}","templated":true}]}}