{"id":596,"date":"2019-08-27T17:51:41","date_gmt":"2019-08-27T17:51:41","guid":{"rendered":"http:\/\/messer-ca.com\/?page_id=596"},"modified":"2023-06-05T15:37:59","modified_gmt":"2023-06-05T15:37:59","slug":"industrial-gases","status":"publish","type":"page","link":"https:\/\/messer-ca.com\/fr\/products\/industrial-gases\/","title":{"rendered":"Gaz industriels"},"content":{"rendered":"<div class=\"info-block-2 text-center full-width\">\n    \t<img decoding=\"async\" src=\"https:\/\/messer-ca.com\/wp-content\/themes\/messercanada\/images\/grey.png\" alt=\"\">\n    \t<div class=\"container min-container\">\n    \t\t<div class=\"info-block-2-text style-large\">Messer Canada fabrique des produits de gaz industriels et sp\u00e9ciaux qui sont utilis\u00e9s dans de nombreuses industries et applications.<\/div>\n    \t<\/div>\n    <\/div>\n\n\n<p>Toutes les bouteilles de gaz fournies par Messer sont \u00e9tiquet\u00e9es conform\u00e9ment \u00e0 la r\u00e9glementation f\u00e9d\u00e9rale et sont munies d'un robinet conform\u00e9ment \u00e0 la norme B-57.1 de l'American National Standards Institute et \u00e0 la publication CGA V-1 pour les raccords de robinet.<\/p>\n<p>Les gaz individuels sont g\u00e9n\u00e9ralement offerts en qualit\u00e9 industrielle. De nombreux m\u00e9langes de ces gaz sont \u00e9galement propos\u00e9s et des m\u00e9langes standard sont souvent fournis pour des r\u00e9sultats de traitement sp\u00e9cifiques. La qualit\u00e9 industrielle est, par d\u00e9finition, acceptable pour des applications tr\u00e8s diverses \u2013 du soudage \u00e0 l'emballage alimentaire. Les gaz sont le plus souvent livr\u00e9s dans des bouteilles \u00e0 basse ou haute pression.<\/p>\n\n\n<div style=\"height:20px\" aria-hidden=\"true\" class=\"wp-block-spacer custom-left-separator\"><\/div>\n\n\n    <div class=\"resources-banner full-width\">\n        <div class=\"container min-container\">\n            <div class=\"resources-banner-img\">\n                                    <img decoding=\"async\" src=\"https:\/\/messer-ca.com\/wp-content\/uploads\/2022\/03\/hardgoodscatalog.png\" alt=\"\">\n                            <\/div>\n            <div class=\"resources-banner-text\">\n                                                    <h3>Catalogue de gaz industriels et de produits d'\u00e9quipement<\/h3>\n                                                    <p>Parcourez le catalogue complet de gaz industriels et produits d'\u00e9quipement de Messer en ligne sur votre appareil.<\/p>\n                                                    <a class=\"btn btn-2\" href=\"https:\/\/indd.adobe.com\/view\/30e5c4d0-91ec-4043-9e4e-bad07ef78c9b\" target=\"_blank\">\n                        Consulter le catalogue                    <\/a>\n                            <\/div>\n            \n        <\/div>\n    <\/div>\n\n\n    <div class=\"markets\">\n        \n                   <ul class=\"listreset markets-list solutions-list\">\n                                                            <li>\n                                                                                                <div class=\"market-ic\"><a href=\"https:\/\/shop.messer-ca.com\/shop\/ccrz__ProductList?operation=quickSearch&#038;searchText=oxy-fuel%20gas&#038;cclcl=en_CA\" target=\"_blank\"><img decoding=\"async\" src=\"https:\/\/messer-ca.com\/wp-content\/uploads\/2019\/08\/oxy-torch.jpg\" alt=\"Oxycetaline Torch Cutting Metal\"><\/a><\/div>\n                                                                                         <div class=\"market-text-block\">\n                                                                    <h3>\n                                                                                    <a href=\"https:\/\/shop.messer-ca.com\/shop\/ccrz__ProductList?operation=quickSearch&#038;searchText=oxy-fuel%20gas&#038;cclcl=en_CA\" target=\"_blank\">Proc\u00e9d\u00e9s oxy-combustibles<\/a>\n                                                                            <\/h3>\n                                                                                                    <p>En plus de vous fournir des gaz pour toutes les applications dans le domaine du coupage et du soudage, Messer vous offre un soutien complet pour tous les processus li\u00e9s aux gaz.<\/p>\n                                                                                                    <a href=\"https:\/\/shop.messer-ca.com\/shop\/ccrz__ProductList?operation=quickSearch&#038;searchText=oxy-fuel%20gas&#038;cclcl=en_CA\" target=\"_blank\">\n                                        Achetez                                    <\/a>\n                                                            <\/div>\n                        <\/li>\n                                                                                <li>\n                                                                                                <div class=\"market-ic\"><a href=\"https:\/\/shop.messer-ca.com\/shop\/ccrz__ProductList?categoryId=a250a000002k3tqAAA&#038;cclcl=en_CA\" target=\"_blank\"><img decoding=\"async\" src=\"https:\/\/messer-ca.com\/wp-content\/uploads\/2019\/08\/hydrogen-gas.jpg\" alt=\"Messer Technician Inspecting Hydrogen Gas Tank\"><\/a><\/div>\n                                                                                         <div class=\"market-text-block\">\n                                                                    <h3>\n                                                                                    <a href=\"https:\/\/shop.messer-ca.com\/shop\/ccrz__ProductList?categoryId=a250a000002k3tqAAA&#038;cclcl=en_CA\" target=\"_blank\">H\u00e9lium et m\u00e9langes h\u00e9lium\/hydrog\u00e8ne<\/a>\n                                                                            <\/h3>\n                                                                                                    <p>Notre motivation : trouver des solutions optimales pour nos clients. Les techniciens-sp\u00e9cialistes en applications de Messer vous assistent dans la<br \/>\nr\u00e9alisation de vos projets.<\/p>\n                                                                                                    <a href=\"https:\/\/shop.messer-ca.com\/shop\/ccrz__ProductList?categoryId=a250a000002k3tqAAA&#038;cclcl=en_CA\" target=\"_blank\">\n                                        Achetez                                    <\/a>\n                                                            <\/div>\n                        <\/li>\n                                                                                <li>\n                                                                                                <div class=\"market-ic\"><a href=\"https:\/\/shop.messer-ca.com\/shop\/ccrz__ProductList?categoryId=a250a000002k3ttAAA&#038;cclcl=en_CA\" target=\"_blank\"><img decoding=\"async\" src=\"https:\/\/messer-ca.com\/wp-content\/uploads\/2019\/08\/laser-gas.jpg\" alt=\"Laser Cutting Metal\"><\/a><\/div>\n                                                                                         <div class=\"market-text-block\">\n                                                                    <h3>\n                                                                                    <a href=\"https:\/\/shop.messer-ca.com\/shop\/ccrz__ProductList?categoryId=a250a000002k3ttAAA&#038;cclcl=en_CA\" target=\"_blank\">Gaz laser pour le soudage et le coupage<\/a>\n                                                                            <\/h3>\n                                                                                                    <p>Notre famille de gaz Lasline allie notre savoir-faire en mati\u00e8re de d\u00e9coupage laser \u00e0 notre vaste exp\u00e9rience dans la fourniture de solutions laser enti\u00e8rement int\u00e9gr\u00e9es.<\/p>\n                                                                                                    <a href=\"https:\/\/shop.messer-ca.com\/shop\/ccrz__ProductList?categoryId=a250a000002k3ttAAA&#038;cclcl=en_CA\" target=\"_blank\">\n                                        Achetez                                    <\/a>\n                                                            <\/div>\n                        <\/li>\n                                                <\/ul>\n            <\/div>\n\n\n\n<div style=\"height:20px\" aria-hidden=\"true\" class=\"wp-block-spacer custom-right-separator\"><\/div>\n\n\n\t<div class=\"text-and-button-block text-center full-width\">\n\t\t<div class=\"container\">\n\t\t\t\t\t\t\t<div class=\"text\"><p><strong>Des questions?<\/strong> Demandez \u00e0 notre \u00e9quipe. Nous sommes l\u00e0 pour vous aider.<\/p>\n<\/div>\n\t\t\t\t\t\t\t\t\t\t\t\t\t\t\t<a class=\"btn-3\" href=\"https:\/\/messer-ca.com\/fr\/contact-support\/\"  target=\"_blank\">Contactez-nous<\/a>\n\t\t\t\t\t\t\t\t\t<\/div>\n\t<\/div>","protected":false},"excerpt":{"rendered":"<p>All gas cylinders supplied by Messer are labeled in accordance with federal regulations, and valved in accordance with the American National Standards Institute Standard B-57.1 and CGA V-1 Publication for Valve Connections. Individual gases typically are available as industrial grade. Many mixtures of these gases are also available and often standard mixtures are supplied for [&hellip;]<\/p>\n","protected":false},"author":5,"featured_media":10,"parent":1149,"menu_order":0,"comment_status":"closed","ping_status":"closed","template":"pages\/template-home.php","meta":{"_acf_changed":false,"content-type":"","om_disable_all_campaigns":false,"_exactmetrics_skip_tracking":false,"_exactmetrics_sitenote_active":false,"_exactmetrics_sitenote_note":"","_exactmetrics_sitenote_category":0,"_monsterinsights_skip_tracking":false,"_monsterinsights_sitenote_active":false,"_monsterinsights_sitenote_note":"","_monsterinsights_sitenote_category":0,"footnotes":""},"class_list":["post-596","page","type-page","status-publish","has-post-thumbnail","hentry"],"acf":[],"_links":{"self":[{"href":"https:\/\/messer-ca.com\/fr\/wp-json\/wp\/v2\/pages\/596","targetHints":{"allow":["GET"]}}],"collection":[{"href":"https:\/\/messer-ca.com\/fr\/wp-json\/wp\/v2\/pages"}],"about":[{"href":"https:\/\/messer-ca.com\/fr\/wp-json\/wp\/v2\/types\/page"}],"author":[{"embeddable":true,"href":"https:\/\/messer-ca.com\/fr\/wp-json\/wp\/v2\/users\/5"}],"replies":[{"embeddable":true,"href":"https:\/\/messer-ca.com\/fr\/wp-json\/wp\/v2\/comments?post=596"}],"version-history":[{"count":0,"href":"https:\/\/messer-ca.com\/fr\/wp-json\/wp\/v2\/pages\/596\/revisions"}],"up":[{"embeddable":true,"href":"https:\/\/messer-ca.com\/fr\/wp-json\/wp\/v2\/pages\/1149"}],"wp:featuredmedia":[{"embeddable":true,"href":"https:\/\/messer-ca.com\/fr\/wp-json\/wp\/v2\/media\/10"}],"wp:attachment":[{"href":"https:\/\/messer-ca.com\/fr\/wp-json\/wp\/v2\/media?parent=596"}],"curies":[{"name":"wp","href":"https:\/\/api.w.org\/{rel}","templated":true}]}}