{"id":65,"date":"2019-08-21T10:08:45","date_gmt":"2019-08-21T10:08:45","guid":{"rendered":"http:\/\/messer-ca.com\/?page_id=65"},"modified":"2020-12-15T21:58:54","modified_gmt":"2020-12-15T21:58:54","slug":"terms-of-use","status":"publish","type":"page","link":"https:\/\/messer-ca.com\/fr\/terms-of-use\/","title":{"rendered":"Conditions d&#039;utilisation"},"content":{"rendered":"<p><\/p>\n\n\n\n<p><\/p>\n\n\n\n<p><em>R\u00e9vis\u00e9 le 12 ao\u00fbt 2019<\/em><\/p>\n\n\n\n<h5 class=\"wp-block-heading\">1. CHAMP D&#039;APPLICATION ET D\u00c9FINITIONS<\/h5>\n\n\n\n<p>1.1. Ces conditions d&#039;utilisation (les \u00abconditions\u00bb) r\u00e9gissent l&#039;acc\u00e8s et l&#039;utilisation de ce site Web. Veuillez lire attentivement ces conditions.&nbsp;<strong>En acc\u00e9dant ou en utilisant ce site Web, ou en cliquant pour accepter ou accepter les conditions d&#039;utilisation lorsque cette option est mise \u00e0 votre disposition, vous acceptez que vous et, le cas \u00e9ch\u00e9ant, l&#039;entit\u00e9 \u00eates li\u00e9s par ces conditions, y compris la politique de confidentialit\u00e9 \u00e9nonc\u00e9e dans la section 7 ci-dessous et, le cas \u00e9ch\u00e9ant, vous d\u00e9clarez et garantissez \u00e0 Messer que vous \u00eates autoris\u00e9 \u00e0 acc\u00e9der et \u00e0 utiliser ce site Web au nom de l&#039;entit\u00e9 et que vous avez le pouvoir de lier l&#039;entit\u00e9 aux pr\u00e9sentes conditions. Si vous ne souhaitez pas accepter ces conditions ou la politique de confidentialit\u00e9, vous ne devez pas acc\u00e9der ou utiliser le site Web.<\/strong><\/p>\n\n\n\n<p>1.2. Ce site Web est offert et disponible aux utilisateurs \u00e2g\u00e9s de 16 ans ou plus et r\u00e9sidant aux \u00c9tats-Unis, y compris l&#039;un de ses territoires ou possessions, ou au Canada. De plus, en utilisant ce site Web, vous d\u00e9clarez et garantissez que vous avez l&#039;\u00e2ge l\u00e9gal pour conclure un contrat ex\u00e9cutoire avec Messer et r\u00e9pondre \u00e0 toutes les conditions d&#039;\u00e9ligibilit\u00e9 ci-dessus. Si vous ne r\u00e9pondez pas \u00e0 toutes ces exigences, vous ne devez pas acc\u00e9der ou utiliser le site Web.<\/p>\n\n\n\n<p>1.3. \u00abEntit\u00e9\u00bb d\u00e9signe la personne (p. Ex., Soci\u00e9t\u00e9, individu, soci\u00e9t\u00e9 de personnes, etc.), le cas \u00e9ch\u00e9ant, repr\u00e9sent\u00e9e par l&#039;individu qui utilise ce site Web; \u00abMesser\u00bb d\u00e9signe Messer North America, Inc. et ses filiales et soci\u00e9t\u00e9s affili\u00e9es bas\u00e9es en Am\u00e9rique du Nord; \u00abProduits\u00bb d\u00e9signe tous les produits propos\u00e9s \u00e0 la vente sur ce site Web; \u00abUtilisateur\u00bb d\u00e9signe l&#039;entit\u00e9 et vous, ou simplement vous s&#039;il n&#039;y a pas d&#039;entit\u00e9 applicable; et \u00abVous\u00bb d\u00e9signe la personne qui utilise ce site Web.<\/p>\n\n\n\n<h5 class=\"wp-block-heading\">2. ACC\u00c8S ET UTILISATION<\/h5>\n\n\n\n<p>2.1. Sous r\u00e9serve des modalit\u00e9s et conditions des pr\u00e9sentes conditions, Messer accorde \u00e0 l&#039;utilisateur un droit r\u00e9vocable, non transf\u00e9rable, non exclusif et limit\u00e9 d&#039;acc\u00e8s et d&#039;utilisation de ce site Web pour acc\u00e9der aux informations sur Messer, interagir avec Messer et acheter des produits aupr\u00e8s de Messer (\u00ab Finalit\u00e9 \u00bb), aux risques et p\u00e9rils de l&#039;Utilisateur. Messer peut suspendre ou r\u00e9silier ce droit \u00e0 tout moment.<\/p>\n\n\n\n<h5 class=\"wp-block-heading\">3. PROPRI\u00c9T\u00c9 INTELLECTUELLE<\/h5>\n\n\n\n<p>3.1. Messer est le propri\u00e9taire ou l&#039;utilisateur autoris\u00e9 de toutes les informations, applications, textes, images, graphiques, photos, animations, musiques, sons et autres contenus et mat\u00e9riaux contenus dans ou affich\u00e9s sur ce site Web, et de tout code associ\u00e9 fourni via ce site Web, et toutes les modifications, mises \u00e0 jour, mises \u00e0 niveau, copies, \u0153uvres d\u00e9riv\u00e9es, augmentations ou personnalisations de ce qui pr\u00e9c\u00e8de (collectivement, \u00abContenu\u00bb), y compris tous les brevets, demandes de brevet, inventions, droits d&#039;auteur, \u0153uvres, marques, noms commerciaux, marques de service, secrets commerciaux, droits de publicit\u00e9 et autres droits de propri\u00e9t\u00e9 intellectuelle ou de propri\u00e9t\u00e9 sur le contenu, et tous les enregistrements et applications pour l&#039;un des \u00e9l\u00e9ments ci-dessus. Tous les droits qui ne sont pas express\u00e9ment accord\u00e9s \u00e0 l&#039;utilisateur dans les pr\u00e9sentes conditions sont express\u00e9ment r\u00e9serv\u00e9s \u00e0 Messer ou \u00e0 ses soci\u00e9t\u00e9s affili\u00e9es ou conc\u00e9dants de licence. L&#039;Utilisateur ne doit pas provoquer ou permettre, et ne doit pas faciliter \u00e0 autrui de provoquer ou d&#039;autoriser, le Contenu \u00e0 \u00eatre utilis\u00e9, copi\u00e9, republi\u00e9, incorpor\u00e9 dans un autre site Web, reproduit, transmis, distribu\u00e9, adapt\u00e9, communiqu\u00e9 au public, t\u00e9l\u00e9charg\u00e9, publi\u00e9, utilis\u00e9 pour cr\u00e9er une \u0153uvre d\u00e9riv\u00e9e, ou exploit\u00e9 de toute autre mani\u00e8re sans le consentement \u00e9crit pr\u00e9alable expr\u00e8s de Messer ou de son conc\u00e9dant de licence. \u00abMesser\u00bb, \u00abMesser Americas\u00bb, \u00abMesser Group\u00bb, tous les logos li\u00e9s \u00e0 Messer, autres marques de commerce associ\u00e9es et autres marques associ\u00e9es pouvant appara\u00eetre sur ce site Web, sont des marques de commerce ou des noms commerciaux de Messer, de ses soci\u00e9t\u00e9s m\u00e8res ou de leurs soci\u00e9t\u00e9s affili\u00e9es . Toutes les autres marques de commerce et logos utilis\u00e9s sur ce site Web, avec ou sans attribution, sont les marques de commerce ou les noms commerciaux de leurs propri\u00e9taires respectifs.<\/p>\n\n\n\n<h5 class=\"wp-block-heading\">4. INFORMATIONS SUR LE PRODUIT<\/h5>\n\n\n\n<p>4.1. Messer peut envoyer \u00e0 l&#039;utilisateur, par courrier \u00e9lectronique ou par d&#039;autres moyens, des informations concernant Messer et les produits, y compris des informations sur la s\u00e9curit\u00e9 des produits (collectivement, les \u00abinformations sur les produits\u00bb).<\/p>\n\n\n\n<h5 class=\"wp-block-heading\">5. HYPERLIENS<\/h5>\n\n\n\n<p>5.1. Ce site Web peut contenir des liens vers des sites Web tiers (\u00abhyperliens\u00bb) qui ne sont ni d\u00e9tenus ni contr\u00f4l\u00e9s par Messer. Tous les hyperliens sont fournis uniquement pour des raisons de commodit\u00e9 et ne constituent pas une approbation de Messer. Messer n&#039;est pas responsable de la disponibilit\u00e9 ou du contenu de tout site Web tiers, ni des pratiques de tout site Web tiers en ce qui concerne la collecte, l&#039;utilisation ou la divulgation d&#039;informations personnelles. L&#039;utilisation des hyperliens est aux risques et p\u00e9rils de l&#039;utilisateur.<\/p>\n\n\n\n<h5 class=\"wp-block-heading\">6. CHANGEMENTS<\/h5>\n\n\n\n<p>6.1. Messer peut modifier, suspendre, interrompre, imposer des limites ou restreindre l&#039;acc\u00e8s \u00e0 tout ou partie de ce site Web ou de son contenu \u00e0 tout moment. De plus, Messer peut modifier ces Conditions \u00e0 tout moment, avec effet imm\u00e9diat d\u00e8s leur publication sur ce site Web. Les modifications apport\u00e9es \u00e0 ces Conditions seront identifi\u00e9es par un changement de leur date de r\u00e9vision. L&#039;utilisateur est responsable de la r\u00e9vision p\u00e9riodique de ces conditions. L&#039;utilisation continue de ce site Web par l&#039;utilisateur apr\u00e8s toute modification des conditions constitue l&#039;acceptation de l&#039;utilisateur de la modification.<\/p>\n\n\n\n<h5 class=\"wp-block-heading\">7. CONFIDENTIALIT\u00c9<\/h5>\n\n\n\n<p>7.1. Conform\u00e9ment \u00e0 son&nbsp;<a href=\"https:\/\/cdn2.hubspot.net\/hubfs\/6208611\/Messer%20Americas%20Website_2019\/PDF%20Documents\/8.12.19%20Data%20Privacy%20Policy%20for%20Messer%20Americas.pdf\">Politique de confidentialit\u00e9 des donn\u00e9es<\/a>, Messer peut collecter, utiliser et divulguer des informations personnelles (telles que d\u00e9finies dans la l\u00e9gislation applicable) de l&#039;utilisateur dans le cadre de l&#039;utilisation de ce site Web par l&#039;utilisateur afin de fournir \u00e0 l&#039;utilisateur l&#039;acc\u00e8s au site Web, administrer la commande, le paiement et le compte de l&#039;utilisateur, r\u00e9pondre aux questions de l&#039;utilisateur ou demandes, et identifier un utilisateur si n\u00e9cessaire pour faire respecter les contrats avec l&#039;entit\u00e9 ou autrement comme requis ou permis par la loi applicable. Le fichier contenant des Informations personnelles sera conserv\u00e9 dans les locaux ou sur les serveurs de Messer ou de ses prestataires de services, et les employ\u00e9s de Messer ou de ses prestataires de services qui en ont besoin pour les besoins de leurs fonctions auront acc\u00e8s \u00e0 ce fichier. Dans la mesure pr\u00e9vue par la loi, la personne concern\u00e9e peut demander \u00e0 avoir acc\u00e8s au fichier contenant ses informations personnelles, et demander les corrections n\u00e9cessaires, en contactant Messer \u00e0: Messer North America, Inc, 200 Somerset Corporate Blvd., Suite 7000 , Bridgewater, NJ, 08807, \u00e0 l&#039;attention du service juridique. En soumettant des informations personnelles en relation avec l&#039;utilisation de ce site Web par l&#039;utilisateur, l&#039;utilisateur d\u00e9clare et garantit \u00e0 Messer qu&#039;il a obtenu le consentement de toute personne concern\u00e9e pour la collecte, l&#039;utilisation et la divulgation de ses informations personnelles comme sp\u00e9cifi\u00e9 dans les pr\u00e9sentes conditions.<\/p>\n\n\n\n<p>7.2. Messer peut \u00e9galement collecter, utiliser et divulguer des informations personnelles de l&#039;utilisateur dans le cadre de l&#039;utilisation de ce site Web par l&#039;utilisateur pour d\u00e9velopper et am\u00e9liorer ce site Web et pour envoyer des informations \u00e0 l&#039;utilisateur sur les produits et services de Messer qui, selon Messer, pourraient int\u00e9resser l&#039;utilisateur. L&#039;utilisateur peut refuser cette utilisation des renseignements personnels \u00e0 tout moment en donnant un avis \u00e9crit \u00e0 Messer \u00e0 l&#039;adresse indiqu\u00e9e dans la section 7.1.<\/p>\n\n\n\n<p>7.3. Messer peut utiliser des cookies en relation avec ce site Web. L&#039;utilisateur peut r\u00e9initialiser son navigateur pour refuser les cookies. Cependant, l&#039;utilisateur reconna\u00eet que cela peut affecter le bon fonctionnement de ce site Web.<\/p>\n\n\n\n<p>7.4. L&#039;acc\u00e8s \u00e0 ce site Web, \u00e0 certaines sections de ce site Web et \u00e0 certaines ressources offertes par ce site Web peut exiger que vous fournissiez des d\u00e9tails d&#039;inscription ou d&#039;autres informations. Vous d\u00e9clarez et garantissez \u00e0 Messer que toutes ces informations sont correctes, actuelles et compl\u00e8tes. Toutes les informations que vous fournissez pour vous inscrire sur ce site Web ou autrement, y compris par l&#039;utilisation de toute fonctionnalit\u00e9 interactive sur ce site Web, sont r\u00e9gies par les pr\u00e9sentes conditions et notre politique de confidentialit\u00e9 des donn\u00e9es, telles qu&#039;elles peuvent \u00eatre modifi\u00e9es de temps \u00e0 autre, et vous consentez \u00e0 toutes les actions que nous prenons concernant vos informations conform\u00e9ment aux pr\u00e9sentes Conditions et \u00e0 notre Politique de confidentialit\u00e9 des donn\u00e9es.<\/p>\n\n\n\n<h5 class=\"wp-block-heading\">8. S\u00c9CURIT\u00c9<\/h5>\n\n\n\n<p>8.1. Le traitement des donn\u00e9es s&#039;effectue via Internet. Une couche de socket s\u00e9curis\u00e9e fournira le cryptage de toutes les transactions \u00e9lectroniques importantes, y compris la connexion et l&#039;achat. Les e-mails sortants ne sont pas crypt\u00e9s.<\/p>\n\n\n\n<p>8.2. L&#039;utilisateur reconna\u00eet que toute information divulgu\u00e9e via Internet peut \u00eatre collect\u00e9e, utilis\u00e9e par ou intercept\u00e9e ill\u00e9galement par des tiers. Messer n&#039;est pas responsable de la s\u00e9curit\u00e9 de ces informations.<\/p>\n\n\n\n<p>8.3. L&#039;utilisateur peut recevoir un identifiant et un mot de passe pour pouvoir acc\u00e9der \u00e0 ce site Web ou \u00e0 certaines parties de ce site Web. L&#039;ID utilisateur et le mot de passe sont personnels \u00e0 l&#039;utilisateur, et l&#039;utilisateur est seul responsable de la protection stricte de son secret et de la pr\u00e9vention de tout acc\u00e8s ou utilisation non autoris\u00e9s de ce site Web \u00e0 l&#039;aide de l&#039;ID utilisateur, du mot de passe ou d&#039;un autre identifiant. L&#039;Utilisateur informera Messer, par \u00e9crit, imm\u00e9diatement apr\u00e8s avoir pris connaissance: (1) de tout acc\u00e8s ou utilisation non autoris\u00e9s de l&#039;ID utilisateur ou du mot de passe; ou (2) qu&#039;un repr\u00e9sentant inscrit ne devrait plus \u00eatre autoris\u00e9 \u00e0 acc\u00e9der \u00e0 ce site Web. Messer peut d\u00e9sactiver tout ID utilisateur, mot de passe ou autre identifiant, qu&#039;il soit choisi par l&#039;utilisateur ou fourni par Messer, \u00e0 tout moment, pour quelque raison que ce soit ou sans raison, y compris en relation avec la suspension ou la r\u00e9siliation par Messer des droits d&#039;acc\u00e8s et d&#039;utilisation de l&#039;utilisateur en vertu de la section 2.1. , l&#039;exercice des droits de Messer en vertu de la section 6.1.<\/p>\n\n\n\n<p>8.4. Ce site Web est destin\u00e9 \u00e0 \u00eatre utilis\u00e9 aux seules fins. L&#039;utilisateur ne doit pas utiliser ce site Web \u00e0 des fins inappropri\u00e9es, ill\u00e9gales, abusives, harcelantes, calomnieuses, diffamatoires, obsc\u00e8nes ou mena\u00e7antes, ou de toute mani\u00e8re ill\u00e9gale, ou de toute autre mani\u00e8re qui pourrait d\u00e9sactiver, alt\u00e9rer, surcharger ou endommager ce site Web. , ou qui enfreint les pr\u00e9sentes Conditions. L&#039;utilisateur s&#039;engage \u00e0 informer imm\u00e9diatement Messer par \u00e9crit s&#039;il soup\u00e7onne une activit\u00e9 ill\u00e9gale, frauduleuse ou abusive, ou toute activit\u00e9 en violation des pr\u00e9sentes Conditions.<\/p>\n\n\n\n<h5 class=\"wp-block-heading\">9. AVIS DE NON-RESPONSABILIT\u00c9<\/h5>\n\n\n\n<p>9.1. Dans toute la mesure permise par la loi, ce site Web, son contenu, tout logiciel mis \u00e0 disposition sur ce site Web et les informations sur le produit sont fournis \u00e0 l&#039;utilisateur \u00abtels quels\u00bb et sans garantie ou repr\u00e9sentation d&#039;aucune sorte, expresse ou implicite. Pour \u00e9viter tout doute, Messer ne garantit ni ne d\u00e9clare que le contenu ou les informations sur le produit sont exacts, complets, correctement s\u00e9quenc\u00e9s, sans erreurs typographiques, fiables ou opportuns, ou que ce site Web sera ininterrompu ou exempt d&#039;erreurs, d&#039;\u00e9l\u00e9ments destructeurs, ou virus.<\/p>\n\n\n\n<p>9.2. Messer n&#039;est pas responsable du comportement diffamatoire, calomnieux, offensant, ill\u00e9gal ou autre des autres utilisateurs de ce site Web ou de tiers.<\/p>\n\n\n\n<h5 class=\"wp-block-heading\">10. LIMITATION DES DOMMAGES<\/h5>\n\n\n\n<p>10.1. Dans tous les cas, quelle que soit la th\u00e9orie juridique (par exemple, rupture de contrat ou de garantie, n\u00e9gligence, responsabilit\u00e9 stricte, responsabilit\u00e9 extracontractuelle, contrefa\u00e7on, etc.), NI MESSER NI AUCUNE AUTRE PARTIE IMPLIQU\u00c9E DANS LA CR\u00c9ATION, LA PRODUCTION OU LA FOURNITURE DE CONTENU \u00c0 CE SITE WEB EST RESPONSABLE DE TOUT DOMMAGE, Y COMPRIS LES DOMMAGES DIRECTS, SP\u00c9CIAUX, INDIRECTS, ACCESSOIRES, EXEMPLAIRES, INDIRECTS OU PERTE \u00c9CONOMIQUE, Y COMPRIS TOUTE PERTE D&#039;ACTIVIT\u00c9, DE PRODUCTION OU DE PROFITS SURVENANT EN LIEN AVEC L&#039;UTILISATION OU L&#039;INCAPACIT\u00c9 \u00c0 UTILISER CE SITE WEB, LE CONTENU, LE CONTENU DE TOUT SITE WEB LI\u00c9 \u00c0 CE SITE WEB OU LES INFORMATIONS SUR LE PRODUIT.<\/p>\n\n\n\n<p>10.2. Si la loi applicable n&#039;autorise pas les limitations sp\u00e9cifi\u00e9es dans la section 10.1, le montant total des dommages que l&#039;utilisateur peut r\u00e9cup\u00e9rer aupr\u00e8s de Messer r\u00e9sultant de tout \u00e9v\u00e9nement survenant en relation avec l&#039;utilisation ou l&#039;impossibilit\u00e9 d&#039;utiliser ce site Web, son contenu, le contenu de tout site Web. li\u00e9 \u00e0 ce site Web, ou aux informations sur le produit, est de 1 000 USD au total.<\/p>\n\n\n\n<h5 class=\"wp-block-heading\">11. INDEMNISATION<\/h5>\n\n\n\n<p>11.1. L&#039;utilisateur doit indemniser les employ\u00e9s, administrateurs, dirigeants, soci\u00e9t\u00e9s affili\u00e9es et soci\u00e9t\u00e9s m\u00e8res de Messer et Messer pour tout dommage, y compris les frais de litige (par exemple, les frais d&#039;avocat, les frais de d\u00e9couverte, etc.) sur la base de toute th\u00e9orie juridique (par exemple, rupture de contrat ou garantie, n\u00e9gligence, responsabilit\u00e9 stricte, responsabilit\u00e9 extracontractuelle, etc.) d\u00e9coulant de l&#039;utilisation de ce site Web par l&#039;utilisateur ou de la violation des pr\u00e9sentes conditions. \u00c0 la demande de Messer, l&#039;Utilisateur fournira \u00e0 Messer, aux frais de l&#039;Utilisateur, une d\u00e9fense juridique pour toute r\u00e9clamation d&#039;un tiers contre Messer pour tout dommage dont l&#039;Utilisateur est responsable en vertu de la phrase pr\u00e9c\u00e9dente.<\/p>\n\n\n\n<h5 class=\"wp-block-heading\">12. CHOIX DE LA LOI, JURIDICTION ET DIVERS<\/h5>\n\n\n\n<p>12.1. Une renonciation \u00e0 toute violation de ces Conditions ne constitue pas une renonciation \u00e0 toute violation r\u00e9ussie ou autre.<\/p>\n\n\n\n<p>12.2. Les lois du New Jersey et la loi f\u00e9d\u00e9rale applicable r\u00e9giront toutes les questions relatives \u00e0 la validit\u00e9, \u00e0 l&#039;interpr\u00e9tation et \u00e0 l&#039;effet des pr\u00e9sentes Conditions, sans donner effet (i) \u00e0 des principes ou r\u00e8gles de conflit de lois qui appliqueraient les lois d&#039;une autre juridiction ou (ii) \u00e0 la Convention des Nations Unies sur les contrats de vente internationale de marchandises. Tous les litiges d\u00e9coulant des pr\u00e9sentes Conditions seront exclusivement soumis aux tribunaux comp\u00e9tents dans la juridiction ci-dessus, et chaque partie se soumet irr\u00e9vocablement \u00e0 la comp\u00e9tence exclusive de ces tribunaux.<\/p>\n\n\n\n<p>12.3. Si une disposition des pr\u00e9sentes Conditions est ou devient totalement ou partiellement invalide, ill\u00e9gale ou inapplicable, les parties ont l&#039;intention de faire appliquer cette disposition dans la mesure o\u00f9 elle est l\u00e9gale, ex\u00e9cutoire et valide, et pour la validit\u00e9, la l\u00e9galit\u00e9 et le caract\u00e8re ex\u00e9cutoire. des dispositions restantes ne sont pas affect\u00e9es.<\/p>\n\n\n\n<p>12.4. Les dispositions des pr\u00e9sentes Conditions relatives \u00e0 la propri\u00e9t\u00e9 intellectuelle, \u00e0 la confidentialit\u00e9, \u00e0 la s\u00e9curit\u00e9, \u00e0 la clause de non-responsabilit\u00e9, \u00e0 la limitation des dommages et \u00e0 l&#039;indemnisation survivront \u00e0 la r\u00e9siliation ou \u00e0 l&#039;expiration de ces Conditions.<\/p>\n\n\n\n<p>12.5. Les parties ont express\u00e9ment demand\u00e9 que les pr\u00e9sentes Conditions et tous les documents connexes soient r\u00e9dig\u00e9s en anglais.&nbsp;<em>Les parties aux expos\u00e9s ont express\u00e9ment requis que les pr\u00e9sentes modalit\u00e9s et tous les documents y aff\u00e9rant soient r\u00e9dig\u00e9s en langue anglaise.<\/em><\/p>\n\n\n\n<div style=\"height:100px\" aria-hidden=\"true\" class=\"wp-block-spacer\"><\/div>\n\n\n\t<div class=\"text-and-button-block text-center full-width\">\n\t\t<div class=\"container\">\n\t\t\t\t\t\t\t<div class=\"text\"><p><strong>Des questions?<\/strong> Demandez \u00e0 notre \u00e9quipe. Nous sommes l\u00e0 pour vous aider.<\/p>\n<\/div>\n\t\t\t\t\t\t\t\t\t\t\t\t\t\t\t<a class=\"btn-3\" href=\"http:\/\/messer-ca.com\/fr\/contact-support\/\"  target=\"_self\">Contactez le support<\/a>\n\t\t\t\t\t\t\t\t\t<\/div>\n\t<\/div>","protected":false},"excerpt":{"rendered":"<p>Revised August 12, 2019 1. SCOPE AND DEFINITIONS 1.1.&nbsp; These Terms and Conditions of Use (\u201cTerms\u201d) govern access to and use of this Website. Please read these Terms carefully.&nbsp;By accessing or using this Website, or by clicking to accept or agree to the Terms of Use when this option is made available to you, You [&hellip;]<\/p>\n","protected":false},"author":5,"featured_media":0,"parent":0,"menu_order":0,"comment_status":"closed","ping_status":"closed","template":"","meta":{"_acf_changed":false,"content-type":"","om_disable_all_campaigns":false,"_exactmetrics_skip_tracking":false,"_exactmetrics_sitenote_active":false,"_exactmetrics_sitenote_note":"","_exactmetrics_sitenote_category":0,"_monsterinsights_skip_tracking":false,"_monsterinsights_sitenote_active":false,"_monsterinsights_sitenote_note":"","_monsterinsights_sitenote_category":0,"footnotes":""},"class_list":["post-65","page","type-page","status-publish","hentry"],"acf":[],"_links":{"self":[{"href":"https:\/\/messer-ca.com\/fr\/wp-json\/wp\/v2\/pages\/65","targetHints":{"allow":["GET"]}}],"collection":[{"href":"https:\/\/messer-ca.com\/fr\/wp-json\/wp\/v2\/pages"}],"about":[{"href":"https:\/\/messer-ca.com\/fr\/wp-json\/wp\/v2\/types\/page"}],"author":[{"embeddable":true,"href":"https:\/\/messer-ca.com\/fr\/wp-json\/wp\/v2\/users\/5"}],"replies":[{"embeddable":true,"href":"https:\/\/messer-ca.com\/fr\/wp-json\/wp\/v2\/comments?post=65"}],"version-history":[{"count":0,"href":"https:\/\/messer-ca.com\/fr\/wp-json\/wp\/v2\/pages\/65\/revisions"}],"wp:attachment":[{"href":"https:\/\/messer-ca.com\/fr\/wp-json\/wp\/v2\/media?parent=65"}],"curies":[{"name":"wp","href":"https:\/\/api.w.org\/{rel}","templated":true}]}}