{"id":654,"date":"2019-08-27T19:32:16","date_gmt":"2019-08-27T19:32:16","guid":{"rendered":"http:\/\/messer-ca.com\/?page_id=654"},"modified":"2024-12-04T22:00:16","modified_gmt":"2024-12-04T22:00:16","slug":"welding-and-cutting-gases","status":"publish","type":"page","link":"https:\/\/messer-ca.com\/fr\/products\/welding-and-cutting-gases\/","title":{"rendered":"Gaz de soudage et de coupage"},"content":{"rendered":"<div class=\"info-block-2 text-center full-width\">\n    \t<img decoding=\"async\" src=\"https:\/\/messer-ca.com\/wp-content\/themes\/messercanada\/images\/grey.png\" alt=\"\">\n    \t<div class=\"container min-container\">\n    \t\t<div class=\"info-block-2-text style-large\">Une qualit\u00e9 qui r\u00e9siste \u00e0 la chaleur<\/div>\n    \t<\/div>\n    <\/div>\n\n\n<p>Les techniques de soudage couvrent un vaste \u00e9ventail de proc\u00e9d\u00e9s. La gamme de gaz et d\u2019applications que Messer vous propose dans ce domaine est tout aussi vari\u00e9e.<\/p>\n<p>Les gaz de protection sont \u00e9galement indispensables pour le soudage \u00e0 l&#039;arc, o\u00f9 l&#039;\u00e9nergie thermique n\u00e9cessaire au processus provient d&#039;un arc. Il en va de m\u00eame pour le soudage TIG et MIG, o\u00f9 les m\u00e9langes de gaz dominent aujourd&#039;hui le march\u00e9. Ces m\u00e9langes contiennent une gamme de composants possibles, notamment l&#039;argon et le dioxyde de carbone ainsi que l&#039;oxyg\u00e8ne, l&#039;h\u00e9lium, l&#039;hydrog\u00e8ne et l&#039;azote.<\/p>\n<p>Une grande vari\u00e9t\u00e9 de ces m\u00e9langes de gaz standardis\u00e9s est d\u00e9sormais disponible pour les applications susmentionn\u00e9es. Messer commercialise sa gamme de gaz de protection pour le soudage dans un syst\u00e8me clairement structur\u00e9 utilisant des noms de groupe standardis\u00e9s qui sont bas\u00e9s sur les mat\u00e9riaux \u00e0 travailler :<\/p>\n\n\n<div style=\"height:20px\" aria-hidden=\"true\" class=\"wp-block-spacer custom-left-separator\"><\/div>\n\n\n    <div class=\"resources-banner full-width\">\n        <div class=\"container min-container\">\n            <div class=\"resources-banner-img\">\n                                    <img decoding=\"async\" src=\"https:\/\/messer-ca.com\/wp-content\/uploads\/2022\/03\/hardgoodscatalog.png\" alt=\"\">\n                            <\/div>\n            <div class=\"resources-banner-text\">\n                                                    <h3>Catalogue de gaz industriels et de produits d'\u00e9quipement<\/h3>\n                                                    <p>Parcourez le catalogue complet de gaz industriels et de produits mat\u00e9riels de Messer en ligne sur votre appareil.<\/p>\n                                                    <a class=\"btn btn-2\" href=\"https:\/\/messer-ca.com\/fr\/catalogs\/\" target=\"_blank\">\n                        Consulter le catalogue                    <\/a>\n                            <\/div>\n            \n        <\/div>\n    <\/div>\n\n\n    <div class=\"markets\">\n        \n                   <ul class=\"listreset markets-list solutions-list\">\n                                                            <li>\n                                                                                                <div class=\"market-ic\"><a href=\"https:\/\/messer-ca.com\/fr\/products\/ferroline\/\"><img decoding=\"async\" src=\"https:\/\/messer-ca.com\/wp-content\/uploads\/2019\/08\/ferric-welding.jpg\" alt=\"Ferrous Materials Welding\"><\/a><\/div>\n                                                                                         <div class=\"market-text-block\">\n                                                                    <h3>\n                                                                                    <a href=\"https:\/\/messer-ca.com\/fr\/products\/ferroline\/\">Ferroline<\/a>\n                                                                            <\/h3>\n                                                                                                    <p>Gaz de protection pour les aciers ordinaires et faiblement alli\u00e9s.  <\/p>\n                                                                                                    <a href=\"https:\/\/messer-ca.com\/fr\/products\/ferroline\/\">\n                                        En savoir plus                                    <\/a>\n                                                            <\/div>\n                        <\/li>\n                                                                                <li>\n                                                                                                <div class=\"market-ic\"><a href=\"https:\/\/messer-ca.com\/fr\/products\/welding-and-cutting-gases\/ozoline-shielding-gases\/\"><img decoding=\"async\" src=\"https:\/\/messer-ca.com\/wp-content\/uploads\/2019\/08\/ozoline.jpg\" alt=\"Welder working within gas tank\"><\/a><\/div>\n                                                                                         <div class=\"market-text-block\">\n                                                                    <h3>\n                                                                                    <a href=\"https:\/\/messer-ca.com\/fr\/products\/welding-and-cutting-gases\/ozoline-shielding-gases\/\">Ozoline<\/a>\n                                                                            <\/h3>\n                                                                                                    <p>Gaz de protection utilis\u00e9 pour remplacer des m\u00e9langes de soudage similaires contenant du CO2. Il est utilis\u00e9 dans les applications de soudage MIG pour les aciers doux et faiblement alli\u00e9s et pour l'aluminium. Les m\u00e9langes Ozoline sont sup\u00e9rieurs en raison de leurs propri\u00e9t\u00e9s de r\u00e9duction d'ozone, ce qui permet d\u2019obtenir un arc plus stable et une meilleure efficacit\u00e9 de soudage.<\/p>\n                                                                                                    <a href=\"https:\/\/messer-ca.com\/fr\/products\/welding-and-cutting-gases\/ozoline-shielding-gases\/\">\n                                        En savoir plus                                    <\/a>\n                                                            <\/div>\n                        <\/li>\n                                                                                <li>\n                                                                                                <div class=\"market-ic\"><img decoding=\"async\" src=\"https:\/\/messer-ca.com\/wp-content\/uploads\/2019\/08\/shielding-gas.jpg\" alt=\"Welder working on metal\"><\/div>\n                                                                                         <div class=\"market-text-block\">\n                                                                    <h3>\n                                                                                    Aluline                                                                            <\/h3>\n                                                                                                    <p>Gaz de protection pour l'aluminium et les m\u00e9taux non ferreux.<\/p>\n                                                                                            <\/div>\n                        <\/li>\n                                                                                <li>\n                                                                                                <div class=\"market-ic\"><img decoding=\"async\" src=\"https:\/\/messer-ca.com\/wp-content\/uploads\/2019\/08\/alloy-steel.jpg\" alt=\"steel beams and tubing\"><\/div>\n                                                                                         <div class=\"market-text-block\">\n                                                                    <h3>\n                                                                                    Inoxline                                                                            <\/h3>\n                                                                                                    <p>Gaz de protection pour les aciers fortement alli\u00e9s et les alliages \u00e0 base de nickel.<\/p>\n                                                                                            <\/div>\n                        <\/li>\n                                                                                <li>\n                                                                                                <div class=\"market-ic\"><img decoding=\"async\" src=\"https:\/\/messer-ca.com\/wp-content\/uploads\/2019\/08\/oxygen-gas.jpg\" alt=\"oxygen torches heating metal element\"><\/div>\n                                                                                         <div class=\"market-text-block\">\n                                                                    <h3>\n                                                                                    Odorline                                                                            <\/h3>\n                                                                                                    <p>L'oxyg\u00e8ne odoris\u00e9 d\u00e9gage une odeur nettement d\u00e9celable qui signale des fuites potentielles et des accumulations de gaz dangereuses.<\/p>\n                                                                                            <\/div>\n                        <\/li>\n                                                                                <li>\n                                                                                                <div class=\"market-ic\"><img decoding=\"async\" src=\"https:\/\/messer-ca.com\/wp-content\/uploads\/2019\/08\/oxy-torch.jpg\" alt=\"Oxycetaline Torch Cutting Metal\"><\/div>\n                                                                                         <div class=\"market-text-block\">\n                                                                    <h3>\n                                                                                    Oxy-combustibles                                                                            <\/h3>\n                                                                                                    <p>En plus de vous fournir des gaz pour toutes les applications dans le domaine du coupage et du soudage, Messer vous offre un soutien complet pour tous les processus li\u00e9s aux gaz.<\/p>\n                                                                                            <\/div>\n                        <\/li>\n                                                <\/ul>\n            <\/div>\n\n\n\n<div style=\"height:20px\" aria-hidden=\"true\" class=\"wp-block-spacer custom-right-separator\"><\/div>\n\n\n<p>En tant que fabricant de gaz industriels, nous ne nous limitons pas aux proc\u00e9d\u00e9s impliquant l'utilisation de gaz industriels, mais travaillons \u00e9galement avec des proc\u00e9d\u00e9s qui sont en concurrence avec ceux-ci. Le service-conseil de Messer sur les gaz de protection pour le soudage se fera un plaisir de vous indiquer le gaz de protection qui convient le mieux \u00e0 votre application, lors d'un entretien de conseil personnalis\u00e9 ou par le biais de d\u00e9monstrations sur place.<\/p>\n<p>Ces proc\u00e9d\u00e9s peuvent \u00eatre grossi\u00e8rement divis\u00e9s en trois proc\u00e9d\u00e9s de fabrication :<\/p>\n<ul>\n<li><strong>Coupage<\/strong><\/li>\n<li><strong>Assemblage<\/strong><\/li>\n<li><strong>Rev\u00eatement<\/strong><\/li>\n<\/ul>\n\n\n<div style=\"height:100px\" aria-hidden=\"true\" class=\"wp-block-spacer\"><\/div>\n\n\n\t<div class=\"text-and-button-block text-center full-width\">\n\t\t<div class=\"container\">\n\t\t\t\t\t\t\t<div class=\"text\"><p><strong>Des questions?<\/strong> Demandez \u00e0 notre \u00e9quipe. Nous sommes l\u00e0 pour vous aider.<\/p>\n<\/div>\n\t\t\t\t\t\t\t\t\t\t\t\t\t\t\t<a class=\"btn-3\" href=\"https:\/\/messer-ca.com\/fr\/contact-support\/\"  target=\"_blank\">Contactez-nous<\/a>\n\t\t\t\t\t\t\t\t\t<\/div>\n\t<\/div>","protected":false},"excerpt":{"rendered":"<p>Welding technology covers a very wide range of procedures. The range of gases and applications that Messer offers you in this area is correspondingly diverse. Shielding gases for welding are also indispensable in arc welding, where the necessary thermal energy for the process comes from an arc. The same applies to TIG and MIG welding, [&hellip;]<\/p>\n","protected":false},"author":5,"featured_media":10,"parent":1149,"menu_order":0,"comment_status":"closed","ping_status":"closed","template":"pages\/template-home.php","meta":{"_acf_changed":false,"content-type":"","om_disable_all_campaigns":false,"_exactmetrics_skip_tracking":false,"_exactmetrics_sitenote_active":false,"_exactmetrics_sitenote_note":"","_exactmetrics_sitenote_category":0,"_monsterinsights_skip_tracking":false,"_monsterinsights_sitenote_active":false,"_monsterinsights_sitenote_note":"","_monsterinsights_sitenote_category":0,"footnotes":""},"class_list":["post-654","page","type-page","status-publish","has-post-thumbnail","hentry"],"acf":[],"_links":{"self":[{"href":"https:\/\/messer-ca.com\/fr\/wp-json\/wp\/v2\/pages\/654","targetHints":{"allow":["GET"]}}],"collection":[{"href":"https:\/\/messer-ca.com\/fr\/wp-json\/wp\/v2\/pages"}],"about":[{"href":"https:\/\/messer-ca.com\/fr\/wp-json\/wp\/v2\/types\/page"}],"author":[{"embeddable":true,"href":"https:\/\/messer-ca.com\/fr\/wp-json\/wp\/v2\/users\/5"}],"replies":[{"embeddable":true,"href":"https:\/\/messer-ca.com\/fr\/wp-json\/wp\/v2\/comments?post=654"}],"version-history":[{"count":0,"href":"https:\/\/messer-ca.com\/fr\/wp-json\/wp\/v2\/pages\/654\/revisions"}],"up":[{"embeddable":true,"href":"https:\/\/messer-ca.com\/fr\/wp-json\/wp\/v2\/pages\/1149"}],"wp:featuredmedia":[{"embeddable":true,"href":"https:\/\/messer-ca.com\/fr\/wp-json\/wp\/v2\/media\/10"}],"wp:attachment":[{"href":"https:\/\/messer-ca.com\/fr\/wp-json\/wp\/v2\/media?parent=654"}],"curies":[{"name":"wp","href":"https:\/\/api.w.org\/{rel}","templated":true}]}}