{"id":680,"date":"2019-08-27T19:56:46","date_gmt":"2019-08-27T19:56:46","guid":{"rendered":"http:\/\/messer-ca.com\/?page_id=680"},"modified":"2023-08-15T15:50:10","modified_gmt":"2023-08-15T15:50:10","slug":"hardgoods-equipment","status":"publish","type":"page","link":"https:\/\/messer-ca.com\/fr\/products\/hardgoods-equipment\/","title":{"rendered":"Produits d'\u00e9quipement"},"content":{"rendered":"<div class=\"info-block-2 text-center full-width\">\n    \t<img decoding=\"async\" src=\"https:\/\/messer-ca.com\/wp-content\/themes\/messercanada\/images\/grey.png\" alt=\"\">\n    \t<div class=\"container min-container\">\n    \t\t<div class=\"info-block-2-text style-large\">Garder votre entreprise en affaires<\/div>\n    \t<\/div>\n    <\/div>\n\n\n<p>En tant que fournisseur leader sur le march\u00e9 des gaz et \u00e9quipements industriels, nous ma\u00eetrisons parfaitement les besoins de nos clients. Cela a permis \u00e0 Messer de d\u00e9velopper des solutions compl\u00e8tes, fournissant des \u00e9quipements industriels et des produits de s\u00e9curit\u00e9 de haute qualit\u00e9 \u00e0 travers le pays.<br>Nos connaissances et nos capacit\u00e9s font de nous le partenaire id\u00e9al pour fournir \u00e0 nos clients des produits r\u00e9pondant aux exigences de leur entreprise.<\/p>\n<p>Notre portefeuille comprend des produits sous nos propres marques ainsi que des marques de fabricants de premier plan.<\/p>\n\n\n<div style=\"height:20px\" aria-hidden=\"true\" class=\"wp-block-spacer custom-left-separator\"><\/div>\n\n\n    <div class=\"resources-banner full-width\">\n        <div class=\"container min-container\">\n            <div class=\"resources-banner-img\">\n                                    <img decoding=\"async\" src=\"https:\/\/messer-ca.com\/wp-content\/uploads\/2022\/03\/hardgoodscatalog.png\" alt=\"\">\n                            <\/div>\n            <div class=\"resources-banner-text\">\n                                                    <h3>Catalogue de gaz industriels et de produits d'\u00e9quipement<\/h3>\n                                                    <p>Parcourez le catalogue complet de gaz industriels et de produits mat\u00e9riels de Messer en ligne sur votre appareil.<\/p>\n                                                    <a class=\"btn btn-2\" href=\"https:\/\/indd.adobe.com\/view\/30e5c4d0-91ec-4043-9e4e-bad07ef78c9b\" target=\"_blank\">\n                        Consulter le catalogue                    <\/a>\n                            <\/div>\n            \n        <\/div>\n    <\/div>\n\n\n    <div class=\"markets\">\n        \n                   <ul class=\"listreset markets-list solutions-list\">\n                                                            <li>\n                                                                                                <div class=\"market-ic\"><a href=\"https:\/\/messer-ca.com\/fr\/selector-guide\/\"><img decoding=\"async\" src=\"https:\/\/messer-ca.com\/wp-content\/uploads\/2021\/04\/selector-guide2.jpg\" alt=\"\"><\/a><\/div>\n                                                                                         <div class=\"market-text-block\">\n                                                                    <h3>\n                                                                                    <a href=\"https:\/\/messer-ca.com\/fr\/selector-guide\/\">Guide de s\u00e9lection pour le soudage MIG<\/a>\n                                                                            <\/h3>\n                                                                                                    <p>Guide de s\u00e9lection des gaz de protection et des m\u00e9taux d&#039;apport pour le soudage MIG<\/p>\n                                                                                                    <a href=\"https:\/\/messer-ca.com\/fr\/selector-guide\/\">\n                                        Guide de s\u00e9lection                                    <\/a>\n                                                            <\/div>\n                        <\/li>\n                                                                                <li>\n                                                                                                <div class=\"market-ic\"><a href=\"https:\/\/messer-ca.com\/fr\/products\/airstorm-products\/\"><img decoding=\"async\" src=\"https:\/\/messer-ca.com\/wp-content\/uploads\/2023\/08\/FumeExtractorMenuImage.jpg\" alt=\"\"><\/a><\/div>\n                                                                                         <div class=\"market-text-block\">\n                                                                    <h3>\n                                                                                    <a href=\"https:\/\/messer-ca.com\/fr\/products\/airstorm-products\/\">Unit\u00e9s d&#039;extraction de fum\u00e9e<\/a>\n                                                                            <\/h3>\n                                                                                                    <p>Gamme d&#039;unit\u00e9s d&#039;extraction de fum\u00e9e Messer con\u00e7ues pour un transport et un positionnement faciles.<\/p>\n                                                                                                    <a href=\"https:\/\/messer-ca.com\/fr\/products\/airstorm-products\/\">\n                                        Voir plus                                    <\/a>\n                                                            <\/div>\n                        <\/li>\n                                                                                <li>\n                                                                                                <div class=\"market-ic\"><a href=\"https:\/\/messer-ca.com\/fr\/industries\/metals\/metal-fabrication\/metalstorm\/\"><img decoding=\"async\" src=\"https:\/\/messer-ca.com\/wp-content\/uploads\/2022\/03\/abrasives-category.jpg\" alt=\"\"><\/a><\/div>\n                                                                                         <div class=\"market-text-block\">\n                                                                    <h3>\n                                                                                    <a href=\"https:\/\/messer-ca.com\/fr\/industries\/metals\/metal-fabrication\/metalstorm\/\">Abrasifs MetalSTORM<\/a>\n                                                                            <\/h3>\n                                                                                                    <p>La gamme Messer de meules \u00e0 tron\u00e7onner, de disques \u00e0 lamelles et de meuleuses pour les applications en acier et en acier inoxydable.<\/p>\n                                                                                                    <a href=\"https:\/\/messer-ca.com\/fr\/industries\/metals\/metal-fabrication\/metalstorm\/\">\n                                        Voir plus                                    <\/a>\n                                                            <\/div>\n                        <\/li>\n                                                                                <li>\n                                                                                                <div class=\"market-ic\"><a href=\"https:\/\/messer-ca.com\/fr\/products\/safety-equipment\/welding-helmets\/\" target=\"_blank\"><img decoding=\"async\" src=\"https:\/\/messer-ca.com\/wp-content\/uploads\/2019\/08\/s-head.jpg\" alt=\"Welding Visor\"><\/a><\/div>\n                                                                                         <div class=\"market-text-block\">\n                                                                    <h3>\n                                                                                    <a href=\"https:\/\/messer-ca.com\/fr\/products\/safety-equipment\/welding-helmets\/\" target=\"_blank\">Casques de soudage<\/a>\n                                                                            <\/h3>\n                                                                                                    <p>La vaste gamme de casques de soudage de Messer prot\u00e8ge votre t\u00eate, vos yeux et votre visage des blessures caus\u00e9es par les processus de soudage.<\/p>\n                                                                                                    <a href=\"https:\/\/messer-ca.com\/fr\/products\/safety-equipment\/welding-helmets\/\" target=\"_blank\">\n                                        Voir plus                                    <\/a>\n                                                            <\/div>\n                        <\/li>\n                                                                                <li>\n                                                                                                <div class=\"market-ic\"><a href=\"https:\/\/messer-ca.com\/fr\/products\/hardgoods-equipment\/welding-equipment\/\" target=\"_blank\"><img decoding=\"async\" src=\"https:\/\/messer-ca.com\/wp-content\/uploads\/2019\/08\/shielding-gas.jpg\" alt=\"Welder working on metal\"><\/a><\/div>\n                                                                                         <div class=\"market-text-block\">\n                                                                    <h3>\n                                                                                    <a href=\"https:\/\/messer-ca.com\/fr\/products\/hardgoods-equipment\/welding-equipment\/\" target=\"_blank\">Poste \u00e0 souder<\/a>\n                                                                            <\/h3>\n                                                                                                    <p>Messer propose une gamme unique et \u00e9tendue de soudeuses et de machines \u00e0 souder adapt\u00e9es au soudage MIG-MAG, au soudage TIG, au soudage MMA et au coupage au plasma.<\/p>\n                                                                                                    <a href=\"https:\/\/messer-ca.com\/fr\/products\/hardgoods-equipment\/welding-equipment\/\" target=\"_blank\">\n                                        Voir plus                                    <\/a>\n                                                            <\/div>\n                        <\/li>\n                                                                                <li>\n                                                                                                <div class=\"market-ic\"><a href=\"https:\/\/shop.messer-ca.com\/shop\/ccrz__ProductList?categoryId=a250a000002k3uRAAQ&#038;cclcl=en_CA\" target=\"_blank\"><img decoding=\"async\" src=\"https:\/\/messer-ca.com\/wp-content\/uploads\/2019\/08\/ozoline.jpg\" alt=\"Welder working within gas tank\"><\/a><\/div>\n                                                                                         <div class=\"market-text-block\">\n                                                                    <h3>\n                                                                                    <a href=\"https:\/\/shop.messer-ca.com\/shop\/ccrz__ProductList?categoryId=a250a000002k3uRAAQ&#038;cclcl=en_CA\" target=\"_blank\">\u00c9quipement plasma<\/a>\n                                                                            <\/h3>\n                                                                                                    <p>Les \u00e9quipements et accessoires de coupage plasma de Messer sont disponibles dans une vaste gamme pour r\u00e9pondre \u00e0 toutes vos applications de coupage plasma.<\/p>\n                                                                                                    <a href=\"https:\/\/shop.messer-ca.com\/shop\/ccrz__ProductList?categoryId=a250a000002k3uRAAQ&#038;cclcl=en_CA\" target=\"_blank\">\n                                        Achetez                                    <\/a>\n                                                            <\/div>\n                        <\/li>\n                                                                                <li>\n                                                                                                <div class=\"market-ic\"><a href=\"https:\/\/shop.messer-ca.com\/shop\/ccrz__ProductList?categoryId=a250a000002k3uEAAQ&#038;cclcl=en_CA\" target=\"_blank\"><img decoding=\"async\" src=\"https:\/\/messer-ca.com\/wp-content\/uploads\/2019\/08\/filler-metal.jpg\" alt=\"Wire on Spools\"><\/a><\/div>\n                                                                                         <div class=\"market-text-block\">\n                                                                    <h3>\n                                                                                    <a href=\"https:\/\/shop.messer-ca.com\/shop\/ccrz__ProductList?categoryId=a250a000002k3uEAAQ&#038;cclcl=en_CA\" target=\"_blank\">M\u00e9taux de remplissage<\/a>\n                                                                            <\/h3>\n                                                                                                    <p>La vari\u00e9t\u00e9 de m\u00e9taux d&#039;apport de Messer comprend une vari\u00e9t\u00e9 de fils de soudage GMAW et FCAW, d&#039;\u00e9lectrodes de gougeage \u00e0 la baguette et \u00e0 l&#039;arc, de tiges de soudage et plus encore.<\/p>\n                                                                                                    <a href=\"https:\/\/shop.messer-ca.com\/shop\/ccrz__ProductList?categoryId=a250a000002k3uEAAQ&#038;cclcl=en_CA\" target=\"_blank\">\n                                        Achetez                                    <\/a>\n                                                            <\/div>\n                        <\/li>\n                                                                                <li>\n                                                                                                <div class=\"market-ic\"><a href=\"https:\/\/shop.messer-ca.com\/shop\/ccrz__ProductList?categoryId=a250a000002k3uiAAA&#038;cclcl=en_CA\" target=\"_blank\"><img decoding=\"async\" src=\"https:\/\/messer-ca.com\/wp-content\/uploads\/2019\/08\/safety.jpg\" alt=\"Safety Gloves\"><\/a><\/div>\n                                                                                         <div class=\"market-text-block\">\n                                                                    <h3>\n                                                                                    <a href=\"https:\/\/shop.messer-ca.com\/shop\/ccrz__ProductList?categoryId=a250a000002k3uiAAA&#038;cclcl=en_CA\" target=\"_blank\">\u00c9quipement de s\u00e9curit\u00e9<\/a>\n                                                                            <\/h3>\n                                                                                                    <p>Messer propose une vaste gamme de produits de s\u00e9curit\u00e9 et d\u2019\u00e9quipements de protection individuelle pour vous prot\u00e9ger de la t\u00eate aux pieds.<\/p>\n                                                                                                    <a href=\"https:\/\/shop.messer-ca.com\/shop\/ccrz__ProductList?categoryId=a250a000002k3uiAAA&#038;cclcl=en_CA\" target=\"_blank\">\n                                        Achetez                                    <\/a>\n                                                            <\/div>\n                        <\/li>\n                                                                                <li>\n                                                                                                <div class=\"market-ic\"><a href=\"https:\/\/shop.messer-ca.com\/shop\/ccrz__ProductList?categoryId=a250a000002k3uAAAQ&#038;cclcl=en_CA\"><img decoding=\"async\" src=\"https:\/\/messer-ca.com\/wp-content\/uploads\/2019\/08\/spray.jpg\" alt=\"Air gun spraying metal surface\"><\/a><\/div>\n                                                                                         <div class=\"market-text-block\">\n                                                                    <h3>\n                                                                                    <a href=\"https:\/\/shop.messer-ca.com\/shop\/ccrz__ProductList?categoryId=a250a000002k3uAAAQ&#038;cclcl=en_CA\">Pr\u00e9paration du m\u00e9tal<\/a>\n                                                                            <\/h3>\n                                                                                                    <p>Les produits chimiques de soudage et les produits de traitement des m\u00e9taux de Messer comprennent une gamme de sprays anti-projections, de gels de d\u00e9capage et de solutions de d\u00e9tection des d\u00e9fauts. <\/p>\n                                                                                                    <a href=\"https:\/\/shop.messer-ca.com\/shop\/ccrz__ProductList?categoryId=a250a000002k3uAAAQ&#038;cclcl=en_CA\">\n                                        Achetez                                    <\/a>\n                                                            <\/div>\n                        <\/li>\n                                                                                <li>\n                                                                                                <div class=\"market-ic\"><img decoding=\"async\" src=\"https:\/\/messer-ca.com\/wp-content\/uploads\/2019\/08\/automation.jpg\" alt=\"Robot automatic welder\"><\/div>\n                                                                                         <div class=\"market-text-block\">\n                                                                    <h3>\n                                                                                    Automatisation                                                                            <\/h3>\n                                                                                                    <p>Les sp\u00e9cialistes de la coupe de Messer suivent les tendances techniques et ont des ann\u00e9es d&#039;exp\u00e9rience pratique dans l&#039;installation, l&#039;utilisation et la maintenance d&#039;\u00e9quipements de d\u00e9coupe thermique. <\/p>\n                                                                                            <\/div>\n                        <\/li>\n                                                <\/ul>\n            <\/div>\n\n\n\n<div style=\"height:20px\" aria-hidden=\"true\" class=\"wp-block-spacer custom-right-separator\"><\/div>\n\n\n\t<div class=\"text-and-button-block text-center full-width\">\n\t\t<div class=\"container\">\n\t\t\t\t\t\t\t<div class=\"text\"><p><strong>Des questions?<\/strong> Demandez \u00e0 notre \u00e9quipe. Nous sommes l\u00e0 pour vous aider.<\/p>\n<\/div>\n\t\t\t\t\t\t\t\t\t\t\t\t\t\t\t<a class=\"btn-3\" href=\"https:\/\/messer-ca.com\/fr\/contact-support\/\"  target=\"_blank\">Contactez-nous<\/a>\n\t\t\t\t\t\t\t\t\t<\/div>\n\t<\/div>","protected":false},"excerpt":{"rendered":"<p>As a leading supplier in the industrial gases and equipment market we have a thorough understanding of our customers\u2019 requirements. This has allowed Messer to develop complete solutions, supplying high-quality industrial equipment and safety products across the nation.Our knowledge and capability makes us the ideal partner to provide our customers with products that meet the [&hellip;]<\/p>\n","protected":false},"author":5,"featured_media":44,"parent":1149,"menu_order":0,"comment_status":"closed","ping_status":"closed","template":"pages\/template-home.php","meta":{"_acf_changed":false,"content-type":"","om_disable_all_campaigns":false,"_exactmetrics_skip_tracking":false,"_exactmetrics_sitenote_active":false,"_exactmetrics_sitenote_note":"","_exactmetrics_sitenote_category":0,"_monsterinsights_skip_tracking":false,"_monsterinsights_sitenote_active":false,"_monsterinsights_sitenote_note":"","_monsterinsights_sitenote_category":0,"footnotes":""},"class_list":["post-680","page","type-page","status-publish","has-post-thumbnail","hentry"],"acf":[],"_links":{"self":[{"href":"https:\/\/messer-ca.com\/fr\/wp-json\/wp\/v2\/pages\/680","targetHints":{"allow":["GET"]}}],"collection":[{"href":"https:\/\/messer-ca.com\/fr\/wp-json\/wp\/v2\/pages"}],"about":[{"href":"https:\/\/messer-ca.com\/fr\/wp-json\/wp\/v2\/types\/page"}],"author":[{"embeddable":true,"href":"https:\/\/messer-ca.com\/fr\/wp-json\/wp\/v2\/users\/5"}],"replies":[{"embeddable":true,"href":"https:\/\/messer-ca.com\/fr\/wp-json\/wp\/v2\/comments?post=680"}],"version-history":[{"count":0,"href":"https:\/\/messer-ca.com\/fr\/wp-json\/wp\/v2\/pages\/680\/revisions"}],"up":[{"embeddable":true,"href":"https:\/\/messer-ca.com\/fr\/wp-json\/wp\/v2\/pages\/1149"}],"wp:featuredmedia":[{"embeddable":true,"href":"https:\/\/messer-ca.com\/fr\/wp-json\/wp\/v2\/media\/44"}],"wp:attachment":[{"href":"https:\/\/messer-ca.com\/fr\/wp-json\/wp\/v2\/media?parent=680"}],"curies":[{"name":"wp","href":"https:\/\/api.w.org\/{rel}","templated":true}]}}