{"id":69,"date":"2019-08-21T10:10:07","date_gmt":"2019-08-21T10:10:07","guid":{"rendered":"http:\/\/messer-ca.com\/?page_id=69"},"modified":"2023-06-05T15:32:06","modified_gmt":"2023-06-05T15:32:06","slug":"industries","status":"publish","type":"page","link":"https:\/\/messer-ca.com\/fr\/industries\/","title":{"rendered":"Industries"},"content":{"rendered":"<div class=\"info-block-2 text-center full-width\">\n    \t<img decoding=\"async\" src=\"https:\/\/messer-ca.com\/wp-content\/themes\/messercanada\/images\/grey.png\" alt=\"\">\n    \t<div class=\"container min-container\">\n    \t\t<div class=\"info-block-2-text style-large\">Des solutions leaders sur le march\u00e9 pour les soins de sant\u00e9, les aliments et boissons, le p\u00e9trole et le gaz, les m\u00e9taux, l&#039;\u00e9lectronique et plus<\/div>\n    \t<\/div>\n    <\/div>\n\n\n    <div class=\"margin--15\">\n        <div class=\"min-container container text-and-image-block\">\n            <div class=\"image\">\n                                    <img decoding=\"async\" src=\"https:\/\/messer-ca.com\/wp-content\/uploads\/2019\/08\/323.jpg\" alt=\"Technician inspecting gas lines\">\n                            <\/div>\n            <div class=\"text\">\n                                    <p>Que votre travail concerne des appareils IRM, la r\u00e9cup\u00e9ration de p\u00e9trole et de gaz ou des sandwichs \u00e0 la cr\u00e8me glac\u00e9e, il est pratiquement garanti que les gaz industriels occupent une place essentielle dans votre entreprise. <\/p>\n<p>C&#039;est l\u00e0 que nous intervenons <\/p>\n<p>Messer est l&#039;un des fournisseurs les plus importants, les plus innovants et les plus exp\u00e9riment\u00e9s au monde en gaz industriels, \u00e9quipements et savoir-faire. Nous avons aid\u00e9 d&#039;innombrables clients \u00e0 optimiser leurs lignes de production et \u00e0 atteindre de nouveaux niveaux de qualit\u00e9, de s\u00e9curit\u00e9, d&#039;efficacit\u00e9 et de responsabilit\u00e9 \u00e9cologique. <\/p>\n<p><strong>Laissez-nous vous aider \u00e0 innover de nouvelles fa\u00e7ons de transformer votre vision de demain en plans concrets pour aujourd&#039;hui.<\/strong><\/p>\n                            <\/div>\n        <\/div>\n    <\/div>\n\n\n    <div class=\"markets\">\n                    <div class=\"text-center\">\n                <h2 class=\"bordered-title\">Les march\u00e9s<\/h2>\n            <\/div>\n        \n                    <ul class=\"listreset markets-list\">\n                                                            <li>\n                                                                                                <div class=\"market-ic\"><a href=\"https:\/\/messer-ca.com\/fr\/industries\/chemical\/\"><img decoding=\"async\" src=\"https:\/\/messer-ca.com\/wp-content\/uploads\/2019\/08\/icon_chemicals-specialties-300x300.png\" alt=\"\"><\/a><\/div>\n                                                                                         <div class=\"market-text-block\">\n                                                                    <h3>\n                                                                                    <a href=\"https:\/\/messer-ca.com\/fr\/industries\/chemical\/\">Chimie<\/a>\n                                                                            <\/h3>\n                                                                                                    <p>Gaz de base et en vrac pour tous les secteurs de l&#039;industrie, de la p\u00e9trochimie \u00e0 la plasturgie en passant par le chlore-alcali et la biopharmacie<\/p>\n                                                                                                    <a href=\"https:\/\/messer-ca.com\/fr\/industries\/chemical\/\">\n                                        En savoir plus                                    <\/a>\n                                                            <\/div>\n                        <\/li>\n                                                                                <li>\n                                                                                                <div class=\"market-ic\"><a href=\"http:\/\/messer-ca.com\/fr\/industries\/electronics\/\"><img decoding=\"async\" src=\"https:\/\/messer-ca.com\/wp-content\/uploads\/2019\/08\/icon_electronics-300x300.png\" alt=\"\"><\/a><\/div>\n                                                                                         <div class=\"market-text-block\">\n                                                                    <h3>\n                                                                                    <a href=\"http:\/\/messer-ca.com\/fr\/industries\/electronics\/\">\u00c9lectronique<\/a>\n                                                                            <\/h3>\n                                                                                                    <p>Gaz sp\u00e9ciaux de qualit\u00e9 \u00e9lectronique, n\u00e9on, argon, h\u00e9lium, etc., ainsi que conception et installation de syst\u00e8mes \u00e0 gaz, de postes de ravitaillement en carburant et de transbordements<\/p>\n                                                                                                    <a href=\"http:\/\/messer-ca.com\/fr\/industries\/electronics\/\">\n                                        En savoir plus                                    <\/a>\n                                                            <\/div>\n                        <\/li>\n                                                                                <li>\n                                                                                                <div class=\"market-ic\"><a href=\"http:\/\/messer-ca.com\/fr\/industries\/environmental\/\"><img decoding=\"async\" src=\"https:\/\/messer-ca.com\/wp-content\/uploads\/2019\/08\/icon_environmental-300x300.png\" alt=\"\"><\/a><\/div>\n                                                                                         <div class=\"market-text-block\">\n                                                                    <h3>\n                                                                                    <a href=\"http:\/\/messer-ca.com\/fr\/industries\/environmental\/\">Environnement<\/a>\n                                                                            <\/h3>\n                                                                                                    <p>Gaz et technologies pour la surveillance, l&#039;analyse et le nettoyage pr\u00e9cis de l&#039;air, de l&#039;eau potable et des eaux us\u00e9es<\/p>\n                                                                                                    <a href=\"http:\/\/messer-ca.com\/fr\/industries\/environmental\/\">\n                                        En savoir plus                                    <\/a>\n                                                            <\/div>\n                        <\/li>\n                                                                                <li>\n                                                                                                <div class=\"market-ic\"><a href=\"http:\/\/messer-ca.com\/fr\/industries\/food-and-beverage\/\"><img decoding=\"async\" src=\"https:\/\/messer-ca.com\/wp-content\/uploads\/2019\/08\/icon_food-and-beverage-300x300.png\" alt=\"\"><\/a><\/div>\n                                                                                         <div class=\"market-text-block\">\n                                                                    <h3>\n                                                                                    <a href=\"http:\/\/messer-ca.com\/fr\/industries\/food-and-beverage\/\">Nourriture et boisson<\/a>\n                                                                            <\/h3>\n                                                                                                    <p>Expertise et \u00e9quipements pour les gaz de qualit\u00e9 alimentaire et les proc\u00e9d\u00e9s de cong\u00e9lation et de refroidissement cryog\u00e9niques afin de maximiser la coh\u00e9rence, la fra\u00eecheur et l&#039;efficacit\u00e9<\/p>\n                                                                                                    <a href=\"http:\/\/messer-ca.com\/fr\/industries\/food-and-beverage\/\">\n                                        En savoir plus                                    <\/a>\n                                                            <\/div>\n                        <\/li>\n                                                                                <li>\n                                                                                                <div class=\"market-ic\"><a href=\"http:\/\/messer-ca.com\/fr\/industries\/glass-and-minerals\/\"><img decoding=\"async\" src=\"https:\/\/messer-ca.com\/wp-content\/uploads\/2019\/08\/icon_glass-minerals-300x300.png\" alt=\"\"><\/a><\/div>\n                                                                                         <div class=\"market-text-block\">\n                                                                    <h3>\n                                                                                    <a href=\"http:\/\/messer-ca.com\/fr\/industries\/glass-and-minerals\/\">Verre et min\u00e9raux<\/a>\n                                                                            <\/h3>\n                                                                                                    <p>Gaz et applications sp\u00e9cialement adapt\u00e9s \u00e0 l&#039;isolation en verre plat et conteneur, en fibre et en verre (par exemple, les br\u00fbleurs avanc\u00e9s OXIPYR\u2122 et l&#039;inertage au bain d&#039;\u00e9tain)<\/p>\n                                                                                                    <a href=\"http:\/\/messer-ca.com\/fr\/industries\/glass-and-minerals\/\">\n                                        En savoir plus                                    <\/a>\n                                                            <\/div>\n                        <\/li>\n                                                                                <li>\n                                                                                                <div class=\"market-ic\"><a href=\"http:\/\/messer-ca.com\/fr\/industries\/healthcare\/\"><img decoding=\"async\" src=\"https:\/\/messer-ca.com\/wp-content\/uploads\/2019\/08\/icon_healthcare-including-gases-300x300.png\" alt=\"\"><\/a><\/div>\n                                                                                         <div class=\"market-text-block\">\n                                                                    <h3>\n                                                                                    <a href=\"http:\/\/messer-ca.com\/fr\/industries\/healthcare\/\">Soins de sant\u00e9<\/a>\n                                                                            <\/h3>\n                                                                                                    <p>L&#039;oxyg\u00e8ne pour les h\u00f4pitaux, l&#039;h\u00e9lium pour les IRM et les lasers excim\u00e8res pour la vision ne sont que quelques-uns des produits et services que nous proposons dans le secteur de la sant\u00e9.<\/p>\n                                                                                                    <a href=\"http:\/\/messer-ca.com\/fr\/industries\/healthcare\/\">\n                                        En savoir plus                                    <\/a>\n                                                            <\/div>\n                        <\/li>\n                                                                                <li>\n                                                                                                <div class=\"market-ic\"><a href=\"http:\/\/messer-ca.com\/fr\/industries\/manufacturing-industrial-processes\/\"><img decoding=\"async\" src=\"https:\/\/messer-ca.com\/wp-content\/uploads\/2019\/08\/icon_manufacturing-300x300.png\" alt=\"\"><\/a><\/div>\n                                                                                         <div class=\"market-text-block\">\n                                                                    <h3>\n                                                                                    <a href=\"http:\/\/messer-ca.com\/fr\/industries\/manufacturing-industrial-processes\/\">Proc\u00e9d\u00e9s de fabrication et industriels<\/a>\n                                                                            <\/h3>\n                                                                                                    <p>Gaz, m\u00e9langes et \u00e9quipements de b\u00e2timent sous pression pour le soudage et le d\u00e9coupage au laser, l&#039;utilisation de gaz inerte, la pulv\u00e9risation thermique et la fusion<\/p>\n                                                                                                    <a href=\"http:\/\/messer-ca.com\/fr\/industries\/manufacturing-industrial-processes\/\">\n                                        En savoir plus                                    <\/a>\n                                                            <\/div>\n                        <\/li>\n                                                                                <li>\n                                                                                                <div class=\"market-ic\"><a href=\"http:\/\/messer-ca.com\/fr\/industries\/metals\/\"><img decoding=\"async\" src=\"https:\/\/messer-ca.com\/wp-content\/uploads\/2019\/08\/icon_metals-300x300.png\" alt=\"\"><\/a><\/div>\n                                                                                         <div class=\"market-text-block\">\n                                                                    <h3>\n                                                                                    <a href=\"http:\/\/messer-ca.com\/fr\/industries\/metals\/\">M\u00e9taux<\/a>\n                                                                            <\/h3>\n                                                                                                    <p>Gaz et applications sp\u00e9cialement adapt\u00e9es aux proc\u00e9d\u00e9s de traitement thermique, de fabrication additive, de combustion, de fusion, de forgeage et de coul\u00e9e <\/p>\n                                                                                                    <a href=\"http:\/\/messer-ca.com\/fr\/industries\/metals\/\">\n                                        En savoir plus                                    <\/a>\n                                                            <\/div>\n                        <\/li>\n                                                                                <li>\n                                                                                                <div class=\"market-ic\"><a href=\"http:\/\/messer-ca.com\/fr\/industries\/oil-and-gas\/\"><img decoding=\"async\" src=\"https:\/\/messer-ca.com\/wp-content\/uploads\/2019\/08\/icon_oil-and-gas-300x300.png\" alt=\"\"><\/a><\/div>\n                                                                                         <div class=\"market-text-block\">\n                                                                    <h3>\n                                                                                    <a href=\"http:\/\/messer-ca.com\/fr\/industries\/oil-and-gas\/\">P\u00e9trole et gaz<\/a>\n                                                                            <\/h3>\n                                                                                                    <p>Technologies de livraison, de stockage et de r\u00e9cup\u00e9ration en amont am\u00e9lior\u00e9e configur\u00e9es sur mesure. Messer propose des solutions techno-\u00e9conomiques de pointe pour un puits sp\u00e9cifique, ainsi que des technologies brevet\u00e9es et \u00e9prouv\u00e9es pour le raffinage en aval.<\/p>\n                                                                                                    <a href=\"http:\/\/messer-ca.com\/fr\/industries\/oil-and-gas\/\">\n                                        En savoir plus                                    <\/a>\n                                                            <\/div>\n                        <\/li>\n                                                <\/ul>\n            <\/div>\n\n\n\t<div class=\"text-and-button-block text-center full-width\">\n\t\t<div class=\"container\">\n\t\t\t\t\t\t\t<div class=\"text\"><p><strong>Des questions?<\/strong> Demandez \u00e0 notre \u00e9quipe. Nous sommes l\u00e0 pour vous aider.<\/p>\n<\/div>\n\t\t\t\t\t\t\t\t\t\t\t\t\t\t\t<a class=\"btn-3\" href=\"https:\/\/messer-ca.com\/fr\/contact-support\/\"  target=\"_self\">Contactez-nous<\/a>\n\t\t\t\t\t\t\t\t\t<\/div>\n\t<\/div>","protected":false},"excerpt":{"rendered":"","protected":false},"author":5,"featured_media":0,"parent":0,"menu_order":0,"comment_status":"closed","ping_status":"closed","template":"pages\/template-home.php","meta":{"_acf_changed":false,"content-type":"","om_disable_all_campaigns":false,"_exactmetrics_skip_tracking":false,"_exactmetrics_sitenote_active":false,"_exactmetrics_sitenote_note":"","_exactmetrics_sitenote_category":0,"_monsterinsights_skip_tracking":false,"_monsterinsights_sitenote_active":false,"_monsterinsights_sitenote_note":"","_monsterinsights_sitenote_category":0,"footnotes":""},"class_list":["post-69","page","type-page","status-publish","hentry"],"acf":[],"_links":{"self":[{"href":"https:\/\/messer-ca.com\/fr\/wp-json\/wp\/v2\/pages\/69","targetHints":{"allow":["GET"]}}],"collection":[{"href":"https:\/\/messer-ca.com\/fr\/wp-json\/wp\/v2\/pages"}],"about":[{"href":"https:\/\/messer-ca.com\/fr\/wp-json\/wp\/v2\/types\/page"}],"author":[{"embeddable":true,"href":"https:\/\/messer-ca.com\/fr\/wp-json\/wp\/v2\/users\/5"}],"replies":[{"embeddable":true,"href":"https:\/\/messer-ca.com\/fr\/wp-json\/wp\/v2\/comments?post=69"}],"version-history":[{"count":0,"href":"https:\/\/messer-ca.com\/fr\/wp-json\/wp\/v2\/pages\/69\/revisions"}],"wp:attachment":[{"href":"https:\/\/messer-ca.com\/fr\/wp-json\/wp\/v2\/media?parent=69"}],"curies":[{"name":"wp","href":"https:\/\/api.w.org\/{rel}","templated":true}]}}