{"id":703,"date":"2019-08-27T20:09:55","date_gmt":"2019-08-27T20:09:55","guid":{"rendered":"http:\/\/messer-ca.com\/?page_id=703"},"modified":"2023-09-06T14:01:49","modified_gmt":"2023-09-06T14:01:49","slug":"specialty-gases","status":"publish","type":"page","link":"https:\/\/messer-ca.com\/fr\/products\/specialty-gases\/","title":{"rendered":"Gaz sp\u00e9ciaux"},"content":{"rendered":"<div class=\"info-block-2 text-center full-width\">\n    \t<img decoding=\"async\" src=\"https:\/\/messer-ca.com\/wp-content\/themes\/messercanada\/images\/grey.png\" alt=\"\">\n    \t<div class=\"container min-container\">\n    \t\t<div class=\"info-block-2-text style-large\">Notre r\u00f4le est de nous assurer que le gaz ou le m\u00e9lange gazeux que vous utilisez constitue la meilleure solution pour votre application.<\/div>\n    \t<\/div>\n    <\/div>\n\n\n<p>Chez Messer, nous sommes fiers de nos comp\u00e9tences en gaz sp\u00e9ciaux et de notre capacit\u00e9 de production pour r\u00e9pondre et d\u00e9passer la plupart des demandes des clients. Une vari\u00e9t\u00e9 de tailles de bouteilles nous permet de r\u00e9pondre \u00e0 tout, des demandes de processus importantes aux plus petits lots de gaz purs et de m\u00e9langes sur mesure.<\/p>\n<p>Des techniques de production avanc\u00e9es nous permettent de vous fournir des gaz sp\u00e9ciaux qui r\u00e9pondent aux normes les plus \u00e9lev\u00e9es de pr\u00e9cision et de puret\u00e9. Nos installations de production de gaz sp\u00e9ciaux travaillent en coop\u00e9ration avec les centres techniques du groupe Messer sur le d\u00e9veloppement de nouveaux produits et les tests analytiques.<\/p>\n<p>Il est de notre devoir de garantir que le gaz pur ou le m\u00e9lange que vous utilisez constitue la meilleure solution pour votre application. Parfois, ce n\u2019est pas seulement la puret\u00e9 qui compte, mais aussi le degr\u00e9 d\u2019impuret\u00e9 qui fait la diff\u00e9rence : deux gaz de puret\u00e9 nominalement identique n\u2019ont pas n\u00e9cessairement le m\u00eame effet. C&#039;est la puret\u00e9 ou l&#039;exactitude la plus appropri\u00e9e qui est importante.<\/p>\n<p>Les gaz ultra-haute puret\u00e9 de Messer, ses m\u00e9langes de gaz sp\u00e9cialis\u00e9s et une vaste gamme d'\u00e9quipements de contr\u00f4le sp\u00e9cialis\u00e9s li\u00e9s aux gaz jouent un r\u00f4le crucial dans la qualit\u00e9 et la fabrication de produits dans tous les types d'industries. Contactez notre \u00e9quipe de vente et de service \u00e0 la client\u00e8le d\u00e9di\u00e9e pour obtenir des conseils d\u2019experts sur les besoins techniques et de s\u00e9curit\u00e9 de la communaut\u00e9 scientifique.<\/p>\n\n\n<div style=\"height:20px\" aria-hidden=\"true\" class=\"wp-block-spacer custom-left-separator\"><\/div>\n\n\n    <div class=\"markets\">\n        \n                   <ul class=\"listreset markets-list solutions-list\">\n                                                            <li>\n                                                                                                <div class=\"market-ic\"><a href=\"https:\/\/messer-ca.com\/wp-content\/uploads\/catalog\/specialty2022\/\"><img decoding=\"async\" src=\"https:\/\/messer-ca.com\/wp-content\/uploads\/2022\/06\/catalog-specialty-fren-300x269.jpg\" alt=\"\"><\/a><\/div>\n                                                                                         <div class=\"market-text-block\">\n                                                                    <h3>\n                                                                                    <a href=\"https:\/\/messer-ca.com\/wp-content\/uploads\/catalog\/specialty2022\/\">Catalogue de gaz sp\u00e9ciaux<\/a>\n                                                                            <\/h3>\n                                                                                                    <p>Parcourez notre catalogue complet de gaz sp\u00e9ciaux en ligne.<\/p>\n                                                                                                    <a href=\"https:\/\/messer-ca.com\/wp-content\/uploads\/catalog\/specialty2022\/\">\n                                        Parcourir le catalogue                                    <\/a>\n                                                            <\/div>\n                        <\/li>\n                                                                                <li>\n                                                                                                <div class=\"market-ic\"><a href=\"https:\/\/messer-ca.com\/wp-content\/uploads\/catalog\/lab\/fr\/\"><img decoding=\"async\" src=\"https:\/\/messer-ca.com\/wp-content\/uploads\/2022\/05\/catalog-alb-en-300x269.jpg\" alt=\"\"><\/a><\/div>\n                                                                                         <div class=\"market-text-block\">\n                                                                    <h3>\n                                                                                    <a href=\"https:\/\/messer-ca.com\/wp-content\/uploads\/catalog\/lab\/fr\/\">Catalogue d&#039;\u00e9quipements de laboratoire<\/a>\n                                                                            <\/h3>\n                                                                                                    <p>Parcourez notre catalogue complet de gaz sp\u00e9ciaux et d&#039;\u00e9quipements pour les laboratoires.<\/p>\n                                                                                                    <a href=\"https:\/\/messer-ca.com\/wp-content\/uploads\/catalog\/lab\/fr\/\">\n                                        Parcourir le catalogue                                    <\/a>\n                                                            <\/div>\n                        <\/li>\n                                                                                <li>\n                                                                                                <div class=\"market-ic\"><a href=\"http:\/\/messer-ca.com\/fr\/products\/specialty-gases\/high-purity-gases\/\"><img decoding=\"async\" src=\"https:\/\/messer-ca.com\/wp-content\/uploads\/2019\/08\/messer-distribution-methods-300x281.jpg\" alt=\"Messer gas transport truck\"><\/a><\/div>\n                                                                                         <div class=\"market-text-block\">\n                                                                    <h3>\n                                                                                    <a href=\"http:\/\/messer-ca.com\/fr\/products\/specialty-gases\/high-purity-gases\/\">Gaz de haute puret\u00e9<\/a>\n                                                                            <\/h3>\n                                                                                                    <p>Une surveillance en continu au moyen de diverses proc\u00e9dures analytiques permet d\u2019assurer que les gaz purs que vous recevez r\u00e9pondent \u00e0 vos exigences.  <\/p>\n                                                                                                    <a href=\"http:\/\/messer-ca.com\/fr\/products\/specialty-gases\/high-purity-gases\/\">\n                                        En savoir plus                                    <\/a>\n                                                            <\/div>\n                        <\/li>\n                                                <\/ul>\n            <\/div>\n\n\n\n<div style=\"height:20px\" aria-hidden=\"true\" class=\"wp-block-spacer custom-right-separator\"><\/div>\n\n\n\t<div class=\"text-and-button-block text-center full-width\">\n\t\t<div class=\"container\">\n\t\t\t\t\t\t\t<div class=\"text\"><p><strong>Des questions?<\/strong> Demandez \u00e0 notre \u00e9quipe. Nous sommes l\u00e0 pour vous aider.<\/p>\n<\/div>\n\t\t\t\t\t\t\t\t\t\t\t\t\t\t\t<a class=\"btn-3\" href=\"https:\/\/messer-ca.com\/fr\/contact-support\/\"  target=\"_blank\">Contactez-nous<\/a>\n\t\t\t\t\t\t\t\t\t<\/div>\n\t<\/div>","protected":false},"excerpt":{"rendered":"<p>At Messer we are proud of our Specialty Gas competence and production capability to match and surpass most customer demands. \u00a0 A variety of cylinder sizes allows us to fulfill everything from large process demands to the smallest batches of pure gases and custom-made mixtures. Advanced production techniques enable us to supply you with Specialty [&hellip;]<\/p>\n","protected":false},"author":5,"featured_media":10,"parent":1149,"menu_order":0,"comment_status":"closed","ping_status":"closed","template":"pages\/template-home.php","meta":{"_acf_changed":false,"content-type":"","om_disable_all_campaigns":false,"_exactmetrics_skip_tracking":false,"_exactmetrics_sitenote_active":false,"_exactmetrics_sitenote_note":"","_exactmetrics_sitenote_category":0,"_monsterinsights_skip_tracking":false,"_monsterinsights_sitenote_active":false,"_monsterinsights_sitenote_note":"","_monsterinsights_sitenote_category":0,"footnotes":""},"class_list":["post-703","page","type-page","status-publish","has-post-thumbnail","hentry"],"acf":[],"_links":{"self":[{"href":"https:\/\/messer-ca.com\/fr\/wp-json\/wp\/v2\/pages\/703","targetHints":{"allow":["GET"]}}],"collection":[{"href":"https:\/\/messer-ca.com\/fr\/wp-json\/wp\/v2\/pages"}],"about":[{"href":"https:\/\/messer-ca.com\/fr\/wp-json\/wp\/v2\/types\/page"}],"author":[{"embeddable":true,"href":"https:\/\/messer-ca.com\/fr\/wp-json\/wp\/v2\/users\/5"}],"replies":[{"embeddable":true,"href":"https:\/\/messer-ca.com\/fr\/wp-json\/wp\/v2\/comments?post=703"}],"version-history":[{"count":0,"href":"https:\/\/messer-ca.com\/fr\/wp-json\/wp\/v2\/pages\/703\/revisions"}],"up":[{"embeddable":true,"href":"https:\/\/messer-ca.com\/fr\/wp-json\/wp\/v2\/pages\/1149"}],"wp:featuredmedia":[{"embeddable":true,"href":"https:\/\/messer-ca.com\/fr\/wp-json\/wp\/v2\/media\/10"}],"wp:attachment":[{"href":"https:\/\/messer-ca.com\/fr\/wp-json\/wp\/v2\/media?parent=703"}],"curies":[{"name":"wp","href":"https:\/\/api.w.org\/{rel}","templated":true}]}}