{"id":71,"date":"2019-08-21T10:12:38","date_gmt":"2019-08-21T10:12:38","guid":{"rendered":"http:\/\/messer-ca.com\/?page_id=71"},"modified":"2019-08-28T21:30:27","modified_gmt":"2019-08-28T21:30:27","slug":"technology-solutions","status":"publish","type":"page","link":"https:\/\/messer-ca.com\/fr\/technology-solutions\/","title":{"rendered":"Solutions technologiques"},"content":{"rendered":"<div class=\"info-block-2 text-center full-width\">\n    \t<img decoding=\"async\" src=\"https:\/\/messer-ca.com\/wp-content\/themes\/messercanada\/images\/grey.png\" alt=\"\">\n    \t<div class=\"container min-container\">\n    \t\t<div class=\"info-block-2-text style-large\">Messer - Des gaz pour la vie: des solutions fiables <br \/>\r\npour chaque processus, du refroidissement des aliments et<br \/>\r\ncong\u00e9lation \u00e0 cryocondensation<\/div>\n    \t<\/div>\n    <\/div>\n\n\n    <div class=\"margin--15\">\n        <div class=\"min-container container text-and-image-block\">\n            <div class=\"image\">\n                                    <img decoding=\"async\" src=\"https:\/\/messer-ca.com\/wp-content\/uploads\/2019\/08\/messer-technology-solutions.jpg\" alt=\"gas pipeline\">\n                            <\/div>\n            <div class=\"text\">\n                                    <p>Les gaz industriels sont essentiels \u00e0 une vaste gamme de processus quotidiens, de la fabrication additive \u00e0 la pr\u00e9paration des aliments, en passant par l&#039;analyse environnementale - et chaque utilisateur a ses propres besoins. <\/p>\n<p>Aucun probl\u00e8me.  <\/p>\n<p>Quels que soient votre cas d&#039;utilisation ou votre d\u00e9fi, quels que soient le volume, la puret\u00e9, la composition du gaz dont vous avez besoin ou la mani\u00e8re dont vous en fournissez, Messer dispose de la technologie, du produit et de l&#039;expertise pour vous fournir la solution sp\u00e9cifique que vous souhaitez, besoin et que vous m\u00e9ritez.<\/p>\n<p><strong>Laissez-nous vous aider \u00e0 optimiser les processus, \u00e0 r\u00e9duire les co\u00fbts et \u00e0 am\u00e9liorer la s\u00e9curit\u00e9 et la durabilit\u00e9.<\/strong><\/p>\n                            <\/div>\n        <\/div>\n    <\/div>\n\n\n    <div class=\"markets\">\n                    <div class=\"text-center\">\n                <h2 class=\"bordered-title\">Solutions<\/h2>\n            <\/div>\n        \n                   <ul class=\"listreset markets-list solutions-list\">\n                                                            <li>\n                                                                                                <div class=\"market-ic\"><a href=\"http:\/\/messer-ca.com\/fr\/technology-solutions\/additive-manufacturing\/\"><img decoding=\"async\" src=\"https:\/\/messer-ca.com\/wp-content\/uploads\/2019\/08\/additive-manufacturing.jpg\" alt=\"\"><\/a><\/div>\n                                                                                         <div class=\"market-text-block\">\n                                                                    <h3>\n                                                                                    <a href=\"http:\/\/messer-ca.com\/fr\/technology-solutions\/additive-manufacturing\/\">La fabrication additive<\/a>\n                                                                            <\/h3>\n                                                                                                    <p>Cr\u00e9ez vos meilleurs produits en commen\u00e7ant par les meilleurs mat\u00e9riaux, y compris des gaz de premi\u00e8re classe, des \u00e9quipements et le savoir-faire de Messer.<\/p>\n                                                                                                    <a href=\"http:\/\/messer-ca.com\/fr\/technology-solutions\/additive-manufacturing\/\">\n                                        En savoir plus                                    <\/a>\n                                                            <\/div>\n                        <\/li>\n                                                                                <li>\n                                                                                                <div class=\"market-ic\"><a href=\"http:\/\/messer-ca.com\/fr\/technology-solutions\/environmental\/\"><img decoding=\"async\" src=\"https:\/\/messer-ca.com\/wp-content\/uploads\/2019\/08\/environmental.jpg\" alt=\"water treatment facility\"><\/a><\/div>\n                                                                                         <div class=\"market-text-block\">\n                                                                    <h3>\n                                                                                    <a href=\"http:\/\/messer-ca.com\/fr\/technology-solutions\/environmental\/\">Environnement<\/a>\n                                                                            <\/h3>\n                                                                                                    <p>Technologies pour la surveillance, l&#039;analyse et la gestion efficaces de la qualit\u00e9 de l&#039;air, de l&#039;eau et des eaux us\u00e9es.<\/p>\n                                                                                                    <a href=\"http:\/\/messer-ca.com\/fr\/technology-solutions\/environmental\/\">\n                                        En savoir plus                                    <\/a>\n                                                            <\/div>\n                        <\/li>\n                                                                                <li>\n                                                                                                <div class=\"market-ic\"><a href=\"http:\/\/messer-ca.com\/fr\/technology-solutions\/food-chilling\/\"><img decoding=\"async\" src=\"https:\/\/messer-ca.com\/wp-content\/uploads\/2019\/08\/food-chilling.jpg\" alt=\"fish on ice\"><\/a><\/div>\n                                                                                         <div class=\"market-text-block\">\n                                                                    <h3>\n                                                                                    <a href=\"http:\/\/messer-ca.com\/fr\/technology-solutions\/food-chilling\/\">Refroidissement des aliments<\/a>\n                                                                            <\/h3>\n                                                                                                    <p>Des syst\u00e8mes cryog\u00e9niques de pointe et des mises \u00e0 niveau pour am\u00e9liorer votre capacit\u00e9 de production de mani\u00e8re s\u00fbre et efficace.<\/p>\n                                                                                                    <a href=\"http:\/\/messer-ca.com\/fr\/technology-solutions\/food-chilling\/\">\n                                        En savoir plus                                    <\/a>\n                                                            <\/div>\n                        <\/li>\n                                                                                <li>\n                                                                                                <div class=\"market-ic\"><a href=\"http:\/\/messer-ca.com\/fr\/technology-solutions\/food-freezing\/\"><img decoding=\"async\" src=\"https:\/\/messer-ca.com\/wp-content\/uploads\/2019\/08\/food-freezing.jpg\" alt=\"vegetables frozen in ice\"><\/a><\/div>\n                                                                                         <div class=\"market-text-block\">\n                                                                    <h3>\n                                                                                    <a href=\"http:\/\/messer-ca.com\/fr\/technology-solutions\/food-freezing\/\">Cong\u00e9lation alimentaire<\/a>\n                                                                            <\/h3>\n                                                                                                    <p>Des solutions leaders sur le march\u00e9 qui r\u00e9duisent les co\u00fbts et les pertes tout en am\u00e9liorant la qualit\u00e9, la productivit\u00e9 et le retour sur investissement.<\/p>\n                                                                                                    <a href=\"http:\/\/messer-ca.com\/fr\/technology-solutions\/food-freezing\/\">\n                                        En savoir plus                                    <\/a>\n                                                            <\/div>\n                        <\/li>\n                                                                                <li>\n                                                                                                <div class=\"market-ic\"><a href=\"http:\/\/messer-ca.com\/fr\/technology-solutions\/heat-treatment\/\"><img decoding=\"async\" src=\"https:\/\/messer-ca.com\/wp-content\/uploads\/2019\/08\/heat-treatment.jpg\" alt=\"\"><\/a><\/div>\n                                                                                         <div class=\"market-text-block\">\n                                                                    <h3>\n                                                                                    <a href=\"http:\/\/messer-ca.com\/fr\/technology-solutions\/heat-treatment\/\">Traitement thermique<\/a>\n                                                                            <\/h3>\n                                                                                                    <p>Des gaz de haute qualit\u00e9, une technologie et des conseils pour les traitements thermiques allant du recuit au frittage des m\u00e9taux en poudre.<\/p>\n                                                                                                    <a href=\"http:\/\/messer-ca.com\/fr\/technology-solutions\/heat-treatment\/\">\n                                        En savoir plus                                    <\/a>\n                                                            <\/div>\n                        <\/li>\n                                                                                <li>\n                                                                                                <div class=\"market-ic\"><a href=\"http:\/\/messer-ca.com\/fr\/technology-solutions\/enhanced-oil-recovery\/\"><img decoding=\"async\" src=\"https:\/\/messer-ca.com\/wp-content\/uploads\/2019\/08\/oil-and-gas-exploration.jpg\" alt=\"Oil rig\"><\/a><\/div>\n                                                                                         <div class=\"market-text-block\">\n                                                                    <h3>\n                                                                                    <a href=\"http:\/\/messer-ca.com\/fr\/technology-solutions\/enhanced-oil-recovery\/\">Exploration et production de p\u00e9trole et de gaz <\/a>\n                                                                            <\/h3>\n                                                                                                    <p>Technologies permettant de faire progresser l&#039;exploration et la production de p\u00e9trole et de gaz, de soutenir les efforts de r\u00e9cup\u00e9ration assist\u00e9e du p\u00e9trole et de maximiser votre r\u00e9cup\u00e9ration ultime attendue (en EUR).<\/p>\n                                                                                                    <a href=\"http:\/\/messer-ca.com\/fr\/technology-solutions\/enhanced-oil-recovery\/\">\n                                        En savoir plus                                    <\/a>\n                                                            <\/div>\n                        <\/li>\n                                                                                <li>\n                                                                                                <div class=\"market-ic\"><a href=\"http:\/\/messer-ca.com\/fr\/technology-solutions\/oxygen-recycling-for-ozone-production\/\"><img decoding=\"async\" src=\"https:\/\/messer-ca.com\/wp-content\/uploads\/2019\/08\/ozone-recycling.jpg\" alt=\"ozone containment tank\"><\/a><\/div>\n                                                                                         <div class=\"market-text-block\">\n                                                                    <h3>\n                                                                                    <a href=\"http:\/\/messer-ca.com\/fr\/technology-solutions\/oxygen-recycling-for-ozone-production\/\">Recyclage de l&#039;oxyg\u00e8ne pour la production d&#039;ozone<\/a>\n                                                                            <\/h3>\n                                                                                                    <p>R\u00e9cup\u00e9rez et r\u00e9introduisez jusqu&#039;\u00e0 60% d&#039;oxyg\u00e8ne non utilis\u00e9 avec notre syst\u00e8me brevet\u00e9 OxycycleTM, r\u00e9duisant les co\u00fbts et augmentant l&#039;efficacit\u00e9.<\/p>\n                                                                                                    <a href=\"http:\/\/messer-ca.com\/fr\/technology-solutions\/oxygen-recycling-for-ozone-production\/\">\n                                        En savoir plus                                    <\/a>\n                                                            <\/div>\n                        <\/li>\n                                                                                <li>\n                                                                                                <div class=\"market-ic\"><a href=\"http:\/\/messer-ca.com\/fr\/technology-solutions\/solvent-and-monomer-recovery\/\"><img decoding=\"async\" src=\"https:\/\/messer-ca.com\/wp-content\/uploads\/2019\/08\/solvent-monomer-recovery.jpg\" alt=\"Solvent recovery equipment\"><\/a><\/div>\n                                                                                         <div class=\"market-text-block\">\n                                                                    <h3>\n                                                                                    <a href=\"http:\/\/messer-ca.com\/fr\/technology-solutions\/solvent-and-monomer-recovery\/\">R\u00e9cup\u00e9ration de solvant et de monom\u00e8re<\/a>\n                                                                            <\/h3>\n                                                                                                    <p>Des solutions pour condenser, r\u00e9cup\u00e9rer et r\u00e9utiliser des produits de flux de ventilation pr\u00e9cieux.<\/p>\n                                                                                                    <a href=\"http:\/\/messer-ca.com\/fr\/technology-solutions\/solvent-and-monomer-recovery\/\">\n                                        En savoir plus                                    <\/a>\n                                                            <\/div>\n                        <\/li>\n                                                <\/ul>\n            <\/div>\n\n\n\t<div class=\"text-and-button-block text-center full-width\">\n\t\t<div class=\"container\">\n\t\t\t\t\t\t\t<div class=\"text\"><p><strong>Des questions sur les solutions de Messer?<\/strong> Nous sommes l\u00e0 pour vous aider.<\/p>\n<\/div>\n\t\t\t\t\t\t\t\t\t\t\t\t\t\t\t<a class=\"btn-3\" href=\"http:\/\/messer-ca.com\/fr\/contact-support\/\"  target=\"_self\">Demandez \u00e0 notre \u00e9quipe<\/a>\n\t\t\t\t\t\t\t\t\t<\/div>\n\t<\/div>","protected":false},"excerpt":{"rendered":"","protected":false},"author":5,"featured_media":0,"parent":0,"menu_order":0,"comment_status":"closed","ping_status":"closed","template":"pages\/template-home.php","meta":{"_acf_changed":false,"content-type":"","om_disable_all_campaigns":false,"_exactmetrics_skip_tracking":false,"_exactmetrics_sitenote_active":false,"_exactmetrics_sitenote_note":"","_exactmetrics_sitenote_category":0,"_monsterinsights_skip_tracking":false,"_monsterinsights_sitenote_active":false,"_monsterinsights_sitenote_note":"","_monsterinsights_sitenote_category":0,"footnotes":""},"class_list":["post-71","page","type-page","status-publish","hentry"],"acf":[],"_links":{"self":[{"href":"https:\/\/messer-ca.com\/fr\/wp-json\/wp\/v2\/pages\/71","targetHints":{"allow":["GET"]}}],"collection":[{"href":"https:\/\/messer-ca.com\/fr\/wp-json\/wp\/v2\/pages"}],"about":[{"href":"https:\/\/messer-ca.com\/fr\/wp-json\/wp\/v2\/types\/page"}],"author":[{"embeddable":true,"href":"https:\/\/messer-ca.com\/fr\/wp-json\/wp\/v2\/users\/5"}],"replies":[{"embeddable":true,"href":"https:\/\/messer-ca.com\/fr\/wp-json\/wp\/v2\/comments?post=71"}],"version-history":[{"count":0,"href":"https:\/\/messer-ca.com\/fr\/wp-json\/wp\/v2\/pages\/71\/revisions"}],"wp:attachment":[{"href":"https:\/\/messer-ca.com\/fr\/wp-json\/wp\/v2\/media?parent=71"}],"curies":[{"name":"wp","href":"https:\/\/api.w.org\/{rel}","templated":true}]}}