{"id":73,"date":"2019-08-21T10:13:43","date_gmt":"2019-08-21T10:13:43","guid":{"rendered":"http:\/\/messer-ca.com\/?page_id=73"},"modified":"2019-08-28T21:17:39","modified_gmt":"2019-08-28T21:17:39","slug":"safety-environment","status":"publish","type":"page","link":"https:\/\/messer-ca.com\/fr\/safety-environment\/","title":{"rendered":"S\u00e9curit\u00e9 et environnement"},"content":{"rendered":"<div style=\"height:100px\" aria-hidden=\"true\" class=\"wp-block-spacer\"><\/div>\n\n\n\n<p>Chez Messer, notre objectif est d&#039;\u00e9viter de causer des dommages \u00e0 l&#039;homme ou \u00e0 l&#039;environnement. Nous nous effor\u00e7ons continuellement d&#039;am\u00e9liorer la qualit\u00e9 et la s\u00e9curit\u00e9 de nos produits et services. La sant\u00e9 et la s\u00e9curit\u00e9 au travail de nos employ\u00e9s et la protection de l&#039;environnement en g\u00e9n\u00e9ral sont tout aussi importantes pour nous. Notre syst\u00e8me de gestion global int\u00e9gr\u00e9 nous aide \u00e0 atteindre ces objectifs en int\u00e9grant la sant\u00e9 et la s\u00e9curit\u00e9 dans nos activit\u00e9s quotidiennes.<br><\/p>\n\n\n\n<p>Notre culture proactive vous aide \u00e9galement \u00e0 assumer vos responsabilit\u00e9s l\u00e9gales et en mati\u00e8re de s\u00e9curit\u00e9. Nous proposons une assistance concr\u00e8te sous forme de directives pratiques, de mises \u00e0 jour l\u00e9gislatives, de fiches de donn\u00e9es de s\u00e9curit\u00e9, d&#039;audits de s\u00e9curit\u00e9 et de programmes de formation d\u00e9di\u00e9s.<\/p>\n\n\n\n<p>Toutes ces activit\u00e9s s&#039;inscrivent dans le cadre plus large de notre politique de responsabilit\u00e9 d&#039;entreprise, visant \u00e0 unifier les objectifs de valeur client et de d\u00e9veloppement durable.<\/p>\n\n\n\n<div style=\"height:33px\" aria-hidden=\"true\" class=\"wp-block-spacer\"><\/div>\n\n\n    <div class=\"markets\">\n        \n                   <ul class=\"listreset markets-list solutions-list\">\n                                                            <li>\n                                                                                                <div class=\"market-ic\"><a href=\"http:\/\/messer-ca.com\/fr\/safety-environment\/health-and-safety\/\"><img decoding=\"async\" src=\"https:\/\/messer-ca.com\/wp-content\/uploads\/2019\/08\/messer-health-safety-environment-300x281.jpg\" alt=\"Messer staff reviewing security checklist\"><\/a><\/div>\n                                                                                         <div class=\"market-text-block\">\n                                                                    <h3>\n                                                                                    <a href=\"http:\/\/messer-ca.com\/fr\/safety-environment\/health-and-safety\/\">Sant\u00e9 et s\u00e9curit\u00e9<\/a>\n                                                                            <\/h3>\n                                                                                                    <p>La sant\u00e9 et la s\u00e9curit\u00e9 au travail de nos employ\u00e9s et la protection de l&#039;environnement en g\u00e9n\u00e9ral sont tout aussi importantes pour nous. <\/p>\n                                                                                                    <a href=\"http:\/\/messer-ca.com\/fr\/safety-environment\/health-and-safety\/\">\n                                        En savoir plus                                    <\/a>\n                                                            <\/div>\n                        <\/li>\n                                                                                <li>\n                                                                                                <div class=\"market-ic\"><a href=\"http:\/\/messer-ca.com\/fr\/safety-environment\/environment\/\"><img decoding=\"async\" src=\"https:\/\/messer-ca.com\/wp-content\/uploads\/2019\/08\/environmental.jpg\" alt=\"water treatment facility\"><\/a><\/div>\n                                                                                         <div class=\"market-text-block\">\n                                                                    <h3>\n                                                                                    <a href=\"http:\/\/messer-ca.com\/fr\/safety-environment\/environment\/\">Environnement<\/a>\n                                                                            <\/h3>\n                                                                                                    <p>Non seulement nous cherchons activement \u00e0 r\u00e9duire l&#039;empreinte carbone de nos propres op\u00e9rations dans le monde entier, mais nous fournissons \u00e9galement des technologies et des gaz qui vous aident, vous, nos clients, \u00e0 r\u00e9duire, voire m\u00eame \u00e0 \u00e9liminer, les \u00e9missions dangereuses.<\/p>\n                                                                                                    <a href=\"http:\/\/messer-ca.com\/fr\/safety-environment\/environment\/\">\n                                        En savoir plus                                    <\/a>\n                                                            <\/div>\n                        <\/li>\n                                                                                <li>\n                                                                                                <div class=\"market-ic\"><a href=\"http:\/\/messer-ca.com\/fr\/safety-environment\/quality\/\"><img decoding=\"async\" src=\"https:\/\/messer-ca.com\/wp-content\/uploads\/2019\/08\/messer-distribution-methods-300x281.jpg\" alt=\"Messer gas transport truck\"><\/a><\/div>\n                                                                                         <div class=\"market-text-block\">\n                                                                    <h3>\n                                                                                    <a href=\"http:\/\/messer-ca.com\/fr\/safety-environment\/quality\/\">Qualit\u00e9<\/a>\n                                                                            <\/h3>\n                                                                                                    <p>L&#039;accr\u00e9ditation est une \u00e9valuation ind\u00e9pendante de la comp\u00e9tence d&#039;un laboratoire pour produire et \/ ou certifier des \u00e9chantillons ou des produits.<\/p>\n                                                                                                    <a href=\"http:\/\/messer-ca.com\/fr\/safety-environment\/quality\/\">\n                                        En savoir plus                                    <\/a>\n                                                            <\/div>\n                        <\/li>\n                                                                                <li>\n                                                                                                <div class=\"market-ic\"><a href=\"http:\/\/messer-ca.com\/fr\/safety-environment\/security-and-emergency-response\/\"><img decoding=\"async\" src=\"https:\/\/messer-ca.com\/wp-content\/uploads\/2019\/08\/323-300x281.jpg\" alt=\"Technician inspecting gas lines\"><\/a><\/div>\n                                                                                         <div class=\"market-text-block\">\n                                                                    <h3>\n                                                                                    <a href=\"http:\/\/messer-ca.com\/fr\/safety-environment\/security-and-emergency-response\/\">S\u00e9curit\u00e9 et intervention d&#039;urgence<\/a>\n                                                                            <\/h3>\n                                                                                                    <p>Messer a mis en place une \u00e9quipe d\u2019intervention d\u2019urgence pour att\u00e9nuer les probl\u00e8mes sur le site de nos clients. Tous les membres de l&#039;\u00e9quipe ont \u00e9t\u00e9 form\u00e9s conform\u00e9ment aux r\u00e9glementations OSHA.<\/p>\n                                                                                                    <a href=\"http:\/\/messer-ca.com\/fr\/safety-environment\/security-and-emergency-response\/\">\n                                        En savoir plus                                    <\/a>\n                                                            <\/div>\n                        <\/li>\n                                                <\/ul>\n            <\/div>\n\n\n\t<div class=\"text-and-button-block text-center full-width\">\n\t\t<div class=\"container\">\n\t\t\t\t\t\t\t<div class=\"text\"><p><strong>Vous avez des questions sur les gaz de Messer?<\/strong> Nous sommes l\u00e0 pour vous aider.<\/p>\n<\/div>\n\t\t\t\t\t\t\t\t\t\t\t\t\t\t\t<a class=\"btn-3\" href=\"http:\/\/messer-ca.com\/fr\/contact-support\/\"  target=\"_self\">Contactez le support<\/a>\n\t\t\t\t\t\t\t\t\t<\/div>\n\t<\/div>","protected":false},"excerpt":{"rendered":"<p>At Messer, our aim is to avoid causing any harm to people or the environment. We continually strive to improve the quality and safety of our products and services. The occupational health and safety of our employees and environmental protection in general are just as important to us. Our global, integrated management system helps us [&hellip;]<\/p>\n","protected":false},"author":5,"featured_media":11,"parent":0,"menu_order":0,"comment_status":"closed","ping_status":"closed","template":"pages\/template-home.php","meta":{"_acf_changed":false,"content-type":"","om_disable_all_campaigns":false,"_exactmetrics_skip_tracking":false,"_exactmetrics_sitenote_active":false,"_exactmetrics_sitenote_note":"","_exactmetrics_sitenote_category":0,"_monsterinsights_skip_tracking":false,"_monsterinsights_sitenote_active":false,"_monsterinsights_sitenote_note":"","_monsterinsights_sitenote_category":0,"footnotes":""},"class_list":["post-73","page","type-page","status-publish","has-post-thumbnail","hentry"],"acf":[],"_links":{"self":[{"href":"https:\/\/messer-ca.com\/fr\/wp-json\/wp\/v2\/pages\/73","targetHints":{"allow":["GET"]}}],"collection":[{"href":"https:\/\/messer-ca.com\/fr\/wp-json\/wp\/v2\/pages"}],"about":[{"href":"https:\/\/messer-ca.com\/fr\/wp-json\/wp\/v2\/types\/page"}],"author":[{"embeddable":true,"href":"https:\/\/messer-ca.com\/fr\/wp-json\/wp\/v2\/users\/5"}],"replies":[{"embeddable":true,"href":"https:\/\/messer-ca.com\/fr\/wp-json\/wp\/v2\/comments?post=73"}],"version-history":[{"count":0,"href":"https:\/\/messer-ca.com\/fr\/wp-json\/wp\/v2\/pages\/73\/revisions"}],"wp:featuredmedia":[{"embeddable":true,"href":"https:\/\/messer-ca.com\/fr\/wp-json\/wp\/v2\/media\/11"}],"wp:attachment":[{"href":"https:\/\/messer-ca.com\/fr\/wp-json\/wp\/v2\/media?parent=73"}],"curies":[{"name":"wp","href":"https:\/\/api.w.org\/{rel}","templated":true}]}}