{"id":746,"date":"2019-08-27T20:49:42","date_gmt":"2019-08-27T20:49:42","guid":{"rendered":"http:\/\/messer-ca.com\/?page_id=746"},"modified":"2023-06-05T15:36:20","modified_gmt":"2023-06-05T15:36:20","slug":"hospitality-gases","status":"publish","type":"page","link":"https:\/\/messer-ca.com\/fr\/products\/hospitality-gases\/","title":{"rendered":"Gaz \u2013 alimentation et divertissement"},"content":{"rendered":"<div class=\"info-block-2 text-center full-width\">\n    \t<img decoding=\"async\" src=\"https:\/\/messer-ca.com\/wp-content\/themes\/messercanada\/images\/grey.png\" alt=\"\">\n    \t<div class=\"container min-container\">\n    \t\t<div class=\"info-block-2-text style-large\">Les gaz dont vous avez besoin, \u00e0 l\u2019endroit et au moment o\u00f9 vous en avez besoin<\/div>\n    \t<\/div>\n    <\/div>\n\n\n<p>L\u2019utilisation des gaz est tr\u00e8s diversifi\u00e9e dans le secteur de l\u2019alimentation et du divertissement. Que vous souhaitiez gaz\u00e9ifier des boissons ou emballer des aliments, gonfler des ballons ou chauffer votre terrasse, faites appel \u00e0 un service sans complications qui achemine les bons gaz, dans les bons formats, au bon endroit.<\/p>\n<p>Nous comprenons que les besoins varient consid\u00e9rablement dans le secteur de l\u2019alimentation et du divertissement. C'est pourquoi notre offre de produits et de services est si diversifi\u00e9e, allant des bouteilles de distribution de qualit\u00e9 alimentaire aux bouteilles portables faciles \u00e0 utiliser, ainsi que des services de livraison flexibles, des conseils pratiques et des informations de s\u00e9curit\u00e9 exhaustives et transparentes pour tous nos produits.<\/p>\n<p>D\u00e9couvrez comment utiliser nos gaz en toute s\u00e9curit\u00e9.<\/p>\n\n\n<div style=\"height:20px\" aria-hidden=\"true\" class=\"wp-block-spacer custom-left-separator\"><\/div>\n\n\n    <div class=\"markets\">\n        \n                   <ul class=\"listreset markets-list solutions-list\">\n                                                            <li>\n                                                                                                <div class=\"market-ic\"><a href=\"http:\/\/messer-ca.com\/fr\/products\/hospitality-gases\/beverage-gases\/\"><img decoding=\"async\" src=\"https:\/\/messer-ca.com\/wp-content\/uploads\/2019\/08\/bev-gas.jpg\" alt=\"Plastic water bottles being filled\"><\/a><\/div>\n                                                                                         <div class=\"market-text-block\">\n                                                                    <h3>\n                                                                                    <a href=\"http:\/\/messer-ca.com\/fr\/products\/hospitality-gases\/beverage-gases\/\">Gaz pour boissons<\/a>\n                                                                            <\/h3>\n                                                                                                    <p>Messer propose des produits \u00e0 base de CO2, d'azote et de gazobi\u00e8re qui pr\u00e9sentent de nombreux avantages concurrentiels.<\/p>\n                                                                                                    <a href=\"http:\/\/messer-ca.com\/fr\/products\/hospitality-gases\/beverage-gases\/\">\n                                        En savoir plus                                    <\/a>\n                                                            <\/div>\n                        <\/li>\n                                                                                <li>\n                                                                                                <div class=\"market-ic\"><a href=\"http:\/\/messer-ca.com\/fr\/products\/hospitality-gases\/food-packaging-gas\/\"><img decoding=\"async\" src=\"https:\/\/messer-ca.com\/wp-content\/uploads\/2019\/08\/MAP.jpg\" alt=\"Tomatoes in Packaging\"><\/a><\/div>\n                                                                                         <div class=\"market-text-block\">\n                                                                    <h3>\n                                                                                    <a href=\"http:\/\/messer-ca.com\/fr\/products\/hospitality-gases\/food-packaging-gas\/\"><a href=\"http:\/\/messer-ca.com\/fr\/products\/hospitality-gases\/food-packaging-gas\/\" target=\"_blank\">Atmosph\u00e8res de conservation des aliments<\/a><\/a>\n                                                                            <\/h3>\n                                                                                                    <p>Les ing\u00e9nieurs de Messer sont parmi les plus comp\u00e9tents au monde en ce qui concerne les applications de gaz, les proc\u00e9d\u00e9s novateurs et l'expertise en mati\u00e8re d'applications.<\/p>\n                                                                                                    <a href=\"http:\/\/messer-ca.com\/fr\/products\/hospitality-gases\/food-packaging-gas\/\">\n                                        En savoir plus                                    <\/a>\n                                                            <\/div>\n                        <\/li>\n                                                                                <li>\n                                                                                                <div class=\"market-ic\"><a href=\"http:\/\/messer-ca.com\/fr\/products\/hospitality-gases\/balloon-gas\/\"><img decoding=\"async\" src=\"https:\/\/messer-ca.com\/wp-content\/uploads\/2019\/08\/balloon.jpg\" alt=\"Colorful Balloons\"><\/a><\/div>\n                                                                                         <div class=\"market-text-block\">\n                                                                    <h3>\n                                                                                    <a href=\"http:\/\/messer-ca.com\/fr\/products\/hospitality-gases\/balloon-gas\/\">Gaz pour ballons<\/a>\n                                                                            <\/h3>\n                                                                                                    <p>Messer offre du gaz pour ballons pour sur\u00e9lever vos festivit\u00e9s et vos promotions.<\/p>\n                                                                                                    <a href=\"http:\/\/messer-ca.com\/fr\/products\/hospitality-gases\/balloon-gas\/\">\n                                        En savoir plus                                    <\/a>\n                                                            <\/div>\n                        <\/li>\n                                                <\/ul>\n            <\/div>\n\n\n\t<div class=\"text-and-button-block text-center full-width\">\n\t\t<div class=\"container\">\n\t\t\t\t\t\t\t<div class=\"text\"><p><strong>Des questions?<\/strong> Demandez \u00e0 notre \u00e9quipe. Nous sommes l\u00e0 pour vous aider.<\/p>\n<\/div>\n\t\t\t\t\t\t\t\t\t\t\t\t\t\t\t<a class=\"btn-3\" href=\"https:\/\/messer-ca.com\/fr\/contact-support\/\"  target=\"_blank\">Contactez-nous<\/a>\n\t\t\t\t\t\t\t\t\t<\/div>\n\t<\/div>","protected":false},"excerpt":{"rendered":"<p>Gases have a wide range of uses in the leisure and hospitality industry.Whether you are looking to carbonate drinks or package foods, inflate balloons or heat your patio, you want a hassle-free service that gets &nbsp;the right gases in the right packages to the right place. We understand that needs vary widely within the leisure [&hellip;]<\/p>\n","protected":false},"author":5,"featured_media":11,"parent":1149,"menu_order":0,"comment_status":"closed","ping_status":"closed","template":"pages\/template-home.php","meta":{"_acf_changed":false,"content-type":"","om_disable_all_campaigns":false,"_exactmetrics_skip_tracking":false,"_exactmetrics_sitenote_active":false,"_exactmetrics_sitenote_note":"","_exactmetrics_sitenote_category":0,"_monsterinsights_skip_tracking":false,"_monsterinsights_sitenote_active":false,"_monsterinsights_sitenote_note":"","_monsterinsights_sitenote_category":0,"footnotes":""},"class_list":["post-746","page","type-page","status-publish","has-post-thumbnail","hentry"],"acf":[],"_links":{"self":[{"href":"https:\/\/messer-ca.com\/fr\/wp-json\/wp\/v2\/pages\/746","targetHints":{"allow":["GET"]}}],"collection":[{"href":"https:\/\/messer-ca.com\/fr\/wp-json\/wp\/v2\/pages"}],"about":[{"href":"https:\/\/messer-ca.com\/fr\/wp-json\/wp\/v2\/types\/page"}],"author":[{"embeddable":true,"href":"https:\/\/messer-ca.com\/fr\/wp-json\/wp\/v2\/users\/5"}],"replies":[{"embeddable":true,"href":"https:\/\/messer-ca.com\/fr\/wp-json\/wp\/v2\/comments?post=746"}],"version-history":[{"count":0,"href":"https:\/\/messer-ca.com\/fr\/wp-json\/wp\/v2\/pages\/746\/revisions"}],"up":[{"embeddable":true,"href":"https:\/\/messer-ca.com\/fr\/wp-json\/wp\/v2\/pages\/1149"}],"wp:featuredmedia":[{"embeddable":true,"href":"https:\/\/messer-ca.com\/fr\/wp-json\/wp\/v2\/media\/11"}],"wp:attachment":[{"href":"https:\/\/messer-ca.com\/fr\/wp-json\/wp\/v2\/media?parent=746"}],"curies":[{"name":"wp","href":"https:\/\/api.w.org\/{rel}","templated":true}]}}