{"id":75,"date":"2019-08-21T10:14:10","date_gmt":"2019-08-21T10:14:10","guid":{"rendered":"http:\/\/messer-ca.com\/?page_id=75"},"modified":"2023-09-25T21:39:55","modified_gmt":"2023-09-25T21:39:55","slug":"our-company","status":"publish","type":"page","link":"https:\/\/messer-ca.com\/fr\/our-company\/","title":{"rendered":"Notre soci\u00e9t\u00e9"},"content":{"rendered":"<div style=\"height:65px\" aria-hidden=\"true\" class=\"wp-block-spacer\"><\/div>\n\n\n\n<div style=\"width:100%;max-width:960px;margin:auto;position:relative;font-weight:300;text-align:center;color:#000;\">\n\n<p>Notre mission est de devenir le premier fournisseur de choix pour les produits industriels, m\u00e9dicaux et sp\u00e9cialis\u00e9s dans les Am\u00e9riques, admir\u00e9 pour notre culture de la s\u00e9curit\u00e9, notre orientation client et notre culture de la performance. Nous fournirons des applications innovantes \u00e0 nos clients, avec une excellente rapidit\u00e9 de mise sur le march\u00e9, et servirons les clients de mani\u00e8re fiable.<\/p>\n\n<\/div>\n\n\n    <div class=\"margin--15\">\n        <div class=\"min-container container text-and-image-block\">\n            <div class=\"image\">\n                                    <img decoding=\"async\" src=\"https:\/\/messer-ca.com\/wp-content\/uploads\/2020\/03\/AboutImageMan.jpg\" alt=\"\">\n                            <\/div>\n            <div class=\"text\">\n                                    <div style=\"background-color:#e3302a; height:7px; width:80px; display:block; margin: 0 0 40px;\"><\/div>\n<h2>Nos valeurs fondamentales<\/h2>\n<ul style=\"font-weight: 900;\">\n<li>S\u00e9curit\u00e9<\/li>\n<li>La responsabilit\u00e9 des entreprises<\/li>\n<li>Orientation client<\/li>\n<li>Entrepreneuriat<\/li>\n<li>Orientation des employ\u00e9s<\/li>\n<li>Confiance et respect<\/li>\n<\/ul>\n                            <\/div>\n        <\/div>\n    <\/div>\n\n\n\n<div style=\"height:56px\" aria-hidden=\"true\" class=\"wp-block-spacer\"><\/div>\n\n\n\n<h2 style=\"text-align:center;\">En savoir plus sur notre entreprise<\/h2>\n\n\n\n<div style=\"height:20px\" aria-hidden=\"true\" class=\"wp-block-spacer\"><\/div>\n\n\n\n<div class=\"wp-block-button aligncenter is-style-squared\"><a class=\"wp-block-button__link has-background\" href=\"https:\/\/www.messeramericas.com\/?__hstc=152299878.82ee25bbdfd44a4253a002dc483a5a76.1580327403507.1580327403507.1583175118884.2&amp;__hssc=152299878.1.1583247879974&amp;__hsfp=1856758919&amp;hsCtaTracking=259f0040-11b2-41a4-9999-6e3809f71bf6%7Cbdf10492-355a-447e-b8ac-a4c143dff426\" style=\"background-color:#e3302a; padding: 20px 35px 20px 35px;\">Messer Americas<\/a><\/div>\n\n\n\n<div style=\"height:100px\" aria-hidden=\"true\" class=\"wp-block-spacer\"><\/div>\n\n\n\t<div class=\"text-and-button-block text-center full-width\">\n\t\t<div class=\"container\">\n\t\t\t\t\t\t\t<div class=\"text\"><p><strong>Des questions?<\/strong> Demandez \u00e0 notre \u00e9quipe. Nous sommes l\u00e0 pour vous aider.<\/p>\n<\/div>\n\t\t\t\t\t\t\t\t\t\t\t\t\t\t\t<a class=\"btn-3\" href=\"https:\/\/messer-ca.com\/fr\/contact-support\/\"  target=\"_blank\">Contactez-nous<\/a>\n\t\t\t\t\t\t\t\t\t<\/div>\n\t<\/div>","protected":false},"excerpt":{"rendered":"<p>Notre mission est de devenir le premier fournisseur de choix pour les produits industriels, m\u00e9dicaux et sp\u00e9cialis\u00e9s dans les Am\u00e9riques, admir\u00e9 pour notre culture de la s\u00e9curit\u00e9, notre orientation client et notre culture de la performance. Nous fournirons des applications innovantes \u00e0 nos clients, avec une excellente rapidit\u00e9 de mise sur le march\u00e9, et servirons les clients de mani\u00e8re fiable. En savoir plus sur notre entreprise Messer Americas<\/p>","protected":false},"author":5,"featured_media":2271,"parent":0,"menu_order":0,"comment_status":"closed","ping_status":"closed","template":"pages\/template-solutions.php","meta":{"_acf_changed":false,"content-type":"","om_disable_all_campaigns":false,"_exactmetrics_skip_tracking":false,"_exactmetrics_sitenote_active":false,"_exactmetrics_sitenote_note":"","_exactmetrics_sitenote_category":0,"_monsterinsights_skip_tracking":false,"_monsterinsights_sitenote_active":false,"_monsterinsights_sitenote_note":"","_monsterinsights_sitenote_category":0,"footnotes":""},"class_list":["post-75","page","type-page","status-publish","has-post-thumbnail","hentry"],"acf":[],"_links":{"self":[{"href":"https:\/\/messer-ca.com\/fr\/wp-json\/wp\/v2\/pages\/75","targetHints":{"allow":["GET"]}}],"collection":[{"href":"https:\/\/messer-ca.com\/fr\/wp-json\/wp\/v2\/pages"}],"about":[{"href":"https:\/\/messer-ca.com\/fr\/wp-json\/wp\/v2\/types\/page"}],"author":[{"embeddable":true,"href":"https:\/\/messer-ca.com\/fr\/wp-json\/wp\/v2\/users\/5"}],"replies":[{"embeddable":true,"href":"https:\/\/messer-ca.com\/fr\/wp-json\/wp\/v2\/comments?post=75"}],"version-history":[{"count":0,"href":"https:\/\/messer-ca.com\/fr\/wp-json\/wp\/v2\/pages\/75\/revisions"}],"wp:featuredmedia":[{"embeddable":true,"href":"https:\/\/messer-ca.com\/fr\/wp-json\/wp\/v2\/media\/2271"}],"wp:attachment":[{"href":"https:\/\/messer-ca.com\/fr\/wp-json\/wp\/v2\/media?parent=75"}],"curies":[{"name":"wp","href":"https:\/\/api.w.org\/{rel}","templated":true}]}}