{"id":79,"date":"2019-08-21T10:15:14","date_gmt":"2019-08-21T10:15:14","guid":{"rendered":"http:\/\/messer-ca.com\/?page_id=79"},"modified":"2022-11-10T23:04:45","modified_gmt":"2022-11-10T23:04:45","slug":"chemistry","status":"publish","type":"page","link":"https:\/\/messer-ca.com\/fr\/industries\/chemistry\/","title":{"rendered":"Chimie"},"content":{"rendered":"<p> Int\u00e9gr\u00e9s \u00e0 la fabrication de tout, des emballages aux parfums en passant par les m\u00e9dicaments vitaux, les produits chimiques jouent un r\u00f4le vital dans toutes nos vies. Pourtant, les fluctuations de la qualit\u00e9 et de la disponibilit\u00e9 des mati\u00e8res premi\u00e8res peuvent nuire aux niveaux de productivit\u00e9 et \u00e0 la comp\u00e9titivit\u00e9 de votre usine de fabrication de produits chimiques.<\/p>\n\n\n\n<div style=\"height:35px\" aria-hidden=\"true\" class=\"wp-block-spacer\"><\/div>\n\n\n\n<h2 class=\"wp-block-heading\">Messer peut vous aider. <\/h2>\n\n\n\n<p>Notre gamme compl\u00e8te de gaz industriels et sp\u00e9ciaux, d&#039;\u00e9quipements et de services vous permettra de r\u00e9duire les co\u00fbts, d&#039;augmenter la productivit\u00e9 et d&#039;atteindre vos objectifs environnementaux. De plus, notre expertise couvre tous les principaux secteurs de l&#039;industrie chimique:<\/p>\n\n\n\n<ul class=\"wp-block-list\"><li>P\u00e9trochimie<\/li><li>Plastiques<\/li><li>Produits chimiques agricoles<\/li><li>Chloralcali<\/li><li>Pigments-Fibres<\/li><li>Caoutchouc<\/li><li>Chimie de sp\u00e9cialit\u00e9<\/li><li>M\u00e9dicaments<\/li><li>Biopharma<\/li><\/ul>\n\n\n\n<div style=\"height:100px\" aria-hidden=\"true\" class=\"wp-block-spacer\"><\/div>\n\n\n\t<div class=\"text-and-button-block text-center full-width\">\n\t\t<div class=\"container\">\n\t\t\t\t\t\t\t<div class=\"text\"><p><strong>Des questions?<\/strong> Demandez \u00e0 notre \u00e9quipe. Nous sommes l\u00e0 pour vous aider.<\/p>\n<\/div>\n\t\t\t\t\t\t\t\t\t\t\t\t\t\t\t<a class=\"btn-3\" href=\"http:\/\/messer-ca.com\/fr\/contact-support\/\"  target=\"_self\">Contactez-nous<\/a>\n\t\t\t\t\t\t\t\t\t<\/div>\n\t<\/div>","protected":false},"excerpt":{"rendered":"<p>Integral to the manufacturing of everything from packaging to perfume to life-saving medicines, chemical products play a vital role in all our lives. Yet, fluctuations in the quality and availability of feedstocks can hinder your chemical manufacturing facility\u2019s productivity levels and competitiveness. Messer can help. Our comprehensive portfolio of industrial and specialty gases, equipment, and [&hellip;]<\/p>\n","protected":false},"author":5,"featured_media":12,"parent":69,"menu_order":0,"comment_status":"closed","ping_status":"closed","template":"pages\/template-markets.php","meta":{"_acf_changed":false,"content-type":"","om_disable_all_campaigns":false,"_exactmetrics_skip_tracking":false,"_exactmetrics_sitenote_active":false,"_exactmetrics_sitenote_note":"","_exactmetrics_sitenote_category":0,"_monsterinsights_skip_tracking":false,"_monsterinsights_sitenote_active":false,"_monsterinsights_sitenote_note":"","_monsterinsights_sitenote_category":0,"footnotes":""},"class_list":["post-79","page","type-page","status-publish","has-post-thumbnail","hentry"],"acf":[],"_links":{"self":[{"href":"https:\/\/messer-ca.com\/fr\/wp-json\/wp\/v2\/pages\/79","targetHints":{"allow":["GET"]}}],"collection":[{"href":"https:\/\/messer-ca.com\/fr\/wp-json\/wp\/v2\/pages"}],"about":[{"href":"https:\/\/messer-ca.com\/fr\/wp-json\/wp\/v2\/types\/page"}],"author":[{"embeddable":true,"href":"https:\/\/messer-ca.com\/fr\/wp-json\/wp\/v2\/users\/5"}],"replies":[{"embeddable":true,"href":"https:\/\/messer-ca.com\/fr\/wp-json\/wp\/v2\/comments?post=79"}],"version-history":[{"count":0,"href":"https:\/\/messer-ca.com\/fr\/wp-json\/wp\/v2\/pages\/79\/revisions"}],"up":[{"embeddable":true,"href":"https:\/\/messer-ca.com\/fr\/wp-json\/wp\/v2\/pages\/69"}],"wp:featuredmedia":[{"embeddable":true,"href":"https:\/\/messer-ca.com\/fr\/wp-json\/wp\/v2\/media\/12"}],"wp:attachment":[{"href":"https:\/\/messer-ca.com\/fr\/wp-json\/wp\/v2\/media?parent=79"}],"curies":[{"name":"wp","href":"https:\/\/api.w.org\/{rel}","templated":true}]}}