{"id":796,"date":"2019-08-28T16:30:38","date_gmt":"2019-08-28T16:30:38","guid":{"rendered":"http:\/\/messer-ca.com\/?page_id=796"},"modified":"2023-06-05T15:40:17","modified_gmt":"2023-06-05T15:40:17","slug":"safety-equipment","status":"publish","type":"page","link":"https:\/\/messer-ca.com\/fr\/products\/safety-equipment\/","title":{"rendered":"\u00c9quipement de s\u00e9curit\u00e9"},"content":{"rendered":"<div class=\"info-block-2 text-center full-width\">\n    \t<img decoding=\"async\" src=\"https:\/\/messer-ca.com\/wp-content\/themes\/messercanada\/images\/grey.png\" alt=\"\">\n    \t<div class=\"container min-container\">\n    \t\t<div class=\"info-block-2-text style-large\">Solutions de s\u00e9curit\u00e9 compl\u00e8tes pour l&#039;industrie<\/div>\n    \t<\/div>\n    <\/div>\n\n\n<p>Chez Messer, nous pensons que la s\u00e9curit\u00e9 des travailleurs est au c\u0153ur de tout et est une priorit\u00e9 absolue. Avec nos deux divisions sp\u00e9cialis\u00e9es dans les produits de s\u00e9curit\u00e9, ESQ et Gantec Polysafe, nous sommes dans une position unique pour offrir une assistance et une expertise adapt\u00e9es \u00e0 vos besoins.<\/p>\n<p>L&#039;offre de produits de la division Gantec Polysafe est principalement ax\u00e9e sur l&#039;importation de gants, ce qui vous permettra de r\u00e9duire les co\u00fbts op\u00e9rationnels sans sacrifier la qualit\u00e9.<\/p>\n<p>La division ESQ distribue les produits des leaders du march\u00e9 de la s\u00e9curit\u00e9 tels que 3M, Honeywell, Dupont, Ansell, Surewerx, Superior Gloves et bien d\u2019autres.<\/p>\n\n\n<div style=\"height:20px\" aria-hidden=\"true\" class=\"wp-block-spacer custom-left-separator\"><\/div>\n\n\n\t<div class=\"text-and-button-block text-center full-width\">\n\t\t<div class=\"container\">\n\t\t\t\t\t\t\t<div class=\"text\"><p>Parcourez notre catalogue de s\u00e9curit\u00e9 complet en ligne<\/p>\n<\/div>\n\t\t\t\t\t\t\t\t\t\t\t\t\t\t\t<a class=\"btn-3\" href=\"https:\/\/messer-ca.com\/fr\/catalogs\/\"  target=\"_blank\">Consulter le catalogue<\/a>\n\t\t\t\t\t\t\t\t\t<\/div>\n\t<\/div>\n\n\n    <div class=\"markets\">\n        \n                   <ul class=\"listreset markets-list solutions-list\">\n                                                            <li>\n                                                                                                <div class=\"market-ic\"><a href=\"https:\/\/shop.messer-ca.com\/shop\/ccrz__ProductList?categoryId=a250a000002k3ukAAA&#038;cclcl=en_CA\" target=\"_blank\"><img decoding=\"async\" src=\"https:\/\/messer-ca.com\/wp-content\/uploads\/2019\/08\/s-eyeface.jpg\" alt=\"Eye and Face protection\"><\/a><\/div>\n                                                                                         <div class=\"market-text-block\">\n                                                                    <h3>\n                                                                                    <a href=\"https:\/\/shop.messer-ca.com\/shop\/ccrz__ProductList?categoryId=a250a000002k3ukAAA&#038;cclcl=en_CA\" target=\"_blank\">Protection de la t\u00eate, des yeux et du visage<\/a>\n                                                                            <\/h3>\n                                                                                                    <p>La large gamme d&#039;\u00e9quipements pour la t\u00eate, les yeux et le visage de Messer garantit \u00e0 votre personnel une protection appropri\u00e9e. Elle comprend des lunettes de protection g\u00e9n\u00e9rales et sur ordonnance, des masques faciaux, des lunettes de protection laser, des casques de protection, des casques de soudage et des accessoires.<\/p>\n                                                                                                    <a href=\"https:\/\/shop.messer-ca.com\/shop\/ccrz__ProductList?categoryId=a250a000002k3ukAAA&#038;cclcl=en_CA\" target=\"_blank\">\n                                        Achetez                                    <\/a>\n                                                            <\/div>\n                        <\/li>\n                                                                                <li>\n                                                                                                <div class=\"market-ic\"><a href=\"https:\/\/messer-ca.com\/fr\/products\/safety-equipment\/welding-helmets\/\" target=\"_blank\"><img decoding=\"async\" src=\"https:\/\/messer-ca.com\/wp-content\/uploads\/2019\/08\/s-head.jpg\" alt=\"Welding Visor\"><\/a><\/div>\n                                                                                         <div class=\"market-text-block\">\n                                                                    <h3>\n                                                                                    <a href=\"https:\/\/messer-ca.com\/fr\/products\/safety-equipment\/welding-helmets\/\" target=\"_blank\">Casques et \u00e9crans de soudage<\/a>\n                                                                            <\/h3>\n                                                                                                    <p>La vaste gamme de casques de soudage de Messer prot\u00e8ge votre t\u00eate, vos yeux et votre visage des blessures caus\u00e9es par les processus de soudage.<\/p>\n                                                                                                    <a href=\"https:\/\/messer-ca.com\/fr\/products\/safety-equipment\/welding-helmets\/\" target=\"_blank\">\n                                        Voir plus                                    <\/a>\n                                                            <\/div>\n                        <\/li>\n                                                                                <li>\n                                                                                                <div class=\"market-ic\"><a href=\"https:\/\/shop.messer-ca.com\/shop\/ccrz__ProductList?categoryId=a250a000002k3u4AAA&#038;cclcl=en_CA\" target=\"_blank\"><img decoding=\"async\" src=\"https:\/\/messer-ca.com\/wp-content\/uploads\/2019\/08\/s-fume.jpg\" alt=\"Fume hood\"><\/a><\/div>\n                                                                                         <div class=\"market-text-block\">\n                                                                    <h3>\n                                                                                    <a href=\"https:\/\/shop.messer-ca.com\/shop\/ccrz__ProductList?categoryId=a250a000002k3u4AAA&#038;cclcl=en_CA\" target=\"_blank\">Protection environnementale<\/a>\n                                                                            <\/h3>\n                                                                                                    <p>Une ventilation par aspiration \u00e0 la source est absolument n\u00e9cessaire en cas de poussi\u00e8re, de gaz d&#039;\u00e9chappement, de vapeurs de solvant, de vapeurs de plomb et de brouillard acide, tous appel\u00e9s contaminants toxiques ou corrosifs. <\/p>\n                                                                                                    <a href=\"https:\/\/shop.messer-ca.com\/shop\/ccrz__ProductList?categoryId=a250a000002k3u4AAA&#038;cclcl=en_CA\" target=\"_blank\">\n                                        Achetez                                    <\/a>\n                                                            <\/div>\n                        <\/li>\n                                                                                <li>\n                                                                                                <div class=\"market-ic\"><a href=\"https:\/\/shop.messer-ca.com\/shop\/ccrz__ProductList?categoryId=a250a000002k3umAAA&#038;cclcl=en_CA\" target=\"_blank\"><img decoding=\"async\" src=\"https:\/\/messer-ca.com\/wp-content\/uploads\/2019\/08\/s-ear.jpg\" alt=\"Safety Earmuffs\"><\/a><\/div>\n                                                                                         <div class=\"market-text-block\">\n                                                                    <h3>\n                                                                                    <a href=\"https:\/\/shop.messer-ca.com\/shop\/ccrz__ProductList?categoryId=a250a000002k3umAAA&#038;cclcl=en_CA\" target=\"_blank\">Protection auditive<\/a>\n                                                                            <\/h3>\n                                                                                                    <p>Il est important de choisir le bon type et la bonne quantit\u00e9 de protection auditive. C&#039;est pourquoi Messer propose les bouchons d&#039;oreilles, les casques antibruit ou les bagues appropri\u00e9s pour chaque application, de l&#039;utilisation d&#039;un marteau perforateur \u00e0 l&#039;utilisation de votre tondeuse.<\/p>\n                                                                                                    <a href=\"https:\/\/shop.messer-ca.com\/shop\/ccrz__ProductList?categoryId=a250a000002k3umAAA&#038;cclcl=en_CA\" target=\"_blank\">\n                                        Achetez                                    <\/a>\n                                                            <\/div>\n                        <\/li>\n                                                                                <li>\n                                                                                                <div class=\"market-ic\"><a href=\"https:\/\/shop.messer-ca.com\/shop\/ccrz__ProductList?categoryId=a250a000002k3ulAAA&#038;cclcl=en_CA\" target=\"_blank\"><img decoding=\"async\" src=\"https:\/\/messer-ca.com\/wp-content\/uploads\/2019\/08\/s-resp.jpg\" alt=\"Technician using respirator\"><\/a><\/div>\n                                                                                         <div class=\"market-text-block\">\n                                                                    <h3>\n                                                                                    <a href=\"https:\/\/shop.messer-ca.com\/shop\/ccrz__ProductList?categoryId=a250a000002k3ulAAA&#038;cclcl=en_CA\" target=\"_blank\">Protection respiratoire<\/a>\n                                                                            <\/h3>\n                                                                                                    <p>La s\u00e9lection des \u00e9quipements de protection respiratoire de Messer comprend des masques faciaux jetables et des syst\u00e8mes d\u2019alimentation en air fournis sur des cartouches, des filtres ou des accessoires de support, etc., pour r\u00e9pondre \u00e0 tous vos besoins. <\/p>\n                                                                                                    <a href=\"https:\/\/shop.messer-ca.com\/shop\/ccrz__ProductList?categoryId=a250a000002k3ulAAA&#038;cclcl=en_CA\" target=\"_blank\">\n                                        Achetez                                    <\/a>\n                                                            <\/div>\n                        <\/li>\n                                                                                <li>\n                                                                                                <div class=\"market-ic\"><a href=\"https:\/\/shop.messer-ca.com\/shop\/ccrz__ProductList?categoryId=a250a000002k3ujAAA&#038;cclcl=en_CA\" target=\"_blank\"><img decoding=\"async\" src=\"https:\/\/messer-ca.com\/wp-content\/uploads\/2019\/08\/s-gloves.jpg\" alt=\"Safety glove\"><\/a><\/div>\n                                                                                         <div class=\"market-text-block\">\n                                                                    <h3>\n                                                                                    <a href=\"https:\/\/shop.messer-ca.com\/shop\/ccrz__ProductList?categoryId=a250a000002k3ujAAA&#038;cclcl=en_CA\" target=\"_blank\">Protection des mains<\/a>\n                                                                            <\/h3>\n                                                                                                    <p>Les gants de la ligne de protection des mains de Messer sont disponibles en mat\u00e9riaux naturels et synth\u00e9tiques et con\u00e7us pour prot\u00e9ger vos mains de la chaleur, du froid, des flammes et des \u00e9tincelles, des objets coupants, des produits chimiques, des outils \u00e9lectriques dangereux et bien plus encore.<\/p>\n                                                                                                    <a href=\"https:\/\/shop.messer-ca.com\/shop\/ccrz__ProductList?categoryId=a250a000002k3ujAAA&#038;cclcl=en_CA\" target=\"_blank\">\n                                        Achetez                                    <\/a>\n                                                            <\/div>\n                        <\/li>\n                                                                                <li>\n                                                                                                <div class=\"market-ic\"><a href=\"https:\/\/shop.messer-ca.com\/shop\/ccrz__ProductList?categoryId=a250a000002k3uoAAA&#038;cclcl=en_CA\" target=\"_blank\"><img decoding=\"async\" src=\"https:\/\/messer-ca.com\/wp-content\/uploads\/2019\/08\/s-clothing.jpg\" alt=\"Lab technician in protective clothing\"><\/a><\/div>\n                                                                                         <div class=\"market-text-block\">\n                                                                    <h3>\n                                                                                    <a href=\"https:\/\/shop.messer-ca.com\/shop\/ccrz__ProductList?categoryId=a250a000002k3uoAAA&#038;cclcl=en_CA\" target=\"_blank\">V\u00eatements et v\u00eatements jetables<\/a>\n                                                                            <\/h3>\n                                                                                                    <p>Les v\u00eatements industriels de Messer sont con\u00e7us pour vous prot\u00e9ger contre les risques li\u00e9s aux produits chimiques, \u00e0 la chaleur et au feu, aux chocs \u00e9lectriques, au froid, aux rayonnements ionisants et aux autres risques sur le lieu de travail.<\/p>\n                                                                                                    <a href=\"https:\/\/shop.messer-ca.com\/shop\/ccrz__ProductList?categoryId=a250a000002k3uoAAA&#038;cclcl=en_CA\" target=\"_blank\">\n                                        Achetez                                    <\/a>\n                                                            <\/div>\n                        <\/li>\n                                                                                <li>\n                                                                                                <div class=\"market-ic\"><a href=\"https:\/\/shop.messer-ca.com\/shop\/ccrz__ProductList?categoryId=a250a000002k3unAAA&#038;cclcl=en_CA\" target=\"_blank\"><img decoding=\"async\" src=\"https:\/\/messer-ca.com\/wp-content\/uploads\/2019\/08\/s-boots.jpg\" alt=\"Safety boot\"><\/a><\/div>\n                                                                                         <div class=\"market-text-block\">\n                                                                    <h3>\n                                                                                    <a href=\"https:\/\/shop.messer-ca.com\/shop\/ccrz__ProductList?categoryId=a250a000002k3unAAA&#038;cclcl=en_CA\" target=\"_blank\">Protection des pieds<\/a>\n                                                                            <\/h3>\n                                                                                                    <p>Les chaussures de protection de Messer peuvent contribuer \u00e0 r\u00e9duire les risques de blessures aux pieds r\u00e9sultant de la perforation de la semelle, de renversements de produits chimiques et de risques \u00e9lectriques. <\/p>\n                                                                                                    <a href=\"https:\/\/shop.messer-ca.com\/shop\/ccrz__ProductList?categoryId=a250a000002k3unAAA&#038;cclcl=en_CA\" target=\"_blank\">\n                                        Achetez                                    <\/a>\n                                                            <\/div>\n                        <\/li>\n                                                                                <li>\n                                                                                                <div class=\"market-ic\"><a href=\"https:\/\/shop.messer-ca.com\/shop\/ccrz__ProductList?categoryId=a250a000002k3upAAA&#038;cclcl=en_CA\" target=\"_blank\"><img decoding=\"async\" src=\"https:\/\/messer-ca.com\/wp-content\/uploads\/2019\/08\/s-fall.jpg\" alt=\"Technician using safety harness\"><\/a><\/div>\n                                                                                         <div class=\"market-text-block\">\n                                                                    <h3>\n                                                                                    <a href=\"https:\/\/shop.messer-ca.com\/shop\/ccrz__ProductList?categoryId=a250a000002k3upAAA&#038;cclcl=en_CA\" target=\"_blank\">Protection contre les chutes<\/a>\n                                                                            <\/h3>\n                                                                                                    <p>Les \u00e9quipements de s\u00e9curit\u00e9 en hauteur de Messer comprennent une gamme de harnais, de syst\u00e8mes antichute et d\u2019\u00e9quipements de pr\u00e9vention des chutes pour vous garder en s\u00e9curit\u00e9 lorsque vous travaillez en hauteur. <\/p>\n                                                                                                    <a href=\"https:\/\/shop.messer-ca.com\/shop\/ccrz__ProductList?categoryId=a250a000002k3upAAA&#038;cclcl=en_CA\" target=\"_blank\">\n                                        Achetez                                    <\/a>\n                                                            <\/div>\n                        <\/li>\n                                                                                <li>\n                                                                                                <div class=\"market-ic\"><a href=\"https:\/\/shop.messer-ca.com\/shop\/ccrz__ProductList?categoryId=a250a000002k3urAAA&#038;cclcl=en_CA\" target=\"_blank\"><img decoding=\"async\" src=\"https:\/\/messer-ca.com\/wp-content\/uploads\/2019\/08\/s-detector.jpg\" alt=\"Gas detector\"><\/a><\/div>\n                                                                                         <div class=\"market-text-block\">\n                                                                    <h3>\n                                                                                    <a href=\"https:\/\/shop.messer-ca.com\/shop\/ccrz__ProductList?categoryId=a250a000002k3urAAA&#038;cclcl=en_CA\" target=\"_blank\">D\u00e9tection de gaz<\/a>\n                                                                            <\/h3>\n                                                                                                    <p> Les d\u00e9tecteurs de gaz de Messer peuvent vous aider \u00e0 d\u00e9tecter les fuites de gaz combustibles, inflammables et toxiques, ainsi que l\u2019\u00e9puisement de l\u2019oxyg\u00e8ne. <\/p>\n                                                                                                    <a href=\"https:\/\/shop.messer-ca.com\/shop\/ccrz__ProductList?categoryId=a250a000002k3urAAA&#038;cclcl=en_CA\" target=\"_blank\">\n                                        Achetez                                    <\/a>\n                                                            <\/div>\n                        <\/li>\n                                                                                <li>\n                                                                                                <div class=\"market-ic\"><a href=\"https:\/\/shop.messer-ca.com\/shop\/ccrz__ProductList?categoryId=a250a000002k3usAAA&#038;cclcl=en_CA\" target=\"_blank\"><img decoding=\"async\" src=\"https:\/\/messer-ca.com\/wp-content\/uploads\/2019\/08\/s-accessories.jpg\" alt=\"Person using fire extinguisher\"><\/a><\/div>\n                                                                                         <div class=\"market-text-block\">\n                                                                    <h3>\n                                                                                    <a href=\"https:\/\/shop.messer-ca.com\/shop\/ccrz__ProductList?categoryId=a250a000002k3usAAA&#038;cclcl=en_CA\" target=\"_blank\">Protection du lieu de travail<\/a>\n                                                                            <\/h3>\n                                                                                                    <p>La gamme d&#039;accessoires pour le lieu de travail de Messer compl\u00e9tera votre jeu d&#039;outils de base pour vous aider dans vos t\u00e2ches quotidiennes, rendant ainsi votre travail plus facile et plus productif, car parfois, les petites choses peuvent faire toute la diff\u00e9rence. <\/p>\n                                                                                                    <a href=\"https:\/\/shop.messer-ca.com\/shop\/ccrz__ProductList?categoryId=a250a000002k3usAAA&#038;cclcl=en_CA\" target=\"_blank\">\n                                        Achetez                                    <\/a>\n                                                            <\/div>\n                        <\/li>\n                                                                                <li>\n                                                                                                <div class=\"market-ic\"><a href=\"https:\/\/shop.messer-ca.com\/shop\/ccrz__ProductList?categoryId=a250a000002k3uqAAA&#038;cclcl=en_CA\" target=\"_blank\"><img decoding=\"async\" src=\"https:\/\/messer-ca.com\/wp-content\/uploads\/2019\/08\/s-firstaid.jpg\" alt=\"Plaster being applied to wound\"><\/a><\/div>\n                                                                                         <div class=\"market-text-block\">\n                                                                    <h3>\n                                                                                    <a href=\"https:\/\/shop.messer-ca.com\/shop\/ccrz__ProductList?categoryId=a250a000002k3uqAAA&#038;cclcl=en_CA\" target=\"_blank\">Premiers secours<\/a>\n                                                                            <\/h3>\n                                                                                                    <p>La multitude de produits de premiers soins propos\u00e9s par Messer garantira que votre lieu de travail est bien \u00e9quip\u00e9 pour traiter des incidents m\u00e9dicaux mineurs.<\/p>\n                                                                                                    <a href=\"https:\/\/shop.messer-ca.com\/shop\/ccrz__ProductList?categoryId=a250a000002k3uqAAA&#038;cclcl=en_CA\" target=\"_blank\">\n                                        Achetez                                    <\/a>\n                                                            <\/div>\n                        <\/li>\n                                                <\/ul>\n            <\/div>\n\n\n\n<div style=\"height:20px\" aria-hidden=\"true\" class=\"wp-block-spacer custom-right-separator\"><\/div>\n\n\n\t<div class=\"text-and-button-block text-center full-width\">\n\t\t<div class=\"container\">\n\t\t\t\t\t\t\t<div class=\"text\"><p><strong>Des questions?<\/strong> Demandez \u00e0 notre \u00e9quipe. Nous sommes l\u00e0 pour vous aider.<\/p>\n<\/div>\n\t\t\t\t\t\t\t\t\t\t\t\t\t\t\t<a class=\"btn-3\" href=\"https:\/\/messer-ca.com\/fr\/contact-support\/\"  target=\"_blank\">Contactez-nous<\/a>\n\t\t\t\t\t\t\t\t\t<\/div>\n\t<\/div>","protected":false},"excerpt":{"rendered":"<p>At Messer, we believe that worker safety is at the heart of everything and an absolute priority. With our two specialized divisions in safety products, ESQ and Gantec Polysafe, we are in a unique position to offer support and expertise that is tailored to your needs. The Gantec Polysafe division product offering is mainly focused [&hellip;]<\/p>\n","protected":false},"author":5,"featured_media":11,"parent":1149,"menu_order":0,"comment_status":"closed","ping_status":"closed","template":"pages\/template-home.php","meta":{"_acf_changed":false,"content-type":"","om_disable_all_campaigns":false,"_exactmetrics_skip_tracking":false,"_exactmetrics_sitenote_active":false,"_exactmetrics_sitenote_note":"","_exactmetrics_sitenote_category":0,"_monsterinsights_skip_tracking":false,"_monsterinsights_sitenote_active":false,"_monsterinsights_sitenote_note":"","_monsterinsights_sitenote_category":0,"footnotes":""},"class_list":["post-796","page","type-page","status-publish","has-post-thumbnail","hentry"],"acf":[],"_links":{"self":[{"href":"https:\/\/messer-ca.com\/fr\/wp-json\/wp\/v2\/pages\/796","targetHints":{"allow":["GET"]}}],"collection":[{"href":"https:\/\/messer-ca.com\/fr\/wp-json\/wp\/v2\/pages"}],"about":[{"href":"https:\/\/messer-ca.com\/fr\/wp-json\/wp\/v2\/types\/page"}],"author":[{"embeddable":true,"href":"https:\/\/messer-ca.com\/fr\/wp-json\/wp\/v2\/users\/5"}],"replies":[{"embeddable":true,"href":"https:\/\/messer-ca.com\/fr\/wp-json\/wp\/v2\/comments?post=796"}],"version-history":[{"count":0,"href":"https:\/\/messer-ca.com\/fr\/wp-json\/wp\/v2\/pages\/796\/revisions"}],"up":[{"embeddable":true,"href":"https:\/\/messer-ca.com\/fr\/wp-json\/wp\/v2\/pages\/1149"}],"wp:featuredmedia":[{"embeddable":true,"href":"https:\/\/messer-ca.com\/fr\/wp-json\/wp\/v2\/media\/11"}],"wp:attachment":[{"href":"https:\/\/messer-ca.com\/fr\/wp-json\/wp\/v2\/media?parent=796"}],"curies":[{"name":"wp","href":"https:\/\/api.w.org\/{rel}","templated":true}]}}