{"id":824,"date":"2019-08-28T17:50:35","date_gmt":"2019-08-28T17:50:35","guid":{"rendered":"http:\/\/messer-ca.com\/?page_id=824"},"modified":"2019-08-29T19:31:19","modified_gmt":"2019-08-29T19:31:19","slug":"healthcare","status":"publish","type":"page","link":"https:\/\/messer-ca.com\/fr\/industries\/healthcare\/","title":{"rendered":"Soins de sant\u00e9"},"content":{"rendered":"<div class=\"info-block-2 text-center full-width\">\n    \t<img decoding=\"async\" src=\"https:\/\/messer-ca.com\/wp-content\/themes\/messercanada\/images\/grey.png\" alt=\"\">\n    \t<div class=\"container min-container\">\n    \t\t<div class=\"info-block-2-text style-large\">\u00c9quipe d\u00e9di\u00e9e et engag\u00e9e dans les secteurs de la m\u00e9decine et des soins \u00e0 domicile<\/div>\n    \t<\/div>\n    <\/div>\n\n\n<p>Le secteur m\u00e9dical de Messer fournit une \u00e9quipe d\u00e9di\u00e9e et engag\u00e9e aux secteurs de la m\u00e9decine et des soins \u00e0 domicile. Les h\u00f4pitaux, les services d&#039;ambulance, les salles d&#039;op\u00e9ration, les salles d&#039;urgence et les maisons de repos comptent sur Messer pour leur fournir des solutions m\u00e9dicales et des gaz m\u00e9dicaux \u00e0 la pointe de la technologie.<\/p>\n\n\n<div style=\"height:20px\" aria-hidden=\"true\" class=\"wp-block-spacer custom-left-separator\"><\/div>\n\n\n    <div class=\"markets\">\n        \n                   <ul class=\"listreset markets-list solutions-list\">\n                                                            <li>\n                                                        <div class=\"market-text-block\">\n                                                                    <h3>\n                                                                                    Savoir faire et savoir faire                                                                            <\/h3>\n                                                                                                    <p>\u00c0 venir<\/p>\n                                                                                            <\/div>\n                        <\/li>\n                                                                                <li>\n                                                        <div class=\"market-text-block\">\n                                                                    <h3>\n                                                                                    <a href=\"http:\/\/messer-ca.com\/fr\/industries\/healthcare\/pharmaceutical-biotech\/\">Pharmaceutique &amp; Biotech<\/a>\n                                                                            <\/h3>\n                                                                                                    <p>L&#039;industrie pharmaceutique est l&#039;une des industries \u00e0 la croissance la plus rapide. Une part importante de son chiffre d&#039;affaires est r\u00e9investie dans la recherche et le d\u00e9veloppement de nouveaux produits, un domaine qui n\u00e9cessite une grande vari\u00e9t\u00e9 de gaz et d&#039;\u00e9quipements sp\u00e9cialis\u00e9s. <\/p>\n                                                                                                    <a href=\"http:\/\/messer-ca.com\/fr\/industries\/healthcare\/pharmaceutical-biotech\/\">\n                                        En savoir plus                                    <\/a>\n                                                            <\/div>\n                        <\/li>\n                                                <\/ul>\n            <\/div>\n\n\n\n<div style=\"height:20px\" aria-hidden=\"true\" class=\"wp-block-spacer custom-right-separator\"><\/div>\n\n\n\t<div class=\"text-and-button-block text-center full-width\">\n\t\t<div class=\"container\">\n\t\t\t\t\t\t\t<div class=\"text\"><p><strong>Des questions?<\/strong> Demandez \u00e0 notre \u00e9quipe. Nous sommes l\u00e0 pour vous aider.<\/p>\n<\/div>\n\t\t\t\t\t\t\t\t\t\t\t\t\t\t\t<a class=\"btn-3\" href=\"https:\/\/messer-ca.com\/fr\/contact-support\/\"  target=\"_blank\">Contactez-nous<\/a>\n\t\t\t\t\t\t\t\t\t<\/div>\n\t<\/div>","protected":false},"excerpt":{"rendered":"<p>Le secteur m\u00e9dical de Messer fournit une \u00e9quipe d\u00e9di\u00e9e et engag\u00e9e aux secteurs de la m\u00e9decine et des soins \u00e0 domicile. Les h\u00f4pitaux, les services d&#039;ambulance, les salles d&#039;op\u00e9ration, les salles d&#039;urgence et les maisons de repos comptent sur Messer pour leur fournir des solutions m\u00e9dicales et des gaz m\u00e9dicaux \u00e0 la pointe de la technologie.<\/p>","protected":false},"author":5,"featured_media":13,"parent":69,"menu_order":0,"comment_status":"closed","ping_status":"closed","template":"pages\/template-markets.php","meta":{"_acf_changed":false,"content-type":"","om_disable_all_campaigns":false,"_exactmetrics_skip_tracking":false,"_exactmetrics_sitenote_active":false,"_exactmetrics_sitenote_note":"","_exactmetrics_sitenote_category":0,"_monsterinsights_skip_tracking":false,"_monsterinsights_sitenote_active":false,"_monsterinsights_sitenote_note":"","_monsterinsights_sitenote_category":0,"footnotes":""},"class_list":["post-824","page","type-page","status-publish","has-post-thumbnail","hentry"],"acf":[],"_links":{"self":[{"href":"https:\/\/messer-ca.com\/fr\/wp-json\/wp\/v2\/pages\/824","targetHints":{"allow":["GET"]}}],"collection":[{"href":"https:\/\/messer-ca.com\/fr\/wp-json\/wp\/v2\/pages"}],"about":[{"href":"https:\/\/messer-ca.com\/fr\/wp-json\/wp\/v2\/types\/page"}],"author":[{"embeddable":true,"href":"https:\/\/messer-ca.com\/fr\/wp-json\/wp\/v2\/users\/5"}],"replies":[{"embeddable":true,"href":"https:\/\/messer-ca.com\/fr\/wp-json\/wp\/v2\/comments?post=824"}],"version-history":[{"count":0,"href":"https:\/\/messer-ca.com\/fr\/wp-json\/wp\/v2\/pages\/824\/revisions"}],"up":[{"embeddable":true,"href":"https:\/\/messer-ca.com\/fr\/wp-json\/wp\/v2\/pages\/69"}],"wp:featuredmedia":[{"embeddable":true,"href":"https:\/\/messer-ca.com\/fr\/wp-json\/wp\/v2\/media\/13"}],"wp:attachment":[{"href":"https:\/\/messer-ca.com\/fr\/wp-json\/wp\/v2\/media?parent=824"}],"curies":[{"name":"wp","href":"https:\/\/api.w.org\/{rel}","templated":true}]}}