{"id":83,"date":"2019-08-21T10:17:30","date_gmt":"2019-08-21T10:17:30","guid":{"rendered":"http:\/\/messer-ca.com\/?page_id=83"},"modified":"2022-11-21T23:49:41","modified_gmt":"2022-11-21T23:49:41","slug":"safety-data-sheets","status":"publish","type":"page","link":"https:\/\/messer-ca.com\/fr\/safety-data-sheets\/","title":{"rendered":"Fiches de donn\u00e9es de s\u00e9curit\u00e9"},"content":{"rendered":"<div style=\"height:55px\" aria-hidden=\"true\" class=\"wp-block-spacer\"><\/div>\n\n\n\n<p>Les fiches de donn\u00e9es de s\u00e9curit\u00e9 peuvent constituer une source d&#039;informations extr\u00eamement utile pour vous aider \u00e0 rester vigilant sur les dangers potentiels de nos produits.<\/p>\n\n\n\n<p>Les r\u00e8gles de s\u00e9curit\u00e9 sont g\u00e9n\u00e9ralement r\u00e9gies avant tout par la l\u00e9gislation locale. Nous avons pr\u00e9par\u00e9 un large \u00e9ventail de fiches de donn\u00e9es de s\u00e9curit\u00e9.  <\/p>\n\n\n\n<p>Sachez que vous devrez peut-\u00eatre compl\u00e9ter le contenu de ces fiches techniques par les r\u00e9glementations locales les plus r\u00e9centes et les directives l\u00e9gislatives r\u00e9gissant l&#039;utilisation en toute s\u00e9curit\u00e9 de nos produits. <\/p>\n\n\n    <div class=\"markets\">\n        \n                   <ul class=\"listreset markets-list solutions-list\">\n                                                            <li>\n                                                        <div class=\"market-text-block\">\n                                                                    <h3>\n                                                                                    <a href=\"https:\/\/messersds.thewercs.com\/External?guiLang=CF\">Messer Gases<\/a>\n                                                                            <\/h3>\n                                                                                                                                    <a href=\"https:\/\/messersds.thewercs.com\/External?guiLang=CF\">\n                                        Base de donn\u00e9es de recherche                                    <\/a>\n                                                            <\/div>\n                        <\/li>\n                                                                                <li>\n                                                        <div class=\"market-text-block\">\n                                                                    <h3>\n                                                                                    <a href=\"https:\/\/messer-ca.com\/fr\/safety-data-sheets\/equipment-safety-data-sheets\/\">\u00c9quipement<\/a>\n                                                                            <\/h3>\n                                                                                                                                    <a href=\"https:\/\/messer-ca.com\/fr\/safety-data-sheets\/equipment-safety-data-sheets\/\">\n                                        Voir la fiche signal\u00e9tique de l&#039;\u00e9quipement                                    <\/a>\n                                                            <\/div>\n                        <\/li>\n                                                                                <li>\n                                                        <div class=\"market-text-block\">\n                                                                    <h3>\n                                                                                    <a href=\"https:\/\/messer-ca.com\/fr\/safety-data-sheets\/edwards-safety-data-sheets\/\">Produits Edwards<\/a>\n                                                                            <\/h3>\n                                                                                                                                    <a href=\"https:\/\/messer-ca.com\/fr\/safety-data-sheets\/edwards-safety-data-sheets\/\">\n                                        Afficher la FDS d&#039;Edwards                                    <\/a>\n                                                            <\/div>\n                        <\/li>\n                                                <\/ul>\n            <\/div>\n\n\n\n<hr class=\"wp-block-separator has-css-opacity\"\/>\n\n\n    <div class=\"markets\">\n        \n                   <ul class=\"listreset markets-list solutions-list\">\n                                                            <li>\n                                                                                                <div class=\"market-ic\"><a href=\"https:\/\/www.lincolnelectric.com\/fr-CA\/Safety-Document-Search\/Safety-Data-Sheets\" target=\"_blank\"><img decoding=\"async\" src=\"https:\/\/messer-ca.com\/wp-content\/uploads\/2021\/11\/LincolnElectric_logo-300x105.jpg\" alt=\"\"><\/a><\/div>\n                                                                                         <div class=\"market-text-block\">\n                                                                                                                                    <a href=\"https:\/\/www.lincolnelectric.com\/fr-CA\/Safety-Document-Search\/Safety-Data-Sheets\" target=\"_blank\">\n                                        Voir la FDS                                    <\/a>\n                                                            <\/div>\n                        <\/li>\n                                                                                <li>\n                                                                                                <div class=\"market-ic\"><a href=\"https:\/\/www.millerwelds.com\/resources\/safety-precautions\/sds-sheets\" target=\"_blank\"><img decoding=\"async\" src=\"https:\/\/messer-ca.com\/wp-content\/uploads\/2021\/11\/Miller_logo.png\" alt=\"\"><\/a><\/div>\n                                                                                         <div class=\"market-text-block\">\n                                                                                                                                    <a href=\"https:\/\/www.millerwelds.com\/resources\/safety-precautions\/sds-sheets\" target=\"_blank\">\n                                        Voir la FDS                                    <\/a>\n                                                            <\/div>\n                        <\/li>\n                                                                                <li>\n                                                                                                <div class=\"market-ic\"><a href=\"https:\/\/www.hobartbrothers.com\/msds\/\" target=\"_blank\"><img decoding=\"async\" src=\"https:\/\/messer-ca.com\/wp-content\/uploads\/2021\/11\/Hobart-Filler-Metals-Logo-300x102.jpg\" alt=\"\"><\/a><\/div>\n                                                                                         <div class=\"market-text-block\">\n                                                                                                                                    <a href=\"https:\/\/www.hobartbrothers.com\/msds\/\" target=\"_blank\">\n                                        Voir la FDS                                    <\/a>\n                                                            <\/div>\n                        <\/li>\n                                                                                <li>\n                                                                                                <div class=\"market-ic\"><a href=\"https:\/\/ichemistry.intersolia.com\/main\/esabholdings\/language?name=user.ESABHoldings&#038;password=ycfstuuy\" target=\"_blank\"><img decoding=\"async\" src=\"https:\/\/messer-ca.com\/wp-content\/uploads\/2021\/11\/ESAB_logo.png\" alt=\"\"><\/a><\/div>\n                                                                                         <div class=\"market-text-block\">\n                                                                                                                                    <a href=\"https:\/\/ichemistry.intersolia.com\/main\/esabholdings\/language?name=user.ESABHoldings&#038;password=ycfstuuy\" target=\"_blank\">\n                                        Voir la FDS                                    <\/a>\n                                                            <\/div>\n                        <\/li>\n                                                                                <li>\n                                                                                                <div class=\"market-ic\"><a href=\"http:\/\/www.vabw-service.com\/voestalpine\/?changeLang=en\" target=\"_blank\"><img decoding=\"async\" src=\"https:\/\/messer-ca.com\/wp-content\/uploads\/2021\/11\/bohlerwelding_logo.gif\" alt=\"\"><\/a><\/div>\n                                                                                         <div class=\"market-text-block\">\n                                                                                                                                    <a href=\"http:\/\/www.vabw-service.com\/voestalpine\/?changeLang=en\" target=\"_blank\">\n                                        Voir la FDS                                    <\/a>\n                                                            <\/div>\n                        <\/li>\n                                                                                <li>\n                                                                                                <div class=\"market-ic\"><a href=\"https:\/\/www.sodel.com\/\" target=\"_blank\"><img decoding=\"async\" src=\"https:\/\/messer-ca.com\/wp-content\/uploads\/2021\/11\/Sodel_logo-300x150.jpg\" alt=\"\"><\/a><\/div>\n                                                                                         <div class=\"market-text-block\">\n                                                                                                                                    <a href=\"https:\/\/www.sodel.com\/\" target=\"_blank\">\n                                        Voir la FDS                                    <\/a>\n                                                            <\/div>\n                        <\/li>\n                                                                                <li>\n                                                                                                <div class=\"market-ic\"><a href=\"https:\/\/www.castolin.com\/fr-CA\/user\/login?destination=fr-CA\/msds\/search\" target=\"_blank\"><img decoding=\"async\" src=\"https:\/\/messer-ca.com\/wp-content\/uploads\/2021\/11\/Castolin_logo-300x104.png\" alt=\"\"><\/a><\/div>\n                                                                                         <div class=\"market-text-block\">\n                                                                                                                                    <a href=\"https:\/\/www.castolin.com\/fr-CA\/user\/login?destination=fr-CA\/msds\/search\" target=\"_blank\">\n                                        Voir la FDS                                    <\/a>\n                                                            <\/div>\n                        <\/li>\n                                                                                <li>\n                                                                                                <div class=\"market-ic\"><a href=\"https:\/\/www.walter.com\/fr_CA\/support\/fiches-signaletiques\" target=\"_blank\"><img decoding=\"async\" src=\"https:\/\/messer-ca.com\/wp-content\/uploads\/2021\/11\/Walter_EN_logo-300x74.jpg\" alt=\"\"><\/a><\/div>\n                                                                                         <div class=\"market-text-block\">\n                                                                                                                                    <a href=\"https:\/\/www.walter.com\/fr_CA\/support\/fiches-signaletiques\" target=\"_blank\">\n                                        Voir la FDS                                    <\/a>\n                                                            <\/div>\n                        <\/li>\n                                                                                <li>\n                                                                                                <div class=\"market-ic\"><a href=\"https:\/\/www.3eonline.com\/EeeOnlinePortal\/DesktopDefault.aspx\" target=\"_blank\"><img decoding=\"async\" src=\"https:\/\/messer-ca.com\/wp-content\/uploads\/2021\/11\/SG_Norton_logo_rgb-300x138.png\" alt=\"\"><\/a><\/div>\n                                                                                         <div class=\"market-text-block\">\n                                                                                                                                    <a href=\"https:\/\/www.3eonline.com\/EeeOnlinePortal\/DesktopDefault.aspx\" target=\"_blank\">\n                                        Voir la FDS                                    <\/a>\n                                                            <\/div>\n                        <\/li>\n                                                <\/ul>\n            <\/div>\n\n\n\n<div style=\"height:100px\" aria-hidden=\"true\" class=\"wp-block-spacer\"><\/div>\n\n\n\t<div class=\"text-and-button-block text-center full-width\">\n\t\t<div class=\"container\">\n\t\t\t\t\t\t\t<div class=\"text\"><p><strong>Des questions?<\/strong> Demandez \u00e0 notre \u00e9quipe. Nous sommes l\u00e0 pour vous aider.<\/p>\n<\/div>\n\t\t\t\t\t\t\t\t\t\t\t\t\t\t\t<a class=\"btn-3\" href=\"https:\/\/messer-ca.com\/fr\/contact-support\/\"  target=\"_blank\">Contactez-nous<\/a>\n\t\t\t\t\t\t\t\t\t<\/div>\n\t<\/div>","protected":false},"excerpt":{"rendered":"<p>Safety data sheets can be an extremely useful source of information to help you remain vigilant on the potential hazards of our products. Safety regulations are generally governed first and foremost by local legislation. We have prepared a wide range of safety data sheets. Please be aware that you may need to supplement the contents [&hellip;]<\/p>\n","protected":false},"author":5,"featured_media":48,"parent":0,"menu_order":0,"comment_status":"closed","ping_status":"closed","template":"pages\/template-solutions.php","meta":{"_acf_changed":false,"content-type":"","om_disable_all_campaigns":false,"_exactmetrics_skip_tracking":false,"_exactmetrics_sitenote_active":false,"_exactmetrics_sitenote_note":"","_exactmetrics_sitenote_category":0,"_monsterinsights_skip_tracking":false,"_monsterinsights_sitenote_active":false,"_monsterinsights_sitenote_note":"","_monsterinsights_sitenote_category":0,"footnotes":""},"class_list":["post-83","page","type-page","status-publish","has-post-thumbnail","hentry"],"acf":[],"_links":{"self":[{"href":"https:\/\/messer-ca.com\/fr\/wp-json\/wp\/v2\/pages\/83","targetHints":{"allow":["GET"]}}],"collection":[{"href":"https:\/\/messer-ca.com\/fr\/wp-json\/wp\/v2\/pages"}],"about":[{"href":"https:\/\/messer-ca.com\/fr\/wp-json\/wp\/v2\/types\/page"}],"author":[{"embeddable":true,"href":"https:\/\/messer-ca.com\/fr\/wp-json\/wp\/v2\/users\/5"}],"replies":[{"embeddable":true,"href":"https:\/\/messer-ca.com\/fr\/wp-json\/wp\/v2\/comments?post=83"}],"version-history":[{"count":0,"href":"https:\/\/messer-ca.com\/fr\/wp-json\/wp\/v2\/pages\/83\/revisions"}],"wp:featuredmedia":[{"embeddable":true,"href":"https:\/\/messer-ca.com\/fr\/wp-json\/wp\/v2\/media\/48"}],"wp:attachment":[{"href":"https:\/\/messer-ca.com\/fr\/wp-json\/wp\/v2\/media?parent=83"}],"curies":[{"name":"wp","href":"https:\/\/api.w.org\/{rel}","templated":true}]}}