{"id":840,"date":"2019-08-28T17:57:55","date_gmt":"2019-08-28T17:57:55","guid":{"rendered":"http:\/\/messer-ca.com\/?page_id=840"},"modified":"2019-08-29T20:38:15","modified_gmt":"2019-08-29T20:38:15","slug":"metals","status":"publish","type":"page","link":"https:\/\/messer-ca.com\/fr\/industries\/metals\/","title":{"rendered":"M\u00e9taux"},"content":{"rendered":"<div class=\"info-block-2 text-center full-width\">\n    \t<img decoding=\"async\" src=\"https:\/\/messer-ca.com\/wp-content\/themes\/messercanada\/images\/grey.png\" alt=\"\">\n    \t<div class=\"container min-container\">\n    \t\t<div class=\"info-block-2-text style-large\">Notre pr\u00e9sence mondiale et notre approche pratique nous permettent de fournir des services et des solutions parfaitement adapt\u00e9es \u00e0 vos besoins.<\/div>\n    \t<\/div>\n    <\/div>\n\n\n<p>Face \u00e0 la vive concurrence, les industries de la production d&#039;acier et de m\u00e9taux sont \u00e9galement soumises \u00e0 des contr\u00f4les r\u00e9glementaires stricts.<\/p>\n<p>Diverses solutions Messer peuvent aider \u00e0 harmoniser les objectifs de productivit\u00e9 et de co\u00fbts avec les pressions environnementales.<\/p>\n<p>Nous couvrons tout le spectre - de la r\u00e9duction du minerai au recyclage des m\u00e9taux en passant par le raffinage et le moulage, au r\u00e9chauffage, au traitement des m\u00e9taux et enfin au traitement thermique. Nos solutions innovantes ont d\u00e9j\u00e0 apport\u00e9 des gains d&#039;efficacit\u00e9 \u00e9normes et quantifiables \u00e0 de nombreux clients.<\/p>\n<p>Que vous soyez une petite entreprise familiale ou une multinationale, notre pr\u00e9sence mondiale et notre approche pratique nous permettent de fournir des services et des solutions adapt\u00e9es \u00e0 vos besoins.&nbsp;<\/p>\n\n\n<div style=\"height:20px\" aria-hidden=\"true\" class=\"wp-block-spacer custom-left-separator\"><\/div>\n\n\n    <div class=\"markets\">\n        \n                   <ul class=\"listreset markets-list solutions-list\">\n                                                            <li>\n                                                                                                <div class=\"market-ic\"><img decoding=\"async\" src=\"https:\/\/messer-ca.com\/wp-content\/uploads\/2019\/08\/iron.jpg\" alt=\"Molten iron pouring into crucible\"><\/div>\n                                                                                         <div class=\"market-text-block\">\n                                                                    <h3>\n                                                                                    Production de fer et d&#039;acier                                                                            <\/h3>\n                                                                                                                            <\/div>\n                        <\/li>\n                                                                                <li>\n                                                                                                <div class=\"market-ic\"><img decoding=\"async\" src=\"https:\/\/messer-ca.com\/wp-content\/uploads\/2019\/08\/nonferrus.jpg\" alt=\"Copper Tubing\"><\/div>\n                                                                                         <div class=\"market-text-block\">\n                                                                    <h3>\n                                                                                    Production de m\u00e9taux non ferreux                                                                            <\/h3>\n                                                                                                                            <\/div>\n                        <\/li>\n                                                                                <li>\n                                                                                                <div class=\"market-ic\"><img decoding=\"async\" src=\"https:\/\/messer-ca.com\/wp-content\/uploads\/2019\/08\/heat-treatment-1.jpg\" alt=\"Red-hot forged equipment\"><\/div>\n                                                                                         <div class=\"market-text-block\">\n                                                                    <h3>\n                                                                                    Traitement des m\u00e9taux et traitement thermique                                                                            <\/h3>\n                                                                                                                            <\/div>\n                        <\/li>\n                                                                                <li>\n                                                                                                <div class=\"market-ic\"><a href=\"http:\/\/messer-ca.com\/fr\/industries\/metals\/metal-fabrication\/\"><img decoding=\"async\" src=\"https:\/\/messer-ca.com\/wp-content\/uploads\/2019\/08\/ferric-welding.jpg\" alt=\"Ferrous Materials Welding\"><\/a><\/div>\n                                                                                         <div class=\"market-text-block\">\n                                                                    <h3>\n                                                                                    <a href=\"http:\/\/messer-ca.com\/fr\/industries\/metals\/metal-fabrication\/\">Fabrication de m\u00e9taux<\/a>\n                                                                            <\/h3>\n                                                                                                                                    <a href=\"http:\/\/messer-ca.com\/fr\/industries\/metals\/metal-fabrication\/\">\n                                        En savoir plus                                    <\/a>\n                                                            <\/div>\n                        <\/li>\n                                                <\/ul>\n            <\/div>\n\n\n\n<div style=\"height:20px\" aria-hidden=\"true\" class=\"wp-block-spacer custom-right-separator\"><\/div>\n\n\n\t<div class=\"text-and-button-block text-center full-width\">\n\t\t<div class=\"container\">\n\t\t\t\t\t\t\t<div class=\"text\"><p><strong>Des questions?<\/strong> Demandez \u00e0 notre \u00e9quipe. Nous sommes l\u00e0 pour vous aider.<\/p>\n<\/div>\n\t\t\t\t\t\t\t\t\t\t\t\t\t\t\t<a class=\"btn-3\" href=\"https:\/\/messer-ca.com\/fr\/contact-support\/\"  target=\"_blank\">Contactez-nous<\/a>\n\t\t\t\t\t\t\t\t\t<\/div>\n\t<\/div>","protected":false},"excerpt":{"rendered":"<p>In the face of stiff competition, the steel and metal production industries are also subject to strict regulatory controls. Various Messer solutions can help to harmonise productivity and cost targets with environmental pressures. We cover the full spectrum \u2013 from ore reduction and metals recycling through refining and casting to reheating and metal working and, [&hellip;]<\/p>\n","protected":false},"author":5,"featured_media":14,"parent":69,"menu_order":0,"comment_status":"closed","ping_status":"closed","template":"pages\/template-home.php","meta":{"_acf_changed":false,"content-type":"","om_disable_all_campaigns":false,"_exactmetrics_skip_tracking":false,"_exactmetrics_sitenote_active":false,"_exactmetrics_sitenote_note":"","_exactmetrics_sitenote_category":0,"_monsterinsights_skip_tracking":false,"_monsterinsights_sitenote_active":false,"_monsterinsights_sitenote_note":"","_monsterinsights_sitenote_category":0,"footnotes":""},"class_list":["post-840","page","type-page","status-publish","has-post-thumbnail","hentry"],"acf":[],"_links":{"self":[{"href":"https:\/\/messer-ca.com\/fr\/wp-json\/wp\/v2\/pages\/840","targetHints":{"allow":["GET"]}}],"collection":[{"href":"https:\/\/messer-ca.com\/fr\/wp-json\/wp\/v2\/pages"}],"about":[{"href":"https:\/\/messer-ca.com\/fr\/wp-json\/wp\/v2\/types\/page"}],"author":[{"embeddable":true,"href":"https:\/\/messer-ca.com\/fr\/wp-json\/wp\/v2\/users\/5"}],"replies":[{"embeddable":true,"href":"https:\/\/messer-ca.com\/fr\/wp-json\/wp\/v2\/comments?post=840"}],"version-history":[{"count":0,"href":"https:\/\/messer-ca.com\/fr\/wp-json\/wp\/v2\/pages\/840\/revisions"}],"up":[{"embeddable":true,"href":"https:\/\/messer-ca.com\/fr\/wp-json\/wp\/v2\/pages\/69"}],"wp:featuredmedia":[{"embeddable":true,"href":"https:\/\/messer-ca.com\/fr\/wp-json\/wp\/v2\/media\/14"}],"wp:attachment":[{"href":"https:\/\/messer-ca.com\/fr\/wp-json\/wp\/v2\/media?parent=840"}],"curies":[{"name":"wp","href":"https:\/\/api.w.org\/{rel}","templated":true}]}}