{"id":843,"date":"2019-08-28T17:59:16","date_gmt":"2019-08-28T17:59:16","guid":{"rendered":"http:\/\/messer-ca.com\/?page_id=843"},"modified":"2019-08-29T19:52:00","modified_gmt":"2019-08-29T19:52:00","slug":"glass-and-minerals","status":"publish","type":"page","link":"https:\/\/messer-ca.com\/fr\/industries\/glass-and-minerals\/","title":{"rendered":"Verre et min\u00e9raux"},"content":{"rendered":"<div class=\"info-block-2 text-center full-width\">\n    \t<img decoding=\"async\" src=\"https:\/\/messer-ca.com\/wp-content\/themes\/messercanada\/images\/grey.png\" alt=\"\">\n    \t<div class=\"container min-container\">\n    \t\t<div class=\"info-block-2-text style-large\">Solutions gaz innovantes<br \/>\r\npour l&#039;industrie du verre<\/div>\n    \t<\/div>\n    <\/div>\n\n\n<p>La production rentable de verre est une \u00e9quation complexe qui compare l&#039;utilisation de l&#039;\u00e9nergie \u00e0 la qualit\u00e9, aux \u00e9missions de process et au taux de production.<\/p>\n<p>Gr\u00e2ce \u00e0 une \u00e9troite collaboration avec les principaux fabricants de verre du monde entier, Messer a \u00e9tabli des capacit\u00e9s \u00e9prouv\u00e9es dans l\u2019ensemble du spectre du verre.<\/p>\n\n\n<div style=\"height:20px\" aria-hidden=\"true\" class=\"wp-block-spacer custom-left-separator\"><\/div>\n\n\n    <div class=\"markets\">\n        \n                   <ul class=\"listreset markets-list solutions-list\">\n                                                            <li>\n                                                        <div class=\"market-text-block\">\n                                                                    <h3>\n                                                                                    <a href=\"#\">\u00c0 venir<\/a>\n                                                                            <\/h3>\n                                                                                                                                    <a href=\"#\">\n                                                                            <\/a>\n                                                            <\/div>\n                        <\/li>\n                                                <\/ul>\n            <\/div>\n\n\n\n<div style=\"height:20px\" aria-hidden=\"true\" class=\"wp-block-spacer custom-right-separator\"><\/div>\n\n\n\t<div class=\"text-and-button-block text-center full-width\">\n\t\t<div class=\"container\">\n\t\t\t\t\t\t\t<div class=\"text\"><p><strong>Des questions?<\/strong> Demandez \u00e0 notre \u00e9quipe. Nous sommes l\u00e0 pour vous aider.<\/p>\n<\/div>\n\t\t\t\t\t\t\t\t\t\t\t\t\t\t\t<a class=\"btn-3\" href=\"https:\/\/messer-ca.com\/fr\/contact-support\/\"  target=\"_blank\">Contactez-nous<\/a>\n\t\t\t\t\t\t\t\t\t<\/div>\n\t<\/div>","protected":false},"excerpt":{"rendered":"<p>La production rentable de verre est une \u00e9quation complexe qui compare la consommation d&#039;\u00e9nergie \u00e0 la qualit\u00e9, aux \u00e9missions de proc\u00e9d\u00e9 et au taux de production. Gr\u00e2ce \u00e0 une \u00e9troite collaboration avec les principaux fabricants de verre dans le monde, Messer a \u00e9tabli des capacit\u00e9s \u00e9prouv\u00e9es sur l&#039;ensemble du spectre du verre.<\/p>","protected":false},"author":5,"featured_media":11,"parent":69,"menu_order":0,"comment_status":"closed","ping_status":"closed","template":"pages\/template-solutions.php","meta":{"_acf_changed":false,"content-type":"","om_disable_all_campaigns":false,"_exactmetrics_skip_tracking":false,"_exactmetrics_sitenote_active":false,"_exactmetrics_sitenote_note":"","_exactmetrics_sitenote_category":0,"_monsterinsights_skip_tracking":false,"_monsterinsights_sitenote_active":false,"_monsterinsights_sitenote_note":"","_monsterinsights_sitenote_category":0,"footnotes":""},"class_list":["post-843","page","type-page","status-publish","has-post-thumbnail","hentry"],"acf":[],"_links":{"self":[{"href":"https:\/\/messer-ca.com\/fr\/wp-json\/wp\/v2\/pages\/843","targetHints":{"allow":["GET"]}}],"collection":[{"href":"https:\/\/messer-ca.com\/fr\/wp-json\/wp\/v2\/pages"}],"about":[{"href":"https:\/\/messer-ca.com\/fr\/wp-json\/wp\/v2\/types\/page"}],"author":[{"embeddable":true,"href":"https:\/\/messer-ca.com\/fr\/wp-json\/wp\/v2\/users\/5"}],"replies":[{"embeddable":true,"href":"https:\/\/messer-ca.com\/fr\/wp-json\/wp\/v2\/comments?post=843"}],"version-history":[{"count":0,"href":"https:\/\/messer-ca.com\/fr\/wp-json\/wp\/v2\/pages\/843\/revisions"}],"up":[{"embeddable":true,"href":"https:\/\/messer-ca.com\/fr\/wp-json\/wp\/v2\/pages\/69"}],"wp:featuredmedia":[{"embeddable":true,"href":"https:\/\/messer-ca.com\/fr\/wp-json\/wp\/v2\/media\/11"}],"wp:attachment":[{"href":"https:\/\/messer-ca.com\/fr\/wp-json\/wp\/v2\/media?parent=843"}],"curies":[{"name":"wp","href":"https:\/\/api.w.org\/{rel}","templated":true}]}}