{"id":85,"date":"2019-08-21T10:17:47","date_gmt":"2019-08-21T10:17:47","guid":{"rendered":"http:\/\/messer-ca.com\/?page_id=85"},"modified":"2024-11-25T16:34:33","modified_gmt":"2024-11-25T16:34:33","slug":"contact-support","status":"publish","type":"page","link":"https:\/\/messer-ca.com\/fr\/contact-support\/","title":{"rendered":"Contact et soutien"},"content":{"rendered":"<div class=\"info-block-2 text-center full-width\">\n    \t<img decoding=\"async\" src=\"https:\/\/messer-ca.com\/wp-content\/themes\/messercanada\/images\/grey.png\" alt=\"\">\n    \t<div class=\"container min-container\">\n    \t\t<div class=\"info-block-2-text style-large\">Notre \u00e9quipe de service \u00e0 la client\u00e8le est \u00e0 votre disposition pour r\u00e9pondre \u00e0 toutes vos questions concernant nos produits, nos applications ou nos services.<\/div>\n    \t<\/div>\n    <\/div>\n\n\n\n<p><strong>Adresse :<\/strong> <br> Messer Canada <br> 5860 Chedworth Way <br> Mississauga, Ontario<br> L5R 0A2<br> <br> <br> <strong>T\u00e9l\u00e9phone :<\/strong> (905) 501-2500 <\/p>\n\n\n\n<p class=\"has-vivid-red-color has-text-color\"><br><strong>Intervention d'urgence en cas d'alerte 24 heures sur 24, 7 jours sur 7<\/strong>: (905) 501-0802<\/p>\n\n\n\n<div style=\"height:35px\" aria-hidden=\"true\" class=\"wp-block-spacer\"><\/div>\n\n\n\n<p><strong>Informations g\u00e9n\u00e9rales<\/strong>:                                             <\/p>\n\n\n\n<p class=\"has-medium-font-size\">Pour toute demande d\u2019informations g\u00e9n\u00e9rales au Canada, appelez votre magasin local au <strong>1 (888) 256-7359<\/strong> de 8 h \u00e0 17 h, heure locale.<\/p>\n\n\n\n<div style=\"height:35px\" aria-hidden=\"true\" class=\"wp-block-spacer\"><\/div>\n\n\n\n<p><strong>Informations sur les gaz et les applications de soudage :<\/strong>                                                 <br>Appelez votre magasin local au 1 (888) 256-7359 <br>Du lundi au vendredi de 8h \u00e0 17h heure locale. <br>Vous pouvez \u00e9galement nous joindre par courriel \u00e0 l'une des adresses suivantes :<br><a href=\"mailto:Service.montreal@messer-ca.com\" target=\"_blank\" rel=\"noreferrer noopener\">Service.montreal@messer-ca.com<\/a>  <br><a href=\"mailto:Service.west@messer-ca.com\" target=\"_blank\" rel=\"noreferrer noopener\">Service.west@messer-ca.com<\/a>  <br><a href=\"mailto:Service.ontario@messer-ca.com\" target=\"_blank\" rel=\"noreferrer noopener\">Service.ontario@messer-ca.com<\/a>  <br><a href=\"mailto:Service.quebec@messer-ca.com\" target=\"_blank\" rel=\"noreferrer noopener\">Service.quebec@messer-ca.com<\/a>  <br><a href=\"mailto:Service.maritimes@messer-ca.com\" target=\"_blank\" rel=\"noreferrer noopener\">Service.maritimes@messer-ca.com<\/a>                                  <\/p>\n\n\n\n<div style=\"height:35px\" aria-hidden=\"true\" class=\"wp-block-spacer\"><\/div>\n\n\n\n<p><strong>March\u00e9s sp\u00e9cialis\u00e9s \u2013 Produits et applications de gaz :<\/strong>                                                 <br>Contactez notre \u00e9quipe du service \u00e0 la client\u00e8le au 1 (866) 385-5349                                                 <br>Du lundi au vendredi de 8 h \u00e0 17 h, heure locale                                                 <br>Adresse courriel \u2013<a href=\"mailto:scientific@messer-ca.com\"> scientific@messer-ca.com<\/a>                                             <\/p>\n\n\n\n<div style=\"height:35px\" aria-hidden=\"true\" class=\"wp-block-spacer\"><\/div>\n\n\n\n<p><strong>Gaz - Alimentation et divertissement \u2013 Produits et services :<\/strong>                                                 <br>Contactez notre \u00e9quipe du service \u00e0 la client\u00e8le au 1 (866) 262-7554                                                 <br>Du lundi au vendredi de 8 h \u00e0 17 h, heure locale                                                 <br>Adresse courriel \u2013 <a href=\"mailto:hospitality@messer-ca.com\">hospitality@messer-ca.com<\/a>                                             <\/p>\n\n\n\n<div style=\"height:35px\" aria-hidden=\"true\" class=\"wp-block-spacer\"><\/div>\n\n\n\n<p><strong>H\u00e9lium liquide \u2013 Produits et applications :<\/strong>                                                 <br>Contactez notre \u00e9quipe du service \u00e0 la client\u00e8le au 1 (800) 262-4273                                                 <br>Du lundi au vendredi de 8 h \u00e0 17 h, heure locale                                                 <br>Adresse courriel \u2013 <a href=\"mailto:heliumliquid@messer-ca.com\">heliumliquid@messer-ca.com<\/a>                                                                                                                                    <\/p>\n\n\n\n<div style=\"height:35px\" aria-hidden=\"true\" class=\"wp-block-spacer\"><\/div>\n\n\n\n<p><strong>Achats en ligne :<\/strong>                                                 <br>Achetez en ligne en tout temps                                                 <br><a href=\"https:\/\/shop.messer-ca.com\/   \">https:\/\/shop.messer-ca.com\/   <\/a>                 <\/p>\n\n\n\n<div style=\"height:100px\" aria-hidden=\"true\" class=\"wp-block-spacer\"><\/div>\n\n\n\t<div class=\"text-and-button-block text-center full-width\">\n\t\t<div class=\"container\">\n\t\t\t\t\t\t\t<div class=\"text\"><p><strong>Des questions?<\/strong> Demandez \u00e0 notre \u00e9quipe. Nous sommes l\u00e0 pour vous aider.<\/p>\n<\/div>\n\t\t\t\t\t\t\t\t\t\t\t\t\t\t\t<a class=\"btn-3\" href=\"https:\/\/messer-ca.com\/fr\/contact-support\/\"  target=\"_blank\">Contactez-nous<\/a>\n\t\t\t\t\t\t\t\t\t<\/div>\n\t<\/div>","protected":false},"excerpt":{"rendered":"<p>Address: Messer Canada 5860 Chedworth Way Mississauga, Ontario L5R 0A2 Phone: (905) 501-2500 On-Alert Emergency Response 24\/7: (905) 501-0802 General Information: For general information and inquiries within Canada, call your local store at 1 (888) 256-7359 from 8 a.m. to 5 p.m. local time Welding Gas &amp; Applications Information: Call your local store @ 1 [&hellip;]<\/p>\n","protected":false},"author":5,"featured_media":12,"parent":0,"menu_order":0,"comment_status":"closed","ping_status":"closed","template":"pages\/template-solutions.php","meta":{"_acf_changed":false,"content-type":"","om_disable_all_campaigns":false,"_exactmetrics_skip_tracking":false,"_exactmetrics_sitenote_active":false,"_exactmetrics_sitenote_note":"","_exactmetrics_sitenote_category":0,"_monsterinsights_skip_tracking":false,"_monsterinsights_sitenote_active":false,"_monsterinsights_sitenote_note":"","_monsterinsights_sitenote_category":0,"footnotes":""},"class_list":["post-85","page","type-page","status-publish","has-post-thumbnail","hentry"],"acf":[],"_links":{"self":[{"href":"https:\/\/messer-ca.com\/fr\/wp-json\/wp\/v2\/pages\/85","targetHints":{"allow":["GET"]}}],"collection":[{"href":"https:\/\/messer-ca.com\/fr\/wp-json\/wp\/v2\/pages"}],"about":[{"href":"https:\/\/messer-ca.com\/fr\/wp-json\/wp\/v2\/types\/page"}],"author":[{"embeddable":true,"href":"https:\/\/messer-ca.com\/fr\/wp-json\/wp\/v2\/users\/5"}],"replies":[{"embeddable":true,"href":"https:\/\/messer-ca.com\/fr\/wp-json\/wp\/v2\/comments?post=85"}],"version-history":[{"count":0,"href":"https:\/\/messer-ca.com\/fr\/wp-json\/wp\/v2\/pages\/85\/revisions"}],"wp:featuredmedia":[{"embeddable":true,"href":"https:\/\/messer-ca.com\/fr\/wp-json\/wp\/v2\/media\/12"}],"wp:attachment":[{"href":"https:\/\/messer-ca.com\/fr\/wp-json\/wp\/v2\/media?parent=85"}],"curies":[{"name":"wp","href":"https:\/\/api.w.org\/{rel}","templated":true}]}}