{"id":852,"date":"2019-08-28T18:07:44","date_gmt":"2019-08-28T18:07:44","guid":{"rendered":"http:\/\/messer-ca.com\/?page_id=852"},"modified":"2021-07-27T13:54:02","modified_gmt":"2021-07-27T13:54:02","slug":"chemical","status":"publish","type":"page","link":"https:\/\/messer-ca.com\/fr\/industries\/chemical\/","title":{"rendered":"Gaz industriels chimiques"},"content":{"rendered":"<div class=\"info-block-2 text-center full-width\">\n    \t<img decoding=\"async\" src=\"https:\/\/messer-ca.com\/wp-content\/themes\/messercanada\/images\/grey.png\" alt=\"\">\n    \t<div class=\"container min-container\">\n    \t\t<div class=\"info-block-2-text style-large\">L&#039;\u00e9volution des mati\u00e8res premi\u00e8res, les co\u00fbts \u00e9nerg\u00e9tiques \u00e9lev\u00e9s et la r\u00e9glementation environnementale de plus en plus stricte ont radicalement modifi\u00e9 les op\u00e9rations des raffineries et des usines de monom\u00e8res chimiques.<\/div>\n    \t<\/div>\n    <\/div>\n\n\n<p>Les pressions environnementales sont particuli\u00e8rement fortes dans ce secteur \u00e9tant donn\u00e9 la diminution des r\u00e9serves naturelles et les effets du changement climatique. Des lois de plus en plus s\u00e9v\u00e8res sur la protection de l&#039;environnement imposent des proc\u00e9d\u00e9s de raffinage et des carburants plus propres. Cela est particuli\u00e8rement difficile \u00e9tant donn\u00e9 la diminution de la qualit\u00e9 des r\u00e9serves de p\u00e9trole brut, comme en t\u00e9moigne la hausse des niveaux de soufre.<\/p>\n<p>En outre, la mondialisation \u00e9l\u00e8ve la barre de l&#039;efficacit\u00e9. Les contraintes d&#039;investissement en capital incitent les exploitants de raffineries \u00e0 rechercher d&#039;autres moyens d&#039;accro\u00eetre l&#039;efficacit\u00e9, de r\u00e9duire les goulets d&#039;\u00e9tranglement et de tirer profit du brut de moindre qualit\u00e9. Les gaz industriels peuvent jouer un r\u00f4le vital pour relever ces d\u00e9fis.<\/p>\n\n\n<div style=\"height:20px\" aria-hidden=\"true\" class=\"wp-block-spacer custom-left-separator\"><\/div>\n\n\n    <div class=\"markets\">\n        \n                   <ul class=\"listreset markets-list solutions-list\">\n                                                            <li>\n                                                                                                <div class=\"market-ic\"><img decoding=\"async\" src=\"https:\/\/messer-ca.com\/wp-content\/uploads\/2019\/08\/petrochem.jpg\" alt=\"Petrochemical factory\"><\/div>\n                                                                                         <div class=\"market-text-block\">\n                                                                    <h3>\n                                                                                    P\u00e9trochimie                                                                            <\/h3>\n                                                                                                                            <\/div>\n                        <\/li>\n                                                                                <li>\n                                                                                                <div class=\"market-ic\"><img decoding=\"async\" src=\"https:\/\/messer-ca.com\/wp-content\/uploads\/2019\/08\/plastics.jpg\" alt=\"Plastic bottle of water on conveyer belt\"><\/div>\n                                                                                         <div class=\"market-text-block\">\n                                                                    <h3>\n                                                                                    Plastiques                                                                            <\/h3>\n                                                                                                                            <\/div>\n                        <\/li>\n                                                                                <li>\n                                                                                                <div class=\"market-ic\"><img decoding=\"async\" src=\"https:\/\/messer-ca.com\/wp-content\/uploads\/2019\/08\/farm.jpg\" alt=\"Farm field with tractor\"><\/div>\n                                                                                         <div class=\"market-text-block\">\n                                                                    <h3>\n                                                                                    Produits chimiques agricoles                                                                            <\/h3>\n                                                                                                                            <\/div>\n                        <\/li>\n                                                                                <li>\n                                                                                                <div class=\"market-ic\"><img decoding=\"async\" src=\"https:\/\/messer-ca.com\/wp-content\/uploads\/2019\/08\/chlor-alkali.jpg\" alt=\"Chlor-Alkali processing\"><\/div>\n                                                                                         <div class=\"market-text-block\">\n                                                                    <h3>\n                                                                                    Chloralcali                                                                            <\/h3>\n                                                                                                                            <\/div>\n                        <\/li>\n                                                                                <li>\n                                                                                                <div class=\"market-ic\"><img decoding=\"async\" src=\"https:\/\/messer-ca.com\/wp-content\/uploads\/2019\/08\/pigments.jpg\" alt=\"Various cans of paint\"><\/div>\n                                                                                         <div class=\"market-text-block\">\n                                                                    <h3>\n                                                                                    Pigments-Fibres                                                                            <\/h3>\n                                                                                                                            <\/div>\n                        <\/li>\n                                                                                <li>\n                                                                                                <div class=\"market-ic\"><img decoding=\"async\" src=\"https:\/\/messer-ca.com\/wp-content\/uploads\/2019\/08\/chemical.jpg\" alt=\"Technician inspecting chemical tank\"><\/div>\n                                                                                         <div class=\"market-text-block\">\n                                                                    <h3>\n                                                                                    Chimie de sp\u00e9cialit\u00e9                                                                            <\/h3>\n                                                                                                                            <\/div>\n                        <\/li>\n                                                <\/ul>\n            <\/div>\n\n\n\n<div style=\"height:20px\" aria-hidden=\"true\" class=\"wp-block-spacer custom-right-separator\"><\/div>\n\n\n\t<div class=\"text-and-button-block text-center full-width\">\n\t\t<div class=\"container\">\n\t\t\t\t\t\t\t<div class=\"text\"><p><strong>Des questions?<\/strong> Demandez \u00e0 notre \u00e9quipe. Nous sommes l\u00e0 pour vous aider.<\/p>\n<\/div>\n\t\t\t\t\t\t\t\t\t\t\t\t\t\t\t<a class=\"btn-3\" href=\"https:\/\/messer-ca.com\/fr\/contact-support\/\"  target=\"_blank\">Contactez-nous<\/a>\n\t\t\t\t\t\t\t\t\t<\/div>\n\t<\/div>","protected":false},"excerpt":{"rendered":"<p>Environmental pressures are particularly acute in this sector given the dwindling supplies of natural reserves and the effects of climate change. Increasingly severe environmental protection laws dictate cleaner refining processes and fuels.\u00a0 This is particularly challenging given the dwindling quality of crude oil reserves, as evidenced in rising sulfur levels. In addition, globalization is raising [&hellip;]<\/p>\n","protected":false},"author":5,"featured_media":10,"parent":69,"menu_order":0,"comment_status":"closed","ping_status":"closed","template":"pages\/template-home.php","meta":{"_acf_changed":false,"content-type":"","om_disable_all_campaigns":false,"_exactmetrics_skip_tracking":false,"_exactmetrics_sitenote_active":false,"_exactmetrics_sitenote_note":"","_exactmetrics_sitenote_category":0,"_monsterinsights_skip_tracking":false,"_monsterinsights_sitenote_active":false,"_monsterinsights_sitenote_note":"","_monsterinsights_sitenote_category":0,"footnotes":""},"class_list":["post-852","page","type-page","status-publish","has-post-thumbnail","hentry"],"acf":[],"_links":{"self":[{"href":"https:\/\/messer-ca.com\/fr\/wp-json\/wp\/v2\/pages\/852","targetHints":{"allow":["GET"]}}],"collection":[{"href":"https:\/\/messer-ca.com\/fr\/wp-json\/wp\/v2\/pages"}],"about":[{"href":"https:\/\/messer-ca.com\/fr\/wp-json\/wp\/v2\/types\/page"}],"author":[{"embeddable":true,"href":"https:\/\/messer-ca.com\/fr\/wp-json\/wp\/v2\/users\/5"}],"replies":[{"embeddable":true,"href":"https:\/\/messer-ca.com\/fr\/wp-json\/wp\/v2\/comments?post=852"}],"version-history":[{"count":0,"href":"https:\/\/messer-ca.com\/fr\/wp-json\/wp\/v2\/pages\/852\/revisions"}],"up":[{"embeddable":true,"href":"https:\/\/messer-ca.com\/fr\/wp-json\/wp\/v2\/pages\/69"}],"wp:featuredmedia":[{"embeddable":true,"href":"https:\/\/messer-ca.com\/fr\/wp-json\/wp\/v2\/media\/10"}],"wp:attachment":[{"href":"https:\/\/messer-ca.com\/fr\/wp-json\/wp\/v2\/media?parent=852"}],"curies":[{"name":"wp","href":"https:\/\/api.w.org\/{rel}","templated":true}]}}