{"id":856,"date":"2019-08-28T18:11:55","date_gmt":"2019-08-28T18:11:55","guid":{"rendered":"http:\/\/messer-ca.com\/?page_id=856"},"modified":"2023-06-16T21:14:52","modified_gmt":"2023-06-16T21:14:52","slug":"oil-and-gas","status":"publish","type":"page","link":"https:\/\/messer-ca.com\/fr\/industries\/oil-and-gas\/","title":{"rendered":"P\u00e9trole et gaz"},"content":{"rendered":"<div class=\"info-block-2 text-center full-width\">\n    \t<img decoding=\"async\" src=\"https:\/\/messer-ca.com\/wp-content\/themes\/messercanada\/images\/grey.png\" alt=\"\">\n    \t<div class=\"container min-container\">\n    \t\t<div class=\"info-block-2-text style-large\">Am\u00e9liorer l&#039;efficacit\u00e9 des raffineries, des usines de valorisation, des usines p\u00e9trochimiques et des usines de traitement du gaz naturel gr\u00e2ce \u00e0 des processus et des produits plus propres qui am\u00e9liorent les op\u00e9rations et r\u00e9duisent les \u00e9missions<\/div>\n    \t<\/div>\n    <\/div>\n\n\n<p>Les mati\u00e8res premi\u00e8res changeantes, les co\u00fbts \u00e9nerg\u00e9tiques \u00e9lev\u00e9s, les r\u00e9glementations environnementales toujours plus strictes et les pr\u00e9occupations en mati\u00e8re de s\u00e9curit\u00e9 ont radicalement chang\u00e9 le fonctionnement de ce type d&#039;installations. Les pressions environnementales sont particuli\u00e8rement fortes dans ce secteur en raison de la diminution des r\u00e9serves de r\u00e9serves naturelles et des effets du changement climatique. Des lois de plus en plus s\u00e9v\u00e8res en mati\u00e8re de protection de l&#039;environnement dictent des proc\u00e9d\u00e9s de raffinage et des carburants plus propres, associ\u00e9s \u00e0 des niveaux d&#039;\u00e9mission inf\u00e9rieurs.<\/p>\n<p>Au Canada, les producteurs ont du mal \u00e0 r\u00e9soudre ces probl\u00e8mes tout en d\u00e9veloppant de mani\u00e8re responsable les vastes sables bitumineux, tout en assurant une production \u00e9conomique et responsable \u00e0 partir de r\u00e9serves de p\u00e9trole et de gaz plus traditionnelles.<\/p>\n<p>En outre, la mondialisation \u00e9l\u00e8ve la barre de l&#039;efficacit\u00e9. Les contraintes d&#039;investissement en capital encouragent les raffineurs \u00e0 rechercher d&#039;autres moyens d&#039;accro\u00eetre l&#039;efficacit\u00e9, de r\u00e9duire les goulots d&#039;\u00e9tranglement et de tirer profit du p\u00e9trole brut de qualit\u00e9 inf\u00e9rieure. Les gaz industriels peuvent jouer un r\u00f4le vital pour relever ces d\u00e9fis.<\/p>\n<p>Les raffineries et les usines de traitement des produits chimiques utilisent une grande vari\u00e9t\u00e9 de gaz pour le traitement:<\/p>\n<ul>\n<li>Azote - utilis\u00e9 pour le blanchiment, l&#039;inertage, le m\u00e9lange et le transfert de pression<\/li>\n<li>Oxyg\u00e8ne - Pour le traitement de l&#039;eau et l&#039;enrichissement en oxyg\u00e8ne des processus, notamment dans les proc\u00e9d\u00e9s Claus, les oxydations et les proc\u00e9d\u00e9s FCC<\/li>\n<li>Hydrog\u00e8ne - Pour la d\u00e9sulfuration, l&#039;hydrog\u00e9nation et l&#039;hydrocraquage<\/li>\n<li>Dioxyde de carbone - pour le contr\u00f4le du pH et le traitement de l&#039;eau<\/li>\n<li>Gaz sp\u00e9ciaux - pour les besoins de test, de conformit\u00e9, de surveillance, de s\u00e9curit\u00e9 personnelle et d&#039;analyse<\/li>\n<\/ul>\n<p>Les gaz sp\u00e9ciaux de Messer sont disponibles dans une grande vari\u00e9t\u00e9 de tailles et de mat\u00e9riaux de bouteilles, tandis que les gaz purs sont disponibles en bouteilles et en vrac, avec diff\u00e9rents degr\u00e9s de puret\u00e9. La livraison par pipeline ou la production sur site peut \u00e9galement \u00eatre une option pour des volumes plus importants. Pour votre tranquillit\u00e9 d&#039;esprit, nos experts qualifi\u00e9s peuvent \u00e9galement vous aider \u00e0 concevoir et g\u00e9rer vos installations de syst\u00e8me de distribution de gaz.<\/p>\n<p>Messer vous apportera des avantages en mati\u00e8re de s\u00e9curit\u00e9, de productivit\u00e9, de qualit\u00e9 et d\u2019environnement dans les domaines suivants:<\/p>\n<ul>\n<li>Gaz vecteurs et m\u00e9langes d&#039;\u00e9talonnage (gaz et liquide) pour les analyseurs de processus et les laboratoires de contr\u00f4le de la qualit\u00e9<\/li>\n<li>M\u00e9langes d&#039;\u00e9talonnage du protocole EPA et Z\u00e9ro Gaz de qualit\u00e9 CEM pour les syst\u00e8mes de surveillance continue des \u00e9missions (CEMS) et \u00e9chantillonnage de chemin\u00e9es<\/li>\n<li>M\u00e9langes d&#039;\u00e9talonnage rechargeables portables ECOTOP avec contr\u00f4le de flux int\u00e9gr\u00e9, pour l&#039;\u00e9talonnage et les tests de fonctionnement des syst\u00e8mes de d\u00e9tection de gaz dangereux fixes et portables<\/li>\n<li>Gaz industriels et fournitures pour le soudage, la r\u00e9paration, la maintenance et la purge<\/li>\n<\/ul>\n<p>Chez Messer Canada, nous avons beaucoup investi dans notre infrastructure canadienne pour nous assurer que Messer fabrique des gaz sp\u00e9ciaux AU CANADA pour les CLIENTS CANADIENS.<\/p>\n<p>Nos deux usines de gaz de sp\u00e9cialit\u00e9 sont situ\u00e9es \u00e0 Edmonton (Alberta) (Centre d&#039;hydrocarbures d&#039;excellence) et \u00e0 Whitby (Ontario) (Centre d&#039;excellence en environnement). D&#039;autres capacit\u00e9s de remplissage de gaz de sp\u00e9cialit\u00e9 sont \u00e9galement disponibles \u00e0 Langley (C.-B.), Calgary (Alberta), Saskatoon (SK), Winnipeg (Brampton) et Brampton (Ontario). , Montr\u00e9al, QC, Qu\u00e9bec, QC et Moncton, NB.<\/p>\n\n\n<div style=\"height:20px\" aria-hidden=\"true\" class=\"wp-block-spacer custom-left-separator\"><\/div>\n\n\n    <div class=\"resources-banner full-width\">\n        <div class=\"container min-container\">\n            <div class=\"resources-banner-img\">\n                            <\/div>\n            <div class=\"resources-banner-text\">\n                                                    <h3>Gaz sp\u00e9ciaux pour les industries p\u00e9troli\u00e8res, gazi\u00e8res et p\u00e9trochimiques du Canada<\/h3>\n                                                                    <a class=\"btn btn-2\" href=\"https:\/\/messer-ca.com\/fr\/products\/specialty-gases\/\">\n                        En savoir plus                    <\/a>\n                            <\/div>\n            \n        <\/div>\n    <\/div>\n\n\n    <div class=\"markets\">\n        \n                   <ul class=\"listreset markets-list solutions-list\">\n                                                            <li>\n                                                                                                <div class=\"market-ic\"><a href=\"https:\/\/www.messer-us.com\/oil-gas\"><img decoding=\"async\" src=\"https:\/\/messer-ca.com\/wp-content\/uploads\/2019\/08\/capture.jpg\" alt=\"Environmental gas capture facility\"><\/a><\/div>\n                                                                                         <div class=\"market-text-block\">\n                                                                    <h3>\n                                                                                    <a href=\"https:\/\/www.messer-us.com\/oil-gas\">Gaz en vrac pour la production et la r\u00e9cup\u00e9ration en amont<\/a>\n                                                                            <\/h3>\n                                                                                                                                    <a href=\"https:\/\/www.messer-us.com\/oil-gas\">\n                                                                            <\/a>\n                                                            <\/div>\n                        <\/li>\n                                                                                <li>\n                                                                                                <div class=\"market-ic\"><a href=\"https:\/\/www.messer-us.com\/chemistry\/refineries\"><img decoding=\"async\" src=\"https:\/\/messer-ca.com\/wp-content\/uploads\/2019\/08\/petrochem.jpg\" alt=\"Petrochemical factory\"><\/a><\/div>\n                                                                                         <div class=\"market-text-block\">\n                                                                    <h3>\n                                                                                    <a href=\"https:\/\/www.messer-us.com\/chemistry\/refineries\">Gaz en vrac pour le raffinage du p\u00e9trole<\/a>\n                                                                            <\/h3>\n                                                                                                                                    <a href=\"https:\/\/www.messer-us.com\/chemistry\/refineries\">\n                                                                            <\/a>\n                                                            <\/div>\n                        <\/li>\n                                                <\/ul>\n            <\/div>\n\n\n\n<div style=\"height:20px\" aria-hidden=\"true\" class=\"wp-block-spacer custom-right-separator\"><\/div>\n\n\n\t<div class=\"text-and-button-block text-center full-width\">\n\t\t<div class=\"container\">\n\t\t\t\t\t\t\t<div class=\"text\"><p><strong>Des questions?<\/strong> Demandez \u00e0 notre \u00e9quipe. Nous sommes l\u00e0 pour vous aider.<\/p>\n<\/div>\n\t\t\t\t\t\t\t\t\t\t\t\t\t\t\t<a class=\"btn-3\" href=\"https:\/\/messer-ca.com\/fr\/contact-support\/\"  target=\"_blank\">Contactez-nous<\/a>\n\t\t\t\t\t\t\t\t\t<\/div>\n\t<\/div>","protected":false},"excerpt":{"rendered":"<p>Changing feedstocks, high energy costs, ever-increasing environmental regulations, and safety concerns have dramatically changed how these types of facilities operate. Environmental pressures are particularly acute in this sector given the dwindling supplies of natural reserves and the effects of climate change. Increasingly severe environmental protection laws dictate cleaner refining processes and fuels, coupled with lower [&hellip;]<\/p>\n","protected":false},"author":5,"featured_media":10,"parent":69,"menu_order":0,"comment_status":"closed","ping_status":"closed","template":"pages\/template-home.php","meta":{"_acf_changed":false,"content-type":"","om_disable_all_campaigns":false,"_exactmetrics_skip_tracking":false,"_exactmetrics_sitenote_active":false,"_exactmetrics_sitenote_note":"","_exactmetrics_sitenote_category":0,"_monsterinsights_skip_tracking":false,"_monsterinsights_sitenote_active":false,"_monsterinsights_sitenote_note":"","_monsterinsights_sitenote_category":0,"footnotes":""},"class_list":["post-856","page","type-page","status-publish","has-post-thumbnail","hentry"],"acf":[],"_links":{"self":[{"href":"https:\/\/messer-ca.com\/fr\/wp-json\/wp\/v2\/pages\/856","targetHints":{"allow":["GET"]}}],"collection":[{"href":"https:\/\/messer-ca.com\/fr\/wp-json\/wp\/v2\/pages"}],"about":[{"href":"https:\/\/messer-ca.com\/fr\/wp-json\/wp\/v2\/types\/page"}],"author":[{"embeddable":true,"href":"https:\/\/messer-ca.com\/fr\/wp-json\/wp\/v2\/users\/5"}],"replies":[{"embeddable":true,"href":"https:\/\/messer-ca.com\/fr\/wp-json\/wp\/v2\/comments?post=856"}],"version-history":[{"count":0,"href":"https:\/\/messer-ca.com\/fr\/wp-json\/wp\/v2\/pages\/856\/revisions"}],"up":[{"embeddable":true,"href":"https:\/\/messer-ca.com\/fr\/wp-json\/wp\/v2\/pages\/69"}],"wp:featuredmedia":[{"embeddable":true,"href":"https:\/\/messer-ca.com\/fr\/wp-json\/wp\/v2\/media\/10"}],"wp:attachment":[{"href":"https:\/\/messer-ca.com\/fr\/wp-json\/wp\/v2\/media?parent=856"}],"curies":[{"name":"wp","href":"https:\/\/api.w.org\/{rel}","templated":true}]}}