{"id":864,"date":"2019-08-28T18:15:03","date_gmt":"2019-08-28T18:15:03","guid":{"rendered":"http:\/\/messer-ca.com\/?page_id=864"},"modified":"2019-08-29T20:43:49","modified_gmt":"2019-08-29T20:43:49","slug":"electronics","status":"publish","type":"page","link":"https:\/\/messer-ca.com\/fr\/industries\/electronics\/","title":{"rendered":"\u00c9lectronique"},"content":{"rendered":"<div class=\"info-block-2 text-center full-width\">\n    \t<img decoding=\"async\" src=\"https:\/\/messer-ca.com\/wp-content\/themes\/messercanada\/images\/grey.png\" alt=\"\">\n    \t<div class=\"container min-container\">\n    \t\t<div class=\"info-block-2-text style-large\">Nous nous engageons \u00e0 vous servir, o\u00f9 que vous soyez dans le monde et quel que soit le secteur de l\u2019industrie \u00e9lectronique dans lequel vous \u00eates sp\u00e9cialis\u00e9.<\/div>\n    \t<\/div>\n    <\/div>\n\n\n<p>Avec des clients de l&#039;\u00e9lectronique dans chaque grande r\u00e9gion de fabrication, notre port\u00e9e mondiale vous donne un acc\u00e8s sans pr\u00e9c\u00e9dent \u00e0 nos fonctionnalit\u00e9s compl\u00e8tes, notamment:<\/p>\n<ul>\n<li>&nbsp;Fourniture mondiale de mat\u00e9riaux et de services critiques<\/li>\n<li>&nbsp;Innovation dans les solutions \u00e0 base de gaz et de produits chimiques&nbsp;<\/li>\n<li>&nbsp;Solutions d&#039;ing\u00e9nierie cl\u00e9 en main<\/li>\n<li>&nbsp;Technologies de r\u00e9duction des \u00e9missions<\/li>\n<li>&nbsp;Fabrication respectueuse de l&#039;environnement&nbsp;<\/li>\n<li>&nbsp;R\u00e9duction des co\u00fbts de fabrication et am\u00e9lioration des rendements.<\/li>\n<\/ul>\n<h4>Engagement envers la durabilit\u00e9 et la s\u00e9curit\u00e9&nbsp;<\/h4>\n<p>Le secteur d&#039;activit\u00e9 Electronique de Messer se consacre au leadership en mati\u00e8re de fabrication respectueuse de l&#039;environnement dans tous les secteurs des industries desservies. Notre technologie au fluor aide nos clients \u00e0 r\u00e9duire leurs \u00e9missions de dizaines de millions de tonnes de CO<sub>2<\/sub>\u00e9quivalent par an. De plus, avec cinquante \u00e9quipes de gestion de gaz et de produits chimiques sur place, notre organisation de services, inspir\u00e9e par notre objectif de z\u00e9ro accident et incident, est d\u00e9termin\u00e9e \u00e0 vous aider \u00e0 atteindre les niveaux de s\u00e9curit\u00e9 op\u00e9rationnelle les plus \u00e9lev\u00e9s possibles.<\/p>\n<h4>D\u00e9di\u00e9 aux besoins de l&#039;industrie \u00e9lectronique&nbsp;<\/h4>\n<p>Nous soutenons l&#039;industrie \u00e9lectronique avec une gamme compl\u00e8te de gaz en vrac et sp\u00e9ciaux, de syst\u00e8mes de gaz et de services sur site. Nos technologies et solutions sont d\u00e9di\u00e9es aux d\u00e9fis sp\u00e9cifiques des secteurs suivants:<\/p>\n\n\n<div style=\"height:20px\" aria-hidden=\"true\" class=\"wp-block-spacer custom-left-separator\"><\/div>\n\n\n    <div class=\"markets\">\n        \n                   <ul class=\"listreset markets-list solutions-list\">\n                                                            <li>\n                                                                                                <div class=\"market-ic\"><img decoding=\"async\" src=\"https:\/\/messer-ca.com\/wp-content\/uploads\/2019\/08\/led.jpg\" alt=\"LED headlights on car\"><\/div>\n                                                                                         <div class=\"market-text-block\">\n                                                                    <h3>\n                                                                                    LED                                                                            <\/h3>\n                                                                                                    <p>Offre toute la gamme de gaz en vrac et sp\u00e9ciaux accompagn\u00e9s d&#039;installations cl\u00e9 en main sur site pour une flexibilit\u00e9 et une efficacit\u00e9 maximales<\/p>\n                                                                                            <\/div>\n                        <\/li>\n                                                                                <li>\n                                                                                                <div class=\"market-ic\"><img decoding=\"async\" src=\"https:\/\/messer-ca.com\/wp-content\/uploads\/2019\/08\/solar.jpg\" alt=\"Solar panel\"><\/div>\n                                                                                         <div class=\"market-text-block\">\n                                                                    <h3>\n                                                                                    Photovolta\u00efque                                                                            <\/h3>\n                                                                                                    <p>L&#039;engagement de Messer en mati\u00e8re d&#039;\u00e9nergie propre et ses capacit\u00e9s mondiales en mati\u00e8re de gaz et d&#039;ing\u00e9nierie en font le partenaire technologique de choix pour les fabricants de cellules solaires au silicium cristallin et \u00e0 couches minces, \u00e0 toute \u00e9chelle et en tout lieu.<\/p>\n                                                                                            <\/div>\n                        <\/li>\n                                                                                <li>\n                                                                                                <div class=\"market-ic\"><img decoding=\"async\" src=\"https:\/\/messer-ca.com\/wp-content\/uploads\/2019\/08\/electronics-gas.jpg\" alt=\"semiconductor chip\"><\/div>\n                                                                                         <div class=\"market-text-block\">\n                                                                    <h3>\n                                                                                    Semi-conducteur                                                                            <\/h3>\n                                                                                                    <p>L&#039;industrie des semi-conducteurs est l&#039;un des march\u00e9s les plus dynamiques, sophistiqu\u00e9s et comp\u00e9titifs au monde. La demande de gaz et de produits chimiques ultra-purs ne cesse de cro\u00eetre. Les op\u00e9rateurs d&#039;usine ont besoin d&#039;un partenaire fiable et r\u00e9actif, dot\u00e9 de la port\u00e9e et des capacit\u00e9s technologiques n\u00e9cessaires pour se tenir au courant des derni\u00e8res tendances, g\u00e9rer les co\u00fbts et r\u00e9duire l&#039;impact sur l&#039;environnement. <\/p>\n                                                                                            <\/div>\n                        <\/li>\n                                                                                <li>\n                                                                                                <div class=\"market-ic\"><img decoding=\"async\" src=\"https:\/\/messer-ca.com\/wp-content\/uploads\/2019\/08\/lcd.jpg\" alt=\"Curved LCD display\"><\/div>\n                                                                                         <div class=\"market-text-block\">\n                                                                    <h3>\n                                                                                    TFT-LCD                                                                            <\/h3>\n                                                                                                    <p>En tant que fournisseur mondial du secteur des \u00e9crans plats TFT-LCD, nous disposons d\u2019installations de production de gaz de traitement en Chine et \u00e0 Taiwan, ainsi que d\u2019une infrastructure de traitement de gaz en vrac dans l\u2019ensemble de l\u2019Asie.<\/p>\n                                                                                            <\/div>\n                        <\/li>\n                                                <\/ul>\n            <\/div>\n\n\n\n<div style=\"height:20px\" aria-hidden=\"true\" class=\"wp-block-spacer custom-right-separator\"><\/div>\n\n\n\t<div class=\"text-and-button-block text-center full-width\">\n\t\t<div class=\"container\">\n\t\t\t\t\t\t\t<div class=\"text\"><p><strong>Des questions?<\/strong> Demandez \u00e0 notre \u00e9quipe. Nous sommes l\u00e0 pour vous aider.<\/p>\n<\/div>\n\t\t\t\t\t\t\t\t\t\t\t\t\t\t\t<a class=\"btn-3\" href=\"https:\/\/messer-ca.com\/fr\/contact-support\/\"  target=\"_blank\">Contactez-nous<\/a>\n\t\t\t\t\t\t\t\t\t<\/div>\n\t<\/div>","protected":false},"excerpt":{"rendered":"<p>With electronics customers in every major manufacturing region, our global reach gives you unparalleled access to our comprehensive capabilities which include: &nbsp;Global supply of critical materials and services &nbsp;Innovation in gas and chemical-based solutions&nbsp; &nbsp;Engineering turnkey solutions &nbsp;Emission-lowering technologies &nbsp;Environmentally sustainable manufacturing&nbsp; &nbsp;Reduced manufacturing costs and improved yields. Commitment to sustainability &amp; safety&nbsp; The Electronics [&hellip;]<\/p>\n","protected":false},"author":5,"featured_media":45,"parent":69,"menu_order":0,"comment_status":"closed","ping_status":"closed","template":"pages\/template-home.php","meta":{"_acf_changed":false,"content-type":"","om_disable_all_campaigns":false,"_exactmetrics_skip_tracking":false,"_exactmetrics_sitenote_active":false,"_exactmetrics_sitenote_note":"","_exactmetrics_sitenote_category":0,"_monsterinsights_skip_tracking":false,"_monsterinsights_sitenote_active":false,"_monsterinsights_sitenote_note":"","_monsterinsights_sitenote_category":0,"footnotes":""},"class_list":["post-864","page","type-page","status-publish","has-post-thumbnail","hentry"],"acf":[],"_links":{"self":[{"href":"https:\/\/messer-ca.com\/fr\/wp-json\/wp\/v2\/pages\/864","targetHints":{"allow":["GET"]}}],"collection":[{"href":"https:\/\/messer-ca.com\/fr\/wp-json\/wp\/v2\/pages"}],"about":[{"href":"https:\/\/messer-ca.com\/fr\/wp-json\/wp\/v2\/types\/page"}],"author":[{"embeddable":true,"href":"https:\/\/messer-ca.com\/fr\/wp-json\/wp\/v2\/users\/5"}],"replies":[{"embeddable":true,"href":"https:\/\/messer-ca.com\/fr\/wp-json\/wp\/v2\/comments?post=864"}],"version-history":[{"count":0,"href":"https:\/\/messer-ca.com\/fr\/wp-json\/wp\/v2\/pages\/864\/revisions"}],"up":[{"embeddable":true,"href":"https:\/\/messer-ca.com\/fr\/wp-json\/wp\/v2\/pages\/69"}],"wp:featuredmedia":[{"embeddable":true,"href":"https:\/\/messer-ca.com\/fr\/wp-json\/wp\/v2\/media\/45"}],"wp:attachment":[{"href":"https:\/\/messer-ca.com\/fr\/wp-json\/wp\/v2\/media?parent=864"}],"curies":[{"name":"wp","href":"https:\/\/api.w.org\/{rel}","templated":true}]}}