{"id":869,"date":"2019-08-28T18:22:43","date_gmt":"2019-08-28T18:22:43","guid":{"rendered":"http:\/\/messer-ca.com\/?page_id=869"},"modified":"2021-07-09T16:47:07","modified_gmt":"2021-07-09T16:47:07","slug":"manufacturing-industrial-processes","status":"publish","type":"page","link":"https:\/\/messer-ca.com\/fr\/industries\/manufacturing-industrial-processes\/","title":{"rendered":"Proc\u00e9d\u00e9s de fabrication et industriels"},"content":{"rendered":"<div class=\"info-block-2 text-center full-width\">\n    \t<img decoding=\"async\" src=\"https:\/\/messer-ca.com\/wp-content\/themes\/messercanada\/images\/grey.png\" alt=\"\">\n    \t<div class=\"container min-container\">\n    \t\t<div class=\"info-block-2-text style-large\">Du soudage \u00e0 la cong\u00e9lation, nos technologies de gaz et de gaz sont cruciales<\/div>\n    \t<\/div>\n    <\/div>\n\n\n<p>Qu&#039;il s&#039;agisse de soudage et de cong\u00e9lation en passant par l&#039;alimentation et le chauffage, en passant par l&#039;analyse et le test, nos technologies des gaz et du gaz sont essentielles \u00e0 presque toutes les \u00e9tapes de processus de l&#039;industrie, du commerce, de la science et de la recherche. \u00c9tant donn\u00e9 le large \u00e9ventail d&#039;applications, les besoins des utilisateurs de gaz industriels varient consid\u00e9rablement en termes de volume, de puret\u00e9, de composition et de modes de distribution.<\/p>\n<p>Que vous exploitiez un atelier sp\u00e9cialis\u00e9 ou une usine de fabrication industrielle, nous sommes parfaitement adapt\u00e9s \u00e0 vos besoins en mati\u00e8re de processus. Cliquez sur les liens \u00e0 gauche pour voir comment nous am\u00e9liorons les flux de processus et \u00e9levons la barre de la durabilit\u00e9 dans le spectre industriel le plus large.<\/p>\n\n\n<div style=\"height:20px\" aria-hidden=\"true\" class=\"wp-block-spacer custom-left-separator\"><\/div>\n\n\n    <div class=\"markets\">\n        \n                   <ul class=\"listreset markets-list solutions-list\">\n                                                            <li>\n                                                                                                <div class=\"market-ic\"><img decoding=\"async\" src=\"https:\/\/messer-ca.com\/wp-content\/uploads\/2019\/08\/shielding-gas.jpg\" alt=\"Welder working on metal\"><\/div>\n                                                                                         <div class=\"market-text-block\">\n                                                                    <h3>\n                                                                                    Soudage et d\u00e9coupage                                                                            <\/h3>\n                                                                                                                            <\/div>\n                        <\/li>\n                                                                                <li>\n                                                                                                <div class=\"market-ic\"><img decoding=\"async\" src=\"https:\/\/messer-ca.com\/wp-content\/uploads\/2019\/08\/laser-gas.jpg\" alt=\"Laser Cutting Metal\"><\/div>\n                                                                                         <div class=\"market-text-block\">\n                                                                    <h3>\n                                                                                    Les lasers                                                                            <\/h3>\n                                                                                                                            <\/div>\n                        <\/li>\n                                                                                <li>\n                                                                                                <div class=\"market-ic\"><img decoding=\"async\" src=\"https:\/\/messer-ca.com\/wp-content\/uploads\/2019\/08\/autoclave.jpg\" alt=\"Technician standing next to industrial autoclave\"><\/div>\n                                                                                         <div class=\"market-text-block\">\n                                                                    <h3>\n                                                                                    Autoclaves et syst\u00e8mes \u00e0 haute pression                                                                            <\/h3>\n                                                                                                                            <\/div>\n                        <\/li>\n                                                                                <li>\n                                                                                                <div class=\"market-ic\"><img decoding=\"async\" src=\"https:\/\/messer-ca.com\/wp-content\/uploads\/2019\/08\/cryoclean.jpg\" alt=\"Cryogenic Cleaning of Metal Surface\"><\/div>\n                                                                                         <div class=\"market-text-block\">\n                                                                    <h3>\n                                                                                    Nettoyage de pr\u00e9cision et cryog\u00e9nique                                                                            <\/h3>\n                                                                                                                            <\/div>\n                        <\/li>\n                                                <\/ul>\n            <\/div>\n\n\n\n<div style=\"height:20px\" aria-hidden=\"true\" class=\"wp-block-spacer custom-right-separator\"><\/div>\n\n\n\t<div class=\"text-and-button-block text-center full-width\">\n\t\t<div class=\"container\">\n\t\t\t\t\t\t\t<div class=\"text\"><p><strong>Des questions?<\/strong> Demandez \u00e0 notre \u00e9quipe. Nous sommes l\u00e0 pour vous aider.<\/p>\n<\/div>\n\t\t\t\t\t\t\t\t\t\t\t\t\t\t\t<a class=\"btn-3\" href=\"https:\/\/messer-ca.com\/fr\/contact-support\/\"  target=\"_blank\">Contactez-nous<\/a>\n\t\t\t\t\t\t\t\t\t<\/div>\n\t<\/div>","protected":false},"excerpt":{"rendered":"<p>From welding and freezing through powering and heating to analyzing and testing, our gases and gas technologies are crucial to just about every process step in industry, commerce, science and research. Given the vast application spectrum, the needs of industrial gas users vary dramatically in terms of volume, purity, composition and delivery modes. Regardless of [&hellip;]<\/p>\n","protected":false},"author":5,"featured_media":10,"parent":69,"menu_order":0,"comment_status":"closed","ping_status":"closed","template":"pages\/template-home.php","meta":{"_acf_changed":false,"content-type":"","om_disable_all_campaigns":false,"_exactmetrics_skip_tracking":false,"_exactmetrics_sitenote_active":false,"_exactmetrics_sitenote_note":"","_exactmetrics_sitenote_category":0,"_monsterinsights_skip_tracking":false,"_monsterinsights_sitenote_active":false,"_monsterinsights_sitenote_note":"","_monsterinsights_sitenote_category":0,"footnotes":""},"class_list":["post-869","page","type-page","status-publish","has-post-thumbnail","hentry"],"acf":[],"_links":{"self":[{"href":"https:\/\/messer-ca.com\/fr\/wp-json\/wp\/v2\/pages\/869","targetHints":{"allow":["GET"]}}],"collection":[{"href":"https:\/\/messer-ca.com\/fr\/wp-json\/wp\/v2\/pages"}],"about":[{"href":"https:\/\/messer-ca.com\/fr\/wp-json\/wp\/v2\/types\/page"}],"author":[{"embeddable":true,"href":"https:\/\/messer-ca.com\/fr\/wp-json\/wp\/v2\/users\/5"}],"replies":[{"embeddable":true,"href":"https:\/\/messer-ca.com\/fr\/wp-json\/wp\/v2\/comments?post=869"}],"version-history":[{"count":0,"href":"https:\/\/messer-ca.com\/fr\/wp-json\/wp\/v2\/pages\/869\/revisions"}],"up":[{"embeddable":true,"href":"https:\/\/messer-ca.com\/fr\/wp-json\/wp\/v2\/pages\/69"}],"wp:featuredmedia":[{"embeddable":true,"href":"https:\/\/messer-ca.com\/fr\/wp-json\/wp\/v2\/media\/10"}],"wp:attachment":[{"href":"https:\/\/messer-ca.com\/fr\/wp-json\/wp\/v2\/media?parent=869"}],"curies":[{"name":"wp","href":"https:\/\/api.w.org\/{rel}","templated":true}]}}