{"id":916,"date":"2019-08-28T19:53:01","date_gmt":"2019-08-28T19:53:01","guid":{"rendered":"http:\/\/messer-ca.com\/?page_id=916"},"modified":"2022-11-21T23:28:26","modified_gmt":"2022-11-21T23:28:26","slug":"heat-treatment","status":"publish","type":"page","link":"https:\/\/messer-ca.com\/fr\/technology-solutions\/heat-treatment\/","title":{"rendered":"Traitement thermique"},"content":{"rendered":"<div style=\"height:55px\" aria-hidden=\"true\" class=\"wp-block-spacer\"><\/div>\n\n\n<p>Le traitement thermique implique l&#039;utilisation de chauffage ou de refroidissement, g\u00e9n\u00e9ralement \u00e0 des temp\u00e9ratures extr\u00eames, pour obtenir le r\u00e9sultat souhait\u00e9, tel que le durcissement ou le ramollissement d&#039;un mat\u00e9riau.<\/p>\n\n\n<div style=\"height:20px\" aria-hidden=\"true\" class=\"wp-block-spacer custom-left-separator\"><\/div>\n\n\n    <div class=\"markets\">\n        \n                   <ul class=\"listreset markets-list solutions-list\">\n                                                            <li>\n                                                        <div class=\"market-text-block\">\n                                                                    <h3>\n                                                                                    Recuit                                                                            <\/h3>\n                                                                                                    <p>Le recuit est r\u00e9alis\u00e9 avec des proc\u00e9d\u00e9s de traitement thermique n\u00e9cessitant une atmosph\u00e8re contr\u00f4l\u00e9e neutre (ou inerte).<\/p>\n                                                                                            <\/div>\n                        <\/li>\n                                                                                <li>\n                                                        <div class=\"market-text-block\">\n                                                                    <h3>\n                                                                                    Le brasage                                                                            <\/h3>\n                                                                                                    <p>Le brasage permet d&#039;assembler diverses configurations de pi\u00e8ces, de m\u00e9taux dissemblables et de non-m\u00e9taux d&#039;\u00e9paisseur non uniforme.<\/p>\n                                                                                            <\/div>\n                        <\/li>\n                                                                                <li>\n                                                        <div class=\"market-text-block\">\n                                                                    <h3>\n                                                                                    Carburation                                                                            <\/h3>\n                                                                                                    <p>Une atmosph\u00e8re de c\u00e9mentation doit pouvoir transf\u00e9rer du carbone (\u00e9galement de l&#039;azote dans le cas d&#039;un \u00e9change de carburant) sur une surface en acier.<\/p>\n                                                                                            <\/div>\n                        <\/li>\n                                                                                <li>\n                                                        <div class=\"market-text-block\">\n                                                                    <h3>\n                                                                                    Durcissement                                                                            <\/h3>\n                                                                                                    <p>La trempe neutre est une proc\u00e9dure de traitement thermique des aciers dans le but de produire une microstructure martensitique.<\/p>\n                                                                                            <\/div>\n                        <\/li>\n                                                                                <li>\n                                                        <div class=\"market-text-block\">\n                                                                    <h3>\n                                                                                    Soudure                                                                            <\/h3>\n                                                                                                    <p>Le processus de fusion et d&#039;application d&#039;alliages d&#039;alliages au joint entre des objets m\u00e9talliques afin de les unir sans chauffer les objets jusqu&#039;au point de fusion.<\/p>\n                                                                                            <\/div>\n                        <\/li>\n                                                <\/ul>\n            <\/div>\n\n\n\n<div style=\"height:20px\" aria-hidden=\"true\" class=\"wp-block-spacer custom-right-separator\"><\/div>\n\n\n\t<div class=\"text-and-button-block text-center full-width\">\n\t\t<div class=\"container\">\n\t\t\t\t\t\t\t<div class=\"text\"><p><strong>Des questions?<\/strong> Demandez \u00e0 notre \u00e9quipe. Nous sommes l\u00e0 pour vous aider.<\/p>\n<\/div>\n\t\t\t\t\t\t\t\t\t\t\t\t\t\t\t<a class=\"btn-3\" href=\"https:\/\/messer-ca.com\/fr\/contact-support\/\"  target=\"_blank\">Contactez-nous<\/a>\n\t\t\t\t\t\t\t\t\t<\/div>\n\t<\/div>","protected":false},"excerpt":{"rendered":"<p>Le traitement thermique implique l&#039;utilisation de chauffage ou de refroidissement, g\u00e9n\u00e9ralement \u00e0 des temp\u00e9ratures extr\u00eames, pour obtenir le r\u00e9sultat souhait\u00e9, tel que le durcissement ou le ramollissement d&#039;un mat\u00e9riau.<\/p>","protected":false},"author":5,"featured_media":48,"parent":71,"menu_order":0,"comment_status":"closed","ping_status":"closed","template":"pages\/template-home.php","meta":{"_acf_changed":false,"content-type":"","om_disable_all_campaigns":false,"_exactmetrics_skip_tracking":false,"_exactmetrics_sitenote_active":false,"_exactmetrics_sitenote_note":"","_exactmetrics_sitenote_category":0,"_monsterinsights_skip_tracking":false,"_monsterinsights_sitenote_active":false,"_monsterinsights_sitenote_note":"","_monsterinsights_sitenote_category":0,"footnotes":""},"class_list":["post-916","page","type-page","status-publish","has-post-thumbnail","hentry"],"acf":[],"_links":{"self":[{"href":"https:\/\/messer-ca.com\/fr\/wp-json\/wp\/v2\/pages\/916","targetHints":{"allow":["GET"]}}],"collection":[{"href":"https:\/\/messer-ca.com\/fr\/wp-json\/wp\/v2\/pages"}],"about":[{"href":"https:\/\/messer-ca.com\/fr\/wp-json\/wp\/v2\/types\/page"}],"author":[{"embeddable":true,"href":"https:\/\/messer-ca.com\/fr\/wp-json\/wp\/v2\/users\/5"}],"replies":[{"embeddable":true,"href":"https:\/\/messer-ca.com\/fr\/wp-json\/wp\/v2\/comments?post=916"}],"version-history":[{"count":0,"href":"https:\/\/messer-ca.com\/fr\/wp-json\/wp\/v2\/pages\/916\/revisions"}],"up":[{"embeddable":true,"href":"https:\/\/messer-ca.com\/fr\/wp-json\/wp\/v2\/pages\/71"}],"wp:featuredmedia":[{"embeddable":true,"href":"https:\/\/messer-ca.com\/fr\/wp-json\/wp\/v2\/media\/48"}],"wp:attachment":[{"href":"https:\/\/messer-ca.com\/fr\/wp-json\/wp\/v2\/media?parent=916"}],"curies":[{"name":"wp","href":"https:\/\/api.w.org\/{rel}","templated":true}]}}