{"id":925,"date":"2019-08-28T20:09:39","date_gmt":"2019-08-28T20:09:39","guid":{"rendered":"http:\/\/messer-ca.com\/?page_id=925"},"modified":"2019-08-29T20:24:15","modified_gmt":"2019-08-29T20:24:15","slug":"enhanced-oil-recovery","status":"publish","type":"page","link":"https:\/\/messer-ca.com\/fr\/technology-solutions\/enhanced-oil-recovery\/","title":{"rendered":"R\u00e9cup\u00e9ration am\u00e9lior\u00e9e du p\u00e9trole"},"content":{"rendered":"<div class=\"info-block-2 text-center full-width\">\n    \t<img decoding=\"async\" src=\"https:\/\/messer-ca.com\/wp-content\/themes\/messercanada\/images\/grey.png\" alt=\"\">\n    \t<div class=\"container min-container\">\n    \t\t<div class=\"info-block-2-text style-large\">Le dioxyde de carbone et l&#039;azote sont des gaz tr\u00e8s efficaces lorsqu&#039;ils sont utilis\u00e9s dans des projets de r\u00e9cup\u00e9ration assist\u00e9e du p\u00e9trole (r\u00e9cup\u00e9ration am\u00e9lior\u00e9e du p\u00e9trole).<\/div>\n    \t<\/div>\n    <\/div>\n\n\n<p>Messer est le plus important fournisseur de dioxyde de carbone en Am\u00e9rique du Nord. Il con\u00e7oit, construit, d\u00e9tient et exploite des installations de s\u00e9paration de l&#039;air sur site fournissant de l&#039;azote pour les projets de RAP. Ces installations s\u00e9parent l&#039;azote de l&#039;air et le compriment aux pressions d&#039;injection du r\u00e9servoir.<\/p>\n<p>Messer est le principal fournisseur d&#039;azote de Pemex pour le plus grand projet de RAH d&#039;injection d&#039;azote au monde, situ\u00e9 \u00e0 Cantarell, au Mexique.<\/p>\n<p>Ces injectants forcent le p\u00e9trole des puits d\u2019injection vers les puits de production, maintiennent la pression du r\u00e9servoir et augmentent le d\u00e9bit en utilisant les techniques de Huff-n-Puff. Dans certaines conditions, le gaz peut devenir miscible au brut, ce qui diminue sa viscosit\u00e9 et am\u00e9liore ainsi encore sa r\u00e9cup\u00e9ration.<\/p>\n<p>Le proc\u00e9d\u00e9 Huff-n-Puff au dioxyde de carbone peut augmenter la production de p\u00e9trole provenant de puits d&#039;extraction et d&#039;autres puits \u00e0 faible volume en injectant un bouchon de dioxyde de carbone \u00e0 une pression inf\u00e9rieure \u00e0 la pression de fracturation dans la formation p\u00e9trolif\u00e8re. Le puits est ferm\u00e9 pendant un temps d\u00e9termin\u00e9 par la pression du fond. D&#039;excellents r\u00e9sultats ont \u00e9t\u00e9 obtenus dans les formations p\u00e9troli\u00e8res l\u00e9g\u00e8res aux \u00c9tats-Unis.<\/p>\n\n\n<div style=\"height:20px\" aria-hidden=\"true\" class=\"wp-block-spacer custom-left-separator\"><\/div>\n\n\n    <div class=\"markets\">\n        \n                   <ul class=\"listreset markets-list solutions-list\">\n                                                            <li>\n                                                        <div class=\"market-text-block\">\n                                                                    <h3>\n                                                                                    <a href=\"#\">\u00c0 venir<\/a>\n                                                                            <\/h3>\n                                                                                                                                    <a href=\"#\">\n                                                                            <\/a>\n                                                            <\/div>\n                        <\/li>\n                                                <\/ul>\n            <\/div>\n\n\n\n<div style=\"height:20px\" aria-hidden=\"true\" class=\"wp-block-spacer custom-right-separator\"><\/div>\n\n\n\t<div class=\"text-and-button-block text-center full-width\">\n\t\t<div class=\"container\">\n\t\t\t\t\t\t\t<div class=\"text\"><p><strong>Des questions?<\/strong> Demandez \u00e0 notre \u00e9quipe. Nous sommes l\u00e0 pour vous aider.<\/p>\n<\/div>\n\t\t\t\t\t\t\t\t\t\t\t\t\t\t\t<a class=\"btn-3\" href=\"https:\/\/messer-ca.com\/fr\/contact-support\/\"  target=\"_blank\">Contactez-nous<\/a>\n\t\t\t\t\t\t\t\t\t<\/div>\n\t<\/div>","protected":false},"excerpt":{"rendered":"<p>Messer is the largest supplier of carbon dioxide in North America and designs, builds, owns and operates on-site air-separation plants that supply nitrogen for EOR projects. These plants separate nitrogen from air and compress it to reservoir injection pressures. Messer is the prime nitrogen supplier to Pemex for the world\u2019s largest nitrogen injection EOR project, [&hellip;]<\/p>\n","protected":false},"author":5,"featured_media":49,"parent":71,"menu_order":0,"comment_status":"closed","ping_status":"closed","template":"pages\/template-home.php","meta":{"_acf_changed":false,"content-type":"","om_disable_all_campaigns":false,"_exactmetrics_skip_tracking":false,"_exactmetrics_sitenote_active":false,"_exactmetrics_sitenote_note":"","_exactmetrics_sitenote_category":0,"_monsterinsights_skip_tracking":false,"_monsterinsights_sitenote_active":false,"_monsterinsights_sitenote_note":"","_monsterinsights_sitenote_category":0,"footnotes":""},"class_list":["post-925","page","type-page","status-publish","has-post-thumbnail","hentry"],"acf":[],"_links":{"self":[{"href":"https:\/\/messer-ca.com\/fr\/wp-json\/wp\/v2\/pages\/925","targetHints":{"allow":["GET"]}}],"collection":[{"href":"https:\/\/messer-ca.com\/fr\/wp-json\/wp\/v2\/pages"}],"about":[{"href":"https:\/\/messer-ca.com\/fr\/wp-json\/wp\/v2\/types\/page"}],"author":[{"embeddable":true,"href":"https:\/\/messer-ca.com\/fr\/wp-json\/wp\/v2\/users\/5"}],"replies":[{"embeddable":true,"href":"https:\/\/messer-ca.com\/fr\/wp-json\/wp\/v2\/comments?post=925"}],"version-history":[{"count":0,"href":"https:\/\/messer-ca.com\/fr\/wp-json\/wp\/v2\/pages\/925\/revisions"}],"up":[{"embeddable":true,"href":"https:\/\/messer-ca.com\/fr\/wp-json\/wp\/v2\/pages\/71"}],"wp:featuredmedia":[{"embeddable":true,"href":"https:\/\/messer-ca.com\/fr\/wp-json\/wp\/v2\/media\/49"}],"wp:attachment":[{"href":"https:\/\/messer-ca.com\/fr\/wp-json\/wp\/v2\/media?parent=925"}],"curies":[{"name":"wp","href":"https:\/\/api.w.org\/{rel}","templated":true}]}}