{"id":935,"date":"2019-08-28T20:13:00","date_gmt":"2019-08-28T20:13:00","guid":{"rendered":"http:\/\/messer-ca.com\/?page_id=935"},"modified":"2019-08-29T20:23:56","modified_gmt":"2019-08-29T20:23:56","slug":"solvent-and-monomer-recovery","status":"publish","type":"page","link":"https:\/\/messer-ca.com\/fr\/technology-solutions\/solvent-and-monomer-recovery\/","title":{"rendered":"R\u00e9cup\u00e9ration de solvant et de monom\u00e8re"},"content":{"rendered":"<div class=\"info-block-2 text-center full-width\">\n    \t<img decoding=\"async\" src=\"https:\/\/messer-ca.com\/wp-content\/themes\/messercanada\/images\/grey.png\" alt=\"\">\n    \t<div class=\"container min-container\">\n    \t\t<div class=\"info-block-2-text style-large\">Notre expertise dans les applications impliquant de l&#039;azote liquide peut vous aider \u00e0 r\u00e9cup\u00e9rer des mati\u00e8res premi\u00e8res pr\u00e9cieuses.<\/div>\n    \t<\/div>\n    <\/div>\n\n\n<p>Les inserts en m\u00e9tal et autres peuvent maintenant \u00eatre r\u00e9cup\u00e9r\u00e9s \u00e0 partir de l&#039;enrobage de compos\u00e9s de caoutchouc et de pi\u00e8ces en plastique moul\u00e9es. Avec l&#039;azote liquide, le bo\u00eetier en polym\u00e8re peut \u00eatre fragilis\u00e9 et s\u00e9par\u00e9 de l&#039;insert qu&#039;il contient. Les mat\u00e9riaux diff\u00e9rents se dilatent et se contractent \u00e0 des vitesses diff\u00e9rentes lorsqu&#039;ils sont soumis \u00e0 des temp\u00e9ratures extr\u00eames, ce qui affaiblit les liens entre les mat\u00e9riaux. L&#039;azote liquide constitue un milieu efficace d&#039;exposition \u00e0 des temp\u00e9ratures extr\u00eamement basses. Notre expertise dans les applications impliquant de l&#039;azote liquide peut vous aider \u00e0 r\u00e9cup\u00e9rer des mati\u00e8res premi\u00e8res pr\u00e9cieuses.<\/p>\n\n\n<div style=\"height:20px\" aria-hidden=\"true\" class=\"wp-block-spacer custom-left-separator\"><\/div>\n\n\n    <div class=\"markets\">\n        \n                   <ul class=\"listreset markets-list solutions-list\">\n                                                            <li>\n                                                        <div class=\"market-text-block\">\n                                                                    <h3>\n                                                                                    <a href=\"#\">\u00c0 venir<\/a>\n                                                                            <\/h3>\n                                                                                                                                    <a href=\"#\">\n                                                                            <\/a>\n                                                            <\/div>\n                        <\/li>\n                                                <\/ul>\n            <\/div>\n\n\n\n<div style=\"height:20px\" aria-hidden=\"true\" class=\"wp-block-spacer custom-right-separator\"><\/div>\n\n\n\t<div class=\"text-and-button-block text-center full-width\">\n\t\t<div class=\"container\">\n\t\t\t\t\t\t\t<div class=\"text\"><p><strong>Des questions?<\/strong> Demandez \u00e0 notre \u00e9quipe. Nous sommes l\u00e0 pour vous aider.<\/p>\n<\/div>\n\t\t\t\t\t\t\t\t\t\t\t\t\t\t\t<a class=\"btn-3\" href=\"https:\/\/messer-ca.com\/fr\/contact-support\/\"  target=\"_blank\">Contactez-nous<\/a>\n\t\t\t\t\t\t\t\t\t<\/div>\n\t<\/div>","protected":false},"excerpt":{"rendered":"<p>Metal and other inserts can now be recovered from the encasement of rubber compounds and molded plastic parts. With liquid nitrogen, the polymer casing can be embrittled and separated from the insert it holds. Dissimilar materials expand and contract at different rates when subjected to extreme temperatures, weakening the bonds between the materials. Liquid nitrogen [&hellip;]<\/p>\n","protected":false},"author":5,"featured_media":10,"parent":71,"menu_order":0,"comment_status":"closed","ping_status":"closed","template":"pages\/template-home.php","meta":{"_acf_changed":false,"content-type":"","om_disable_all_campaigns":false,"_exactmetrics_skip_tracking":false,"_exactmetrics_sitenote_active":false,"_exactmetrics_sitenote_note":"","_exactmetrics_sitenote_category":0,"_monsterinsights_skip_tracking":false,"_monsterinsights_sitenote_active":false,"_monsterinsights_sitenote_note":"","_monsterinsights_sitenote_category":0,"footnotes":""},"class_list":["post-935","page","type-page","status-publish","has-post-thumbnail","hentry"],"acf":[],"_links":{"self":[{"href":"https:\/\/messer-ca.com\/fr\/wp-json\/wp\/v2\/pages\/935","targetHints":{"allow":["GET"]}}],"collection":[{"href":"https:\/\/messer-ca.com\/fr\/wp-json\/wp\/v2\/pages"}],"about":[{"href":"https:\/\/messer-ca.com\/fr\/wp-json\/wp\/v2\/types\/page"}],"author":[{"embeddable":true,"href":"https:\/\/messer-ca.com\/fr\/wp-json\/wp\/v2\/users\/5"}],"replies":[{"embeddable":true,"href":"https:\/\/messer-ca.com\/fr\/wp-json\/wp\/v2\/comments?post=935"}],"version-history":[{"count":0,"href":"https:\/\/messer-ca.com\/fr\/wp-json\/wp\/v2\/pages\/935\/revisions"}],"up":[{"embeddable":true,"href":"https:\/\/messer-ca.com\/fr\/wp-json\/wp\/v2\/pages\/71"}],"wp:featuredmedia":[{"embeddable":true,"href":"https:\/\/messer-ca.com\/fr\/wp-json\/wp\/v2\/media\/10"}],"wp:attachment":[{"href":"https:\/\/messer-ca.com\/fr\/wp-json\/wp\/v2\/media?parent=935"}],"curies":[{"name":"wp","href":"https:\/\/api.w.org\/{rel}","templated":true}]}}