{"id":971,"date":"2019-08-28T20:35:04","date_gmt":"2019-08-28T20:35:04","guid":{"rendered":"http:\/\/messer-ca.com\/?page_id=971"},"modified":"2019-08-30T15:27:49","modified_gmt":"2019-08-30T15:27:49","slug":"health-and-safety","status":"publish","type":"page","link":"https:\/\/messer-ca.com\/fr\/safety-environment\/health-and-safety\/","title":{"rendered":"Sant\u00e9 et s\u00e9curit\u00e9"},"content":{"rendered":"<div class=\"info-block-2 text-center full-width\">\n    \t<img decoding=\"async\" src=\"https:\/\/messer-ca.com\/wp-content\/themes\/messercanada\/images\/grey.png\" alt=\"\">\n    \t<div class=\"container min-container\">\n    \t\t<div class=\"info-block-2-text style-large\">Chez Messer, notre objectif est d&#039;\u00e9viter de causer des dommages \u00e0 l&#039;homme ou \u00e0 l&#039;environnement.<\/div>\n    \t<\/div>\n    <\/div>\n\n\n<p>Nous nous effor\u00e7ons continuellement d&#039;am\u00e9liorer la qualit\u00e9 et la s\u00e9curit\u00e9 de nos produits et services. La sant\u00e9 et la s\u00e9curit\u00e9 au travail de nos employ\u00e9s et la protection de l&#039;environnement en g\u00e9n\u00e9ral sont tout aussi importantes pour nous. Notre syst\u00e8me de gestion global int\u00e9gr\u00e9 nous aide \u00e0 atteindre ces objectifs en int\u00e9grant la sant\u00e9 et la s\u00e9curit\u00e9 dans nos activit\u00e9s quotidiennes.<\/p>\n<p>Notre culture proactive vous aide \u00e9galement \u00e0 assumer vos responsabilit\u00e9s l\u00e9gales et en mati\u00e8re de s\u00e9curit\u00e9. Nous proposons une assistance concr\u00e8te sous forme de directives pratiques, de mises \u00e0 jour l\u00e9gislatives, de fiches de donn\u00e9es de s\u00e9curit\u00e9, d&#039;audits de s\u00e9curit\u00e9 et de programmes de formation d\u00e9di\u00e9s.<\/p>\n<p>Toutes ces activit\u00e9s s&#039;inscrivent dans le cadre plus large de notre politique de responsabilit\u00e9 d&#039;entreprise, visant \u00e0 unifier les objectifs de valeur client et de d\u00e9veloppement durable.<\/p>\n\n    <div class=\"resources-banner full-width\">\n        <div class=\"container min-container\">\n            <div class=\"resources-banner-img\">\n                                    <img decoding=\"async\" src=\"https:\/\/messer-ca.com\/wp-content\/uploads\/2019\/08\/sds-list.jpg\" alt=\"Example of Safety Data Sheet Directory\">\n                            <\/div>\n            <div class=\"resources-banner-text\">\n                                                    <h3>Fiches de donn\u00e9es de s\u00e9curit\u00e9 (FDS)<\/h3>\n                                                    <p>Pour des conseils sur l&#039;utilisation et la manipulation en toute s\u00e9curit\u00e9 de nos produits, consultez les fiches de donn\u00e9es de s\u00e9curit\u00e9.<\/p>\n                                                    <a class=\"btn btn-2\" href=\"https:\/\/messer-ca.com\/fr\/safety-data-sheets\/\">\n                        Fiches de donn\u00e9es de s\u00e9curit\u00e9                    <\/a>\n                            <\/div>\n            \n        <\/div>\n    <\/div>\n\n\n\t<div class=\"text-and-button-block text-center full-width\">\n\t\t<div class=\"container\">\n\t\t\t\t\t\t\t<div class=\"text\"><p><strong>Des questions?<\/strong> Demandez \u00e0 notre \u00e9quipe. Nous sommes l\u00e0 pour vous aider.<\/p>\n<\/div>\n\t\t\t\t\t\t\t\t\t\t\t\t\t\t\t<a class=\"btn-3\" href=\"https:\/\/messer-ca.com\/fr\/contact-support\/\"  target=\"_blank\">Contactez-nous<\/a>\n\t\t\t\t\t\t\t\t\t<\/div>\n\t<\/div>","protected":false},"excerpt":{"rendered":"<p>We continually strive to improve the quality and safety of our products and services. The occupational health and safety of our employees and environmental protection in general are just as important to us. Our global, integrated management system helps us achieve these goals by embedding health and safety into our daily operations. Our proactive culture [&hellip;]<\/p>\n","protected":false},"author":5,"featured_media":11,"parent":73,"menu_order":0,"comment_status":"closed","ping_status":"closed","template":"pages\/template-solutions.php","meta":{"_acf_changed":false,"content-type":"","om_disable_all_campaigns":false,"_exactmetrics_skip_tracking":false,"_exactmetrics_sitenote_active":false,"_exactmetrics_sitenote_note":"","_exactmetrics_sitenote_category":0,"_monsterinsights_skip_tracking":false,"_monsterinsights_sitenote_active":false,"_monsterinsights_sitenote_note":"","_monsterinsights_sitenote_category":0,"footnotes":""},"class_list":["post-971","page","type-page","status-publish","has-post-thumbnail","hentry"],"acf":[],"_links":{"self":[{"href":"https:\/\/messer-ca.com\/fr\/wp-json\/wp\/v2\/pages\/971","targetHints":{"allow":["GET"]}}],"collection":[{"href":"https:\/\/messer-ca.com\/fr\/wp-json\/wp\/v2\/pages"}],"about":[{"href":"https:\/\/messer-ca.com\/fr\/wp-json\/wp\/v2\/types\/page"}],"author":[{"embeddable":true,"href":"https:\/\/messer-ca.com\/fr\/wp-json\/wp\/v2\/users\/5"}],"replies":[{"embeddable":true,"href":"https:\/\/messer-ca.com\/fr\/wp-json\/wp\/v2\/comments?post=971"}],"version-history":[{"count":0,"href":"https:\/\/messer-ca.com\/fr\/wp-json\/wp\/v2\/pages\/971\/revisions"}],"up":[{"embeddable":true,"href":"https:\/\/messer-ca.com\/fr\/wp-json\/wp\/v2\/pages\/73"}],"wp:featuredmedia":[{"embeddable":true,"href":"https:\/\/messer-ca.com\/fr\/wp-json\/wp\/v2\/media\/11"}],"wp:attachment":[{"href":"https:\/\/messer-ca.com\/fr\/wp-json\/wp\/v2\/media?parent=971"}],"curies":[{"name":"wp","href":"https:\/\/api.w.org\/{rel}","templated":true}]}}